{"id":90536,"date":"2026-04-09T14:26:21","date_gmt":"2026-04-09T14:26:21","guid":{"rendered":"https:\/\/skinstudio.ee\/?post_type=product&#038;p=90536"},"modified":"2026-04-09T14:29:28","modified_gmt":"2026-04-09T14:29:28","slug":"skin-resist-daily-cream","status":"publish","type":"product","link":"https:\/\/skinstudio.ee\/lt\/catalog\/cantabria-labs\/skin-resist-daily-cream\/","title":{"rendered":"Skin Resist Daily Cream"},"content":{"rendered":"<p data-start=\"2103\" data-end=\"2326\"><strong data-start=\"2103\" data-end=\"2149\">Skin Resist Daily Cream nuo Cantabria Labs<\/strong> yra atkuriamasis kasdienis kremas, skirtas jautrios, reaktyvios ir dehidratuotos odos prie\u017ei\u016brai. Formul\u0117 stiprina odos barjer\u0105, ma\u017eina jautrum\u0105 ir padeda atkurti odos balans\u0105.<\/p>\n<p data-start=\"2328\" data-end=\"2568\">Kremas veikia skirtinguose odos apsauginio barjero lygiuose, pad\u0117damas suma\u017einti paraudim\u0105, diskomfort\u0105 ir tempimo poj\u016bt\u012f. Jis palaiko odos atsistatym\u0105 ir gerina atsparum\u0105 i\u0161oriniams veiksniams, tokiems kaip \u0161altis, v\u0117jas ir aplinkos tar\u0161a.<\/p>\n<p data-start=\"2570\" data-end=\"2855\">Niacinamidas ir \u010derimojos ekstraktas padeda suma\u017einti odos reaktyvum\u0105 ir stiprina jos apsaugines funkcijas. Aquammunist\u00ae technologija gerina dr\u0117kinim\u0105 ir padeda atkurti balans\u0105, o skvalanas ir taukmed\u017eio sviestas atkuria lipidin\u012f sluoksn\u012f, suteikdami odai daugiau \u0161velnumo ir apsaugos.<\/p>\n<p data-start=\"2857\" data-end=\"2989\">Reguliarus naudojimas padeda odai tapti atsparesnei, komforti\u0161kesnei ir geriau sudr\u0117kintai, pagerinant jos bendr\u0105 b\u016bkl\u0119 ir i\u0161vaizd\u0105.<\/p>\n<p data-start=\"2991\" data-end=\"3197\"><strong data-start=\"2991\" data-end=\"3029\">Kam tinka Skin Resist Daily Cream:<\/strong> tinka jautriai, reaktyviai ir dehidratuotai odai, ypa\u010d esant paraudimui, diskomfortui ir susilpn\u0117jusiam odos barjerui. Tinka kasdieniam naudojimui ryte ir\/arba vakare.<\/p>\n<p data-start=\"3199\" data-end=\"3215\"><strong data-start=\"3199\" data-end=\"3215\">T\u016bris: 50 ml<\/strong><\/p>\n","protected":false},"excerpt":{"rendered":"<p data-start=\"3445\" data-end=\"3474\">Atkuriamasis kasdienis kremas<\/p>\n<h2 data-start=\"3476\" data-end=\"3528\"><strong data-start=\"3476\" data-end=\"3528\">Cantabria Labs &#8211; Skin Resist Daily Cream Savyb\u0117s<\/strong><\/h2>\n<p data-start=\"3530\" data-end=\"3742\">\u2714\ufe0f Stiprina odos barjer\u0105 ir ma\u017eina jautrum\u0105<br data-start=\"3573\" data-end=\"3576\" \/>\u2714\ufe0f Ma\u017eina paraudim\u0105 ir diskomfort\u0105<br data-start=\"3610\" data-end=\"3613\" \/>\u2714\ufe0f U\u017etikrina intensyv\u0173 ir ilgalaik\u012f dr\u0117kinim\u0105<br data-start=\"3658\" data-end=\"3661\" \/>\u2714\ufe0f Didina atsparum\u0105 i\u0161oriniams veiksniams<br data-start=\"3702\" data-end=\"3705\" \/>\u2714\ufe0f Atkuria odos komfort\u0105 ir balans\u0105<\/p>\n","protected":false},"featured_media":90527,"template":"","meta":[],"pwb-brand":[1202],"product_brand":[],"product_cat":[738,746,740],"product_tag":[],"giftcard-category":[],"class_list":{"0":"post-90536","1":"product","2":"type-product","3":"status-publish","4":"has-post-thumbnail","6":"pwb-brand-cantabria-labs","7":"product_cat-drekinimas","8":"product_cat-jautriai-odai","9":"product_cat-sausai-odai","11":"first","12":"instock","13":"taxable","14":"shipping-taxable","15":"purchasable","16":"product-type-simple"},"acf":[],"brands":[{"id":1202,"name":"Cantabria Labs","slug":"cantabria-labs"}],"_links":{"self":[{"href":"https:\/\/skinstudio.ee\/lt\/wp-json\/wp\/v2\/product\/90536","targetHints":{"allow":["GET"]}}],"collection":[{"href":"https:\/\/skinstudio.ee\/lt\/wp-json\/wp\/v2\/product"}],"about":[{"href":"https:\/\/skinstudio.ee\/lt\/wp-json\/wp\/v2\/types\/product"}],"version-history":[{"count":1,"href":"https:\/\/skinstudio.ee\/lt\/wp-json\/wp\/v2\/product\/90536\/revisions"}],"predecessor-version":[{"id":90537,"href":"https:\/\/skinstudio.ee\/lt\/wp-json\/wp\/v2\/product\/90536\/revisions\/90537"}],"wp:featuredmedia":[{"embeddable":true,"href":"https:\/\/skinstudio.ee\/lt\/wp-json\/wp\/v2\/media\/90527"}],"wp:attachment":[{"href":"https:\/\/skinstudio.ee\/lt\/wp-json\/wp\/v2\/media?parent=90536"}],"wp:term":[{"taxonomy":"pwb-brand","embeddable":true,"href":"https:\/\/skinstudio.ee\/lt\/wp-json\/wp\/v2\/pwb-brand?post=90536"},{"taxonomy":"product_brand","embeddable":true,"href":"https:\/\/skinstudio.ee\/lt\/wp-json\/wp\/v2\/product_brand?post=90536"},{"taxonomy":"product_cat","embeddable":true,"href":"https:\/\/skinstudio.ee\/lt\/wp-json\/wp\/v2\/product_cat?post=90536"},{"taxonomy":"product_tag","embeddable":true,"href":"https:\/\/skinstudio.ee\/lt\/wp-json\/wp\/v2\/product_tag?post=90536"},{"taxonomy":"giftcard-category","embeddable":true,"href":"https:\/\/skinstudio.ee\/lt\/wp-json\/wp\/v2\/giftcard-category?post=90536"}],"curies":[{"name":"wp","href":"https:\/\/api.w.org\/{rel}","templated":true}]}}