{"id":90650,"date":"2026-04-10T08:48:27","date_gmt":"2026-04-10T08:48:27","guid":{"rendered":"https:\/\/skinstudio.ee\/?post_type=product&#038;p=90650"},"modified":"2026-04-10T09:23:06","modified_gmt":"2026-04-10T09:23:06","slug":"heliocare-bronze-oral-capsules","status":"publish","type":"product","link":"https:\/\/skinstudio.ee\/lt\/catalog\/cantabria-labs\/heliocare-bronze-oral-capsules\/","title":{"rendered":"Heliocare Bronze Oral Capsules"},"content":{"rendered":"<p data-start=\"2003\" data-end=\"2150\"><strong data-start=\"2003\" data-end=\"2150\">Heliocare Bronze Oral Capsules nuo Cantabria Labs &#8211; maisto papildas su aktyvi\u0173j\u0173 med\u017eiag\u0173 deriniu, skirtas vartoti saul\u0117s poveikio laikotarpiu.<\/strong><\/p>\n<p data-start=\"2152\" data-end=\"2321\">Formul\u0117je yra Fernblock\u00ae &#8211; patentuotas augalinis ekstraktas, taip pat forskolinas ir beta-karotenai. Produktas pateikiamas kapsuli\u0173 forma patogiam kasdieniam vartojimui.<\/p>\n<p data-start=\"2323\" data-end=\"2420\">Produkt\u0105 galima vartoti kartu su i\u0161orin\u0117mis apsaugos nuo saul\u0117s priemon\u0117mis saul\u0117s poveikio metu.<\/p>\n<p data-start=\"2422\" data-end=\"2575\"><strong data-start=\"2422\" data-end=\"2445\">Pagaminta Europoje.<\/strong><br data-start=\"2445\" data-end=\"2448\" \/>Tinka iki: \u017ei\u016br\u0117ti ant pakuot\u0117s<br data-start=\"2479\" data-end=\"2482\" \/>Laikymo s\u0105lygos: laikyti sandariai u\u017edaryt\u0105 v\u0117sioje ir sausoje vietoje<br data-start=\"2552\" data-end=\"2555\" \/>T\u016bris: 60 kapsuli\u0173<\/p>\n","protected":false},"excerpt":{"rendered":"<p data-start=\"3369\" data-end=\"3394\">Maisto papildas \u012fdegiui<\/p>\n<h2 data-start=\"3396\" data-end=\"3455\"><strong data-start=\"3396\" data-end=\"3455\">Cantabria Labs &#8211; Heliocare Bronze Oral Capsules Savyb\u0117s<\/strong><\/h2>\n<p data-start=\"3457\" data-end=\"3650\">\u2714\ufe0f Sud\u0117tyje yra aktyvi\u0173j\u0173 med\u017eiag\u0173 kompleksas<br data-start=\"3502\" data-end=\"3505\" \/>\u2714\ufe0f Kapsuli\u0173 forma patogiam vartojimui<br data-start=\"3542\" data-end=\"3545\" \/>\u2714\ufe0f Tinka vartoti saul\u0117s poveikio laikotarpiu<br data-start=\"3589\" data-end=\"3592\" \/>\u2714\ufe0f Formul\u0117 su augalin\u0117s kilm\u0117s komponentais<br data-start=\"3635\" data-end=\"3638\" \/>\u2714\ufe0f Non-GMO<\/p>\n","protected":false},"featured_media":90632,"template":"","meta":[],"pwb-brand":[1202],"product_brand":[],"product_cat":[1407,769],"product_tag":[],"giftcard-category":[],"class_list":{"0":"post-90650","1":"product","2":"type-product","3":"status-publish","4":"has-post-thumbnail","6":"pwb-brand-cantabria-labs","7":"product_cat-naujiena","8":"product_cat-vitaminai","10":"first","11":"instock","12":"taxable","13":"shipping-taxable","14":"purchasable","15":"product-type-simple"},"acf":[],"brands":[{"id":1202,"name":"Cantabria Labs","slug":"cantabria-labs"}],"_links":{"self":[{"href":"https:\/\/skinstudio.ee\/lt\/wp-json\/wp\/v2\/product\/90650","targetHints":{"allow":["GET"]}}],"collection":[{"href":"https:\/\/skinstudio.ee\/lt\/wp-json\/wp\/v2\/product"}],"about":[{"href":"https:\/\/skinstudio.ee\/lt\/wp-json\/wp\/v2\/types\/product"}],"version-history":[{"count":1,"href":"https:\/\/skinstudio.ee\/lt\/wp-json\/wp\/v2\/product\/90650\/revisions"}],"predecessor-version":[{"id":90651,"href":"https:\/\/skinstudio.ee\/lt\/wp-json\/wp\/v2\/product\/90650\/revisions\/90651"}],"wp:featuredmedia":[{"embeddable":true,"href":"https:\/\/skinstudio.ee\/lt\/wp-json\/wp\/v2\/media\/90632"}],"wp:attachment":[{"href":"https:\/\/skinstudio.ee\/lt\/wp-json\/wp\/v2\/media?parent=90650"}],"wp:term":[{"taxonomy":"pwb-brand","embeddable":true,"href":"https:\/\/skinstudio.ee\/lt\/wp-json\/wp\/v2\/pwb-brand?post=90650"},{"taxonomy":"product_brand","embeddable":true,"href":"https:\/\/skinstudio.ee\/lt\/wp-json\/wp\/v2\/product_brand?post=90650"},{"taxonomy":"product_cat","embeddable":true,"href":"https:\/\/skinstudio.ee\/lt\/wp-json\/wp\/v2\/product_cat?post=90650"},{"taxonomy":"product_tag","embeddable":true,"href":"https:\/\/skinstudio.ee\/lt\/wp-json\/wp\/v2\/product_tag?post=90650"},{"taxonomy":"giftcard-category","embeddable":true,"href":"https:\/\/skinstudio.ee\/lt\/wp-json\/wp\/v2\/giftcard-category?post=90650"}],"curies":[{"name":"wp","href":"https:\/\/api.w.org\/{rel}","templated":true}]}}