{"id":90665,"date":"2026-04-10T09:49:57","date_gmt":"2026-04-10T09:49:57","guid":{"rendered":"https:\/\/skinstudio.ee\/?post_type=product&#038;p=90665"},"modified":"2026-04-10T09:54:14","modified_gmt":"2026-04-10T09:54:14","slug":"heliocare-360-sportsun-oral-sticks","status":"publish","type":"product","link":"https:\/\/skinstudio.ee\/lt\/catalog\/cantabria-labs\/heliocare-360-sportsun-oral-sticks\/","title":{"rendered":"Heliocare 360 Sportsun Oral Sticks"},"content":{"rendered":"<p data-start=\"2131\" data-end=\"2302\"><strong data-start=\"2131\" data-end=\"2302\">Heliocare 360 Sportsun Oral Sticks nuo Cantabria Labs &#8211; maisto papildas su aktyvi\u0173j\u0173 med\u017eiag\u0173 deriniu, skirtas vartoti saul\u0117s poveikio ir fizinio aktyvumo laikotarpiu.<\/strong><\/p>\n<p data-start=\"2304\" data-end=\"2553\">Formul\u0117je yra ASPA-Fernblock\u00ae &#8211; augalini\u0173 ekstrakt\u0173 derinys, taip pat vitaminai ir mineralai, \u012fskaitant vitamin\u0105 C, vitamin\u0105 D, magn\u012f ir cink\u0105. Produktas pateikiamas patogioje burnoje tirpstan\u010di\u0173 paket\u0117li\u0173 formoje, kuri i\u0161tirpsta burnoje be vandens.<\/p>\n<p data-start=\"2555\" data-end=\"2652\">Produkt\u0105 galima vartoti saul\u0117s poveikio metu kartu su i\u0161orin\u0117mis apsaugos nuo saul\u0117s priemon\u0117mis.<\/p>\n<p data-start=\"2654\" data-end=\"2808\"><strong data-start=\"2654\" data-end=\"2677\">Pagaminta Europoje.<\/strong><br data-start=\"2677\" data-end=\"2680\" \/>Tinka iki: \u017ei\u016br\u0117ti ant pakuot\u0117s<br data-start=\"2711\" data-end=\"2714\" \/>Laikymo s\u0105lygos: laikyti sandariai u\u017edaryt\u0105 v\u0117sioje ir sausoje vietoje<br data-start=\"2784\" data-end=\"2787\" \/>T\u016bris: 30 paket\u0117li\u0173<\/p>\n","protected":false},"excerpt":{"rendered":"<p data-start=\"3630\" data-end=\"3660\">Maisto papildas paket\u0117liuose<\/p>\n<h2 data-start=\"3662\" data-end=\"3725\"><strong data-start=\"3662\" data-end=\"3725\">Cantabria Labs &#8211; Heliocare 360 Sportsun Oral Sticks Savyb\u0117s<\/strong><\/h2>\n<p data-start=\"3727\" data-end=\"3903\">\u2714\ufe0f Sud\u0117tyje yra aktyvi\u0173j\u0173 med\u017eiag\u0173 kompleksas<br data-start=\"3772\" data-end=\"3775\" \/>\u2714\ufe0f Patogi burnoje tirpstanti forma<br data-start=\"3809\" data-end=\"3812\" \/>\u2714\ufe0f Tinka vartoti saul\u0117s poveikio metu<br data-start=\"3849\" data-end=\"3852\" \/>\u2714\ufe0f Sud\u0117tyje yra vitamin\u0173 ir mineral\u0173<br data-start=\"3888\" data-end=\"3891\" \/>\u2714\ufe0f Non-GMO<\/p>\n","protected":false},"featured_media":90657,"template":"","meta":[],"pwb-brand":[1202],"product_brand":[],"product_cat":[1407,769],"product_tag":[],"giftcard-category":[],"class_list":{"0":"post-90665","1":"product","2":"type-product","3":"status-publish","4":"has-post-thumbnail","6":"pwb-brand-cantabria-labs","7":"product_cat-naujiena","8":"product_cat-vitaminai","10":"first","11":"instock","12":"taxable","13":"shipping-taxable","14":"purchasable","15":"product-type-simple"},"acf":[],"brands":[{"id":1202,"name":"Cantabria Labs","slug":"cantabria-labs"}],"_links":{"self":[{"href":"https:\/\/skinstudio.ee\/lt\/wp-json\/wp\/v2\/product\/90665","targetHints":{"allow":["GET"]}}],"collection":[{"href":"https:\/\/skinstudio.ee\/lt\/wp-json\/wp\/v2\/product"}],"about":[{"href":"https:\/\/skinstudio.ee\/lt\/wp-json\/wp\/v2\/types\/product"}],"version-history":[{"count":1,"href":"https:\/\/skinstudio.ee\/lt\/wp-json\/wp\/v2\/product\/90665\/revisions"}],"predecessor-version":[{"id":90666,"href":"https:\/\/skinstudio.ee\/lt\/wp-json\/wp\/v2\/product\/90665\/revisions\/90666"}],"wp:featuredmedia":[{"embeddable":true,"href":"https:\/\/skinstudio.ee\/lt\/wp-json\/wp\/v2\/media\/90657"}],"wp:attachment":[{"href":"https:\/\/skinstudio.ee\/lt\/wp-json\/wp\/v2\/media?parent=90665"}],"wp:term":[{"taxonomy":"pwb-brand","embeddable":true,"href":"https:\/\/skinstudio.ee\/lt\/wp-json\/wp\/v2\/pwb-brand?post=90665"},{"taxonomy":"product_brand","embeddable":true,"href":"https:\/\/skinstudio.ee\/lt\/wp-json\/wp\/v2\/product_brand?post=90665"},{"taxonomy":"product_cat","embeddable":true,"href":"https:\/\/skinstudio.ee\/lt\/wp-json\/wp\/v2\/product_cat?post=90665"},{"taxonomy":"product_tag","embeddable":true,"href":"https:\/\/skinstudio.ee\/lt\/wp-json\/wp\/v2\/product_tag?post=90665"},{"taxonomy":"giftcard-category","embeddable":true,"href":"https:\/\/skinstudio.ee\/lt\/wp-json\/wp\/v2\/giftcard-category?post=90665"}],"curies":[{"name":"wp","href":"https:\/\/api.w.org\/{rel}","templated":true}]}}