{"id":90687,"date":"2026-04-10T10:15:47","date_gmt":"2026-04-10T10:15:47","guid":{"rendered":"https:\/\/skinstudio.ee\/?post_type=product&#038;p=90687"},"modified":"2026-04-10T10:21:10","modified_gmt":"2026-04-10T10:21:10","slug":"aktuva-ak-control-capsules","status":"publish","type":"product","link":"https:\/\/skinstudio.ee\/lt\/catalog\/cantabria-labs\/aktuva-ak-control-capsules\/","title":{"rendered":"Aktuva AK Control Capsules"},"content":{"rendered":"<p data-start=\"1978\" data-end=\"2151\"><strong data-start=\"1978\" data-end=\"2151\">Aktuva AK Control Capsules nuo Cantabria Labs &#8211; maisto papildas su aktyvi\u0173j\u0173 med\u017eiag\u0173 deriniu, skirtas vartoti nuolatinio saul\u0117s poveikio ir aplinkos veiksni\u0173 s\u0105lygomis.<\/strong><\/p>\n<p data-start=\"2153\" data-end=\"2287\">Formul\u0117je yra Aspa-Fernblock\u00ae technologija kartu su nikotinamidu. Produktas pateikiamas kapsuli\u0173 forma patogiam kasdieniam vartojimui.<\/p>\n<p data-start=\"2289\" data-end=\"2396\">Sud\u0117tini\u0173 dali\u0173 derinys skirtas vartoti padid\u0117jusios saul\u0117s spinduliuot\u0117s ir aplinkos poveikio laikotarpiu.<\/p>\n<p data-start=\"2398\" data-end=\"2570\"><strong data-start=\"2398\" data-end=\"2421\">Pagaminta Europoje.<\/strong><br data-start=\"2421\" data-end=\"2424\" \/>Tinka iki: \u017ei\u016br\u0117ti ant pakuot\u0117s<br data-start=\"2455\" data-end=\"2458\" \/>Laikymo s\u0105lygos: laikyti \u017eemesn\u0117je nei 30\u00b0C temperat\u016broje, saugoti nuo \u0161viesos ir dr\u0117gm\u0117s<br data-start=\"2547\" data-end=\"2550\" \/>T\u016bris: 60 kapsuli\u0173<\/p>\n","protected":false},"excerpt":{"rendered":"<p data-start=\"3306\" data-end=\"3328\">Maisto papildas odai<\/p>\n<h2 data-start=\"3330\" data-end=\"3385\"><strong data-start=\"3330\" data-end=\"3385\">Cantabria Labs &#8211; Aktuva AK Control Capsules Savyb\u0117s<\/strong><\/h2>\n<p data-start=\"3387\" data-end=\"3595\">\u2714\ufe0f Sud\u0117tyje yra aktyvi\u0173j\u0173 med\u017eiag\u0173 kompleksas<br data-start=\"3432\" data-end=\"3435\" \/>\u2714\ufe0f Kapsuli\u0173 forma patogiam kasdieniam vartojimui<br data-start=\"3483\" data-end=\"3486\" \/>\u2714\ufe0f Tinka vartoti nuolatinio saul\u0117s poveikio metu<br data-start=\"3534\" data-end=\"3537\" \/>\u2714\ufe0f Formul\u0117 su augalin\u0117s kilm\u0117s komponentais<br data-start=\"3580\" data-end=\"3583\" \/>\u2714\ufe0f Non-GMO<\/p>\n","protected":false},"featured_media":90693,"template":"","meta":[],"pwb-brand":[1202],"product_brand":[],"product_cat":[1407,769],"product_tag":[],"giftcard-category":[],"class_list":{"0":"post-90687","1":"product","2":"type-product","3":"status-publish","4":"has-post-thumbnail","6":"pwb-brand-cantabria-labs","7":"product_cat-naujiena","8":"product_cat-vitaminai","10":"first","11":"instock","12":"taxable","13":"shipping-taxable","14":"purchasable","15":"product-type-simple"},"acf":[],"brands":[{"id":1202,"name":"Cantabria Labs","slug":"cantabria-labs"}],"_links":{"self":[{"href":"https:\/\/skinstudio.ee\/lt\/wp-json\/wp\/v2\/product\/90687","targetHints":{"allow":["GET"]}}],"collection":[{"href":"https:\/\/skinstudio.ee\/lt\/wp-json\/wp\/v2\/product"}],"about":[{"href":"https:\/\/skinstudio.ee\/lt\/wp-json\/wp\/v2\/types\/product"}],"version-history":[{"count":1,"href":"https:\/\/skinstudio.ee\/lt\/wp-json\/wp\/v2\/product\/90687\/revisions"}],"predecessor-version":[{"id":90688,"href":"https:\/\/skinstudio.ee\/lt\/wp-json\/wp\/v2\/product\/90687\/revisions\/90688"}],"wp:featuredmedia":[{"embeddable":true,"href":"https:\/\/skinstudio.ee\/lt\/wp-json\/wp\/v2\/media\/90693"}],"wp:attachment":[{"href":"https:\/\/skinstudio.ee\/lt\/wp-json\/wp\/v2\/media?parent=90687"}],"wp:term":[{"taxonomy":"pwb-brand","embeddable":true,"href":"https:\/\/skinstudio.ee\/lt\/wp-json\/wp\/v2\/pwb-brand?post=90687"},{"taxonomy":"product_brand","embeddable":true,"href":"https:\/\/skinstudio.ee\/lt\/wp-json\/wp\/v2\/product_brand?post=90687"},{"taxonomy":"product_cat","embeddable":true,"href":"https:\/\/skinstudio.ee\/lt\/wp-json\/wp\/v2\/product_cat?post=90687"},{"taxonomy":"product_tag","embeddable":true,"href":"https:\/\/skinstudio.ee\/lt\/wp-json\/wp\/v2\/product_tag?post=90687"},{"taxonomy":"giftcard-category","embeddable":true,"href":"https:\/\/skinstudio.ee\/lt\/wp-json\/wp\/v2\/giftcard-category?post=90687"}],"curies":[{"name":"wp","href":"https:\/\/api.w.org\/{rel}","templated":true}]}}