{"id":90719,"date":"2026-04-10T11:42:25","date_gmt":"2026-04-10T11:42:25","guid":{"rendered":"https:\/\/skinstudio.ee\/?post_type=product&#038;p=90719"},"modified":"2026-04-10T11:54:53","modified_gmt":"2026-04-10T11:54:53","slug":"iraltone-hair-resilience-booster","status":"publish","type":"product","link":"https:\/\/skinstudio.ee\/lt\/catalog\/cantabria-labs\/iraltone-hair-resilience-booster\/","title":{"rendered":"Iraltone Hair Resilience Booster"},"content":{"rendered":"<p data-start=\"2142\" data-end=\"2256\"><strong data-start=\"2142\" data-end=\"2256\">Iraltone Hair Resilience Booster nuo Cantabria Labs &#8211; skystas maisto papildas su aktyvi\u0173j\u0173 med\u017eiag\u0173 kompleksu.<\/strong><\/p>\n<p data-start=\"2258\" data-end=\"2467\">Formul\u0117 apjungia augalinius ekstraktus, aminor\u016bg\u0161tis ir vitaminus, naudojamus maisto papildo sud\u0117tyje. Sudedamosios dalys parinktos atsi\u017evelgiant \u012f j\u0173 vaidmen\u012f normaliuose organizmo fiziologiniuose procesuose.<\/p>\n<p data-start=\"2469\" data-end=\"2675\">Sud\u0117tyje yra komponent\u0173, dalyvaujan\u010di\u0173 baltym\u0173 sintez\u0117je ir bendruose med\u017eiag\u0173 apykaitos procesuose. Formul\u0117 sukurta atsi\u017evelgiant \u012f kasdien\u012f i\u0161orini\u0173 veiksni\u0173 poveik\u012f, toki\u0173 kaip aplinka ir gyvenimo b\u016bdas.<\/p>\n<p data-start=\"2677\" data-end=\"2758\">Geriama forma ampul\u0117se u\u017etikrina patog\u0173 vartojim\u0105 ir tinka kasdieniam naudojimui.<\/p>\n<p data-start=\"2760\" data-end=\"2916\"><strong data-start=\"2760\" data-end=\"2783\">Pagaminta Europoje.<\/strong><br data-start=\"2783\" data-end=\"2786\" \/>Tinka iki: \u017ei\u016br\u0117ti ant pakuot\u0117s<br data-start=\"2817\" data-end=\"2820\" \/>Laikymo s\u0105lygos: laikyti sausoje vietoje, \u017eemesn\u0117je nei 25\u00b0C temperat\u016broje<br data-start=\"2894\" data-end=\"2897\" \/>T\u016bris: 30 ampuli\u0173<\/p>\n","protected":false},"excerpt":{"rendered":"<p data-start=\"3763\" data-end=\"3788\">Skystas maisto papildas<\/p>\n<h2 data-start=\"3790\" data-end=\"3851\"><strong data-start=\"3790\" data-end=\"3851\">Cantabria Labs &#8211; Iraltone Hair Resilience Booster Savyb\u0117s<\/strong><\/h2>\n<p data-start=\"3853\" data-end=\"4044\">\u2714\ufe0f Sud\u0117tyje yra aktyvi\u0173j\u0173 med\u017eiag\u0173 kompleksas<br data-start=\"3898\" data-end=\"3901\" \/>\u2714\ufe0f Formul\u0117 su aminor\u016bg\u0161timis ir augaliniais ekstraktais<br data-start=\"3956\" data-end=\"3959\" \/>\u2714\ufe0f Tinka kasdieniam vartojimui<br data-start=\"3989\" data-end=\"3992\" \/>\u2714\ufe0f Patogus geriamas formatas ampul\u0117se<br data-start=\"4029\" data-end=\"4032\" \/>\u2714\ufe0f Non-GMO<\/p>\n","protected":false},"featured_media":90700,"template":"","meta":[],"pwb-brand":[1202],"product_brand":[],"product_cat":[1407,769],"product_tag":[],"giftcard-category":[],"class_list":{"0":"post-90719","1":"product","2":"type-product","3":"status-publish","4":"has-post-thumbnail","6":"pwb-brand-cantabria-labs","7":"product_cat-naujiena","8":"product_cat-vitaminai","10":"first","11":"instock","12":"taxable","13":"shipping-taxable","14":"purchasable","15":"product-type-simple"},"acf":[],"brands":[{"id":1202,"name":"Cantabria Labs","slug":"cantabria-labs"}],"_links":{"self":[{"href":"https:\/\/skinstudio.ee\/lt\/wp-json\/wp\/v2\/product\/90719","targetHints":{"allow":["GET"]}}],"collection":[{"href":"https:\/\/skinstudio.ee\/lt\/wp-json\/wp\/v2\/product"}],"about":[{"href":"https:\/\/skinstudio.ee\/lt\/wp-json\/wp\/v2\/types\/product"}],"version-history":[{"count":1,"href":"https:\/\/skinstudio.ee\/lt\/wp-json\/wp\/v2\/product\/90719\/revisions"}],"predecessor-version":[{"id":90720,"href":"https:\/\/skinstudio.ee\/lt\/wp-json\/wp\/v2\/product\/90719\/revisions\/90720"}],"wp:featuredmedia":[{"embeddable":true,"href":"https:\/\/skinstudio.ee\/lt\/wp-json\/wp\/v2\/media\/90700"}],"wp:attachment":[{"href":"https:\/\/skinstudio.ee\/lt\/wp-json\/wp\/v2\/media?parent=90719"}],"wp:term":[{"taxonomy":"pwb-brand","embeddable":true,"href":"https:\/\/skinstudio.ee\/lt\/wp-json\/wp\/v2\/pwb-brand?post=90719"},{"taxonomy":"product_brand","embeddable":true,"href":"https:\/\/skinstudio.ee\/lt\/wp-json\/wp\/v2\/product_brand?post=90719"},{"taxonomy":"product_cat","embeddable":true,"href":"https:\/\/skinstudio.ee\/lt\/wp-json\/wp\/v2\/product_cat?post=90719"},{"taxonomy":"product_tag","embeddable":true,"href":"https:\/\/skinstudio.ee\/lt\/wp-json\/wp\/v2\/product_tag?post=90719"},{"taxonomy":"giftcard-category","embeddable":true,"href":"https:\/\/skinstudio.ee\/lt\/wp-json\/wp\/v2\/giftcard-category?post=90719"}],"curies":[{"name":"wp","href":"https:\/\/api.w.org\/{rel}","templated":true}]}}