{"id":90818,"date":"2026-04-10T13:08:01","date_gmt":"2026-04-10T13:08:01","guid":{"rendered":"https:\/\/skinstudio.ee\/?post_type=product&#038;p=90818"},"modified":"2026-04-10T13:50:43","modified_gmt":"2026-04-10T13:50:43","slug":"post-treatment-essentials","status":"publish","type":"product","link":"https:\/\/skinstudio.ee\/lt\/catalog\/image-skincare\/post-treatment-essentials\/","title":{"rendered":"Post-Treatment Essentials"},"content":{"rendered":"<p data-start=\"5089\" data-end=\"5557\"><strong data-start=\"5089\" data-end=\"5154\">Image Skincare &#8211; Post-Treatment Essentials nuo Image Skincare<\/strong> &#8211; trij\u0173 produkt\u0173 rinkinys sausai, jautriai ir \u012f paraudim\u0105 linkusiai odai, ypa\u010d odos atsistatymo laikotarpiu po estetikos proced\u016br\u0173. Rinkinys \u0161velniai valo od\u0105, ma\u017eina diskomfort\u0105, padeda atkurti pa\u017eeist\u0105 odos barjer\u0105 ir u\u017etikrina dr\u0117kinim\u0105 bei kasdien\u0119 UV apsaug\u0105. Formul\u0117s parinktos taip, kad oda gaut\u0173 visk\u0105, ko reikia ramesnei, lygesnei ir labiau pri\u017ei\u016br\u0117tai i\u0161vaizdai net padid\u0117jusio jautrumo metu.<\/p>\n<p data-start=\"5559\" data-end=\"5857\">Rinkinys sujungia \u0161veln\u0173 valym\u0105, intensyv\u0173 atk\u016brim\u0105 ir mineralin\u0119 apsaug\u0105 nuo saul\u0117s, tod\u0117l tinka tiek po proced\u016br\u0173, tiek kasdienei reaktyvios odos prie\u017ei\u016brai. Kelioninio dyd\u017eio produktus patogu pasiimti su savimi, o j\u0173 derinys padeda grei\u010diau atkurti komfort\u0105, \u0161velnum\u0105 ir sveikesn\u0119 odos i\u0161vaizd\u0105.<\/p>\n<p data-start=\"5859\" data-end=\"5909\"><strong data-start=\"5859\" data-end=\"5909\">Kas \u012feina \u012f Post-Treatment Essentials rinkin\u012f:<\/strong><\/p>\n<ul data-start=\"5911\" data-end=\"6062\">\n<li data-section-id=\"1ob6g2r\" data-start=\"5911\" data-end=\"5949\"><strong data-start=\"5913\" data-end=\"5947\">IMAGE MD Gentle Cleansing Balm<\/strong><\/li>\n<li data-section-id=\"xfqvvr\" data-start=\"5950\" data-end=\"5995\"><strong data-start=\"5952\" data-end=\"5993\">IMAGE MD Barrier Repair Recovery Balm<\/strong><\/li>\n<li data-section-id=\"1j7p8lq\" data-start=\"5996\" data-end=\"6062\"><strong data-start=\"5998\" data-end=\"6060\">DAILY PREVENTION Pure Mineral Hydrating Moisturizer SPF 30<\/strong><\/li>\n<\/ul>\n<p data-start=\"6064\" data-end=\"6254\"><strong data-start=\"6064\" data-end=\"6106\">Kam skirtas Post-Treatment Essentials:<\/strong> sausai, jautriai, sudirgusiai ir \u012f paraudim\u0105 linkusiai odai, ypa\u010d po estetikos proced\u016br\u0173, taip pat esant pa\u017eeistam odos barjerui ir dehidratacijai.<\/p>\n<p data-start=\"6256\" data-end=\"6417\"><strong data-start=\"6256\" data-end=\"6266\">T\u016bris:<\/strong> IMAGE MD Gentle Cleansing Balm &#8211; 28 g; IMAGE MD Barrier Repair Recovery Balm &#8211; 16 g; DAILY PREVENTION Pure Mineral Hydrating Moisturizer SPF 30 &#8211; 28 g<\/p>\n","protected":false},"excerpt":{"rendered":"<p data-start=\"9520\" data-end=\"9557\">Rinkinys odos atstatymui po proced\u016br\u0173<\/p>\n<h2 data-start=\"9559\" data-end=\"9613\"><strong data-start=\"9559\" data-end=\"9613\">Image Skincare &#8211; Post-Treatment Essentials Savyb\u0117s<\/strong><\/h2>\n<p data-start=\"9615\" data-end=\"9788\">\u2714\ufe0f \u0160velniai valo nepa\u017eeisdamas barjero<br data-start=\"9653\" data-end=\"9656\" \/>\u2714\ufe0f Ramina ir ma\u017eina paraudim\u0105<br data-start=\"9685\" data-end=\"9688\" \/>\u2714\ufe0f Intensyviai dr\u0117kina ir atkuria<br data-start=\"9721\" data-end=\"9724\" \/>\u2714\ufe0f Palaiko od\u0105 po proced\u016br\u0173<br data-start=\"9751\" data-end=\"9754\" \/>\u2714\ufe0f U\u017etikrina kasdien\u0119 UV apsaug\u0105<\/p>\n","protected":false},"featured_media":90805,"template":"","meta":[],"pwb-brand":[1135],"product_brand":[],"product_cat":[765,1407,756],"product_tag":[],"giftcard-category":[],"class_list":{"0":"post-90818","1":"product","2":"type-product","3":"status-publish","4":"has-post-thumbnail","6":"pwb-brand-image-skincare","7":"product_cat-dovanu-ideja","8":"product_cat-naujiena","9":"product_cat-rinkinys","11":"first","12":"instock","13":"taxable","14":"shipping-taxable","15":"purchasable","16":"product-type-simple"},"acf":[],"brands":[{"id":1135,"name":"Image Skincare","slug":"image-skincare"}],"_links":{"self":[{"href":"https:\/\/skinstudio.ee\/lt\/wp-json\/wp\/v2\/product\/90818","targetHints":{"allow":["GET"]}}],"collection":[{"href":"https:\/\/skinstudio.ee\/lt\/wp-json\/wp\/v2\/product"}],"about":[{"href":"https:\/\/skinstudio.ee\/lt\/wp-json\/wp\/v2\/types\/product"}],"version-history":[{"count":1,"href":"https:\/\/skinstudio.ee\/lt\/wp-json\/wp\/v2\/product\/90818\/revisions"}],"predecessor-version":[{"id":90819,"href":"https:\/\/skinstudio.ee\/lt\/wp-json\/wp\/v2\/product\/90818\/revisions\/90819"}],"wp:featuredmedia":[{"embeddable":true,"href":"https:\/\/skinstudio.ee\/lt\/wp-json\/wp\/v2\/media\/90805"}],"wp:attachment":[{"href":"https:\/\/skinstudio.ee\/lt\/wp-json\/wp\/v2\/media?parent=90818"}],"wp:term":[{"taxonomy":"pwb-brand","embeddable":true,"href":"https:\/\/skinstudio.ee\/lt\/wp-json\/wp\/v2\/pwb-brand?post=90818"},{"taxonomy":"product_brand","embeddable":true,"href":"https:\/\/skinstudio.ee\/lt\/wp-json\/wp\/v2\/product_brand?post=90818"},{"taxonomy":"product_cat","embeddable":true,"href":"https:\/\/skinstudio.ee\/lt\/wp-json\/wp\/v2\/product_cat?post=90818"},{"taxonomy":"product_tag","embeddable":true,"href":"https:\/\/skinstudio.ee\/lt\/wp-json\/wp\/v2\/product_tag?post=90818"},{"taxonomy":"giftcard-category","embeddable":true,"href":"https:\/\/skinstudio.ee\/lt\/wp-json\/wp\/v2\/giftcard-category?post=90818"}],"curies":[{"name":"wp","href":"https:\/\/api.w.org\/{rel}","templated":true}]}}