{"id":91142,"date":"2026-04-16T09:55:58","date_gmt":"2026-04-16T09:55:58","guid":{"rendered":"https:\/\/skinstudio.ee\/?post_type=product&#038;p=91142"},"modified":"2026-04-16T10:00:46","modified_gmt":"2026-04-16T10:00:46","slug":"c-vit-5-set","status":"publish","type":"product","link":"https:\/\/skinstudio.ee\/lt\/catalog\/sesderma-lt\/c-vit-5-set\/","title":{"rendered":"C-VIT 5 Set"},"content":{"rendered":"<p data-start=\"4227\" data-end=\"4543\"><strong data-start=\"4227\" data-end=\"4255\">C-VIT 5 Set nuo Sesderma<\/strong> yra pa\u017eangus antioksidacinis odos prie\u017ei\u016bros rinkinys, padedantis atkurti odos \u0161vyt\u0117jim\u0105, suvienodinti ton\u0105 ir pagerinti tekst\u016br\u0105. Dviej\u0173 produkt\u0173 su vitaminu C derinys vienu metu veikia kelias problemas: papilk\u0117jusi oda, elastingumo suma\u017e\u0117jimas, dehidratacija ir nelygus odos pavir\u0161ius.<\/p>\n<p data-start=\"4545\" data-end=\"4885\">C-VIT 5 Liposomal Serum sud\u0117tyje yra penkios vitamino C formos, kurios suteikia kompleksin\u012f poveik\u012f: padeda suvienodinti odos ton\u0105, sustiprina nat\u016bral\u0173 \u0161vyt\u0117jim\u0105 ir pagerina bendr\u0105 odos b\u016bkl\u0119. Formul\u0117 papildyta dr\u0117kinan\u010diais ir stiprinan\u010diais komponentais, kurie padeda pagerinti odos tank\u012f ir suteikia jai daugiau elastingumo bei glotnumo.<\/p>\n<p data-start=\"4887\" data-end=\"5192\">C-VIT Radiance Glowing Fluid sustiprina rezultat\u0105, suteikdamas odai gaiv\u0173 ir pri\u017ei\u016br\u0117t\u0105 i\u0161vaizd\u0105 bei \u0161veln\u0173 nat\u016bral\u0173 \u0161vyt\u0117jim\u0105. Jis padeda i\u0161laikyti dr\u0117gm\u0119, vizualiai lygina od\u0105 ir palaiko apsaug\u0105 nuo kasdieni\u0173 aplinkos veiksni\u0173. Kartu naudojami produktai suteikia ry\u0161kesn\u012f ir ilgiau i\u0161liekant\u012f rezultat\u0105.<\/p>\n<p data-start=\"5194\" data-end=\"5219\"><strong data-start=\"5194\" data-end=\"5219\">Pagrindinis poveikis:<\/strong><\/p>\n<ul data-start=\"5220\" data-end=\"5504\">\n<li data-section-id=\"1bopxsm\" data-start=\"5220\" data-end=\"5303\"><strong data-start=\"5222\" data-end=\"5245\">5 vitamino C formos<\/strong> &#8211; padeda suvienodinti odos ton\u0105 ir sustiprina \u0161vyt\u0117jim\u0105<\/li>\n<li data-section-id=\"e3chl5\" data-start=\"5304\" data-end=\"5391\"><strong data-start=\"5306\" data-end=\"5345\">Hialurono r\u016bg\u0161tis ir proteoglikanai<\/strong> &#8211; u\u017etikrina gil\u0173 dr\u0117kinim\u0105 ir glotnesn\u0119 od\u0105<\/li>\n<li data-section-id=\"10gk0ol\" data-start=\"5392\" data-end=\"5504\"><strong data-start=\"5394\" data-end=\"5434\">Antioksidant\u0173 kompleksas ir peptidai<\/strong> &#8211; padeda pagerinti odos elastingum\u0105 ir palaiko apsaugines funkcijas<\/li>\n<\/ul>\n<p data-start=\"5506\" data-end=\"5690\"><strong data-start=\"5506\" data-end=\"5536\">K\u043e\u043c\u0443 \u043f\u043e\u0434\u0445\u043e\u0434\u0438\u0442 C-VIT 5 Set:<\/strong> visiems odos tipams, \u012fskaitant mi\u0161ri\u0105 ir riebi\u0105 od\u0105, ypa\u010d esant papilk\u0117jusiam tonui, nuovargio po\u017eymiams, nelygiai tekst\u016brai ir elastingumo suma\u017e\u0117jimui<\/p>\n<p data-start=\"5692\" data-end=\"5771\"><strong data-start=\"5692\" data-end=\"5702\">T\u016bris:<\/strong> C-VIT 5 Liposomal Serum 30 ml + C-VIT Radiance Glowing Fluid 10 ml<\/p>\n","protected":false},"excerpt":{"rendered":"<p data-start=\"8134\" data-end=\"8183\">\u0160vyt\u0117jim\u0105 suteikiantis odos prie\u017ei\u016bros rinkinys<\/p>\n<h2 data-start=\"8185\" data-end=\"8409\"><strong data-start=\"8185\" data-end=\"8219\">Sesderma &#8211; C-VIT 5 Set Savyb\u0117s<\/strong><\/h2>\n<p data-start=\"8185\" data-end=\"8409\">\u2714\ufe0f Sustiprina nat\u016bral\u0173 odos \u0161vyt\u0117jim\u0105<br data-start=\"8257\" data-end=\"8260\" \/>\u2714\ufe0f Padeda suvienodinti odos ton\u0105<br data-start=\"8292\" data-end=\"8295\" \/>\u2714\ufe0f Gerina odos glotnum\u0105 ir tekst\u016br\u0105<br data-start=\"8330\" data-end=\"8333\" \/>\u2714\ufe0f Intensyviai dr\u0117kina od\u0105<br data-start=\"8359\" data-end=\"8362\" \/>\u2714\ufe0f Palaiko odos apsaug\u0105 nuo i\u0161orini\u0173 veiksni\u0173<\/p>\n","protected":false},"featured_media":91133,"template":"","meta":[],"pwb-brand":[1263],"product_brand":[],"product_cat":[765,756],"product_tag":[],"giftcard-category":[],"class_list":{"0":"post-91142","1":"product","2":"type-product","3":"status-publish","4":"has-post-thumbnail","6":"pwb-brand-sesderma-lt","7":"product_cat-dovanu-ideja","8":"product_cat-rinkinys","10":"first","11":"instock","12":"sale","13":"taxable","14":"shipping-taxable","15":"purchasable","16":"product-type-simple"},"acf":[],"brands":[{"id":1263,"name":"Sesderma","slug":"sesderma-lt"}],"_links":{"self":[{"href":"https:\/\/skinstudio.ee\/lt\/wp-json\/wp\/v2\/product\/91142","targetHints":{"allow":["GET"]}}],"collection":[{"href":"https:\/\/skinstudio.ee\/lt\/wp-json\/wp\/v2\/product"}],"about":[{"href":"https:\/\/skinstudio.ee\/lt\/wp-json\/wp\/v2\/types\/product"}],"version-history":[{"count":1,"href":"https:\/\/skinstudio.ee\/lt\/wp-json\/wp\/v2\/product\/91142\/revisions"}],"predecessor-version":[{"id":91143,"href":"https:\/\/skinstudio.ee\/lt\/wp-json\/wp\/v2\/product\/91142\/revisions\/91143"}],"wp:featuredmedia":[{"embeddable":true,"href":"https:\/\/skinstudio.ee\/lt\/wp-json\/wp\/v2\/media\/91133"}],"wp:attachment":[{"href":"https:\/\/skinstudio.ee\/lt\/wp-json\/wp\/v2\/media?parent=91142"}],"wp:term":[{"taxonomy":"pwb-brand","embeddable":true,"href":"https:\/\/skinstudio.ee\/lt\/wp-json\/wp\/v2\/pwb-brand?post=91142"},{"taxonomy":"product_brand","embeddable":true,"href":"https:\/\/skinstudio.ee\/lt\/wp-json\/wp\/v2\/product_brand?post=91142"},{"taxonomy":"product_cat","embeddable":true,"href":"https:\/\/skinstudio.ee\/lt\/wp-json\/wp\/v2\/product_cat?post=91142"},{"taxonomy":"product_tag","embeddable":true,"href":"https:\/\/skinstudio.ee\/lt\/wp-json\/wp\/v2\/product_tag?post=91142"},{"taxonomy":"giftcard-category","embeddable":true,"href":"https:\/\/skinstudio.ee\/lt\/wp-json\/wp\/v2\/giftcard-category?post=91142"}],"curies":[{"name":"wp","href":"https:\/\/api.w.org\/{rel}","templated":true}]}}