{"id":92866,"date":"2026-04-24T09:27:29","date_gmt":"2026-04-24T09:27:29","guid":{"rendered":"https:\/\/skinstudio.ee\/?post_type=product&#038;p=92866"},"modified":"2026-04-24T09:34:06","modified_gmt":"2026-04-24T09:34:06","slug":"wow-mask","status":"publish","type":"product","link":"https:\/\/skinstudio.ee\/lt\/catalog\/hyalual\/wow-mask\/","title":{"rendered":"WOW Mask"},"content":{"rendered":"<p data-start=\"2234\" data-end=\"2566\"><strong>WOW Mask nuo Hyalual<\/strong> yra atstatomoji veido kauk\u0117 su liftingo efektu, skirta greitam odos i\u0161vaizdos pagerinimui, elastingumo didinimui ir tekst\u016bros i\u0161lyginimui. Formul\u0117 veikia dehidratacijos po\u017eymius, suma\u017e\u0117jus\u012f tonus\u0105 ir nelygi\u0105 odos tekst\u016br\u0105, pad\u0117dama odai atrodyti lygesnei, gaivesnei ir labiau pri\u017ei\u016br\u0117tai jau po pirmo naudojimo.<\/p>\n<p data-start=\"2568\" data-end=\"2848\">Kauk\u0117s gelin\u0117 tekst\u016bra aktyvuojasi kontaktuojant su odos temperat\u016bra, u\u017etikrindama efektyv\u0173 veikli\u0173j\u0173 med\u017eiag\u0173 i\u0161siskyrim\u0105 ir glaud\u0173 prigludim\u0105 prie odos. Po naudojimo oda atrodo labiau sudr\u0117kinta, \u0161velnesn\u0117 ir vizualiai stangresn\u0117, su tolygesniu tonu ir ma\u017eiau matomomis poromis.<\/p>\n<p data-start=\"2850\" data-end=\"2882\"><strong data-start=\"2850\" data-end=\"2882\">Aktyvi\u0173 komponent\u0173 poveikis:<\/strong><\/p>\n<p data-start=\"2884\" data-end=\"3002\"><strong data-start=\"2884\" data-end=\"2905\">Hialurono r\u016bg\u0161tis<\/strong> &#8211; u\u017etikrina intensyv\u0173 dr\u0117kinim\u0105, palaiko odos dr\u0117gm\u0117s balans\u0105 ir padeda pagerinti elastingum\u0105.<\/p>\n<p data-start=\"3004\" data-end=\"3112\"><strong data-start=\"3004\" data-end=\"3029\">Argireline (peptidas)<\/strong> &#8211; padeda suma\u017einti mimikos rauk\u0161li\u0173 matomum\u0105, suteikdamas odai lygesn\u0119 i\u0161vaizd\u0105.<\/p>\n<p data-start=\"3114\" data-end=\"3259\"><strong data-start=\"3114\" data-end=\"3154\">Portulakos ekstraktas ir bisabololis<\/strong> &#8211; pasi\u017eymi raminamuoju ir antioksidaciniu poveikiu, padeda ma\u017einti sudirgim\u0105 ir atkurti odos komfort\u0105.<\/p>\n<p data-start=\"3261\" data-end=\"3433\"><strong data-start=\"3261\" data-end=\"3294\">Kam tinka Hyalual &#8211; WOW Mask:<\/strong> visiems odos tipams, ypa\u010d dehidratuotai odai, suma\u017e\u0117jusiam elastingumui, nelygiai tekst\u016brai, i\u0161sipl\u0117tusioms poroms ir blankiam odos tonui.<\/p>\n<p data-start=\"3435\" data-end=\"3452\"><strong data-start=\"3435\" data-end=\"3452\">T\u016bris: 1 vnt.<\/strong><\/p>\n","protected":false},"excerpt":{"rendered":"<p data-start=\"3642\" data-end=\"3668\">Atstatomoji lak\u0161tin\u0117 kauk\u0117<\/p>\n<h2 data-start=\"3670\" data-end=\"3700\"><strong data-start=\"3670\" data-end=\"3700\">Hyalual &#8211; WOW Mask Savyb\u0117s<\/strong><\/h2>\n<p data-start=\"3702\" data-end=\"3897\">\u2714\ufe0f Suteikia matom\u0105 liftingo efekt\u0105<br data-start=\"3736\" data-end=\"3739\" \/>\u2714\ufe0f Padeda i\u0161lyginti rauk\u0161li\u0173 i\u0161vaizd\u0105<br data-start=\"3776\" data-end=\"3779\" \/>\u2714\ufe0f Ma\u017eina por\u0173 ir nelygum\u0173 matomum\u0105<br data-start=\"3814\" data-end=\"3817\" \/>\u2714\ufe0f Intensyviai dr\u0117kina ir mink\u0161tina od\u0105<br data-start=\"3856\" data-end=\"3859\" \/>\u2714\ufe0f Gerina odos elastingum\u0105 ir tonus\u0105<\/p>\n","protected":false},"featured_media":92850,"template":"","meta":[],"pwb-brand":[1437],"product_brand":[],"product_cat":[738,726,1407,750],"product_tag":[],"giftcard-category":[],"class_list":{"0":"post-92866","1":"product","2":"type-product","3":"status-publish","4":"has-post-thumbnail","6":"pwb-brand-hyalual","7":"product_cat-drekinimas","8":"product_cat-maskas-lt","9":"product_cat-naujiena","10":"product_cat-senstanti-oda","12":"first","13":"instock","14":"taxable","15":"shipping-taxable","16":"purchasable","17":"product-type-simple"},"acf":[],"brands":[{"id":1437,"name":"Hyalual","slug":"hyalual"}],"_links":{"self":[{"href":"https:\/\/skinstudio.ee\/lt\/wp-json\/wp\/v2\/product\/92866","targetHints":{"allow":["GET"]}}],"collection":[{"href":"https:\/\/skinstudio.ee\/lt\/wp-json\/wp\/v2\/product"}],"about":[{"href":"https:\/\/skinstudio.ee\/lt\/wp-json\/wp\/v2\/types\/product"}],"version-history":[{"count":1,"href":"https:\/\/skinstudio.ee\/lt\/wp-json\/wp\/v2\/product\/92866\/revisions"}],"predecessor-version":[{"id":92867,"href":"https:\/\/skinstudio.ee\/lt\/wp-json\/wp\/v2\/product\/92866\/revisions\/92867"}],"wp:featuredmedia":[{"embeddable":true,"href":"https:\/\/skinstudio.ee\/lt\/wp-json\/wp\/v2\/media\/92850"}],"wp:attachment":[{"href":"https:\/\/skinstudio.ee\/lt\/wp-json\/wp\/v2\/media?parent=92866"}],"wp:term":[{"taxonomy":"pwb-brand","embeddable":true,"href":"https:\/\/skinstudio.ee\/lt\/wp-json\/wp\/v2\/pwb-brand?post=92866"},{"taxonomy":"product_brand","embeddable":true,"href":"https:\/\/skinstudio.ee\/lt\/wp-json\/wp\/v2\/product_brand?post=92866"},{"taxonomy":"product_cat","embeddable":true,"href":"https:\/\/skinstudio.ee\/lt\/wp-json\/wp\/v2\/product_cat?post=92866"},{"taxonomy":"product_tag","embeddable":true,"href":"https:\/\/skinstudio.ee\/lt\/wp-json\/wp\/v2\/product_tag?post=92866"},{"taxonomy":"giftcard-category","embeddable":true,"href":"https:\/\/skinstudio.ee\/lt\/wp-json\/wp\/v2\/giftcard-category?post=92866"}],"curies":[{"name":"wp","href":"https:\/\/api.w.org\/{rel}","templated":true}]}}