{"id":92889,"date":"2026-04-24T09:53:22","date_gmt":"2026-04-24T09:53:22","guid":{"rendered":"https:\/\/skinstudio.ee\/?post_type=product&#038;p=92889"},"modified":"2026-04-24T09:58:41","modified_gmt":"2026-04-24T09:58:41","slug":"daily-delux-spray","status":"publish","type":"product","link":"https:\/\/skinstudio.ee\/lt\/catalog\/hyalual\/daily-delux-spray\/","title":{"rendered":"Daily Delux Spray"},"content":{"rendered":"<p data-start=\"2272\" data-end=\"2618\"><strong>Daily Delux Spray nuo Hyalual<\/strong> yra veido pur\u0161kiklis su anti-age efektu, skirtas odos i\u0161vaizdos gerinimui, dr\u0117kinimo lygio didinimui ir tolimesn\u0117s odos prie\u017ei\u016bros efektyvumo stiprinimui. Formul\u0117 veikia dehidratacijos po\u017eymius, blank\u0173 odos ton\u0105, nelygi\u0105 tekst\u016br\u0105 ir pavargusios odos i\u0161vaizd\u0105, pad\u0117dama atkurti gaivesn\u0119 ir labiau pri\u017ei\u016br\u0117t\u0105 i\u0161vaizd\u0105.<\/p>\n<p data-start=\"2620\" data-end=\"2954\">Lengva pur\u0161kiklio tekst\u016bra tolygiai pasiskirsto ant odos, suteikdama momentin\u012f komforto ir dr\u0117kinimo poj\u016bt\u012f. U\u017etepus ant \u0161varios odos, suteikia tonizuojant\u012f efekt\u0105, padeda pagerinti bendr\u0105 odos i\u0161vaizd\u0105 ir paruo\u0161ia j\u0105 tolimesnei prie\u017ei\u016brai. Naudojant po kremo, serumo ar fluido, padeda sustiprinti j\u0173 poveik\u012f ir pagerinti \u012fsisavinim\u0105.<\/p>\n<p data-start=\"2956\" data-end=\"2988\"><strong data-start=\"2956\" data-end=\"2988\">Aktyvi\u0173 komponent\u0173 poveikis:<\/strong><\/p>\n<p data-start=\"2990\" data-end=\"3107\"><strong data-start=\"2990\" data-end=\"3011\">Hialurono r\u016bg\u0161tis<\/strong> &#8211; u\u017etikrina intensyv\u0173 dr\u0117kinim\u0105, padeda palaikyti odos dr\u0117gm\u0117s balans\u0105 ir gerina elastingum\u0105.<\/p>\n<p data-start=\"3109\" data-end=\"3222\"><strong data-start=\"3109\" data-end=\"3147\">Gintaro r\u016bg\u0161tis (Sodium Succinate)<\/strong> &#8211; pasi\u017eymi antioksidaciniu poveikiu ir padeda gerinti mikrocirkuliacij\u0105.<\/p>\n<p data-start=\"3224\" data-end=\"3294\"><strong data-start=\"3224\" data-end=\"3234\">Vanduo<\/strong> &#8211; padeda atkurti dr\u0117gm\u0117s lyg\u012f ir palaikyti odos komfort\u0105.<\/p>\n<p data-start=\"3296\" data-end=\"3460\"><strong data-start=\"3296\" data-end=\"3338\">Kam tinka Hyalual &#8211; Daily Delux Spray:<\/strong> visiems odos tipams, ypa\u010d dehidratuotai odai, blankiam tonui, nuovargio po\u017eymiams, sausumui ir suma\u017e\u0117jusiam elastingumui.<\/p>\n<p data-start=\"3462\" data-end=\"3487\"><strong data-start=\"3462\" data-end=\"3487\">T\u016bris: 50 ml \/ 150 ml<\/strong><\/p>\n","protected":false},"excerpt":{"rendered":"<p data-start=\"3654\" data-end=\"3685\">Anti-age dr\u0117kinantis pur\u0161kiklis<\/p>\n<h2 data-start=\"3687\" data-end=\"3726\"><strong data-start=\"3687\" data-end=\"3726\">Hyalual &#8211; Daily Delux Spray Savyb\u0117s<\/strong><\/h2>\n<p data-start=\"3728\" data-end=\"3949\">\u2714\ufe0f Intensyviai dr\u0117kina ir gaivina od\u0105<br data-start=\"3765\" data-end=\"3768\" \/>\u2714\ufe0f Padeda pagerinti odos ton\u0105 ir tekst\u016br\u0105<br data-start=\"3809\" data-end=\"3812\" \/>\u2714\ufe0f Palaiko odos elastingum\u0105 ir tonus\u0105<br data-start=\"3849\" data-end=\"3852\" \/>\u2714\ufe0f Sustiprina odos prie\u017ei\u016bros priemoni\u0173 poveik\u012f<br data-start=\"3899\" data-end=\"3902\" \/>\u2714\ufe0f Padeda suma\u017einti pavargusios odos po\u017eymius<\/p>\n","protected":false},"featured_media":92875,"template":"","meta":[],"pwb-brand":[1437],"product_brand":[],"product_cat":[738,1407,722],"product_tag":[],"giftcard-category":[],"class_list":{"0":"post-92889","1":"product","2":"type-product","3":"status-publish","4":"has-post-thumbnail","6":"pwb-brand-hyalual","7":"product_cat-drekinimas","8":"product_cat-naujiena","9":"product_cat-toneriai","10":"pa_suurus-150ml-lt","11":"pa_suurus-50ml-lt","13":"first","14":"instock","15":"taxable","16":"shipping-taxable","17":"purchasable","18":"product-type-variable"},"acf":[],"brands":[{"id":1437,"name":"Hyalual","slug":"hyalual"}],"_links":{"self":[{"href":"https:\/\/skinstudio.ee\/lt\/wp-json\/wp\/v2\/product\/92889","targetHints":{"allow":["GET"]}}],"collection":[{"href":"https:\/\/skinstudio.ee\/lt\/wp-json\/wp\/v2\/product"}],"about":[{"href":"https:\/\/skinstudio.ee\/lt\/wp-json\/wp\/v2\/types\/product"}],"version-history":[{"count":1,"href":"https:\/\/skinstudio.ee\/lt\/wp-json\/wp\/v2\/product\/92889\/revisions"}],"predecessor-version":[{"id":92892,"href":"https:\/\/skinstudio.ee\/lt\/wp-json\/wp\/v2\/product\/92889\/revisions\/92892"}],"wp:featuredmedia":[{"embeddable":true,"href":"https:\/\/skinstudio.ee\/lt\/wp-json\/wp\/v2\/media\/92875"}],"wp:attachment":[{"href":"https:\/\/skinstudio.ee\/lt\/wp-json\/wp\/v2\/media?parent=92889"}],"wp:term":[{"taxonomy":"pwb-brand","embeddable":true,"href":"https:\/\/skinstudio.ee\/lt\/wp-json\/wp\/v2\/pwb-brand?post=92889"},{"taxonomy":"product_brand","embeddable":true,"href":"https:\/\/skinstudio.ee\/lt\/wp-json\/wp\/v2\/product_brand?post=92889"},{"taxonomy":"product_cat","embeddable":true,"href":"https:\/\/skinstudio.ee\/lt\/wp-json\/wp\/v2\/product_cat?post=92889"},{"taxonomy":"product_tag","embeddable":true,"href":"https:\/\/skinstudio.ee\/lt\/wp-json\/wp\/v2\/product_tag?post=92889"},{"taxonomy":"giftcard-category","embeddable":true,"href":"https:\/\/skinstudio.ee\/lt\/wp-json\/wp\/v2\/giftcard-category?post=92889"}],"curies":[{"name":"wp","href":"https:\/\/api.w.org\/{rel}","templated":true}]}}