{"id":24977,"date":"2023-05-24T18:06:17","date_gmt":"2023-05-24T18:06:17","guid":{"rendered":"https:\/\/skinstudio.ee\/filosofija-zo-skin\/"},"modified":"2024-12-18T21:09:02","modified_gmt":"2024-12-18T21:09:02","slug":"filosofija-zo-skin","status":"publish","type":"page","link":"https:\/\/skinstudio.ee\/lv\/filosofija-zo-skin\/","title":{"rendered":"ZO\u00ae Skin filozofija"},"content":{"rendered":"\t\t<div data-elementor-type=\"wp-page\" data-elementor-id=\"24977\" class=\"elementor elementor-24977 elementor-2048\" data-elementor-post-type=\"page\">\n\t\t\t\t\t\t<section class=\"elementor-section elementor-top-section elementor-element elementor-element-2f5d766 elementor-section-height-min-height elementor-section-boxed elementor-section-height-default elementor-section-items-middle\" data-id=\"2f5d766\" data-element_type=\"section\" data-e-type=\"section\" data-settings=\"{&quot;background_background&quot;:&quot;classic&quot;}\">\n\t\t\t\t\t\t<div class=\"elementor-container elementor-column-gap-default\">\n\t\t\t\t\t<div class=\"elementor-column elementor-col-50 elementor-top-column elementor-element elementor-element-8f09cce\" data-id=\"8f09cce\" data-element_type=\"column\" data-e-type=\"column\" data-settings=\"{&quot;background_background&quot;:&quot;classic&quot;}\">\n\t\t\t<div class=\"elementor-widget-wrap elementor-element-populated\">\n\t\t\t\t\t<div class=\"elementor-background-overlay\"><\/div>\n\t\t\t\t\t\t<div class=\"elementor-element elementor-element-57bafde elementor-widget__width-initial elementor-widget elementor-widget-heading\" data-id=\"57bafde\" data-element_type=\"widget\" data-e-type=\"widget\" data-widget_type=\"heading.default\">\n\t\t\t\t\t<h1 class=\"elementor-heading-title elementor-size-default\">ZO\u00ae Skin He\u0430lth<\/h1>\t\t\t\t<\/div>\n\t\t\t\t<div class=\"elementor-element elementor-element-915a549 elementor-widget elementor-widget-text-editor\" data-id=\"915a549\" data-element_type=\"widget\" data-e-type=\"widget\" data-widget_type=\"text-editor.default\">\n\t\t\t\t\t\t\t\t\t<p>ZO\u00ae Skin Health pied\u0101v\u0101 jaunu pieeju \u0101das kop\u0161an\u0101, kur galvenais uzsvars tiek likts uz \u0101das dabisk\u0101 potenci\u0101la atjauno\u0161anu, barjerfunkcijas uzlabo\u0161anu, imunit\u0101tes stiprin\u0101\u0161anu un jut\u012bguma mazin\u0101\u0161anu. \u0160ie principi k\u013cuva par pamatu terapeitisko l\u012bdzek\u013cu izstr\u0101dei.<\/p>\t\t\t\t\t\t\t\t<\/div>\n\t\t\t\t\t<\/div>\n\t\t<\/div>\n\t\t\t\t<div class=\"elementor-column elementor-col-50 elementor-top-column elementor-element elementor-element-c11f140 elementor-hidden-mobile\" data-id=\"c11f140\" data-element_type=\"column\" data-e-type=\"column\">\n\t\t\t<div class=\"elementor-widget-wrap\">\n\t\t\t\t\t\t\t<\/div>\n\t\t<\/div>\n\t\t\t\t\t<\/div>\n\t\t<\/section>\n\t\t\t\t<section class=\"elementor-section elementor-top-section elementor-element elementor-element-7198696 elementor-section-boxed elementor-section-height-default elementor-section-height-default\" data-id=\"7198696\" data-element_type=\"section\" data-e-type=\"section\">\n\t\t\t\t\t\t<div class=\"elementor-container elementor-column-gap-default\">\n\t\t\t\t\t<div class=\"elementor-column elementor-col-100 elementor-top-column elementor-element elementor-element-608cba5\" data-id=\"608cba5\" data-element_type=\"column\" data-e-type=\"column\">\n\t\t\t<div class=\"elementor-widget-wrap elementor-element-populated\">\n\t\t\t\t\t\t<div class=\"elementor-element elementor-element-066e9b8 elementor-widget elementor-widget-text-editor\" data-id=\"066e9b8\" data-element_type=\"widget\" data-e-type=\"widget\" data-widget_type=\"text-editor.default\">\n\t\t\t\t\t\t\t\t\t<p>Visi ZO\u00ae Skin Health l\u012bdzek\u013ci pal\u012bdz \u0101das \u0161\u016bn\u0101m pa\u0161\u0101m ra\u017eot kolag\u0113nu, elast\u012bnu, hialuronsk\u0101bi un citas &#8220;jaun\u012bbas vielas&#8221;, nevis pieg\u0101d\u0101 t\u0101s no \u0101rpuses, atst\u0101jot tikai uz virsmas. T\u0101 rezult\u0101t\u0101 \u0101dai tiek atjaunota sp\u0113ja pa\u0161ai sevi atjaunot, aizsarg\u0101t un mitrin\u0101t.<\/p><p>Vesel\u012bga un stipra \u0101da pati aptur noveco\u0161an\u0101s procesus, saglab\u0101jot jaun\u012bbu un skaistumu. Ta\u010du, lai &#8220;pamodin\u0101tu&#8221; \u0101du, l\u012bdzek\u013ciem j\u0101darbojas \u0161\u016bnu iek\u0161ien\u0113, nevis \u0101rpus\u0113.<\/p>\t\t\t\t\t\t\t\t<\/div>\n\t\t\t\t\t<\/div>\n\t\t<\/div>\n\t\t\t\t\t<\/div>\n\t\t<\/section>\n\t\t\t\t<section class=\"elementor-section elementor-top-section elementor-element elementor-element-db41bf1 elementor-section-boxed elementor-section-height-default elementor-section-height-default\" data-id=\"db41bf1\" data-element_type=\"section\" data-e-type=\"section\">\n\t\t\t\t\t\t<div class=\"elementor-container elementor-column-gap-default\">\n\t\t\t\t\t<div class=\"elementor-column elementor-col-50 elementor-top-column elementor-element elementor-element-a8a50ed\" data-id=\"a8a50ed\" data-element_type=\"column\" data-e-type=\"column\">\n\t\t\t<div class=\"elementor-widget-wrap elementor-element-populated\">\n\t\t\t\t\t\t<div class=\"elementor-element elementor-element-1dabf74 elementor-widget elementor-widget-image\" data-id=\"1dabf74\" data-element_type=\"widget\" data-e-type=\"widget\" data-widget_type=\"image.default\">\n\t\t\t\t\t\t\t\t\t\t\t\t\t\t\t<img fetchpriority=\"high\" decoding=\"async\" width=\"1080\" height=\"1080\" src=\"https:\/\/skinstudio.ee\/wp-content\/uploads\/2023\/05\/zein.jpg\" class=\"attachment-full size-full wp-image-24978\" alt=\"\" srcset=\"https:\/\/skinstudio.ee\/wp-content\/uploads\/2023\/05\/zein.jpg 1080w, https:\/\/skinstudio.ee\/wp-content\/uploads\/2023\/05\/zein-300x300.jpg 300w, https:\/\/skinstudio.ee\/wp-content\/uploads\/2023\/05\/zein-1024x1024.jpg 1024w, https:\/\/skinstudio.ee\/wp-content\/uploads\/2023\/05\/zein-150x150.jpg 150w, https:\/\/skinstudio.ee\/wp-content\/uploads\/2023\/05\/zein-768x768.jpg 768w, https:\/\/skinstudio.ee\/wp-content\/uploads\/2023\/05\/zein-600x600.jpg 600w, https:\/\/skinstudio.ee\/wp-content\/uploads\/2023\/05\/zein-100x100.jpg 100w, https:\/\/skinstudio.ee\/wp-content\/uploads\/2023\/05\/zein-50x50.jpg 50w\" sizes=\"(max-width: 1080px) 100vw, 1080px\" \/>\t\t\t\t\t\t\t\t\t\t\t\t\t\t\t<\/div>\n\t\t\t\t\t<\/div>\n\t\t<\/div>\n\t\t\t\t<div class=\"elementor-column elementor-col-50 elementor-top-column elementor-element elementor-element-612fb8b\" data-id=\"612fb8b\" data-element_type=\"column\" data-e-type=\"column\">\n\t\t\t<div class=\"elementor-widget-wrap elementor-element-populated\">\n\t\t\t\t\t\t<div class=\"elementor-element elementor-element-a740ba6 elementor-widget elementor-widget-text-editor\" data-id=\"a740ba6\" data-element_type=\"widget\" data-e-type=\"widget\" data-widget_type=\"text-editor.default\">\n\t\t\t\t\t\t\t\t\t<div class=\"et_pb_module et_pb_text et_pb_text_1 et_pb_text_align_left et_pb_bg_layout_light\"><div class=\"et_pb_text_inner\"><em>&#8220;Es neatz\u012bstu kompromisus un pusso\u013cus, kad runa ir par \u0101das jaun\u012bbas, skaistuma un vesel\u012bbas saglab\u0101\u0161anu. Tikai augstas akt\u012bvo komponentu koncentr\u0101cijas, sp\u0113c\u012bgi antioksidanti un efekt\u012bvas pieg\u0101des sist\u0113mas var uztur\u0113t \u0101das \u0161\u016bnu aktivit\u0101ti pien\u0101c\u012bg\u0101 l\u012bmen\u012b un t\u0101d\u0113j\u0101di saglab\u0101t vesel\u012bbu un skaistumu. Savos produktos es izmantoju visu ZO\u00ae Skin Health, inc. rad\u012bt\u0101 retinola sp\u0113ku.&#8221;<\/em><\/div><\/div>\t\t\t\t\t\t\t\t<\/div>\n\t\t\t\t<div class=\"elementor-element elementor-element-f9a6f37 elementor-widget elementor-widget-text-editor\" data-id=\"f9a6f37\" data-element_type=\"widget\" data-e-type=\"widget\" data-widget_type=\"text-editor.default\">\n\t\t\t\t\t\t\t\t\t<p><em>&#8220;Atcerieties \u013coti svar\u012bgu v\u0101rdu \u2013 \u00abstabiliz\u0101cija\u00bb,&#8221; aicina Zeins Obad\u017ei. <\/em><br \/><em>Pateicoties stabiliz\u0101cijas koncepcijai, m\u016bsu ikdienas kop\u0161anas l\u012bdzek\u013ci ir piem\u0113roti jebkura vecuma, jebkura \u0101das tipa cilv\u0113kiem \u2013 gan v\u012brie\u0161iem, gan sieviet\u0113m. Ja \u0101da ir taukaina vai sausa \u2013 m\u0113s padar\u012bsim to norm\u0101lu, ja jut\u012bga \u2013 nov\u0113rs\u012bsim jut\u012bgumu. Turkl\u0101t katrs, kur\u0161 non\u0101k \u0161aj\u0101 vesel\u012bgas \u0101das lok\u0101, var taj\u0101 palikt uz visiem laikiem.&#8221;<\/em><\/p><p><em>(dermatologs un zin\u0101tnieks, medic\u012bnas doktors Zeins Obad\u017ei)<\/em><\/p>\t\t\t\t\t\t\t\t<\/div>\n\t\t\t\t\t<\/div>\n\t\t<\/div>\n\t\t\t\t\t<\/div>\n\t\t<\/section>\n\t\t\t\t<section class=\"elementor-section elementor-top-section elementor-element elementor-element-9c5b231 elementor-section-boxed elementor-section-height-default elementor-section-height-default\" data-id=\"9c5b231\" data-element_type=\"section\" data-e-type=\"section\">\n\t\t\t\t\t\t<div class=\"elementor-container elementor-column-gap-default\">\n\t\t\t\t\t<div class=\"elementor-column elementor-col-100 elementor-top-column elementor-element elementor-element-b04edfb\" data-id=\"b04edfb\" data-element_type=\"column\" data-e-type=\"column\">\n\t\t\t<div class=\"elementor-widget-wrap elementor-element-populated\">\n\t\t\t\t\t\t<div class=\"elementor-element elementor-element-82b50c0 elementor-widget elementor-widget-text-editor\" data-id=\"82b50c0\" data-element_type=\"widget\" data-e-type=\"widget\" data-widget_type=\"text-editor.default\">\n\t\t\t\t\t\t\t\t\t<p>Vi\u0146a \u0101das kop\u0161anas sist\u0113m\u0101 \u0161is j\u0113dziens patie\u0161\u0101m sp\u0113l\u0113 galveno lomu un ir pretrun\u0101 ar to, ko ierasts d\u0113v\u0113t par korekciju. Korekcijas gad\u012bjum\u0101 \u0101dai tiek uzspiesta m\u0101ksl\u012bga regul\u0101cija &#8220;dopinga&#8221; veid\u0101 ar akt\u012bvaj\u0101m viel\u0101m.<\/p><p>Stabiliz\u0101cijas uzdevums ir pan\u0101kt, lai \u0101da atkal sp\u0113tu pati sevi atjaunot, aizsarg\u0101t un mitrin\u0101t. B\u016bt\u012bb\u0101 tikai tas \u013cauj ne vien nov\u0113rst noveco\u0161anos, bet ar\u012b tikt gal\u0101 ar t\u0101s visspilgt\u0101kaj\u0101m izpausm\u0113m: elast\u012bbas zudumu, grumbi\u0146\u0101m un pigment\u0101cijas plankumiem.<\/p><p>Zeins Obad\u017ei liek vienl\u012bdz\u012bbas z\u012bmi starp vesel\u012bbu un jaun\u012bbu. Veselai \u0101dai j\u0101b\u016bt gludai, stingrai, elast\u012bgai (bez nosl\u012bd\u0113\u0161anas), mitrin\u0101tai, ar vienm\u0113r\u012bgu toni, tai nevajadz\u0113tu s\u0101p\u0113t vai ciest no paaugstin\u0101tas jut\u012bbas. To visu var garant\u0113t, ja \u0161\u016bnas darbojas pareizi.<\/p>\t\t\t\t\t\t\t\t<\/div>\n\t\t\t\t\t<\/div>\n\t\t<\/div>\n\t\t\t\t\t<\/div>\n\t\t<\/section>\n\t\t\t\t<section class=\"elementor-section elementor-top-section elementor-element elementor-element-bc878b6 elementor-section-boxed elementor-section-height-default elementor-section-height-default\" data-id=\"bc878b6\" data-element_type=\"section\" data-e-type=\"section\">\n\t\t\t\t\t\t<div class=\"elementor-container elementor-column-gap-default\">\n\t\t\t\t\t<div class=\"elementor-column elementor-col-100 elementor-top-column elementor-element elementor-element-f4de6c6\" data-id=\"f4de6c6\" data-element_type=\"column\" data-e-type=\"column\">\n\t\t\t<div class=\"elementor-widget-wrap elementor-element-populated\">\n\t\t\t\t\t\t<div class=\"elementor-element elementor-element-5a14aee elementor-mobile-align-center elementor-align-center elementor-widget elementor-widget-button\" data-id=\"5a14aee\" data-element_type=\"widget\" data-e-type=\"widget\" data-widget_type=\"button.default\">\n\t\t\t\t\t\t\t\t\t\t<a class=\"elementor-button elementor-button-link elementor-size-sm\" href=\"https:\/\/skinstudio.ee\/lv\/pood\/\">\n\t\t\t\t\t\t<span class=\"elementor-button-content-wrapper\">\n\t\t\t\t\t\t\t\t\t<span class=\"elementor-button-text\">UZ VEIKALU!<\/span>\n\t\t\t\t\t<\/span>\n\t\t\t\t\t<\/a>\n\t\t\t\t\t\t\t\t<\/div>\n\t\t\t\t\t<\/div>\n\t\t<\/div>\n\t\t\t\t\t<\/div>\n\t\t<\/section>\n\t\t\t\t<\/div>\n\t\t","protected":false},"excerpt":{"rendered":"<p>ZO\u00ae Skin He\u0430lth ZO\u00ae Skin Health pied\u0101v\u0101 jaunu pieeju \u0101das kop\u0161an\u0101, kur galvenais uzsvars tiek likts uz \u0101das dabisk\u0101 potenci\u0101la atjauno\u0161anu, barjerfunkcijas uzlabo\u0161anu, imunit\u0101tes stiprin\u0101\u0161anu un jut\u012bguma mazin\u0101\u0161anu. \u0160ie principi k\u013cuva par pamatu terapeitisko l\u012bdzek\u013cu izstr\u0101dei. Visi ZO\u00ae Skin Health l\u012bdzek\u013ci pal\u012bdz \u0101das \u0161\u016bn\u0101m pa\u0161\u0101m ra\u017eot kolag\u0113nu, elast\u012bnu, hialuronsk\u0101bi un citas &#8220;jaun\u012bbas vielas&#8221;, nevis pieg\u0101d\u0101 t\u0101s no \u0101rpuses, atst\u0101jot tikai uz virsmas. T\u0101 rezult\u0101t\u0101 \u0101dai tiek atjaunota sp\u0113ja pa\u0161ai sevi atjaunot, aizsarg\u0101t un mitrin\u0101t. Vesel\u012bga un stipra \u0101da pati aptur noveco\u0161an\u0101s procesus, saglab\u0101jot jaun\u012bbu un skaistumu. Ta\u010du, lai &#8220;pamodin\u0101tu&#8221; \u0101du, l\u012bdzek\u013ciem j\u0101darbojas \u0161\u016bnu iek\u0161ien\u0113, nevis \u0101rpus\u0113. &#8220;Es neatz\u012bstu kompromisus un pusso\u013cus, kad runa ir par \u0101das jaun\u012bbas, skaistuma un vesel\u012bbas saglab\u0101\u0161anu. Tikai augstas akt\u012bvo komponentu koncentr\u0101cijas, sp\u0113c\u012bgi antioksidanti un efekt\u012bvas pieg\u0101des sist\u0113mas var uztur\u0113t \u0101das \u0161\u016bnu aktivit\u0101ti pien\u0101c\u012bg\u0101 l\u012bmen\u012b un t\u0101d\u0113j\u0101di saglab\u0101t vesel\u012bbu un skaistumu. Savos produktos es izmantoju visu ZO\u00ae Skin Health, inc. rad\u012bt\u0101 retinola sp\u0113ku.&#8221; &#8220;Atcerieties \u013coti svar\u012bgu v\u0101rdu \u2013 \u00abstabiliz\u0101cija\u00bb,&#8221; aicina Zeins Obad\u017ei. Pateicoties stabiliz\u0101cijas koncepcijai, m\u016bsu ikdienas kop\u0161anas l\u012bdzek\u013ci ir piem\u0113roti jebkura vecuma, jebkura \u0101das tipa cilv\u0113kiem \u2013 gan v\u012brie\u0161iem, gan sieviet\u0113m. Ja \u0101da ir taukaina vai sausa \u2013 m\u0113s padar\u012bsim to norm\u0101lu, ja jut\u012bga \u2013 nov\u0113rs\u012bsim jut\u012bgumu. Turkl\u0101t katrs, kur\u0161 non\u0101k \u0161aj\u0101 vesel\u012bgas \u0101das lok\u0101, var taj\u0101 palikt uz visiem laikiem.&#8221; (dermatologs un zin\u0101tnieks, medic\u012bnas doktors Zeins Obad\u017ei) Vi\u0146a \u0101das kop\u0161anas sist\u0113m\u0101 \u0161is j\u0113dziens patie\u0161\u0101m sp\u0113l\u0113 galveno lomu un ir pretrun\u0101 ar to, ko ierasts d\u0113v\u0113t par korekciju. Korekcijas gad\u012bjum\u0101 \u0101dai tiek uzspiesta m\u0101ksl\u012bga regul\u0101cija &#8220;dopinga&#8221; veid\u0101 ar akt\u012bvaj\u0101m viel\u0101m. Stabiliz\u0101cijas uzdevums ir pan\u0101kt, lai \u0101da atkal sp\u0113tu pati sevi atjaunot, aizsarg\u0101t un mitrin\u0101t. B\u016bt\u012bb\u0101 tikai tas \u013cauj ne vien nov\u0113rst noveco\u0161anos, bet ar\u012b tikt gal\u0101 ar t\u0101s visspilgt\u0101kaj\u0101m izpausm\u0113m: elast\u012bbas zudumu, grumbi\u0146\u0101m un pigment\u0101cijas plankumiem. Zeins Obad\u017ei liek vienl\u012bdz\u012bbas z\u012bmi starp vesel\u012bbu un jaun\u012bbu. Veselai \u0101dai j\u0101b\u016bt gludai, stingrai, elast\u012bgai (bez nosl\u012bd\u0113\u0161anas), mitrin\u0101tai, ar vienm\u0113r\u012bgu toni, tai nevajadz\u0113tu s\u0101p\u0113t vai ciest no paaugstin\u0101tas jut\u012bbas. To visu var garant\u0113t, ja \u0161\u016bnas darbojas pareizi. UZ VEIKALU!<\/p>\n","protected":false},"author":1,"featured_media":0,"parent":0,"menu_order":0,"comment_status":"closed","ping_status":"closed","template":"elementor_header_footer","meta":{"footnotes":""},"class_list":["post-24977","page","type-page","status-publish","hentry"],"acf":[],"_links":{"self":[{"href":"https:\/\/skinstudio.ee\/lv\/wp-json\/wp\/v2\/pages\/24977","targetHints":{"allow":["GET"]}}],"collection":[{"href":"https:\/\/skinstudio.ee\/lv\/wp-json\/wp\/v2\/pages"}],"about":[{"href":"https:\/\/skinstudio.ee\/lv\/wp-json\/wp\/v2\/types\/page"}],"author":[{"embeddable":true,"href":"https:\/\/skinstudio.ee\/lv\/wp-json\/wp\/v2\/users\/1"}],"replies":[{"embeddable":true,"href":"https:\/\/skinstudio.ee\/lv\/wp-json\/wp\/v2\/comments?post=24977"}],"version-history":[{"count":0,"href":"https:\/\/skinstudio.ee\/lv\/wp-json\/wp\/v2\/pages\/24977\/revisions"}],"wp:attachment":[{"href":"https:\/\/skinstudio.ee\/lv\/wp-json\/wp\/v2\/media?parent=24977"}],"curies":[{"name":"wp","href":"https:\/\/api.w.org\/{rel}","templated":true}]}}