{"id":24987,"date":"2023-05-24T18:12:39","date_gmt":"2023-05-24T18:12:39","guid":{"rendered":"https:\/\/skinstudio.ee\/filosofija-medik8\/"},"modified":"2024-12-18T21:12:03","modified_gmt":"2024-12-18T21:12:03","slug":"filosofija-medik8","status":"publish","type":"page","link":"https:\/\/skinstudio.ee\/lv\/filosofija-medik8\/","title":{"rendered":"Medik8 filozofija"},"content":{"rendered":"\t\t<div data-elementor-type=\"wp-page\" data-elementor-id=\"24987\" class=\"elementor elementor-24987 elementor-2059\" data-elementor-post-type=\"page\">\n\t\t\t\t\t\t<section class=\"elementor-section elementor-top-section elementor-element elementor-element-2dc9ebe elementor-section-height-min-height elementor-section-boxed elementor-section-height-default elementor-section-items-middle\" data-id=\"2dc9ebe\" data-element_type=\"section\" data-e-type=\"section\" data-settings=\"{&quot;background_background&quot;:&quot;classic&quot;}\">\n\t\t\t\t\t\t<div class=\"elementor-container elementor-column-gap-default\">\n\t\t\t\t\t<div class=\"elementor-column elementor-col-50 elementor-top-column elementor-element elementor-element-7a942d9\" data-id=\"7a942d9\" data-element_type=\"column\" data-e-type=\"column\">\n\t\t\t<div class=\"elementor-widget-wrap elementor-element-populated\">\n\t\t\t\t\t\t<div class=\"elementor-element elementor-element-7845702 elementor-widget elementor-widget-image\" data-id=\"7845702\" data-element_type=\"widget\" data-e-type=\"widget\" data-widget_type=\"image.default\">\n\t\t\t\t\t\t\t\t\t\t\t\t\t\t\t<img fetchpriority=\"high\" decoding=\"async\" width=\"453\" height=\"186\" src=\"https:\/\/skinstudio.ee\/wp-content\/uploads\/2024\/01\/Medik8-Logo_White.png\" class=\"attachment-full size-full wp-image-24995\" alt=\"\" srcset=\"https:\/\/skinstudio.ee\/wp-content\/uploads\/2024\/01\/Medik8-Logo_White.png 453w, https:\/\/skinstudio.ee\/wp-content\/uploads\/2024\/01\/Medik8-Logo_White-300x123.png 300w, https:\/\/skinstudio.ee\/wp-content\/uploads\/2024\/01\/Medik8-Logo_White-64x26.png 64w\" sizes=\"(max-width: 453px) 100vw, 453px\" \/>\t\t\t\t\t\t\t\t\t\t\t\t\t\t\t<\/div>\n\t\t\t\t<div class=\"elementor-element elementor-element-bb3eecd elementor-widget elementor-widget-text-editor\" data-id=\"bb3eecd\" data-element_type=\"widget\" data-e-type=\"widget\" data-widget_type=\"text-editor.default\">\n\t\t\t\t\t\t\t\t\t<p>M\u016bsu galvenais m\u0113r\u0137is ir pal\u012bdz\u0113t cilv\u0113kiem saglab\u0101t \u0101du vesel\u012bgu un skaistu visas dz\u012bves garum\u0101. Ko dar\u012bt, lai to pan\u0101ktu? Viss ir vienk\u0101r\u0161i: sekojiet m\u016bsu unik\u0101lajai CSA filozofijai. CSA filozofija ir p\u0101rsteidzo\u0161i vienk\u0101r\u0161a, ta\u010du balst\u012bta uz zin\u0101tnisku pieeju \u2014 un t\u0101 patie\u0161\u0101m darbojas.<\/p><p>Vienk\u0101r\u0161i lietojiet C vitam\u012bnu un saules aizsargkr\u0113mu dienas laik\u0101 un A vitam\u012bnu vakar\u0101. Kl\u012bniski pier\u0101d\u012bts, ka \u0161\u012b vienk\u0101r\u0161\u0101 strat\u0113\u0123ija sniedz rezult\u0101tus, ko varat redz\u0113t un sajust.<\/p>\t\t\t\t\t\t\t\t<\/div>\n\t\t\t\t\t<\/div>\n\t\t<\/div>\n\t\t\t\t<div class=\"elementor-column elementor-col-50 elementor-top-column elementor-element elementor-element-e84a9ff elementor-hidden-mobile\" data-id=\"e84a9ff\" data-element_type=\"column\" data-e-type=\"column\">\n\t\t\t<div class=\"elementor-widget-wrap\">\n\t\t\t\t\t\t\t<\/div>\n\t\t<\/div>\n\t\t\t\t\t<\/div>\n\t\t<\/section>\n\t\t\t\t<section class=\"elementor-section elementor-top-section elementor-element elementor-element-7198696 elementor-section-boxed elementor-section-height-default elementor-section-height-default\" data-id=\"7198696\" data-element_type=\"section\" data-e-type=\"section\">\n\t\t\t\t\t\t<div class=\"elementor-container elementor-column-gap-default\">\n\t\t\t\t\t<div class=\"elementor-column elementor-col-50 elementor-top-column elementor-element elementor-element-608cba5\" data-id=\"608cba5\" data-element_type=\"column\" data-e-type=\"column\">\n\t\t\t<div class=\"elementor-widget-wrap elementor-element-populated\">\n\t\t\t\t\t\t<div class=\"elementor-element elementor-element-a740ba6 elementor-widget elementor-widget-text-editor\" data-id=\"a740ba6\" data-element_type=\"widget\" data-e-type=\"widget\" data-widget_type=\"text-editor.default\">\n\t\t\t\t\t\t\t\t\tM\u016bsu misija ir atbr\u012bvoties no m\u012btiem par noveco\u0161an\u0101s \u0101das kop\u0161anu. T\u0101p\u0113c m\u0113s tiecamies turpin\u0101t pilnveidot \u0161o vienk\u0101r\u0161o filozofiju, izstr\u0101d\u0101jot aizvien piln\u012bg\u0101kas CSA formulas.  \n\nGalvenais m\u0113r\u0137is ir pal\u012bdz\u0113t jums ikdienas \u0101das kop\u0161an\u0101, izmantojot vienk\u0101r\u0161us un saprotamus ekspertu ieteikumus.  \n<h6> C vitam\u012bns + Saules aizsargkr\u0113ms dien\u0101, A vitam\u012bns nakt\u012b <\/h6>  \nJa j\u016bs r\u016bp\u0113jaties par savu \u0101du un sekojat m\u016bsu vienk\u0101r\u0161ajam padomam, m\u0113s ticam, ka izskat\u012bsieties k\u0101 40 gadus vecs, kad jums b\u016bs 50 gadi.  \n\n<h2>C VITAM\u012aNS<\/h2>  \nStabiliz\u0113ts C vitam\u012bns ar pareizu formulu ir sp\u0113c\u012bgs antioksidants, k\u0101 ar\u012b stimul\u0113 kolag\u0113na ra\u017eo\u0161anu un blo\u0137\u0113 pigmentu veido\u0161anos, nodro\u0161inot glud\u0101ku un mirdzo\u0161\u0101ku \u0101du. Uzkl\u0101jiet C vitam\u012bnu no r\u012bta, lai pasarg\u0101tu \u0101du no ikdienas vides faktoriem, kas var izrais\u012bt noveco\u0161anu.\t\t\t\t\t\t\t\t<\/div>\n\t\t\t\t<div class=\"elementor-element elementor-element-9f1086f elementor-widget elementor-widget-text-editor\" data-id=\"9f1086f\" data-element_type=\"widget\" data-e-type=\"widget\" data-widget_type=\"text-editor.default\">\n\t\t\t\t\t\t\t\t\t<h2>SAULES AIZSARG\u0100JUMS<\/h2>  \nP\u0113d\u0113jie p\u0113t\u012bjumi liecina, ka 80% \u0101das noveco\u0161an\u0101s iemeslu ir saist\u012bti ar saules starojumu. Diem\u017e\u0113l \u0101das boj\u0101jumi, ko izraisa saule, notiek ne tikai saulain\u0101s dien\u0101s. Pat \u0113n\u0101 saules stari var ietekm\u0113t j\u016bsu \u0101du.  \n\nPat pel\u0113k\u0101 dien\u0101 j\u016bs sa\u0146emsiet apm\u0113ram 50% UV starojuma. T\u0101p\u0113c ir \u013coti svar\u012bgi katru dienu uzkl\u0101t saules aizsargkr\u0113mu, lai saglab\u0101tu \u0101das jaun\u012bbu. Medik8 pied\u0101v\u0101 virkni vieglu, bet efekt\u012bvu saules aizsargkr\u0113mu, kas aizsarg\u0101 un baro \u0101du.  \n\nNeuztraucieties, augst\u0101s tehnolo\u0123ijas saules aizsargkr\u0113mi Medik8 neatst\u0101j lip\u012bgu vai taukainu saj\u016btu uz \u0101das, k\u0101 to dara l\u012bdzek\u013ci, pie kuriem esat pieradu\u0161i pludmal\u0113. Visticam\u0101k, j\u016bs pat nejut\u012bsiet, ka j\u016bsu grezns dienas kr\u0113ms ir ar\u012b saules aizsargkr\u0113ms.\t\t\t\t\t\t\t\t<\/div>\n\t\t\t\t<div class=\"elementor-element elementor-element-27c3372 elementor-absolute elementor-widget elementor-widget-heading\" data-id=\"27c3372\" data-element_type=\"widget\" data-e-type=\"widget\" data-settings=\"{&quot;_position&quot;:&quot;absolute&quot;}\" data-widget_type=\"heading.default\">\n\t\t\t\t\t<h1 class=\"elementor-heading-title elementor-size-default\">Medik8<\/h1>\t\t\t\t<\/div>\n\t\t\t\t\t<\/div>\n\t\t<\/div>\n\t\t\t\t<div class=\"elementor-column elementor-col-50 elementor-top-column elementor-element elementor-element-40f47ab\" data-id=\"40f47ab\" data-element_type=\"column\" data-e-type=\"column\">\n\t\t\t<div class=\"elementor-widget-wrap elementor-element-populated\">\n\t\t\t\t\t\t<div class=\"elementor-element elementor-element-eac3b27 elementor-hidden-mobile elementor-widget elementor-widget-image\" data-id=\"eac3b27\" data-element_type=\"widget\" data-e-type=\"widget\" data-widget_type=\"image.default\">\n\t\t\t\t\t\t\t\t\t\t\t\t\t\t\t<img decoding=\"async\" width=\"854\" height=\"1280\" src=\"https:\/\/skinstudio.ee\/wp-content\/uploads\/2024\/01\/Copy-of-20221013-CR20-Hero-Crystal-Single-Product-CR20-ROW-For-Web-scaled-1.jpeg\" class=\"attachment-full size-full wp-image-24998\" alt=\"\" srcset=\"https:\/\/skinstudio.ee\/wp-content\/uploads\/2024\/01\/Copy-of-20221013-CR20-Hero-Crystal-Single-Product-CR20-ROW-For-Web-scaled-1.jpeg 854w, https:\/\/skinstudio.ee\/wp-content\/uploads\/2024\/01\/Copy-of-20221013-CR20-Hero-Crystal-Single-Product-CR20-ROW-For-Web-scaled-1-200x300.jpeg 200w, https:\/\/skinstudio.ee\/wp-content\/uploads\/2024\/01\/Copy-of-20221013-CR20-Hero-Crystal-Single-Product-CR20-ROW-For-Web-scaled-1-683x1024.jpeg 683w, https:\/\/skinstudio.ee\/wp-content\/uploads\/2024\/01\/Copy-of-20221013-CR20-Hero-Crystal-Single-Product-CR20-ROW-For-Web-scaled-1-768x1151.jpeg 768w, https:\/\/skinstudio.ee\/wp-content\/uploads\/2024\/01\/Copy-of-20221013-CR20-Hero-Crystal-Single-Product-CR20-ROW-For-Web-scaled-1-600x899.jpeg 600w, https:\/\/skinstudio.ee\/wp-content\/uploads\/2024\/01\/Copy-of-20221013-CR20-Hero-Crystal-Single-Product-CR20-ROW-For-Web-scaled-1-64x96.jpeg 64w\" sizes=\"(max-width: 854px) 100vw, 854px\" \/>\t\t\t\t\t\t\t\t\t\t\t\t\t\t\t<\/div>\n\t\t\t\t\t<\/div>\n\t\t<\/div>\n\t\t\t\t\t<\/div>\n\t\t<\/section>\n\t\t\t\t<section class=\"elementor-section elementor-top-section elementor-element elementor-element-38cc094 elementor-section-boxed elementor-section-height-default elementor-section-height-default\" data-id=\"38cc094\" data-element_type=\"section\" data-e-type=\"section\">\n\t\t\t\t\t\t<div class=\"elementor-container elementor-column-gap-default\">\n\t\t\t\t\t<div class=\"elementor-column elementor-col-50 elementor-top-column elementor-element elementor-element-37d68da\" data-id=\"37d68da\" data-element_type=\"column\" data-e-type=\"column\">\n\t\t\t<div class=\"elementor-widget-wrap elementor-element-populated\">\n\t\t\t\t\t\t<div class=\"elementor-element elementor-element-639edc3 elementor-widget elementor-widget-image\" data-id=\"639edc3\" data-element_type=\"widget\" data-e-type=\"widget\" data-widget_type=\"image.default\">\n\t\t\t\t\t\t\t\t\t\t\t\t\t\t\t<img decoding=\"async\" width=\"1920\" height=\"1920\" src=\"https:\/\/skinstudio.ee\/wp-content\/uploads\/2023\/12\/CRYSTAL-RETINAL-all.png\" class=\"attachment-full size-full wp-image-24993\" alt=\"\" srcset=\"https:\/\/skinstudio.ee\/wp-content\/uploads\/2023\/12\/CRYSTAL-RETINAL-all.png 1920w, https:\/\/skinstudio.ee\/wp-content\/uploads\/2023\/12\/CRYSTAL-RETINAL-all-300x300.png 300w, https:\/\/skinstudio.ee\/wp-content\/uploads\/2023\/12\/CRYSTAL-RETINAL-all-1024x1024.png 1024w, https:\/\/skinstudio.ee\/wp-content\/uploads\/2023\/12\/CRYSTAL-RETINAL-all-150x150.png 150w, https:\/\/skinstudio.ee\/wp-content\/uploads\/2023\/12\/CRYSTAL-RETINAL-all-768x768.png 768w, https:\/\/skinstudio.ee\/wp-content\/uploads\/2023\/12\/CRYSTAL-RETINAL-all-1536x1536.png 1536w, https:\/\/skinstudio.ee\/wp-content\/uploads\/2023\/12\/CRYSTAL-RETINAL-all-600x600.png 600w, https:\/\/skinstudio.ee\/wp-content\/uploads\/2023\/12\/CRYSTAL-RETINAL-all-100x100.png 100w, https:\/\/skinstudio.ee\/wp-content\/uploads\/2023\/12\/CRYSTAL-RETINAL-all-50x50.png 50w, https:\/\/skinstudio.ee\/wp-content\/uploads\/2023\/12\/CRYSTAL-RETINAL-all-64x64.png 64w\" sizes=\"(max-width: 1920px) 100vw, 1920px\" \/>\t\t\t\t\t\t\t\t\t\t\t\t\t\t\t<\/div>\n\t\t\t\t\t<\/div>\n\t\t<\/div>\n\t\t\t\t<div class=\"elementor-column elementor-col-50 elementor-top-column elementor-element elementor-element-dc10840\" data-id=\"dc10840\" data-element_type=\"column\" data-e-type=\"column\">\n\t\t\t<div class=\"elementor-widget-wrap elementor-element-populated\">\n\t\t\t\t\t\t<div class=\"elementor-element elementor-element-f205302 elementor-widget elementor-widget-text-editor\" data-id=\"f205302\" data-element_type=\"widget\" data-e-type=\"widget\" data-widget_type=\"text-editor.default\">\n\t\t\t\t\t\t\t\t\t<h2>VITAM\u012aNS A<\/h2>  \nMedik8 komanda, atz\u012bts eksperts A vitam\u012bn\u0101 (t\u0101 ar\u012b retinols), ir izstr\u0101d\u0101jusi pla\u0161u nakts kr\u0113mu un serumu kl\u0101stu \u0101das atjauno\u0161anai miega laik\u0101. A vitam\u012bns ir visnoz\u012bm\u012bg\u0101kais sast\u0101vda\u013ca c\u012b\u0146\u0101 pret \u0101das noveco\u0161anos. Tam ir daudzas priek\u0161roc\u012bbas \u0101das vesel\u012bbai, tostarp pa\u0101trin\u0101ta \u0161\u016bnu atjauno\u0161an\u0101s un sebuma ra\u017eo\u0161anas samazin\u0101\u0161ana. \u013boti svar\u012bgi, lai A vitam\u012bns b\u016btu stabiliz\u0113ts un tam b\u016btu noteikts kontrol\u0113ts izdal\u012b\u0161an\u0101s process, jo tas nodro\u0161ina maksim\u0101lu efektivit\u0101ti un minim\u0101lu kairin\u0101jumu. Atjaunojo\u0161ai \u0101das kop\u0161anai nav j\u0101b\u016bt sare\u017e\u0123\u012btai. Sekojot m\u016bsu vienk\u0101r\u0161ajai CSA filozofijai, j\u016bs var\u0113siet uzlabot \u0101das toni un tekst\u016bru, saglab\u0101jot t\u0101s vesel\u012bbu un jaun\u012bbu.\t\t\t\t\t\t\t\t<\/div>\n\t\t\t\t<div class=\"elementor-element elementor-element-07f6902 elementor-absolute elementor-widget elementor-widget-heading\" data-id=\"07f6902\" data-element_type=\"widget\" data-e-type=\"widget\" data-settings=\"{&quot;_position&quot;:&quot;absolute&quot;}\" data-widget_type=\"heading.default\">\n\t\t\t\t\t<h1 class=\"elementor-heading-title elementor-size-default\">Medik8<\/h1>\t\t\t\t<\/div>\n\t\t\t\t\t<\/div>\n\t\t<\/div>\n\t\t\t\t\t<\/div>\n\t\t<\/section>\n\t\t\t\t<section class=\"elementor-section elementor-top-section elementor-element elementor-element-bc878b6 elementor-section-boxed elementor-section-height-default elementor-section-height-default\" data-id=\"bc878b6\" data-element_type=\"section\" data-e-type=\"section\">\n\t\t\t\t\t\t<div class=\"elementor-container elementor-column-gap-default\">\n\t\t\t\t\t<div class=\"elementor-column elementor-col-100 elementor-top-column elementor-element elementor-element-f4de6c6\" data-id=\"f4de6c6\" data-element_type=\"column\" data-e-type=\"column\">\n\t\t\t<div class=\"elementor-widget-wrap elementor-element-populated\">\n\t\t\t\t\t\t<div class=\"elementor-element elementor-element-5a14aee elementor-mobile-align-center elementor-align-center elementor-widget elementor-widget-button\" data-id=\"5a14aee\" data-element_type=\"widget\" data-e-type=\"widget\" data-widget_type=\"button.default\">\n\t\t\t\t\t\t\t\t\t\t<a class=\"elementor-button elementor-button-link elementor-size-sm\" href=\"https:\/\/skinstudio.ee\/lv\/pood\/\">\n\t\t\t\t\t\t<span class=\"elementor-button-content-wrapper\">\n\t\t\t\t\t\t\t\t\t<span class=\"elementor-button-text\">UZ VEIKALU!<\/span>\n\t\t\t\t\t<\/span>\n\t\t\t\t\t<\/a>\n\t\t\t\t\t\t\t\t<\/div>\n\t\t\t\t\t<\/div>\n\t\t<\/div>\n\t\t\t\t\t<\/div>\n\t\t<\/section>\n\t\t\t\t<\/div>\n\t\t","protected":false},"excerpt":{"rendered":"<p>M\u016bsu galvenais m\u0113r\u0137is ir pal\u012bdz\u0113t cilv\u0113kiem saglab\u0101t \u0101du vesel\u012bgu un skaistu visas dz\u012bves garum\u0101. Ko dar\u012bt, lai to pan\u0101ktu? Viss ir vienk\u0101r\u0161i: sekojiet m\u016bsu unik\u0101lajai CSA filozofijai. CSA filozofija ir p\u0101rsteidzo\u0161i vienk\u0101r\u0161a, ta\u010du balst\u012bta uz zin\u0101tnisku pieeju \u2014 un t\u0101 patie\u0161\u0101m darbojas. Vienk\u0101r\u0161i lietojiet C vitam\u012bnu un saules aizsargkr\u0113mu dienas laik\u0101 un A vitam\u012bnu vakar\u0101. Kl\u012bniski pier\u0101d\u012bts, ka \u0161\u012b vienk\u0101r\u0161\u0101 strat\u0113\u0123ija sniedz rezult\u0101tus, ko varat redz\u0113t un sajust. M\u016bsu misija ir atbr\u012bvoties no m\u012btiem par noveco\u0161an\u0101s \u0101das kop\u0161anu. T\u0101p\u0113c m\u0113s tiecamies turpin\u0101t pilnveidot \u0161o vienk\u0101r\u0161o filozofiju, izstr\u0101d\u0101jot aizvien piln\u012bg\u0101kas CSA formulas. Galvenais m\u0113r\u0137is ir pal\u012bdz\u0113t jums ikdienas \u0101das kop\u0161an\u0101, izmantojot vienk\u0101r\u0161us un saprotamus ekspertu ieteikumus. C vitam\u012bns + Saules aizsargkr\u0113ms dien\u0101, A vitam\u012bns nakt\u012b Ja j\u016bs r\u016bp\u0113jaties par savu \u0101du un sekojat m\u016bsu vienk\u0101r\u0161ajam padomam, m\u0113s ticam, ka izskat\u012bsieties k\u0101 40 gadus vecs, kad jums b\u016bs 50 gadi. C VITAM\u012aNS Stabiliz\u0113ts C vitam\u012bns ar pareizu formulu ir sp\u0113c\u012bgs antioksidants, k\u0101 ar\u012b stimul\u0113 kolag\u0113na ra\u017eo\u0161anu un blo\u0137\u0113 pigmentu veido\u0161anos, nodro\u0161inot glud\u0101ku un mirdzo\u0161\u0101ku \u0101du. Uzkl\u0101jiet C vitam\u012bnu no r\u012bta, lai pasarg\u0101tu \u0101du no ikdienas vides faktoriem, kas var izrais\u012bt noveco\u0161anu. SAULES AIZSARG\u0100JUMS P\u0113d\u0113jie p\u0113t\u012bjumi liecina, ka 80% \u0101das noveco\u0161an\u0101s iemeslu ir saist\u012bti ar saules starojumu. Diem\u017e\u0113l \u0101das boj\u0101jumi, ko izraisa saule, notiek ne tikai saulain\u0101s dien\u0101s. Pat \u0113n\u0101 saules stari var ietekm\u0113t j\u016bsu \u0101du. Pat pel\u0113k\u0101 dien\u0101 j\u016bs sa\u0146emsiet apm\u0113ram 50% UV starojuma. T\u0101p\u0113c ir \u013coti svar\u012bgi katru dienu uzkl\u0101t saules aizsargkr\u0113mu, lai saglab\u0101tu \u0101das jaun\u012bbu. Medik8 pied\u0101v\u0101 virkni vieglu, bet efekt\u012bvu saules aizsargkr\u0113mu, kas aizsarg\u0101 un baro \u0101du. Neuztraucieties, augst\u0101s tehnolo\u0123ijas saules aizsargkr\u0113mi Medik8 neatst\u0101j lip\u012bgu vai taukainu saj\u016btu uz \u0101das, k\u0101 to dara l\u012bdzek\u013ci, pie kuriem esat pieradu\u0161i pludmal\u0113. Visticam\u0101k, j\u016bs pat nejut\u012bsiet, ka j\u016bsu grezns dienas kr\u0113ms ir ar\u012b saules aizsargkr\u0113ms. Medik8 VITAM\u012aNS A Medik8 komanda, atz\u012bts eksperts A vitam\u012bn\u0101 (t\u0101 ar\u012b retinols), ir izstr\u0101d\u0101jusi pla\u0161u nakts kr\u0113mu un serumu kl\u0101stu \u0101das atjauno\u0161anai miega laik\u0101. A vitam\u012bns ir visnoz\u012bm\u012bg\u0101kais sast\u0101vda\u013ca c\u012b\u0146\u0101 pret \u0101das noveco\u0161anos. Tam ir daudzas priek\u0161roc\u012bbas \u0101das vesel\u012bbai, tostarp pa\u0101trin\u0101ta \u0161\u016bnu atjauno\u0161an\u0101s un sebuma ra\u017eo\u0161anas samazin\u0101\u0161ana. \u013boti svar\u012bgi, lai A vitam\u012bns b\u016btu stabiliz\u0113ts un tam b\u016btu noteikts kontrol\u0113ts izdal\u012b\u0161an\u0101s process, jo tas nodro\u0161ina maksim\u0101lu efektivit\u0101ti un minim\u0101lu kairin\u0101jumu. Atjaunojo\u0161ai \u0101das kop\u0161anai nav j\u0101b\u016bt sare\u017e\u0123\u012btai. Sekojot m\u016bsu vienk\u0101r\u0161ajai CSA filozofijai, j\u016bs var\u0113siet uzlabot \u0101das toni un tekst\u016bru, saglab\u0101jot t\u0101s vesel\u012bbu un jaun\u012bbu. Medik8 UZ VEIKALU!<\/p>\n","protected":false},"author":1,"featured_media":0,"parent":0,"menu_order":0,"comment_status":"closed","ping_status":"closed","template":"elementor_header_footer","meta":{"footnotes":""},"class_list":["post-24987","page","type-page","status-publish","hentry"],"acf":[],"_links":{"self":[{"href":"https:\/\/skinstudio.ee\/lv\/wp-json\/wp\/v2\/pages\/24987","targetHints":{"allow":["GET"]}}],"collection":[{"href":"https:\/\/skinstudio.ee\/lv\/wp-json\/wp\/v2\/pages"}],"about":[{"href":"https:\/\/skinstudio.ee\/lv\/wp-json\/wp\/v2\/types\/page"}],"author":[{"embeddable":true,"href":"https:\/\/skinstudio.ee\/lv\/wp-json\/wp\/v2\/users\/1"}],"replies":[{"embeddable":true,"href":"https:\/\/skinstudio.ee\/lv\/wp-json\/wp\/v2\/comments?post=24987"}],"version-history":[{"count":0,"href":"https:\/\/skinstudio.ee\/lv\/wp-json\/wp\/v2\/pages\/24987\/revisions"}],"wp:attachment":[{"href":"https:\/\/skinstudio.ee\/lv\/wp-json\/wp\/v2\/media?parent=24987"}],"curies":[{"name":"wp","href":"https:\/\/api.w.org\/{rel}","templated":true}]}}