{"id":25004,"date":"2023-05-24T18:15:42","date_gmt":"2023-05-24T18:15:42","guid":{"rendered":"https:\/\/skinstudio.ee\/filosofija-pca-skin\/"},"modified":"2024-12-18T21:15:26","modified_gmt":"2024-12-18T21:15:26","slug":"filosofija-pca-skin","status":"publish","type":"page","link":"https:\/\/skinstudio.ee\/lv\/filosofija-pca-skin\/","title":{"rendered":"PCA Skin filozofija"},"content":{"rendered":"\t\t<div data-elementor-type=\"wp-page\" data-elementor-id=\"25004\" class=\"elementor elementor-25004 elementor-2066\" data-elementor-post-type=\"page\">\n\t\t\t\t\t\t<section class=\"elementor-section elementor-top-section elementor-element elementor-element-77fb444 elementor-section-height-min-height elementor-section-boxed elementor-section-height-default elementor-section-items-middle\" data-id=\"77fb444\" data-element_type=\"section\" data-e-type=\"section\" data-settings=\"{&quot;background_background&quot;:&quot;classic&quot;}\">\n\t\t\t\t\t\t<div class=\"elementor-container elementor-column-gap-default\">\n\t\t\t\t\t<div class=\"elementor-column elementor-col-50 elementor-top-column elementor-element elementor-element-7d21b68 elementor-hidden-mobile\" data-id=\"7d21b68\" data-element_type=\"column\" data-e-type=\"column\">\n\t\t\t<div class=\"elementor-widget-wrap\">\n\t\t\t\t\t\t\t<\/div>\n\t\t<\/div>\n\t\t\t\t<div class=\"elementor-column elementor-col-50 elementor-top-column elementor-element elementor-element-92954e7\" data-id=\"92954e7\" data-element_type=\"column\" data-e-type=\"column\" data-settings=\"{&quot;background_background&quot;:&quot;classic&quot;}\">\n\t\t\t<div class=\"elementor-widget-wrap elementor-element-populated\">\n\t\t\t\t\t<div class=\"elementor-background-overlay\"><\/div>\n\t\t\t\t\t\t<div class=\"elementor-element elementor-element-6b65571 elementor-widget__width-initial elementor-widget elementor-widget-heading\" data-id=\"6b65571\" data-element_type=\"widget\" data-e-type=\"widget\" data-widget_type=\"heading.default\">\n\t\t\t\t\t<h1 class=\"elementor-heading-title elementor-size-default\">PCA Skin<\/h1>\t\t\t\t<\/div>\n\t\t\t\t<div class=\"elementor-element elementor-element-dad2a4a elementor-widget elementor-widget-image\" data-id=\"dad2a4a\" data-element_type=\"widget\" data-e-type=\"widget\" data-widget_type=\"image.default\">\n\t\t\t\t\t\t\t\t\t\t\t\t\t\t\t<img fetchpriority=\"high\" decoding=\"async\" width=\"500\" height=\"145\" src=\"https:\/\/skinstudio.ee\/wp-content\/uploads\/2023\/07\/MagicEraser_230705_124923-e1704631021225.png\" class=\"attachment-large size-large wp-image-2482\" alt=\"\" srcset=\"https:\/\/skinstudio.ee\/wp-content\/uploads\/2023\/07\/MagicEraser_230705_124923-e1704631021225.png 500w, https:\/\/skinstudio.ee\/wp-content\/uploads\/2023\/07\/MagicEraser_230705_124923-e1704631021225-300x87.png 300w, https:\/\/skinstudio.ee\/wp-content\/uploads\/2023\/07\/MagicEraser_230705_124923-e1704631021225-64x19.png 64w\" sizes=\"(max-width: 500px) 100vw, 500px\" \/>\t\t\t\t\t\t\t\t\t\t\t\t\t\t\t<\/div>\n\t\t\t\t<div class=\"elementor-element elementor-element-5292f15 elementor-widget elementor-widget-text-editor\" data-id=\"5292f15\" data-element_type=\"widget\" data-e-type=\"widget\" data-widget_type=\"text-editor.default\">\n\t\t\t\t\t\t\t\t\t<p>Kosm\u0113tika no vado\u0161\u0101 amerik\u0101\u0146u ra\u017eot\u0101ja profesion\u0101lai un m\u0101jas \u0101das kop\u0161anai \u2013 PCA Skin.<\/p><p>PCA SKIN ir novators augstas efektivit\u0101tes terapeitisko proced\u016bru un profesion\u0101l\u0101s kosm\u0113tikas izstr\u0101d\u0113.<\/p><p>Vesel\u012bga un skaista \u0101da \u2013 t\u0101 ir m\u016bsu misija!<\/p>\t\t\t\t\t\t\t\t<\/div>\n\t\t\t\t\t<\/div>\n\t\t<\/div>\n\t\t\t\t\t<\/div>\n\t\t<\/section>\n\t\t\t\t<section class=\"elementor-section elementor-top-section elementor-element elementor-element-7198696 elementor-section-boxed elementor-section-height-default elementor-section-height-default\" data-id=\"7198696\" data-element_type=\"section\" data-e-type=\"section\">\n\t\t\t\t\t\t<div class=\"elementor-container elementor-column-gap-default\">\n\t\t\t\t\t<div class=\"elementor-column elementor-col-100 elementor-top-column elementor-element elementor-element-608cba5\" data-id=\"608cba5\" data-element_type=\"column\" data-e-type=\"column\">\n\t\t\t<div class=\"elementor-widget-wrap elementor-element-populated\">\n\t\t\t\t\t\t<div class=\"elementor-element elementor-element-a740ba6 elementor-widget elementor-widget-text-editor\" data-id=\"a740ba6\" data-element_type=\"widget\" data-e-type=\"widget\" data-widget_type=\"text-editor.default\">\n\t\t\t\t\t\t\t\t\t<p>Uz\u0146\u0113mums jau 30 gadus ir l\u012bderis profesion\u0101laj\u0101 tirg\u016b un ir ieg\u0101jis kosm\u0113tikas v\u0113stur\u0113, iek\u013c\u016bstot kosm\u0113tolo\u0123ijas m\u0101c\u012bbu gr\u0101mat\u0101s. PCA Skin kosm\u0113tika profesion\u0101lai un m\u0101jas \u0101das kop\u0161anai ir izstr\u0101d\u0101ta inovat\u012bv\u0101 laboratorij\u0101, un taj\u0101 netiek izmantoti kr\u0101svielas, sint\u0113tiskie aromatiz\u0113t\u0101ji, kait\u012bgie alkoholi, komedog\u0113nie e\u013c\u013cas un citi b\u012bstami sast\u0101vda\u013cas. PCA Skin ir \u0137\u012bmisko p\u012blingu un kosm\u0113tikas l\u012bnija probl\u0113mu \u0101das korekcijas kop\u0161anai no laboratorijas PCA Skin (ASV). Z\u012bmola produkti, kas izstr\u0101d\u0101ti, izmantojot inovat\u012bvas tehnolo\u0123ijas, nodro\u0161ina da\u017e\u0101dus terapeitiskos efektus uz \u0101du &#8211; no agres\u012bviem l\u012bdz maigiem, pal\u012bdz atjaunot \u0161\u016bnu norm\u0101lo darb\u012bbu, veicinot stimul\u0113jo\u0161u, nostiprino\u0161u un liftinga efektu.<\/p><p>PCA Skin laboratorija s\u0101ka ra\u017eot virsmas un vid\u0113jos \u0137\u012bmiskos p\u012blingus profesion\u0101lai lieto\u0161anai gandr\u012bz pirms ceturtda\u013cgadsimta. M\u016bsdien\u0101s t\u0101s produkti tiek uzskat\u012bti par &#8220;zelta standartu&#8221; dermatolo\u0123isko un est\u0113tisko probl\u0113mu kompleks\u0101 risin\u0101jum\u0101.<\/p><p>Uz\u0146\u0113muma izstr\u0101d\u0101t\u0101 sist\u0113ma pieeja, kas liel\u0101 m\u0113r\u0101 nosaka \u0101rst\u0113\u0161anas efektivit\u0101ti, paredz oblig\u0101tu atjaunojo\u0161o l\u012bdzek\u013cu izmanto\u0161anu gan pirms, gan p\u0113c proced\u016br\u0101m.<\/p><p>Markas produkti ir sertific\u0113ti FDA, kas noz\u012bm\u0113, ka tie ir p\u0101rbaud\u012bti atbilsto\u0161i daudz\u0101m dro\u0161\u012bbas pras\u012bb\u0101m, kas tiek izvirz\u012btas medic\u012bniskiem prepar\u0101tiem.<\/p><p>PCA SKIN nesatur sint\u0113tiskus kr\u0101svielas un smar\u017evielas, miner\u0101le\u013c\u013cas, petrolejas \u017eeleju, lanol\u012bnu un ftal\u0101tus.<\/p><p>PCA SKIN apvieno vesel\u012bbu, skaistumu un zin\u0101tni, lai izstr\u0101d\u0101tu katru formulu, kas padar\u012bs j\u016bsu \u0101du vesel\u012bgu.<\/p><p>Kosmetologs-estheticists pal\u012bdz\u0113s jums izv\u0113l\u0113ties lab\u0101ko proced\u016bru un PCA SKIN\u00ae kosm\u0113tikas kombin\u0101ciju j\u016bsu \u0101dai un gaid\u0101majiem rezult\u0101tiem.\u00a0<\/p>\t\t\t\t\t\t\t\t<\/div>\n\t\t\t\t\t<\/div>\n\t\t<\/div>\n\t\t\t\t\t<\/div>\n\t\t<\/section>\n\t\t\t\t<section class=\"elementor-section elementor-top-section elementor-element elementor-element-bc878b6 elementor-section-boxed elementor-section-height-default elementor-section-height-default\" data-id=\"bc878b6\" data-element_type=\"section\" data-e-type=\"section\">\n\t\t\t\t\t\t<div class=\"elementor-container elementor-column-gap-default\">\n\t\t\t\t\t<div class=\"elementor-column elementor-col-100 elementor-top-column elementor-element elementor-element-f4de6c6\" data-id=\"f4de6c6\" data-element_type=\"column\" data-e-type=\"column\">\n\t\t\t<div class=\"elementor-widget-wrap elementor-element-populated\">\n\t\t\t\t\t\t<div class=\"elementor-element elementor-element-5a14aee elementor-mobile-align-center elementor-align-center elementor-widget elementor-widget-button\" data-id=\"5a14aee\" data-element_type=\"widget\" data-e-type=\"widget\" data-widget_type=\"button.default\">\n\t\t\t\t\t\t\t\t\t\t<a class=\"elementor-button elementor-button-link elementor-size-sm\" href=\"https:\/\/skinstudio.ee\/lv\/pood\/\">\n\t\t\t\t\t\t<span class=\"elementor-button-content-wrapper\">\n\t\t\t\t\t\t\t\t\t<span class=\"elementor-button-text\">UZ VEIKALU!<\/span>\n\t\t\t\t\t<\/span>\n\t\t\t\t\t<\/a>\n\t\t\t\t\t\t\t\t<\/div>\n\t\t\t\t\t<\/div>\n\t\t<\/div>\n\t\t\t\t\t<\/div>\n\t\t<\/section>\n\t\t\t\t<\/div>\n\t\t","protected":false},"excerpt":{"rendered":"<p>PCA Skin Kosm\u0113tika no vado\u0161\u0101 amerik\u0101\u0146u ra\u017eot\u0101ja profesion\u0101lai un m\u0101jas \u0101das kop\u0161anai \u2013 PCA Skin. PCA SKIN ir novators augstas efektivit\u0101tes terapeitisko proced\u016bru un profesion\u0101l\u0101s kosm\u0113tikas izstr\u0101d\u0113. Vesel\u012bga un skaista \u0101da \u2013 t\u0101 ir m\u016bsu misija! Uz\u0146\u0113mums jau 30 gadus ir l\u012bderis profesion\u0101laj\u0101 tirg\u016b un ir ieg\u0101jis kosm\u0113tikas v\u0113stur\u0113, iek\u013c\u016bstot kosm\u0113tolo\u0123ijas m\u0101c\u012bbu gr\u0101mat\u0101s. PCA Skin kosm\u0113tika profesion\u0101lai un m\u0101jas \u0101das kop\u0161anai ir izstr\u0101d\u0101ta inovat\u012bv\u0101 laboratorij\u0101, un taj\u0101 netiek izmantoti kr\u0101svielas, sint\u0113tiskie aromatiz\u0113t\u0101ji, kait\u012bgie alkoholi, komedog\u0113nie e\u013c\u013cas un citi b\u012bstami sast\u0101vda\u013cas. PCA Skin ir \u0137\u012bmisko p\u012blingu un kosm\u0113tikas l\u012bnija probl\u0113mu \u0101das korekcijas kop\u0161anai no laboratorijas PCA Skin (ASV). Z\u012bmola produkti, kas izstr\u0101d\u0101ti, izmantojot inovat\u012bvas tehnolo\u0123ijas, nodro\u0161ina da\u017e\u0101dus terapeitiskos efektus uz \u0101du &#8211; no agres\u012bviem l\u012bdz maigiem, pal\u012bdz atjaunot \u0161\u016bnu norm\u0101lo darb\u012bbu, veicinot stimul\u0113jo\u0161u, nostiprino\u0161u un liftinga efektu. PCA Skin laboratorija s\u0101ka ra\u017eot virsmas un vid\u0113jos \u0137\u012bmiskos p\u012blingus profesion\u0101lai lieto\u0161anai gandr\u012bz pirms ceturtda\u013cgadsimta. M\u016bsdien\u0101s t\u0101s produkti tiek uzskat\u012bti par &#8220;zelta standartu&#8221; dermatolo\u0123isko un est\u0113tisko probl\u0113mu kompleks\u0101 risin\u0101jum\u0101. Uz\u0146\u0113muma izstr\u0101d\u0101t\u0101 sist\u0113ma pieeja, kas liel\u0101 m\u0113r\u0101 nosaka \u0101rst\u0113\u0161anas efektivit\u0101ti, paredz oblig\u0101tu atjaunojo\u0161o l\u012bdzek\u013cu izmanto\u0161anu gan pirms, gan p\u0113c proced\u016br\u0101m. Markas produkti ir sertific\u0113ti FDA, kas noz\u012bm\u0113, ka tie ir p\u0101rbaud\u012bti atbilsto\u0161i daudz\u0101m dro\u0161\u012bbas pras\u012bb\u0101m, kas tiek izvirz\u012btas medic\u012bniskiem prepar\u0101tiem. PCA SKIN nesatur sint\u0113tiskus kr\u0101svielas un smar\u017evielas, miner\u0101le\u013c\u013cas, petrolejas \u017eeleju, lanol\u012bnu un ftal\u0101tus. PCA SKIN apvieno vesel\u012bbu, skaistumu un zin\u0101tni, lai izstr\u0101d\u0101tu katru formulu, kas padar\u012bs j\u016bsu \u0101du vesel\u012bgu. Kosmetologs-estheticists pal\u012bdz\u0113s jums izv\u0113l\u0113ties lab\u0101ko proced\u016bru un PCA SKIN\u00ae kosm\u0113tikas kombin\u0101ciju j\u016bsu \u0101dai un gaid\u0101majiem rezult\u0101tiem.\u00a0 UZ VEIKALU!<\/p>\n","protected":false},"author":1,"featured_media":0,"parent":0,"menu_order":0,"comment_status":"closed","ping_status":"closed","template":"elementor_header_footer","meta":{"footnotes":""},"class_list":["post-25004","page","type-page","status-publish","hentry"],"acf":[],"_links":{"self":[{"href":"https:\/\/skinstudio.ee\/lv\/wp-json\/wp\/v2\/pages\/25004","targetHints":{"allow":["GET"]}}],"collection":[{"href":"https:\/\/skinstudio.ee\/lv\/wp-json\/wp\/v2\/pages"}],"about":[{"href":"https:\/\/skinstudio.ee\/lv\/wp-json\/wp\/v2\/types\/page"}],"author":[{"embeddable":true,"href":"https:\/\/skinstudio.ee\/lv\/wp-json\/wp\/v2\/users\/1"}],"replies":[{"embeddable":true,"href":"https:\/\/skinstudio.ee\/lv\/wp-json\/wp\/v2\/comments?post=25004"}],"version-history":[{"count":0,"href":"https:\/\/skinstudio.ee\/lv\/wp-json\/wp\/v2\/pages\/25004\/revisions"}],"wp:attachment":[{"href":"https:\/\/skinstudio.ee\/lv\/wp-json\/wp\/v2\/media?parent=25004"}],"curies":[{"name":"wp","href":"https:\/\/api.w.org\/{rel}","templated":true}]}}