{"id":25014,"date":"2024-11-14T16:33:36","date_gmt":"2024-11-14T16:33:36","guid":{"rendered":"https:\/\/skinstudio.ee\/filosofija-cellderma\/"},"modified":"2024-12-18T21:20:21","modified_gmt":"2024-12-18T21:20:21","slug":"filosofija-cellderma","status":"publish","type":"page","link":"https:\/\/skinstudio.ee\/lv\/filosofija-cellderma\/","title":{"rendered":"CellDerma filozofija"},"content":{"rendered":"\t\t<div data-elementor-type=\"wp-page\" data-elementor-id=\"25014\" class=\"elementor elementor-25014 elementor-23148\" data-elementor-post-type=\"page\">\n\t\t\t\t\t\t<section class=\"elementor-section elementor-top-section elementor-element elementor-element-0829046 elementor-section-height-min-height elementor-section-boxed elementor-section-height-default elementor-section-items-middle\" data-id=\"0829046\" data-element_type=\"section\" data-e-type=\"section\" data-settings=\"{&quot;background_background&quot;:&quot;classic&quot;}\">\n\t\t\t\t\t\t<div class=\"elementor-container elementor-column-gap-default\">\n\t\t\t\t\t<div class=\"elementor-column elementor-col-50 elementor-top-column elementor-element elementor-element-874dd1d\" data-id=\"874dd1d\" data-element_type=\"column\" data-e-type=\"column\" data-settings=\"{&quot;background_background&quot;:&quot;classic&quot;}\">\n\t\t\t<div class=\"elementor-widget-wrap elementor-element-populated\">\n\t\t\t\t\t<div class=\"elementor-background-overlay\"><\/div>\n\t\t\t\t\t\t<div class=\"elementor-element elementor-element-25520d5 elementor-widget elementor-widget-image\" data-id=\"25520d5\" data-element_type=\"widget\" data-e-type=\"widget\" data-widget_type=\"image.default\">\n\t\t\t\t\t\t\t\t\t\t\t\t\t\t\t<img fetchpriority=\"high\" decoding=\"async\" width=\"384\" height=\"246\" src=\"https:\/\/skinstudio.ee\/wp-content\/uploads\/2024\/11\/logocellderma.png\" class=\"attachment-full size-full wp-image-23150\" alt=\"\" srcset=\"https:\/\/skinstudio.ee\/wp-content\/uploads\/2024\/11\/logocellderma.png 384w, https:\/\/skinstudio.ee\/wp-content\/uploads\/2024\/11\/logocellderma-300x192.png 300w, https:\/\/skinstudio.ee\/wp-content\/uploads\/2024\/11\/logocellderma-64x41.png 64w\" sizes=\"(max-width: 384px) 100vw, 384px\" \/>\t\t\t\t\t\t\t\t\t\t\t\t\t\t\t<\/div>\n\t\t\t\t<div class=\"elementor-element elementor-element-ff11a4b elementor-widget elementor-widget-text-editor\" data-id=\"ff11a4b\" data-element_type=\"widget\" data-e-type=\"widget\" data-widget_type=\"text-editor.default\">\n\t\t\t\t\t\t\t\t\t<p>CellDerma \u2013 tas ir premium z\u012bmols, kas izveidots, pamatojoties uz zin\u0101tniskiem p\u0113t\u012bjumiem un augstiem kl\u012bnisk\u0101s efektivit\u0101tes standartiem, iemiesojot \u0101das un vides kop\u0161anas filozofiju.<\/p><p>Z\u012bmolu dibin\u0101jis doktors Deivs Patels, atz\u012bts eksperts est\u0113tiskaj\u0101 medic\u012bn\u0101, CellDerma pied\u0101v\u0101 inovat\u012bvus risin\u0101jumus, kas v\u0113rsti uz vesel\u012bgas un skaistas \u0101das sasnieg\u0161anu.<\/p>\t\t\t\t\t\t\t\t<\/div>\n\t\t\t\t\t<\/div>\n\t\t<\/div>\n\t\t\t\t<div class=\"elementor-column elementor-col-50 elementor-top-column elementor-element elementor-element-c6c9ba3 elementor-hidden-mobile\" data-id=\"c6c9ba3\" data-element_type=\"column\" data-e-type=\"column\">\n\t\t\t<div class=\"elementor-widget-wrap\">\n\t\t\t\t\t\t\t<\/div>\n\t\t<\/div>\n\t\t\t\t\t<\/div>\n\t\t<\/section>\n\t\t\t\t<section class=\"elementor-section elementor-top-section elementor-element elementor-element-fe6ca34 elementor-section-boxed elementor-section-height-default elementor-section-height-default\" data-id=\"fe6ca34\" data-element_type=\"section\" data-e-type=\"section\">\n\t\t\t\t\t\t<div class=\"elementor-container elementor-column-gap-default\">\n\t\t\t\t\t<div class=\"elementor-column elementor-col-100 elementor-top-column elementor-element elementor-element-8b8755d\" data-id=\"8b8755d\" data-element_type=\"column\" data-e-type=\"column\">\n\t\t\t<div class=\"elementor-widget-wrap elementor-element-populated\">\n\t\t\t\t\t\t<div class=\"elementor-element elementor-element-69a4c63 elementor-widget elementor-widget-heading\" data-id=\"69a4c63\" data-element_type=\"widget\" data-e-type=\"widget\" data-widget_type=\"heading.default\">\n\t\t\t\t\t<h1 class=\"elementor-heading-title elementor-size-default\">CellDerma Perfect skin<\/h1>\t\t\t\t<\/div>\n\t\t\t\t<section class=\"elementor-section elementor-inner-section elementor-element elementor-element-258825e elementor-section-full_width elementor-section-height-default elementor-section-height-default\" data-id=\"258825e\" data-element_type=\"section\" data-e-type=\"section\">\n\t\t\t\t\t\t<div class=\"elementor-container elementor-column-gap-default\">\n\t\t\t\t\t<div class=\"elementor-column elementor-col-50 elementor-inner-column elementor-element elementor-element-8fb3f82\" data-id=\"8fb3f82\" data-element_type=\"column\" data-e-type=\"column\">\n\t\t\t<div class=\"elementor-widget-wrap elementor-element-populated\">\n\t\t\t\t\t\t<div class=\"elementor-element elementor-element-0259535 elementor-widget elementor-widget-image\" data-id=\"0259535\" data-element_type=\"widget\" data-e-type=\"widget\" data-widget_type=\"image.default\">\n\t\t\t\t\t\t\t\t\t\t\t\t\t\t\t<img decoding=\"async\" width=\"768\" height=\"1024\" src=\"https:\/\/skinstudio.ee\/wp-content\/uploads\/2024\/11\/CelldermadrDev-Patel-768x1024.jpg\" class=\"attachment-large size-large wp-image-23168\" alt=\"\" srcset=\"https:\/\/skinstudio.ee\/wp-content\/uploads\/2024\/11\/CelldermadrDev-Patel-768x1024.jpg 768w, https:\/\/skinstudio.ee\/wp-content\/uploads\/2024\/11\/CelldermadrDev-Patel-225x300.jpg 225w, https:\/\/skinstudio.ee\/wp-content\/uploads\/2024\/11\/CelldermadrDev-Patel-1152x1536.jpg 1152w, https:\/\/skinstudio.ee\/wp-content\/uploads\/2024\/11\/CelldermadrDev-Patel-1536x2048.jpg 1536w, https:\/\/skinstudio.ee\/wp-content\/uploads\/2024\/11\/CelldermadrDev-Patel-600x800.jpg 600w, https:\/\/skinstudio.ee\/wp-content\/uploads\/2024\/11\/CelldermadrDev-Patel-64x85.jpg 64w, https:\/\/skinstudio.ee\/wp-content\/uploads\/2024\/11\/CelldermadrDev-Patel.jpg 1699w\" sizes=\"(max-width: 768px) 100vw, 768px\" \/>\t\t\t\t\t\t\t\t\t\t\t\t\t\t\t<\/div>\n\t\t\t\t\t<\/div>\n\t\t<\/div>\n\t\t\t\t<div class=\"elementor-column elementor-col-50 elementor-inner-column elementor-element elementor-element-59f115a\" data-id=\"59f115a\" data-element_type=\"column\" data-e-type=\"column\">\n\t\t\t<div class=\"elementor-widget-wrap elementor-element-populated\">\n\t\t\t\t\t\t<div class=\"elementor-element elementor-element-bd04fab elementor-widget elementor-widget-text-editor\" data-id=\"bd04fab\" data-element_type=\"widget\" data-e-type=\"widget\" data-widget_type=\"text-editor.default\">\n\t\t\t\t\t\t\t\t\t<p>Galvenais princips CellDerma ir \u00abt\u012bra zin\u0101tne\u00bb: m\u0113s izmantojam dro\u0161as, p\u0101rbaud\u012btas sast\u0101vda\u013cas, bez ftal\u0101tiem, parab\u0113niem, sulf\u0101tiem un citiem potenci\u0101liem kairin\u0101t\u0101jiem. Ilgtsp\u0113j\u012bba un ekolo\u0123iskums ir neat\u0146emama m\u016bsu darba sast\u0101vda\u013ca, jo m\u0113s vienm\u0113r liekam cilv\u0113kus un plan\u0113tu augst\u0101k par pe\u013c\u0146u.<\/p>\t\t\t\t\t\t\t\t<\/div>\n\t\t\t\t<div class=\"elementor-element elementor-element-0bd2a4a elementor-widget elementor-widget-text-editor\" data-id=\"0bd2a4a\" data-element_type=\"widget\" data-e-type=\"widget\" data-widget_type=\"text-editor.default\">\n\t\t\t\t\t\t\t\t\t<p>\u00abLab\u0101k\u0101s lietas dzimst no kaisl\u012bbas, bet viena kaisl\u012bba nav pietiekama. J\u0101apvieno t\u0101 ar dzi\u013c\u0101m zin\u0101\u0161an\u0101m un tieksmi uz piln\u012bbu\u00bb, \u2013 doktors Devs Patels, CellDerma dibin\u0101t\u0101js.<\/p><p>CellDerma s\u0101k\u0101s k\u0101 person\u012bgs projekta doktors Patels, lai pied\u0101v\u0101tu saviem pacientiem dro\u0161us un augsti efekt\u012bvus produktus m\u0101jas kop\u0161anai.<\/p><p>Test\u0113\u0161anas laik\u0101 katra formula par\u0101d\u012bja iev\u0113rojamas uzlabojumus \u0101das st\u0101vokl\u012b 2\u20136 ned\u0113\u013cu laik\u0101!<\/p><p>\u00abEs sapratu, ka \u0161im produktam j\u0101b\u016bt pieejamam ikvienam. Tas ir p\u0101r\u0101k labs, lai paliktu tikai m\u016bsu kl\u012bnik\u0101\u00bb, \u2013 doktors Devs Patels.\u00a0<\/p>\t\t\t\t\t\t\t\t<\/div>\n\t\t\t\t\t<\/div>\n\t\t<\/div>\n\t\t\t\t\t<\/div>\n\t\t<\/section>\n\t\t\t\t<section class=\"elementor-section elementor-inner-section elementor-element elementor-element-b619fdc elementor-section-full_width elementor-section-height-default elementor-section-height-default\" data-id=\"b619fdc\" data-element_type=\"section\" data-e-type=\"section\">\n\t\t\t\t\t\t<div class=\"elementor-container elementor-column-gap-default\">\n\t\t\t\t\t<div class=\"elementor-column elementor-col-100 elementor-inner-column elementor-element elementor-element-85717a7\" data-id=\"85717a7\" data-element_type=\"column\" data-e-type=\"column\">\n\t\t\t<div class=\"elementor-widget-wrap elementor-element-populated\">\n\t\t\t\t\t\t<div class=\"elementor-element elementor-element-0126626 elementor-widget elementor-widget-text-editor\" data-id=\"0126626\" data-element_type=\"widget\" data-e-type=\"widget\" data-widget_type=\"text-editor.default\">\n\t\t\t\t\t\t\t\t\t<p>CellDerma \u2013 zin\u0101tne, kurai var uztic\u0113ties<\/p><p>CellDerma \u0161odien \u2013 tas ir produkts, kur\u0101 apvienojas progres\u012bv\u0101s tehnolo\u0123ijas no \u0160veices, Dienvidkorejas un ASV laboratorij\u0101m. M\u0113s lepojamies, ka pied\u0101v\u0101jam ne tikai augstu kvalit\u0101ti, bet ar\u012b iesp\u0113ju padar\u012bt pasauli laim\u012bg\u0101ku, nodro\u0161inot vesel\u012bgu \u0101du.<\/p><p><strong>\u00abMans m\u0113r\u0137is ir redz\u0113t pasauli laim\u012bgu caur vesel\u012bgu \u0101du\u00bb<\/strong>, \u2013 doktors Devs Patels.\u00a0<\/p>\t\t\t\t\t\t\t\t<\/div>\n\t\t\t\t\t<\/div>\n\t\t<\/div>\n\t\t\t\t\t<\/div>\n\t\t<\/section>\n\t\t\t\t\t<\/div>\n\t\t<\/div>\n\t\t\t\t\t<\/div>\n\t\t<\/section>\n\t\t\t\t<section class=\"elementor-section elementor-top-section elementor-element elementor-element-7dc4419 elementor-section-boxed elementor-section-height-default elementor-section-height-default\" data-id=\"7dc4419\" data-element_type=\"section\" data-e-type=\"section\">\n\t\t\t\t\t\t<div class=\"elementor-container elementor-column-gap-default\">\n\t\t\t\t\t<div class=\"elementor-column elementor-col-100 elementor-top-column elementor-element elementor-element-14e2d7b\" data-id=\"14e2d7b\" data-element_type=\"column\" data-e-type=\"column\">\n\t\t\t<div class=\"elementor-widget-wrap elementor-element-populated\">\n\t\t\t\t\t\t<div class=\"elementor-element elementor-element-3aaddca elementor-align-right elementor-mobile-align-justify elementor-widget__width-initial elementor-widget elementor-widget-button\" data-id=\"3aaddca\" data-element_type=\"widget\" data-e-type=\"widget\" data-widget_type=\"button.default\">\n\t\t\t\t\t\t\t\t\t\t<a class=\"elementor-button elementor-button-link elementor-size-sm\" href=\"https:\/\/skinstudio.ee\/lv\/\" target=\"_blank\">\n\t\t\t\t\t\t<span class=\"elementor-button-content-wrapper\">\n\t\t\t\t\t\t\t\t\t<span class=\"elementor-button-text\">K\u013c\u016bsti par partneri<\/span>\n\t\t\t\t\t<\/span>\n\t\t\t\t\t<\/a>\n\t\t\t\t\t\t\t\t<\/div>\n\t\t\t\t<div class=\"elementor-element elementor-element-27967e1 elementor-mobile-align-justify elementor-align-left elementor-widget__width-initial elementor-widget elementor-widget-button\" data-id=\"27967e1\" data-element_type=\"widget\" data-e-type=\"widget\" data-widget_type=\"button.default\">\n\t\t\t\t\t\t\t\t\t\t<a class=\"elementor-button elementor-button-link elementor-size-sm\" href=\"https:\/\/skinstudio.ee\/lv\" target=\"_blank\">\n\t\t\t\t\t\t<span class=\"elementor-button-content-wrapper\">\n\t\t\t\t\t\t\t\t\t<span class=\"elementor-button-text\">UZ VEIKALU!<\/span>\n\t\t\t\t\t<\/span>\n\t\t\t\t\t<\/a>\n\t\t\t\t\t\t\t\t<\/div>\n\t\t\t\t\t<\/div>\n\t\t<\/div>\n\t\t\t\t\t<\/div>\n\t\t<\/section>\n\t\t\t\t<\/div>\n\t\t","protected":false},"excerpt":{"rendered":"<p>CellDerma \u2013 tas ir premium z\u012bmols, kas izveidots, pamatojoties uz zin\u0101tniskiem p\u0113t\u012bjumiem un augstiem kl\u012bnisk\u0101s efektivit\u0101tes standartiem, iemiesojot \u0101das un vides kop\u0161anas filozofiju. Z\u012bmolu dibin\u0101jis doktors Deivs Patels, atz\u012bts eksperts est\u0113tiskaj\u0101 medic\u012bn\u0101, CellDerma pied\u0101v\u0101 inovat\u012bvus risin\u0101jumus, kas v\u0113rsti uz vesel\u012bgas un skaistas \u0101das sasnieg\u0161anu. CellDerma Perfect skin Galvenais princips CellDerma ir \u00abt\u012bra zin\u0101tne\u00bb: m\u0113s izmantojam dro\u0161as, p\u0101rbaud\u012btas sast\u0101vda\u013cas, bez ftal\u0101tiem, parab\u0113niem, sulf\u0101tiem un citiem potenci\u0101liem kairin\u0101t\u0101jiem. Ilgtsp\u0113j\u012bba un ekolo\u0123iskums ir neat\u0146emama m\u016bsu darba sast\u0101vda\u013ca, jo m\u0113s vienm\u0113r liekam cilv\u0113kus un plan\u0113tu augst\u0101k par pe\u013c\u0146u. \u00abLab\u0101k\u0101s lietas dzimst no kaisl\u012bbas, bet viena kaisl\u012bba nav pietiekama. J\u0101apvieno t\u0101 ar dzi\u013c\u0101m zin\u0101\u0161an\u0101m un tieksmi uz piln\u012bbu\u00bb, \u2013 doktors Devs Patels, CellDerma dibin\u0101t\u0101js. CellDerma s\u0101k\u0101s k\u0101 person\u012bgs projekta doktors Patels, lai pied\u0101v\u0101tu saviem pacientiem dro\u0161us un augsti efekt\u012bvus produktus m\u0101jas kop\u0161anai. Test\u0113\u0161anas laik\u0101 katra formula par\u0101d\u012bja iev\u0113rojamas uzlabojumus \u0101das st\u0101vokl\u012b 2\u20136 ned\u0113\u013cu laik\u0101! \u00abEs sapratu, ka \u0161im produktam j\u0101b\u016bt pieejamam ikvienam. Tas ir p\u0101r\u0101k labs, lai paliktu tikai m\u016bsu kl\u012bnik\u0101\u00bb, \u2013 doktors Devs Patels.\u00a0 CellDerma \u2013 zin\u0101tne, kurai var uztic\u0113ties CellDerma \u0161odien \u2013 tas ir produkts, kur\u0101 apvienojas progres\u012bv\u0101s tehnolo\u0123ijas no \u0160veices, Dienvidkorejas un ASV laboratorij\u0101m. M\u0113s lepojamies, ka pied\u0101v\u0101jam ne tikai augstu kvalit\u0101ti, bet ar\u012b iesp\u0113ju padar\u012bt pasauli laim\u012bg\u0101ku, nodro\u0161inot vesel\u012bgu \u0101du. \u00abMans m\u0113r\u0137is ir redz\u0113t pasauli laim\u012bgu caur vesel\u012bgu \u0101du\u00bb, \u2013 doktors Devs Patels.\u00a0 K\u013c\u016bsti par partneri UZ VEIKALU!<\/p>\n","protected":false},"author":1,"featured_media":0,"parent":0,"menu_order":0,"comment_status":"closed","ping_status":"closed","template":"elementor_header_footer","meta":{"footnotes":""},"class_list":["post-25014","page","type-page","status-publish","hentry"],"acf":[],"_links":{"self":[{"href":"https:\/\/skinstudio.ee\/lv\/wp-json\/wp\/v2\/pages\/25014","targetHints":{"allow":["GET"]}}],"collection":[{"href":"https:\/\/skinstudio.ee\/lv\/wp-json\/wp\/v2\/pages"}],"about":[{"href":"https:\/\/skinstudio.ee\/lv\/wp-json\/wp\/v2\/types\/page"}],"author":[{"embeddable":true,"href":"https:\/\/skinstudio.ee\/lv\/wp-json\/wp\/v2\/users\/1"}],"replies":[{"embeddable":true,"href":"https:\/\/skinstudio.ee\/lv\/wp-json\/wp\/v2\/comments?post=25014"}],"version-history":[{"count":0,"href":"https:\/\/skinstudio.ee\/lv\/wp-json\/wp\/v2\/pages\/25014\/revisions"}],"wp:attachment":[{"href":"https:\/\/skinstudio.ee\/lv\/wp-json\/wp\/v2\/media?parent=25014"}],"curies":[{"name":"wp","href":"https:\/\/api.w.org\/{rel}","templated":true}]}}