{"id":25020,"date":"2022-11-13T11:17:21","date_gmt":"2022-11-13T11:17:21","guid":{"rendered":"https:\/\/skinstudio.ee\/filosofija-genosys\/"},"modified":"2024-12-18T21:22:34","modified_gmt":"2024-12-18T21:22:34","slug":"filosofija-genosys","status":"publish","type":"page","link":"https:\/\/skinstudio.ee\/lv\/filosofija-genosys\/","title":{"rendered":"GENOSYS filozofija"},"content":{"rendered":"\t\t<div data-elementor-type=\"wp-page\" data-elementor-id=\"25020\" class=\"elementor elementor-25020 elementor-172\" data-elementor-post-type=\"page\">\n\t\t\t\t\t\t<section class=\"elementor-section elementor-top-section elementor-element elementor-element-b39d184 elementor-section-height-min-height elementor-section-items-stretch elementor-section-boxed elementor-section-height-default\" data-id=\"b39d184\" data-element_type=\"section\" data-e-type=\"section\" data-settings=\"{&quot;background_background&quot;:&quot;classic&quot;}\">\n\t\t\t\t\t\t<div class=\"elementor-container elementor-column-gap-default\">\n\t\t\t\t\t<div class=\"elementor-column elementor-col-50 elementor-top-column elementor-element elementor-element-baf245c\" data-id=\"baf245c\" data-element_type=\"column\" data-e-type=\"column\" data-settings=\"{&quot;background_background&quot;:&quot;classic&quot;}\">\n\t\t\t<div class=\"elementor-widget-wrap elementor-element-populated\">\n\t\t\t\t\t<div class=\"elementor-background-overlay\"><\/div>\n\t\t\t\t\t\t<div class=\"elementor-element elementor-element-5bf63f0 elementor-widget__width-initial elementor-widget elementor-widget-heading\" data-id=\"5bf63f0\" data-element_type=\"widget\" data-e-type=\"widget\" data-widget_type=\"heading.default\">\n\t\t\t\t\t<h1 class=\"elementor-heading-title elementor-size-default\">\u041a\u043e\u0441\u043c\u0435\u0442\u0438\u043a\u0430 GENOSYS<\/h1>\t\t\t\t<\/div>\n\t\t\t\t<div class=\"elementor-element elementor-element-dd4ab3b elementor-widget elementor-widget-image\" data-id=\"dd4ab3b\" data-element_type=\"widget\" data-e-type=\"widget\" data-widget_type=\"image.default\">\n\t\t\t\t\t\t\t\t\t\t\t\t\t\t\t<img fetchpriority=\"high\" decoding=\"async\" width=\"800\" height=\"174\" src=\"https:\/\/skinstudio.ee\/wp-content\/uploads\/2023\/07\/MagicEraser_230705_130654-e1704630313623-1024x223.png\" class=\"attachment-large size-large wp-image-2474\" alt=\"\" srcset=\"https:\/\/skinstudio.ee\/wp-content\/uploads\/2023\/07\/MagicEraser_230705_130654-e1704630313623-1024x223.png 1024w, https:\/\/skinstudio.ee\/wp-content\/uploads\/2023\/07\/MagicEraser_230705_130654-e1704630313623-300x65.png 300w, https:\/\/skinstudio.ee\/wp-content\/uploads\/2023\/07\/MagicEraser_230705_130654-e1704630313623-768x167.png 768w, https:\/\/skinstudio.ee\/wp-content\/uploads\/2023\/07\/MagicEraser_230705_130654-e1704630313623-600x131.png 600w, https:\/\/skinstudio.ee\/wp-content\/uploads\/2023\/07\/MagicEraser_230705_130654-e1704630313623-64x14.png 64w, https:\/\/skinstudio.ee\/wp-content\/uploads\/2023\/07\/MagicEraser_230705_130654-e1704630313623.png 1391w\" sizes=\"(max-width: 800px) 100vw, 800px\" \/>\t\t\t\t\t\t\t\t\t\t\t\t\t\t\t<\/div>\n\t\t\t\t<div class=\"elementor-element elementor-element-9b377b1 elementor-widget__width-initial elementor-widget elementor-widget-text-editor\" data-id=\"9b377b1\" data-element_type=\"widget\" data-e-type=\"widget\" data-widget_type=\"text-editor.default\">\n\t\t\t\t\t\t\t\t\t<p>Genosys kosm\u0113tikas formulas ir unik\u0101la sast\u0101vda\u013cu kombin\u0101cija, kas apvieno tradicion\u0101l\u0101s korejie\u0161u medic\u012bnas sast\u0101vda\u013cas, jaun\u0101kos pept\u012bdu kompleksus un augu cilmes \u0161\u016bnas.<\/p>\t\t\t\t\t\t\t\t<\/div>\n\t\t\t\t\t<\/div>\n\t\t<\/div>\n\t\t\t\t<div class=\"elementor-column elementor-col-50 elementor-top-column elementor-element elementor-element-93653aa elementor-hidden-mobile\" data-id=\"93653aa\" data-element_type=\"column\" data-e-type=\"column\">\n\t\t\t<div class=\"elementor-widget-wrap\">\n\t\t\t\t\t\t\t<\/div>\n\t\t<\/div>\n\t\t\t\t\t<\/div>\n\t\t<\/section>\n\t\t\t\t<section class=\"elementor-section elementor-top-section elementor-element elementor-element-189619a elementor-section-boxed elementor-section-height-default elementor-section-height-default\" data-id=\"189619a\" data-element_type=\"section\" data-e-type=\"section\">\n\t\t\t\t\t\t<div class=\"elementor-container elementor-column-gap-default\">\n\t\t\t\t\t<div class=\"elementor-column elementor-col-100 elementor-top-column elementor-element elementor-element-b70d6d0\" data-id=\"b70d6d0\" data-element_type=\"column\" data-e-type=\"column\">\n\t\t\t<div class=\"elementor-widget-wrap elementor-element-populated\">\n\t\t\t\t\t\t<div class=\"elementor-element elementor-element-5819095 elementor-widget__width-initial elementor-widget elementor-widget-text-editor\" data-id=\"5819095\" data-element_type=\"widget\" data-e-type=\"widget\" data-widget_type=\"text-editor.default\">\n\t\t\t\t\t\t\t\t\t<p>Unik\u0101l\u0101 \u0101das atdz\u012bvin\u0101\u0161anas sist\u0113ma, kas v\u0113rsta uz vesel\u012bgu \u0161\u016bnu aug\u0161anas procesu aktiviz\u0113\u0161anu un \u0101das re\u0123ener\u0101ciju. Unik\u0101lais polipept\u012bdu savienojums \u2013 SH-Polipept\u012bds-7, kas p\u0113c darb\u012bbas rakstura ir identisks cilv\u0113ka aug\u0161anas hormoniem. Stimul\u0113jot cilmes \u0161\u016bnas, GENOSYS padara pieeju \u0101das atjauno\u0161anai ultramodernu un efekt\u012bvu.<\/p><p>Genosys kosm\u0113tika nesatur aromatiz\u0113t\u0101jus, konservantus, alkoholu, parab\u0113nus, sint\u0113tiskos kr\u0101svielas un ir optim\u0101li sabalans\u0113ts pH l\u012bmenis.<\/p><p>Genosys kosm\u0113tikas efektivit\u0101te vecuma izmai\u0146u kori\u0123\u0113\u0161an\u0101, aknes un hiperpigment\u0101cijas \u0101rst\u0113\u0161an\u0101 ir pier\u0101d\u012bta ar kl\u012bnisko p\u0113t\u012bjumu s\u0113riju.<\/p>\t\t\t\t\t\t\t\t<\/div>\n\t\t\t\t\t<\/div>\n\t\t<\/div>\n\t\t\t\t\t<\/div>\n\t\t<\/section>\n\t\t\t\t<section class=\"elementor-section elementor-top-section elementor-element elementor-element-50949e8 elementor-section-boxed elementor-section-height-default elementor-section-height-default\" data-id=\"50949e8\" data-element_type=\"section\" data-e-type=\"section\">\n\t\t\t\t\t\t<div class=\"elementor-container elementor-column-gap-default\">\n\t\t\t\t\t<div class=\"elementor-column elementor-col-100 elementor-top-column elementor-element elementor-element-a9cdc08\" data-id=\"a9cdc08\" data-element_type=\"column\" data-e-type=\"column\">\n\t\t\t<div class=\"elementor-widget-wrap elementor-element-populated\">\n\t\t\t\t\t\t<div class=\"elementor-element elementor-element-1bd15dc elementor-mobile-align-center elementor-align-center elementor-widget elementor-widget-button\" data-id=\"1bd15dc\" data-element_type=\"widget\" data-e-type=\"widget\" data-widget_type=\"button.default\">\n\t\t\t\t\t\t\t\t\t\t<a class=\"elementor-button elementor-button-link elementor-size-sm\" href=\"https:\/\/skinstudio.ee\/lv\/pood\/\">\n\t\t\t\t\t\t<span class=\"elementor-button-content-wrapper\">\n\t\t\t\t\t\t\t\t\t<span class=\"elementor-button-text\">UZ VEIKALU!<\/span>\n\t\t\t\t\t<\/span>\n\t\t\t\t\t<\/a>\n\t\t\t\t\t\t\t\t<\/div>\n\t\t\t\t\t<\/div>\n\t\t<\/div>\n\t\t\t\t\t<\/div>\n\t\t<\/section>\n\t\t\t\t<\/div>\n\t\t","protected":false},"excerpt":{"rendered":"<p>\u041a\u043e\u0441\u043c\u0435\u0442\u0438\u043a\u0430 GENOSYS Genosys kosm\u0113tikas formulas ir unik\u0101la sast\u0101vda\u013cu kombin\u0101cija, kas apvieno tradicion\u0101l\u0101s korejie\u0161u medic\u012bnas sast\u0101vda\u013cas, jaun\u0101kos pept\u012bdu kompleksus un augu cilmes \u0161\u016bnas. Unik\u0101l\u0101 \u0101das atdz\u012bvin\u0101\u0161anas sist\u0113ma, kas v\u0113rsta uz vesel\u012bgu \u0161\u016bnu aug\u0161anas procesu aktiviz\u0113\u0161anu un \u0101das re\u0123ener\u0101ciju. Unik\u0101lais polipept\u012bdu savienojums \u2013 SH-Polipept\u012bds-7, kas p\u0113c darb\u012bbas rakstura ir identisks cilv\u0113ka aug\u0161anas hormoniem. Stimul\u0113jot cilmes \u0161\u016bnas, GENOSYS padara pieeju \u0101das atjauno\u0161anai ultramodernu un efekt\u012bvu. Genosys kosm\u0113tika nesatur aromatiz\u0113t\u0101jus, konservantus, alkoholu, parab\u0113nus, sint\u0113tiskos kr\u0101svielas un ir optim\u0101li sabalans\u0113ts pH l\u012bmenis. Genosys kosm\u0113tikas efektivit\u0101te vecuma izmai\u0146u kori\u0123\u0113\u0161an\u0101, aknes un hiperpigment\u0101cijas \u0101rst\u0113\u0161an\u0101 ir pier\u0101d\u012bta ar kl\u012bnisko p\u0113t\u012bjumu s\u0113riju. UZ VEIKALU!<\/p>\n","protected":false},"author":1,"featured_media":0,"parent":0,"menu_order":0,"comment_status":"closed","ping_status":"closed","template":"elementor_header_footer","meta":{"footnotes":""},"class_list":["post-25020","page","type-page","status-publish","hentry"],"acf":[],"_links":{"self":[{"href":"https:\/\/skinstudio.ee\/lv\/wp-json\/wp\/v2\/pages\/25020","targetHints":{"allow":["GET"]}}],"collection":[{"href":"https:\/\/skinstudio.ee\/lv\/wp-json\/wp\/v2\/pages"}],"about":[{"href":"https:\/\/skinstudio.ee\/lv\/wp-json\/wp\/v2\/types\/page"}],"author":[{"embeddable":true,"href":"https:\/\/skinstudio.ee\/lv\/wp-json\/wp\/v2\/users\/1"}],"replies":[{"embeddable":true,"href":"https:\/\/skinstudio.ee\/lv\/wp-json\/wp\/v2\/comments?post=25020"}],"version-history":[{"count":0,"href":"https:\/\/skinstudio.ee\/lv\/wp-json\/wp\/v2\/pages\/25020\/revisions"}],"wp:attachment":[{"href":"https:\/\/skinstudio.ee\/lv\/wp-json\/wp\/v2\/media?parent=25020"}],"curies":[{"name":"wp","href":"https:\/\/api.w.org\/{rel}","templated":true}]}}