{"id":25031,"date":"2022-11-13T12:46:41","date_gmt":"2022-11-13T12:46:41","guid":{"rendered":"https:\/\/skinstudio.ee\/james-read\/"},"modified":"2024-12-18T21:24:31","modified_gmt":"2024-12-18T21:24:31","slug":"james-read","status":"publish","type":"page","link":"https:\/\/skinstudio.ee\/lv\/james-read\/","title":{"rendered":"James Read"},"content":{"rendered":"\t\t<div data-elementor-type=\"wp-page\" data-elementor-id=\"25031\" class=\"elementor elementor-25031 elementor-217\" data-elementor-post-type=\"page\">\n\t\t\t\t\t\t<section class=\"elementor-section elementor-top-section elementor-element elementor-element-5c02ecc elementor-section-height-min-height elementor-section-items-stretch elementor-section-boxed elementor-section-height-default\" data-id=\"5c02ecc\" data-element_type=\"section\" data-e-type=\"section\" data-settings=\"{&quot;background_background&quot;:&quot;classic&quot;}\">\n\t\t\t\t\t\t<div class=\"elementor-container elementor-column-gap-default\">\n\t\t\t\t\t<div class=\"elementor-column elementor-col-50 elementor-top-column elementor-element elementor-element-4a1f252 elementor-hidden-mobile\" data-id=\"4a1f252\" data-element_type=\"column\" data-e-type=\"column\">\n\t\t\t<div class=\"elementor-widget-wrap\">\n\t\t\t\t\t\t\t<\/div>\n\t\t<\/div>\n\t\t\t\t<div class=\"elementor-column elementor-col-50 elementor-top-column elementor-element elementor-element-b865c51\" data-id=\"b865c51\" data-element_type=\"column\" data-e-type=\"column\" data-settings=\"{&quot;background_background&quot;:&quot;classic&quot;}\">\n\t\t\t<div class=\"elementor-widget-wrap elementor-element-populated\">\n\t\t\t\t\t<div class=\"elementor-background-overlay\"><\/div>\n\t\t\t\t\t\t<div class=\"elementor-element elementor-element-fff57c1 elementor-widget elementor-widget-heading\" data-id=\"fff57c1\" data-element_type=\"widget\" data-e-type=\"widget\" data-widget_type=\"heading.default\">\n\t\t\t\t\t<h1 class=\"elementor-heading-title elementor-size-default\">\u041a\u043e\u0441\u043c\u0435\u0442\u0438\u043a\u0430<br>James Read<\/h1>\t\t\t\t<\/div>\n\t\t\t\t<div class=\"elementor-element elementor-element-83f0742 elementor-widget elementor-widget-image\" data-id=\"83f0742\" data-element_type=\"widget\" data-e-type=\"widget\" data-widget_type=\"image.default\">\n\t\t\t\t\t\t\t\t\t\t\t\t\t\t\t<img decoding=\"async\" width=\"450\" height=\"56\" src=\"https:\/\/skinstudio.ee\/wp-content\/uploads\/2024\/01\/JamesReadLogo_21.png\" class=\"attachment-full size-full wp-image-25046\" alt=\"\" srcset=\"https:\/\/skinstudio.ee\/wp-content\/uploads\/2024\/01\/JamesReadLogo_21.png 450w, https:\/\/skinstudio.ee\/wp-content\/uploads\/2024\/01\/JamesReadLogo_21-300x37.png 300w, https:\/\/skinstudio.ee\/wp-content\/uploads\/2024\/01\/JamesReadLogo_21-64x8.png 64w\" sizes=\"(max-width: 450px) 100vw, 450px\" \/>\t\t\t\t\t\t\t\t\t\t\t\t\t\t\t<\/div>\n\t\t\t\t<div class=\"elementor-element elementor-element-fca1dd5 elementor-widget__width-initial elementor-widget elementor-widget-text-editor\" data-id=\"fca1dd5\" data-element_type=\"widget\" data-e-type=\"widget\" data-widget_type=\"text-editor.default\">\n\t\t\t\t\t\t\t\t\t<p>Z\u012bmols James Read izstr\u0101d\u0101ts vado\u0161ajam ekspertam pa\u0161bronzin\u0101\u0161an\u0101. Pateicoties savam unik\u0101lajam skat\u012bjumam uz pa\u0161bronzin\u0101\u0161anu, D\u017eeimss bija pirmais, kur\u0161 piev\u0113rs\u0101s \u0101das kop\u0161anai un iedegumam. Katrs produkts l\u012bnij\u0101 ir izdom\u0101ts pa\u0161\u0101 D\u017eeimsa.<\/p>\t\t\t\t\t\t\t\t<\/div>\n\t\t\t\t\t<\/div>\n\t\t<\/div>\n\t\t\t\t\t<\/div>\n\t\t<\/section>\n\t\t\t\t<section class=\"elementor-section elementor-top-section elementor-element elementor-element-fb77c61 elementor-section-stretched elementor-section-boxed elementor-section-height-default elementor-section-height-default\" data-id=\"fb77c61\" data-element_type=\"section\" data-e-type=\"section\" data-settings=\"{&quot;stretch_section&quot;:&quot;section-stretched&quot;,&quot;background_background&quot;:&quot;classic&quot;}\">\n\t\t\t\t\t\t<div class=\"elementor-container elementor-column-gap-no\">\n\t\t\t\t\t<div class=\"elementor-column elementor-col-50 elementor-top-column elementor-element elementor-element-a20d98b\" data-id=\"a20d98b\" data-element_type=\"column\" data-e-type=\"column\" data-settings=\"{&quot;background_background&quot;:&quot;classic&quot;}\">\n\t\t\t<div class=\"elementor-widget-wrap elementor-element-populated\">\n\t\t\t\t\t\t<div class=\"elementor-element elementor-element-f9f764c elementor-widget elementor-widget-text-editor\" data-id=\"f9f764c\" data-element_type=\"widget\" data-e-type=\"widget\" data-widget_type=\"text-editor.default\">\n\t\t\t\t\t\t\t\t\t<p>M\u0113s uzskat\u0101m, ka labs iedegums j\u0101b\u016bt k\u0101 laba sejas liftinga proced\u016brai \u2013 piln\u012bgi neman\u0101mam. Jums j\u0101izskat\u0101s t\u0101, it k\u0101 j\u016bs tikko b\u016btu atgriezu\u0161ies no j\u016bras vai oke\u0101na. T\u0101p\u0113c visi m\u016bsu produkti tika izstr\u0101d\u0101ti, izmantojot m\u016bsu patent\u0113to tehnolo\u0123iju Tantone, lai nodro\u0161in\u0101tu visdabisk\u0101ko izskatu. Jums nav tikai j\u0101notic m\u016bsu v\u0101rdiem! Visi m\u016bsu Tan-Ovations produkti tika p\u0101rbaud\u012bti un p\u0101rbaud\u012bti uz sarkan\u0101 pakl\u0101ja.<\/p><p>P\u0101r\u0146emot skaistumkop\u0161anas pasauli, Sleep Mask rot\u0101ja presti\u017e\u0101ko publik\u0101ciju lapas vis\u0101 pasaul\u0113. Tam ir ar\u012b nep\u0101rsp\u0113jami slaven\u012bbu fani, tostarp Cara Delevinge, Ellie Goulding un Rosie Huntington-Whiteley.<\/p><p>Inovat\u012bvais Sleep Mask Tan izstr\u0101d\u0101jums k\u013cuva par pirmo pasaul\u0113 iedeguma produktu, kur\u0101 tika izmantota D\u017eeimsa hibr\u012bd\u0101 pieeja \u0101das kop\u0161anai un pa\u0161bronzin\u0101\u0161anai.<\/p><p>James Read produkti nodro\u0161ina ne tikai dabisku iedegumu, bet ar\u012b \u0101das kop\u0161anu. Visi l\u012bdzek\u013ci satur akt\u012bvo komponentu kompleksu: no alvejas vera, kas mitrina un nomierina \u0101du, l\u012bdz sarkanaj\u0101m j\u016bras a\u013c\u0123\u0113m, kas to atjauno.<\/p>\t\t\t\t\t\t\t\t<\/div>\n\t\t\t\t\t<\/div>\n\t\t<\/div>\n\t\t\t\t<div class=\"elementor-column elementor-col-50 elementor-top-column elementor-element elementor-element-caebad0\" data-id=\"caebad0\" data-element_type=\"column\" data-e-type=\"column\">\n\t\t\t<div class=\"elementor-widget-wrap elementor-element-populated\">\n\t\t\t\t\t\t<div class=\"elementor-element elementor-element-51dca74 elementor-widget elementor-widget-image\" data-id=\"51dca74\" data-element_type=\"widget\" data-e-type=\"widget\" data-widget_type=\"image.default\">\n\t\t\t\t\t\t\t\t\t\t\t\t\t\t\t<img fetchpriority=\"high\" decoding=\"async\" width=\"720\" height=\"712\" src=\"https:\/\/skinstudio.ee\/wp-content\/uploads\/2024\/01\/img_1506-1-1.png\" class=\"attachment-full size-full wp-image-25048\" alt=\"\" srcset=\"https:\/\/skinstudio.ee\/wp-content\/uploads\/2024\/01\/img_1506-1-1.png 720w, https:\/\/skinstudio.ee\/wp-content\/uploads\/2024\/01\/img_1506-1-1-300x297.png 300w, https:\/\/skinstudio.ee\/wp-content\/uploads\/2024\/01\/img_1506-1-1-600x593.png 600w, https:\/\/skinstudio.ee\/wp-content\/uploads\/2024\/01\/img_1506-1-1-100x100.png 100w, https:\/\/skinstudio.ee\/wp-content\/uploads\/2024\/01\/img_1506-1-1-50x50.png 50w, https:\/\/skinstudio.ee\/wp-content\/uploads\/2024\/01\/img_1506-1-1-64x63.png 64w\" sizes=\"(max-width: 720px) 100vw, 720px\" \/>\t\t\t\t\t\t\t\t\t\t\t\t\t\t\t<\/div>\n\t\t\t\t\t<\/div>\n\t\t<\/div>\n\t\t\t\t\t<\/div>\n\t\t<\/section>\n\t\t\t\t<section class=\"elementor-section elementor-top-section elementor-element elementor-element-b6f4392 elementor-section-boxed elementor-section-height-default elementor-section-height-default\" data-id=\"b6f4392\" data-element_type=\"section\" data-e-type=\"section\">\n\t\t\t\t\t\t<div class=\"elementor-container elementor-column-gap-default\">\n\t\t\t\t\t<div class=\"elementor-column elementor-col-100 elementor-top-column elementor-element elementor-element-9b3db98\" data-id=\"9b3db98\" data-element_type=\"column\" data-e-type=\"column\">\n\t\t\t<div class=\"elementor-widget-wrap elementor-element-populated\">\n\t\t\t\t\t\t<div class=\"elementor-element elementor-element-44046b1 elementor-align-right elementor-mobile-align-justify elementor-widget__width-initial elementor-widget elementor-widget-button\" data-id=\"44046b1\" data-element_type=\"widget\" data-e-type=\"widget\" data-widget_type=\"button.default\">\n\t\t\t\t\t\t\t\t\t\t<a class=\"elementor-button elementor-button-link elementor-size-sm\" href=\"https:\/\/skinstudio.ee\/ru\/james-read-stat-partnyorom\/\">\n\t\t\t\t\t\t<span class=\"elementor-button-content-wrapper\">\n\t\t\t\t\t\t\t\t\t<span class=\"elementor-button-text\">K\u013c\u016bsti par partneri<\/span>\n\t\t\t\t\t<\/span>\n\t\t\t\t\t<\/a>\n\t\t\t\t\t\t\t\t<\/div>\n\t\t\t\t<div class=\"elementor-element elementor-element-b32cac3 elementor-mobile-align-justify elementor-align-left elementor-widget__width-initial elementor-widget elementor-widget-button\" data-id=\"b32cac3\" data-element_type=\"widget\" data-e-type=\"widget\" data-widget_type=\"button.default\">\n\t\t\t\t\t\t\t\t\t\t<a class=\"elementor-button elementor-button-link elementor-size-sm\" href=\"https:\/\/skinstudio.ee\/lv\/pood\/\">\n\t\t\t\t\t\t<span class=\"elementor-button-content-wrapper\">\n\t\t\t\t\t\t\t\t\t<span class=\"elementor-button-text\">UZ VEIKALU!<\/span>\n\t\t\t\t\t<\/span>\n\t\t\t\t\t<\/a>\n\t\t\t\t\t\t\t\t<\/div>\n\t\t\t\t\t<\/div>\n\t\t<\/div>\n\t\t\t\t\t<\/div>\n\t\t<\/section>\n\t\t\t\t<\/div>\n\t\t","protected":false},"excerpt":{"rendered":"<p>\u041a\u043e\u0441\u043c\u0435\u0442\u0438\u043a\u0430James Read Z\u012bmols James Read izstr\u0101d\u0101ts vado\u0161ajam ekspertam pa\u0161bronzin\u0101\u0161an\u0101. Pateicoties savam unik\u0101lajam skat\u012bjumam uz pa\u0161bronzin\u0101\u0161anu, D\u017eeimss bija pirmais, kur\u0161 piev\u0113rs\u0101s \u0101das kop\u0161anai un iedegumam. Katrs produkts l\u012bnij\u0101 ir izdom\u0101ts pa\u0161\u0101 D\u017eeimsa. M\u0113s uzskat\u0101m, ka labs iedegums j\u0101b\u016bt k\u0101 laba sejas liftinga proced\u016brai \u2013 piln\u012bgi neman\u0101mam. Jums j\u0101izskat\u0101s t\u0101, it k\u0101 j\u016bs tikko b\u016btu atgriezu\u0161ies no j\u016bras vai oke\u0101na. T\u0101p\u0113c visi m\u016bsu produkti tika izstr\u0101d\u0101ti, izmantojot m\u016bsu patent\u0113to tehnolo\u0123iju Tantone, lai nodro\u0161in\u0101tu visdabisk\u0101ko izskatu. Jums nav tikai j\u0101notic m\u016bsu v\u0101rdiem! Visi m\u016bsu Tan-Ovations produkti tika p\u0101rbaud\u012bti un p\u0101rbaud\u012bti uz sarkan\u0101 pakl\u0101ja. P\u0101r\u0146emot skaistumkop\u0161anas pasauli, Sleep Mask rot\u0101ja presti\u017e\u0101ko publik\u0101ciju lapas vis\u0101 pasaul\u0113. Tam ir ar\u012b nep\u0101rsp\u0113jami slaven\u012bbu fani, tostarp Cara Delevinge, Ellie Goulding un Rosie Huntington-Whiteley. Inovat\u012bvais Sleep Mask Tan izstr\u0101d\u0101jums k\u013cuva par pirmo pasaul\u0113 iedeguma produktu, kur\u0101 tika izmantota D\u017eeimsa hibr\u012bd\u0101 pieeja \u0101das kop\u0161anai un pa\u0161bronzin\u0101\u0161anai. James Read produkti nodro\u0161ina ne tikai dabisku iedegumu, bet ar\u012b \u0101das kop\u0161anu. Visi l\u012bdzek\u013ci satur akt\u012bvo komponentu kompleksu: no alvejas vera, kas mitrina un nomierina \u0101du, l\u012bdz sarkanaj\u0101m j\u016bras a\u013c\u0123\u0113m, kas to atjauno. K\u013c\u016bsti par partneri UZ VEIKALU!<\/p>\n","protected":false},"author":1,"featured_media":0,"parent":0,"menu_order":0,"comment_status":"closed","ping_status":"closed","template":"elementor_header_footer","meta":{"footnotes":""},"class_list":["post-25031","page","type-page","status-publish","hentry"],"acf":[],"_links":{"self":[{"href":"https:\/\/skinstudio.ee\/lv\/wp-json\/wp\/v2\/pages\/25031","targetHints":{"allow":["GET"]}}],"collection":[{"href":"https:\/\/skinstudio.ee\/lv\/wp-json\/wp\/v2\/pages"}],"about":[{"href":"https:\/\/skinstudio.ee\/lv\/wp-json\/wp\/v2\/types\/page"}],"author":[{"embeddable":true,"href":"https:\/\/skinstudio.ee\/lv\/wp-json\/wp\/v2\/users\/1"}],"replies":[{"embeddable":true,"href":"https:\/\/skinstudio.ee\/lv\/wp-json\/wp\/v2\/comments?post=25031"}],"version-history":[{"count":0,"href":"https:\/\/skinstudio.ee\/lv\/wp-json\/wp\/v2\/pages\/25031\/revisions"}],"wp:attachment":[{"href":"https:\/\/skinstudio.ee\/lv\/wp-json\/wp\/v2\/media?parent=25031"}],"curies":[{"name":"wp","href":"https:\/\/api.w.org\/{rel}","templated":true}]}}