{"id":25053,"date":"2022-11-13T12:29:43","date_gmt":"2022-11-13T12:29:43","guid":{"rendered":"https:\/\/skinstudio.ee\/filosofija-is-clinical\/"},"modified":"2024-12-18T21:30:01","modified_gmt":"2024-12-18T21:30:01","slug":"filosofija-is-clinical","status":"publish","type":"page","link":"https:\/\/skinstudio.ee\/lv\/filosofija-is-clinical\/","title":{"rendered":"IS Clinical filozofija"},"content":{"rendered":"\t\t<div data-elementor-type=\"wp-page\" data-elementor-id=\"25053\" class=\"elementor elementor-25053 elementor-207\" data-elementor-post-type=\"page\">\n\t\t\t\t\t\t<section class=\"elementor-section elementor-top-section elementor-element elementor-element-b39d184 elementor-section-height-full elementor-section-boxed elementor-section-height-default elementor-section-items-middle\" data-id=\"b39d184\" data-element_type=\"section\" data-e-type=\"section\" data-settings=\"{&quot;background_background&quot;:&quot;video&quot;,&quot;background_video_link&quot;:&quot;https:\\\/\\\/skinstudio.ee\\\/wp-content\\\/uploads\\\/2024\\\/04\\\/Cleansing_Complex_-_Animation_-_FINAL_5s.mp4&quot;,&quot;background_play_on_mobile&quot;:&quot;yes&quot;}\">\n\t\t\t\t\t\t\t\t<div class=\"elementor-background-video-container\">\n\t\t\t\t\t\t\t\t\t\t\t\t\t<video class=\"elementor-background-video-hosted\" role=\"presentation\" autoplay muted playsinline loop><\/video>\n\t\t\t\t\t\t\t\t\t\t\t<\/div>\n\t\t\t\t\t\t\t\t\t<div class=\"elementor-background-overlay\"><\/div>\n\t\t\t\t\t\t\t<div class=\"elementor-container elementor-column-gap-default\">\n\t\t\t\t\t<div class=\"elementor-column elementor-col-50 elementor-top-column elementor-element elementor-element-baf245c\" data-id=\"baf245c\" data-element_type=\"column\" data-e-type=\"column\" data-settings=\"{&quot;background_background&quot;:&quot;classic&quot;}\">\n\t\t\t<div class=\"elementor-widget-wrap elementor-element-populated\">\n\t\t\t\t\t\t<div class=\"elementor-element elementor-element-5bf63f0 elementor-widget__width-initial elementor-widget elementor-widget-heading\" data-id=\"5bf63f0\" data-element_type=\"widget\" data-e-type=\"widget\" data-widget_type=\"heading.default\">\n\t\t\t\t\t<h1 class=\"elementor-heading-title elementor-size-default\">Is Clinical\n<\/h1>\t\t\t\t<\/div>\n\t\t\t\t<div class=\"elementor-element elementor-element-9b377b1 elementor-widget__width-initial elementor-widget elementor-widget-text-editor\" data-id=\"9b377b1\" data-element_type=\"widget\" data-e-type=\"widget\" data-widget_type=\"text-editor.default\">\n\t\t\t\t\t\t\t\t\t<p>J\u016bsu \u0101da. M\u016bsu zin\u0101tne. T\u012bra \u0137\u012bmija\u00ae<\/p><p>Amerik\u0101\u0146u kosm\u0113tikas uz\u0146\u0113mums, kas ra\u017eo augst\u0101k\u0101s klases kosm\u0113tiku ar pier\u0101d\u012btiem kl\u012bniskiem un praktiskiem rezult\u0101tiem. Starptautisk\u0101 uz\u0146\u0113muma Innovative Skincare\u00ae profesion\u0101\u013cu komanda ietver speci\u0101listus augu farmakolo\u0123ij\u0101, molekul\u0101raj\u0101 biolo\u0123ij\u0101, biohimik\u0101 un medic\u012bn\u0101. Vi\u0146u kop\u012bg\u0101 darba rezult\u0101ts \u2013 noz\u012bm\u012bgi sasniegumi \u0101das kop\u0161anas un anti-noveco\u0161an\u0101s medic\u012bnas jom\u0101.<\/p>\t\t\t\t\t\t\t\t<\/div>\n\t\t\t\t\t<\/div>\n\t\t<\/div>\n\t\t\t\t<div class=\"elementor-column elementor-col-50 elementor-top-column elementor-element elementor-element-93653aa\" data-id=\"93653aa\" data-element_type=\"column\" data-e-type=\"column\">\n\t\t\t<div class=\"elementor-widget-wrap\">\n\t\t\t\t\t\t\t<\/div>\n\t\t<\/div>\n\t\t\t\t\t<\/div>\n\t\t<\/section>\n\t\t\t\t<section class=\"elementor-section elementor-top-section elementor-element elementor-element-e58911a elementor-section-boxed elementor-section-height-default elementor-section-height-default\" data-id=\"e58911a\" data-element_type=\"section\" data-e-type=\"section\">\n\t\t\t\t\t\t<div class=\"elementor-container elementor-column-gap-default\">\n\t\t\t\t\t<div class=\"elementor-column elementor-col-100 elementor-top-column elementor-element elementor-element-9c6cd7e\" data-id=\"9c6cd7e\" data-element_type=\"column\" data-e-type=\"column\">\n\t\t\t<div class=\"elementor-widget-wrap elementor-element-populated\">\n\t\t\t\t\t\t<div class=\"elementor-element elementor-element-d19344f elementor-widget__width-initial elementor-widget elementor-widget-heading\" data-id=\"d19344f\" data-element_type=\"widget\" data-e-type=\"widget\" data-widget_type=\"heading.default\">\n\t\t\t\t\t<h2 class=\"elementor-heading-title elementor-size-default\">M\u0113r\u0137is \u2014 vesel\u012bga \u0101da<\/h2>\t\t\t\t<\/div>\n\t\t\t\t<div class=\"elementor-element elementor-element-c804ca6 elementor-widget elementor-widget-text-editor\" data-id=\"c804ca6\" data-element_type=\"widget\" data-e-type=\"widget\" data-widget_type=\"text-editor.default\">\n\t\t\t\t\t\t\t\t\t<p>Innovative Skincare\u00ae pied\u0101v\u0101 kl\u012bniski p\u0101rbaud\u012btus produktus izcil\u0101 kvalit\u0101t\u0113; izmanto vismodern\u0101k\u0101s tehnolo\u0123ijas un viskvalitat\u012bv\u0101kos sast\u0101vda\u013cas, radot formulas, kas atbalsta \u0101das vesel\u012bbu un pal\u012bdz uzlabot t\u0101s izskatu.<\/p>\t\t\t\t\t\t\t\t<\/div>\n\t\t\t\t\t<\/div>\n\t\t<\/div>\n\t\t\t\t\t<\/div>\n\t\t<\/section>\n\t\t\t\t<section class=\"elementor-section elementor-top-section elementor-element elementor-element-dfd95cf elementor-section-boxed elementor-section-height-default elementor-section-height-default\" data-id=\"dfd95cf\" data-element_type=\"section\" data-e-type=\"section\">\n\t\t\t\t\t\t<div class=\"elementor-container elementor-column-gap-default\">\n\t\t\t\t\t<div class=\"elementor-column elementor-col-50 elementor-top-column elementor-element elementor-element-da6f1f0\" data-id=\"da6f1f0\" data-element_type=\"column\" data-e-type=\"column\">\n\t\t\t<div class=\"elementor-widget-wrap elementor-element-populated\">\n\t\t\t\t\t\t<div class=\"elementor-element elementor-element-2c4c6f8 elementor-widget__width-initial elementor-widget elementor-widget-heading\" data-id=\"2c4c6f8\" data-element_type=\"widget\" data-e-type=\"widget\" data-widget_type=\"heading.default\">\n\t\t\t\t\t<h2 class=\"elementor-heading-title elementor-size-default\">Augstas kvalit\u0101tes produkti<\/h2>\t\t\t\t<\/div>\n\t\t\t\t<div class=\"elementor-element elementor-element-2249e36 elementor-widget elementor-widget-text-editor\" data-id=\"2249e36\" data-element_type=\"widget\" data-e-type=\"widget\" data-widget_type=\"text-editor.default\">\n\t\t\t\t\t\t\t\t\t<p>M\u016bsu augstas kvalit\u0101tes produkti \u0101das att\u012br\u012b\u0161anai, \u0101rst\u0113\u0161anai, mitrin\u0101\u0161anai un aizsardz\u012bbai satur tikai r\u016bp\u012bgi izv\u0113l\u0113tas inovat\u012bvas sast\u0101vda\u013cas.<\/p><p>INNOVATIVE SKINCARE m\u0113r\u0137is ir izstr\u0101d\u0101t \u0101das kop\u0161anas produktus ar kl\u012bniski pier\u0101d\u012btu dro\u0161\u012bbu un efektivit\u0101ti. Tie\u0161i t\u0101p\u0113c produkti tiek pak\u013cauti neatkar\u012bgiem kl\u012bniskajiem p\u0113t\u012bjumiem. M\u016bsu speci\u0101listi r\u016bp\u012bgi analiz\u0113 test\u0113\u0161anas rezult\u0101tus un past\u0101v\u012bgi str\u0101d\u0101 pie produktu uzlabo\u0161anas.<\/p>\t\t\t\t\t\t\t\t<\/div>\n\t\t\t\t<div class=\"elementor-element elementor-element-a802ae1 elementor-hidden-desktop elementor-hidden-tablet elementor-widget elementor-widget-image\" data-id=\"a802ae1\" data-element_type=\"widget\" data-e-type=\"widget\" data-widget_type=\"image.default\">\n\t\t\t\t\t\t\t\t\t\t\t\t\t\t\t<img fetchpriority=\"high\" decoding=\"async\" width=\"800\" height=\"452\" src=\"https:\/\/skinstudio.ee\/wp-content\/uploads\/2023\/11\/is_clinical_blog_3-1-1024x578.jpg\" class=\"attachment-large size-large wp-image-25054\" alt=\"\" srcset=\"https:\/\/skinstudio.ee\/wp-content\/uploads\/2023\/11\/is_clinical_blog_3-1-1024x578.jpg 1024w, https:\/\/skinstudio.ee\/wp-content\/uploads\/2023\/11\/is_clinical_blog_3-1-300x169.jpg 300w, https:\/\/skinstudio.ee\/wp-content\/uploads\/2023\/11\/is_clinical_blog_3-1-768x434.jpg 768w, https:\/\/skinstudio.ee\/wp-content\/uploads\/2023\/11\/is_clinical_blog_3-1-1536x868.jpg 1536w, https:\/\/skinstudio.ee\/wp-content\/uploads\/2023\/11\/is_clinical_blog_3-1-scaled.jpg 2048w, https:\/\/skinstudio.ee\/wp-content\/uploads\/2023\/11\/is_clinical_blog_3-1-600x339.jpg 600w, https:\/\/skinstudio.ee\/wp-content\/uploads\/2023\/11\/is_clinical_blog_3-1-64x36.jpg 64w\" sizes=\"(max-width: 800px) 100vw, 800px\" \/>\t\t\t\t\t\t\t\t\t\t\t\t\t\t\t<\/div>\n\t\t\t\t\t<\/div>\n\t\t<\/div>\n\t\t\t\t<div class=\"elementor-column elementor-col-50 elementor-top-column elementor-element elementor-element-112ffee\" data-id=\"112ffee\" data-element_type=\"column\" data-e-type=\"column\">\n\t\t\t<div class=\"elementor-widget-wrap elementor-element-populated\">\n\t\t\t\t\t\t<div class=\"elementor-element elementor-element-7d5325d elementor-widget__width-initial elementor-widget elementor-widget-heading\" data-id=\"7d5325d\" data-element_type=\"widget\" data-e-type=\"widget\" data-widget_type=\"heading.default\">\n\t\t\t\t\t<h2 class=\"elementor-heading-title elementor-size-default\">Uz\u0146\u0113muma filozofija<\/h2>\t\t\t\t<\/div>\n\t\t\t\t<div class=\"elementor-element elementor-element-1849bce elementor-widget__width-initial elementor-widget elementor-widget-text-editor\" data-id=\"1849bce\" data-element_type=\"widget\" data-e-type=\"widget\" data-widget_type=\"text-editor.default\">\n\t\t\t\t\t\t\t\t\t<p>Uz\u0146\u0113mums iev\u0113ro visaugst\u0101kos \u0113tikas standartus, veicinot \u0101das vesel\u012bbas zin\u0101tni.<\/p><p>Uz\u0146\u0113muma misijas neat\u0146emama sast\u0101vda\u013ca ir v\u0113lme pal\u012bdz\u0113t cilv\u0113kiem. Innovative Skincare\u00ae ir dibin\u0101t\u0101ji, sponsori un partneri daudziem labdar\u012bbas projektiem. \u012apa\u0161i svar\u012bgs ir projekts iS CANCER CARE\u2122, kura m\u0113r\u0137is ir uzlabot dz\u012bves kvalit\u0101ti pacientiem, kuri \u0101rst\u0113jas no onkolo\u0123isk\u0101m slim\u012bb\u0101m.<\/p>\t\t\t\t\t\t\t\t<\/div>\n\t\t\t\t\t<\/div>\n\t\t<\/div>\n\t\t\t\t\t<\/div>\n\t\t<\/section>\n\t\t\t\t<section class=\"elementor-section elementor-top-section elementor-element elementor-element-189619a elementor-section-boxed elementor-section-height-default elementor-section-height-default\" data-id=\"189619a\" data-element_type=\"section\" data-e-type=\"section\">\n\t\t\t\t\t\t<div class=\"elementor-container elementor-column-gap-default\">\n\t\t\t\t\t<div class=\"elementor-column elementor-col-50 elementor-top-column elementor-element elementor-element-e459d8a\" data-id=\"e459d8a\" data-element_type=\"column\" data-e-type=\"column\">\n\t\t\t<div class=\"elementor-widget-wrap elementor-element-populated\">\n\t\t\t\t\t\t<div class=\"elementor-element elementor-element-ab26c7d elementor-widget__width-initial elementor-widget elementor-widget-heading\" data-id=\"ab26c7d\" data-element_type=\"widget\" data-e-type=\"widget\" data-widget_type=\"heading.default\">\n\t\t\t\t\t<h2 class=\"elementor-heading-title elementor-size-default\">Pasaules atz\u012b\u0161ana<\/h2>\t\t\t\t<\/div>\n\t\t\t\t<div class=\"elementor-element elementor-element-ee03b9c elementor-widget__width-initial elementor-widget elementor-widget-text-editor\" data-id=\"ee03b9c\" data-element_type=\"widget\" data-e-type=\"widget\" data-widget_type=\"text-editor.default\">\n\t\t\t\t\t\t\t\t\t<p>Pateicoties unik\u0101laj\u0101m kosmec\u0113v\u0113tikas \u012bpa\u0161\u012bb\u0101m, iS CLINICAL\u00ae akt\u012bvi izmanto plastikas \u0137irurgi, autoritat\u012bvi dermatologi un profesion\u0101li kosmetologi vis\u0101 pasaul\u0113.<\/p>\t\t\t\t\t\t\t\t<\/div>\n\t\t\t\t\t<\/div>\n\t\t<\/div>\n\t\t\t\t<div class=\"elementor-column elementor-col-50 elementor-top-column elementor-element elementor-element-44f271e\" data-id=\"44f271e\" data-element_type=\"column\" data-e-type=\"column\">\n\t\t\t<div class=\"elementor-widget-wrap elementor-element-populated\">\n\t\t\t\t\t\t<div class=\"elementor-element elementor-element-8e7b1b0 elementor-widget__width-initial elementor-widget elementor-widget-heading\" data-id=\"8e7b1b0\" data-element_type=\"widget\" data-e-type=\"widget\" data-widget_type=\"heading.default\">\n\t\t\t\t\t<h2 class=\"elementor-heading-title elementor-size-default\">Univers\u0101lums<\/h2>\t\t\t\t<\/div>\n\t\t\t\t<div class=\"elementor-element elementor-element-39f6c59 elementor-widget__width-initial elementor-widget elementor-widget-text-editor\" data-id=\"39f6c59\" data-element_type=\"widget\" data-e-type=\"widget\" data-widget_type=\"text-editor.default\">\n\t\t\t\t\t\t\t\t\t<p>Katrs atsevi\u0161\u0137s produkts ir multifunkcion\u0101ls un vienlaikus risina no 3 l\u012bdz 5 est\u0113tisk\u0101m probl\u0113m\u0101m, tostarp \u0101das noveco\u0161anos, hiperpigment\u0101ciju, akni, rozaceju, r\u0113tas utt. Kosmec\u0113v\u0113tika ir piem\u0113rota gan v\u012brie\u0161iem, gan sieviet\u0113m ar jebkuru \u0101das tipu.<\/p>\t\t\t\t\t\t\t\t<\/div>\n\t\t\t\t\t<\/div>\n\t\t<\/div>\n\t\t\t\t\t<\/div>\n\t\t<\/section>\n\t\t\t\t<section class=\"elementor-section elementor-top-section elementor-element elementor-element-5382c17 elementor-section-boxed elementor-section-height-default elementor-section-height-default\" data-id=\"5382c17\" data-element_type=\"section\" data-e-type=\"section\">\n\t\t\t\t\t\t<div class=\"elementor-container elementor-column-gap-default\">\n\t\t\t\t\t<div class=\"elementor-column elementor-col-50 elementor-top-column elementor-element elementor-element-6000b58\" data-id=\"6000b58\" data-element_type=\"column\" data-e-type=\"column\">\n\t\t\t<div class=\"elementor-widget-wrap elementor-element-populated\">\n\t\t\t\t\t\t<div class=\"elementor-element elementor-element-487fe9f elementor-widget__width-initial elementor-widget elementor-widget-heading\" data-id=\"487fe9f\" data-element_type=\"widget\" data-e-type=\"widget\" data-widget_type=\"heading.default\">\n\t\t\t\t\t<h2 class=\"elementor-heading-title elementor-size-default\">Efektivit\u0101te<\/h2>\t\t\t\t<\/div>\n\t\t\t\t<div class=\"elementor-element elementor-element-9ecedd5 elementor-widget__width-initial elementor-widget elementor-widget-text-editor\" data-id=\"9ecedd5\" data-element_type=\"widget\" data-e-type=\"widget\" data-widget_type=\"text-editor.default\">\n\t\t\t\t\t\t\t\t\t<p>Aug\u0161anas faktori un pept\u012bdi akt\u012bvi darbojas ar br\u012bvajiem radik\u0101\u013ciem un aizsarg\u0101 \u0161\u016bnas no jaunveidojumu un noveco\u0161an\u0101s ra\u0161an\u0101s. Kosmec\u0113v\u0113tikas izstr\u0101di iS CLINICAL\u00ae veic starptautiska ekspertu komanda augst\u0101kaj\u0101 l\u012bmen\u012b. Amerikas z\u012bmola produktos tiek izmantoti augu izcelsmes sast\u0101vda\u013cas, kas ieg\u016btas, izmantojot jaun\u0101k\u0101s tehnolo\u0123ijas, un kuru efektivit\u0101te ir zin\u0101tniski pier\u0101d\u012bta.<\/p>\t\t\t\t\t\t\t\t<\/div>\n\t\t\t\t\t<\/div>\n\t\t<\/div>\n\t\t\t\t<div class=\"elementor-column elementor-col-50 elementor-top-column elementor-element elementor-element-48d1ab6\" data-id=\"48d1ab6\" data-element_type=\"column\" data-e-type=\"column\">\n\t\t\t<div class=\"elementor-widget-wrap elementor-element-populated\">\n\t\t\t\t\t\t<div class=\"elementor-element elementor-element-9a396a7 elementor-widget__width-initial elementor-widget elementor-widget-heading\" data-id=\"9a396a7\" data-element_type=\"widget\" data-e-type=\"widget\" data-widget_type=\"heading.default\">\n\t\t\t\t\t<h2 class=\"elementor-heading-title elementor-size-default\">Dro\u0161\u012bba<\/h2>\t\t\t\t<\/div>\n\t\t\t\t<div class=\"elementor-element elementor-element-d74fee0 elementor-widget__width-initial elementor-widget elementor-widget-text-editor\" data-id=\"d74fee0\" data-element_type=\"widget\" data-e-type=\"widget\" data-widget_type=\"text-editor.default\">\n\t\t\t\t\t\t\t\t\t<p>Kosmec\u0113v\u0113tika iS CLINICAL\u00ae ir sa\u0146\u0113musi atbilst\u012bbas sertifik\u0101tu GMP noteikumiem, par kuriem atbild FDA, un ORAC p\u0113t\u012bjumi apstiprina augstu antioksidantu koncentr\u0101ciju. Produkti nesatur parab\u0113nus un neietekm\u0113 organismu sist\u0113miski.<\/p>\t\t\t\t\t\t\t\t<\/div>\n\t\t\t\t\t<\/div>\n\t\t<\/div>\n\t\t\t\t\t<\/div>\n\t\t<\/section>\n\t\t\t\t<section class=\"elementor-section elementor-top-section elementor-element elementor-element-2e59207 elementor-section-boxed elementor-section-height-default elementor-section-height-default\" data-id=\"2e59207\" data-element_type=\"section\" data-e-type=\"section\">\n\t\t\t\t\t\t<div class=\"elementor-container elementor-column-gap-default\">\n\t\t\t\t\t<div class=\"elementor-column elementor-col-100 elementor-top-column elementor-element elementor-element-f6fd90d\" data-id=\"f6fd90d\" data-element_type=\"column\" data-e-type=\"column\">\n\t\t\t<div class=\"elementor-widget-wrap elementor-element-populated\">\n\t\t\t\t\t\t<div class=\"elementor-element elementor-element-f05dec5 elementor-mobile-align-center elementor-align-center elementor-widget elementor-widget-button\" data-id=\"f05dec5\" data-element_type=\"widget\" data-e-type=\"widget\" data-widget_type=\"button.default\">\n\t\t\t\t\t\t\t\t\t\t<a class=\"elementor-button elementor-button-link elementor-size-sm\" href=\"https:\/\/skinstudio.ee\/lv\/pood\/\">\n\t\t\t\t\t\t<span class=\"elementor-button-content-wrapper\">\n\t\t\t\t\t\t\t\t\t<span class=\"elementor-button-text\">UZ VEIKALU!<\/span>\n\t\t\t\t\t<\/span>\n\t\t\t\t\t<\/a>\n\t\t\t\t\t\t\t\t<\/div>\n\t\t\t\t\t<\/div>\n\t\t<\/div>\n\t\t\t\t\t<\/div>\n\t\t<\/section>\n\t\t\t\t<\/div>\n\t\t","protected":false},"excerpt":{"rendered":"<p>Is Clinical J\u016bsu \u0101da. M\u016bsu zin\u0101tne. T\u012bra \u0137\u012bmija\u00ae Amerik\u0101\u0146u kosm\u0113tikas uz\u0146\u0113mums, kas ra\u017eo augst\u0101k\u0101s klases kosm\u0113tiku ar pier\u0101d\u012btiem kl\u012bniskiem un praktiskiem rezult\u0101tiem. Starptautisk\u0101 uz\u0146\u0113muma Innovative Skincare\u00ae profesion\u0101\u013cu komanda ietver speci\u0101listus augu farmakolo\u0123ij\u0101, molekul\u0101raj\u0101 biolo\u0123ij\u0101, biohimik\u0101 un medic\u012bn\u0101. Vi\u0146u kop\u012bg\u0101 darba rezult\u0101ts \u2013 noz\u012bm\u012bgi sasniegumi \u0101das kop\u0161anas un anti-noveco\u0161an\u0101s medic\u012bnas jom\u0101. M\u0113r\u0137is \u2014 vesel\u012bga \u0101da Innovative Skincare\u00ae pied\u0101v\u0101 kl\u012bniski p\u0101rbaud\u012btus produktus izcil\u0101 kvalit\u0101t\u0113; izmanto vismodern\u0101k\u0101s tehnolo\u0123ijas un viskvalitat\u012bv\u0101kos sast\u0101vda\u013cas, radot formulas, kas atbalsta \u0101das vesel\u012bbu un pal\u012bdz uzlabot t\u0101s izskatu. Augstas kvalit\u0101tes produkti M\u016bsu augstas kvalit\u0101tes produkti \u0101das att\u012br\u012b\u0161anai, \u0101rst\u0113\u0161anai, mitrin\u0101\u0161anai un aizsardz\u012bbai satur tikai r\u016bp\u012bgi izv\u0113l\u0113tas inovat\u012bvas sast\u0101vda\u013cas. INNOVATIVE SKINCARE m\u0113r\u0137is ir izstr\u0101d\u0101t \u0101das kop\u0161anas produktus ar kl\u012bniski pier\u0101d\u012btu dro\u0161\u012bbu un efektivit\u0101ti. Tie\u0161i t\u0101p\u0113c produkti tiek pak\u013cauti neatkar\u012bgiem kl\u012bniskajiem p\u0113t\u012bjumiem. M\u016bsu speci\u0101listi r\u016bp\u012bgi analiz\u0113 test\u0113\u0161anas rezult\u0101tus un past\u0101v\u012bgi str\u0101d\u0101 pie produktu uzlabo\u0161anas. Uz\u0146\u0113muma filozofija Uz\u0146\u0113mums iev\u0113ro visaugst\u0101kos \u0113tikas standartus, veicinot \u0101das vesel\u012bbas zin\u0101tni. Uz\u0146\u0113muma misijas neat\u0146emama sast\u0101vda\u013ca ir v\u0113lme pal\u012bdz\u0113t cilv\u0113kiem. Innovative Skincare\u00ae ir dibin\u0101t\u0101ji, sponsori un partneri daudziem labdar\u012bbas projektiem. \u012apa\u0161i svar\u012bgs ir projekts iS CANCER CARE\u2122, kura m\u0113r\u0137is ir uzlabot dz\u012bves kvalit\u0101ti pacientiem, kuri \u0101rst\u0113jas no onkolo\u0123isk\u0101m slim\u012bb\u0101m. Pasaules atz\u012b\u0161ana Pateicoties unik\u0101laj\u0101m kosmec\u0113v\u0113tikas \u012bpa\u0161\u012bb\u0101m, iS CLINICAL\u00ae akt\u012bvi izmanto plastikas \u0137irurgi, autoritat\u012bvi dermatologi un profesion\u0101li kosmetologi vis\u0101 pasaul\u0113. Univers\u0101lums Katrs atsevi\u0161\u0137s produkts ir multifunkcion\u0101ls un vienlaikus risina no 3 l\u012bdz 5 est\u0113tisk\u0101m probl\u0113m\u0101m, tostarp \u0101das noveco\u0161anos, hiperpigment\u0101ciju, akni, rozaceju, r\u0113tas utt. Kosmec\u0113v\u0113tika ir piem\u0113rota gan v\u012brie\u0161iem, gan sieviet\u0113m ar jebkuru \u0101das tipu. Efektivit\u0101te Aug\u0161anas faktori un pept\u012bdi akt\u012bvi darbojas ar br\u012bvajiem radik\u0101\u013ciem un aizsarg\u0101 \u0161\u016bnas no jaunveidojumu un noveco\u0161an\u0101s ra\u0161an\u0101s. Kosmec\u0113v\u0113tikas izstr\u0101di iS CLINICAL\u00ae veic starptautiska ekspertu komanda augst\u0101kaj\u0101 l\u012bmen\u012b. Amerikas z\u012bmola produktos tiek izmantoti augu izcelsmes sast\u0101vda\u013cas, kas ieg\u016btas, izmantojot jaun\u0101k\u0101s tehnolo\u0123ijas, un kuru efektivit\u0101te ir zin\u0101tniski pier\u0101d\u012bta. Dro\u0161\u012bba Kosmec\u0113v\u0113tika iS CLINICAL\u00ae ir sa\u0146\u0113musi atbilst\u012bbas sertifik\u0101tu GMP noteikumiem, par kuriem atbild FDA, un ORAC p\u0113t\u012bjumi apstiprina augstu antioksidantu koncentr\u0101ciju. Produkti nesatur parab\u0113nus un neietekm\u0113 organismu sist\u0113miski. UZ VEIKALU!<\/p>\n","protected":false},"author":1,"featured_media":0,"parent":0,"menu_order":0,"comment_status":"closed","ping_status":"closed","template":"elementor_header_footer","meta":{"footnotes":""},"class_list":["post-25053","page","type-page","status-publish","hentry"],"acf":[],"_links":{"self":[{"href":"https:\/\/skinstudio.ee\/lv\/wp-json\/wp\/v2\/pages\/25053","targetHints":{"allow":["GET"]}}],"collection":[{"href":"https:\/\/skinstudio.ee\/lv\/wp-json\/wp\/v2\/pages"}],"about":[{"href":"https:\/\/skinstudio.ee\/lv\/wp-json\/wp\/v2\/types\/page"}],"author":[{"embeddable":true,"href":"https:\/\/skinstudio.ee\/lv\/wp-json\/wp\/v2\/users\/1"}],"replies":[{"embeddable":true,"href":"https:\/\/skinstudio.ee\/lv\/wp-json\/wp\/v2\/comments?post=25053"}],"version-history":[{"count":0,"href":"https:\/\/skinstudio.ee\/lv\/wp-json\/wp\/v2\/pages\/25053\/revisions"}],"wp:attachment":[{"href":"https:\/\/skinstudio.ee\/lv\/wp-json\/wp\/v2\/media?parent=25053"}],"curies":[{"name":"wp","href":"https:\/\/api.w.org\/{rel}","templated":true}]}}