{"id":25060,"date":"2022-11-13T10:50:01","date_gmt":"2022-11-13T10:50:01","guid":{"rendered":"https:\/\/skinstudio.ee\/filosofija-colorescience\/"},"modified":"2024-12-18T21:33:21","modified_gmt":"2024-12-18T21:33:21","slug":"filosofija-colorescience","status":"publish","type":"page","link":"https:\/\/skinstudio.ee\/lv\/filosofija-colorescience\/","title":{"rendered":"COLORESCIENCE filozofija"},"content":{"rendered":"\t\t<div data-elementor-type=\"wp-page\" data-elementor-id=\"25060\" class=\"elementor elementor-25060 elementor-155\" data-elementor-post-type=\"page\">\n\t\t\t\t\t\t<section class=\"elementor-section elementor-top-section elementor-element elementor-element-b39d184 elementor-section-height-min-height elementor-section-boxed elementor-section-height-default elementor-section-items-middle\" data-id=\"b39d184\" data-element_type=\"section\" data-e-type=\"section\" data-settings=\"{&quot;background_background&quot;:&quot;classic&quot;}\">\n\t\t\t\t\t\t<div class=\"elementor-container elementor-column-gap-default\">\n\t\t\t\t\t<div class=\"elementor-column elementor-col-50 elementor-top-column elementor-element elementor-element-baf245c\" data-id=\"baf245c\" data-element_type=\"column\" data-e-type=\"column\" data-settings=\"{&quot;background_background&quot;:&quot;classic&quot;}\">\n\t\t\t<div class=\"elementor-widget-wrap elementor-element-populated\">\n\t\t\t\t\t<div class=\"elementor-background-overlay\"><\/div>\n\t\t\t\t\t\t<div class=\"elementor-element elementor-element-5bf63f0 elementor-widget__width-initial elementor-widget elementor-widget-heading\" data-id=\"5bf63f0\" data-element_type=\"widget\" data-e-type=\"widget\" data-widget_type=\"heading.default\">\n\t\t\t\t\t<h1 class=\"elementor-heading-title elementor-size-default\">Kosm\u0113tika COLORESCIENCE<\/h1>\t\t\t\t<\/div>\n\t\t\t\t<div class=\"elementor-element elementor-element-9b377b1 elementor-widget__width-initial elementor-widget elementor-widget-text-editor\" data-id=\"9b377b1\" data-element_type=\"widget\" data-e-type=\"widget\" data-widget_type=\"text-editor.default\">\n\t\t\t\t\t\t\t\t\t<p>Colorescience\u00ae produkti aizsarg\u0101 \u0101du no UV stariem un citiem apk\u0101rt\u0113j\u0101s vides stresa faktoriem 365 dienas gad\u0101. T\u016bksto\u0161iem \u0101rstu vis\u0101 pasaul\u0113 iesaka un person\u012bgi izmanto Colorescience\u00ae kosm\u0113tiku.<\/p>\t\t\t\t\t\t\t\t<\/div>\n\t\t\t\t\t<\/div>\n\t\t<\/div>\n\t\t\t\t<div class=\"elementor-column elementor-col-50 elementor-top-column elementor-element elementor-element-93653aa elementor-hidden-mobile\" data-id=\"93653aa\" data-element_type=\"column\" data-e-type=\"column\">\n\t\t\t<div class=\"elementor-widget-wrap\">\n\t\t\t\t\t\t\t<\/div>\n\t\t<\/div>\n\t\t\t\t\t<\/div>\n\t\t<\/section>\n\t\t\t\t<section class=\"elementor-section elementor-top-section elementor-element elementor-element-189619a elementor-reverse-mobile elementor-section-boxed elementor-section-height-default elementor-section-height-default\" data-id=\"189619a\" data-element_type=\"section\" data-e-type=\"section\">\n\t\t\t\t\t\t<div class=\"elementor-container elementor-column-gap-default\">\n\t\t\t\t\t<div class=\"elementor-column elementor-col-50 elementor-top-column elementor-element elementor-element-e459d8a\" data-id=\"e459d8a\" data-element_type=\"column\" data-e-type=\"column\">\n\t\t\t<div class=\"elementor-widget-wrap elementor-element-populated\">\n\t\t\t\t\t\t<div class=\"elementor-element elementor-element-c0ddc01 elementor-widget elementor-widget-image\" data-id=\"c0ddc01\" data-element_type=\"widget\" data-e-type=\"widget\" data-widget_type=\"image.default\">\n\t\t\t\t\t\t\t\t\t\t\t\t\t\t\t<img fetchpriority=\"high\" decoding=\"async\" width=\"1000\" height=\"1000\" src=\"https:\/\/skinstudio.ee\/wp-content\/uploads\/2024\/01\/Face-Shield-Flex-Editorial_1_Main.jpg\" class=\"attachment-full size-full wp-image-25066\" alt=\"\" srcset=\"https:\/\/skinstudio.ee\/wp-content\/uploads\/2024\/01\/Face-Shield-Flex-Editorial_1_Main.jpg 1000w, https:\/\/skinstudio.ee\/wp-content\/uploads\/2024\/01\/Face-Shield-Flex-Editorial_1_Main-300x300.jpg 300w, https:\/\/skinstudio.ee\/wp-content\/uploads\/2024\/01\/Face-Shield-Flex-Editorial_1_Main-150x150.jpg 150w, https:\/\/skinstudio.ee\/wp-content\/uploads\/2024\/01\/Face-Shield-Flex-Editorial_1_Main-768x768.jpg 768w, https:\/\/skinstudio.ee\/wp-content\/uploads\/2024\/01\/Face-Shield-Flex-Editorial_1_Main-600x600.jpg 600w, https:\/\/skinstudio.ee\/wp-content\/uploads\/2024\/01\/Face-Shield-Flex-Editorial_1_Main-100x100.jpg 100w, https:\/\/skinstudio.ee\/wp-content\/uploads\/2024\/01\/Face-Shield-Flex-Editorial_1_Main-50x50.jpg 50w, https:\/\/skinstudio.ee\/wp-content\/uploads\/2024\/01\/Face-Shield-Flex-Editorial_1_Main-64x64.jpg 64w\" sizes=\"(max-width: 1000px) 100vw, 1000px\" \/>\t\t\t\t\t\t\t\t\t\t\t\t\t\t\t<\/div>\n\t\t\t\t\t<\/div>\n\t\t<\/div>\n\t\t\t\t<div class=\"elementor-column elementor-col-50 elementor-top-column elementor-element elementor-element-b70d6d0\" data-id=\"b70d6d0\" data-element_type=\"column\" data-e-type=\"column\">\n\t\t\t<div class=\"elementor-widget-wrap elementor-element-populated\">\n\t\t\t\t\t\t<div class=\"elementor-element elementor-element-5819095 elementor-widget elementor-widget-text-editor\" data-id=\"5819095\" data-element_type=\"widget\" data-e-type=\"widget\" data-widget_type=\"text-editor.default\">\n\t\t\t\t\t\t\t\t\t<h2>M\u016aSU FILOZOFIJA<\/h2>\nColorescience\u00ae filozofija ir vienk\u0101r\u0161a. M\u016bsu misija ir rad\u012bt nevainojamu grimu, kas neliks jums izv\u0113l\u0113ties starp \u0101das vesel\u012bbu un t\u0101s est\u0113tisko skaistumu. Colorescience garant\u0113, ka j\u016bsu \u0101da var izskat\u012bties lieliski \u0161odien, r\u012bt un vienm\u0113r. K\u0101p\u0113c? Jo m\u0113s saprotam m\u016bsdienu sievietes vajadz\u012bbas. M\u0113s ar\u012b saprotam vi\u0146as galven\u0101s pras\u012bbas, tostarp v\u0113lmi viegli r\u016bp\u0113ties par savu vesel\u012bbu un skaistumu. M\u016bsu produkti ir rad\u012bti t\u0101, lai tie atbilstu m\u016bsdienu dz\u012bves ritmam un pal\u012bdz\u0113tu sievietei vienm\u0113r b\u016bt dabiski skaistai. Colorescience\u00ae produktiem uzticas, tos iesaka un person\u012bgi lieto t\u016bksto\u0161iem \u0101rstu \u2013 kosmetologu, dermatologu un plastikas \u0137irurgu. Jo \u0101das vesel\u012bb\u0101 un aizsardz\u012bb\u0101 m\u0113s neatz\u012bstam kompromisus. T\u0101p\u0113c visi m\u016bsu produkti ir 100% dro\u0161i \u0101das vesel\u012bbai un nodro\u0161ina dro\u0161u aizsardz\u012bbu pret UV stariem un citiem stresa faktoriem visus gadus.\t\t\t\t\t\t\t\t<\/div>\n\t\t\t\t\t<\/div>\n\t\t<\/div>\n\t\t\t\t\t<\/div>\n\t\t<\/section>\n\t\t\t\t<section class=\"elementor-section elementor-top-section elementor-element elementor-element-5d65871 elementor-reverse-mobile elementor-section-boxed elementor-section-height-default elementor-section-height-default\" data-id=\"5d65871\" data-element_type=\"section\" data-e-type=\"section\">\n\t\t\t\t\t\t<div class=\"elementor-container elementor-column-gap-default\">\n\t\t\t\t\t<div class=\"elementor-column elementor-col-100 elementor-top-column elementor-element elementor-element-aac8f04\" data-id=\"aac8f04\" data-element_type=\"column\" data-e-type=\"column\">\n\t\t\t<div class=\"elementor-widget-wrap elementor-element-populated\">\n\t\t\t\t\t\t<div class=\"elementor-element elementor-element-87bcd80 elementor-widget elementor-widget-text-editor\" data-id=\"87bcd80\" data-element_type=\"widget\" data-e-type=\"widget\" data-widget_type=\"text-editor.default\">\n\t\t\t\t\t\t\t\t\t<h2><span style=\"color: var(--e-global-color-text);\">M\u016aSU AT\u0160\u0136IR\u012aBA<\/span><\/h2>\nM\u016bsu at\u0161\u0137ir\u012bba ir m\u016bsu ap\u0146em\u0161an\u0101s izmantot tikai &#8220;vesel\u012bgas&#8221; sast\u0101vda\u013cas. M\u0113s esam ap\u0146\u0113mu\u0161ies izv\u0113l\u0113ties luksusa klases miner\u0101lu sast\u0101vda\u013cas. Apzin\u0101ti izmantojam augstas koncentr\u0101cijas m\u016bsu izcilaj\u0101s sast\u0101vda\u013c\u0101s, r\u016bp\u012bgi t\u0101s p\u0113tot un p\u0101rbaudot katras formulas kvalit\u0101ti. M\u0113s izgudroj\u0101m un patent\u0113j\u0101m unik\u0101lu sast\u0101vda\u013cu p\u0101rstr\u0101des procesu. Un galarezult\u0101ts bija t\u0101 v\u0113rts! Univers\u0101ls kosm\u0113tikas l\u012bdzeklis ir tik viegls, ka j\u016bsu \u0101da var br\u012bvi elpot.\n<h2>M\u016aSU UZDEVUMS<\/h2>\nM\u0113s tiecamies uzlabot dz\u012bves kvalit\u0101ti, mainot pieaugu\u0161o un b\u0113rnu ieradumus, pieradinot katru regul\u0101ri lietot saules aizsargl\u012bdzek\u013cus, padarot tos par ikdienas nepiecie\u0161am\u012bbu. Tikai tas nodro\u0161ina \u0101das vesel\u012bbu uz daudz gadiem.\t\t\t\t\t\t\t\t<\/div>\n\t\t\t\t\t<\/div>\n\t\t<\/div>\n\t\t\t\t\t<\/div>\n\t\t<\/section>\n\t\t\t\t<section class=\"elementor-section elementor-top-section elementor-element elementor-element-397d62e elementor-section-stretched elementor-section-boxed elementor-section-height-default elementor-section-height-default\" data-id=\"397d62e\" data-element_type=\"section\" data-e-type=\"section\" data-settings=\"{&quot;stretch_section&quot;:&quot;section-stretched&quot;,&quot;background_background&quot;:&quot;classic&quot;}\">\n\t\t\t\t\t\t<div class=\"elementor-container elementor-column-gap-no\">\n\t\t\t\t\t<div class=\"elementor-column elementor-col-50 elementor-top-column elementor-element elementor-element-91cb3a1\" data-id=\"91cb3a1\" data-element_type=\"column\" data-e-type=\"column\" data-settings=\"{&quot;background_background&quot;:&quot;classic&quot;}\">\n\t\t\t<div class=\"elementor-widget-wrap elementor-element-populated\">\n\t\t\t\t\t\t<div class=\"elementor-element elementor-element-4049063 elementor-widget elementor-widget-heading\" data-id=\"4049063\" data-element_type=\"widget\" data-e-type=\"widget\" data-widget_type=\"heading.default\">\n\t\t\t\t\t<h2 class=\"elementor-heading-title elementor-size-default\">FOUNDER OF COLORESCIENCE<\/h2>\t\t\t\t<\/div>\n\t\t\t\t<div class=\"elementor-element elementor-element-4cd7e53 elementor-widget elementor-widget-text-editor\" data-id=\"4cd7e53\" data-element_type=\"widget\" data-e-type=\"widget\" data-widget_type=\"text-editor.default\">\n\t\t\t\t\t\t\t\t\t<p>Diane Ranger \u2013 miner\u0101lo kosm\u0113tikas koncepta rad\u012bt\u0101ja. Ideja par kosm\u0113tiku, kas ieg\u016bta dabiski no Zemes dz\u012bl\u0113m, rad\u0101s 1970. gad\u0101. Diane Ranger miner\u0101lo kosm\u0113tikas koncepts p\u0101rveidoja visu kosm\u0113tikas industriju un populariz\u0113ja &#8220;vesel\u012bga&#8221; grima ideju.<\/p>\t\t\t\t\t\t\t\t<\/div>\n\t\t\t\t\t<\/div>\n\t\t<\/div>\n\t\t\t\t<div class=\"elementor-column elementor-col-50 elementor-top-column elementor-element elementor-element-52c08ba\" data-id=\"52c08ba\" data-element_type=\"column\" data-e-type=\"column\" data-settings=\"{&quot;background_background&quot;:&quot;classic&quot;}\">\n\t\t\t<div class=\"elementor-widget-wrap elementor-element-populated\">\n\t\t\t\t\t\t<div class=\"elementor-element elementor-element-c9651f4 elementor-widget elementor-widget-image\" data-id=\"c9651f4\" data-element_type=\"widget\" data-e-type=\"widget\" data-widget_type=\"image.default\">\n\t\t\t\t\t\t\t\t\t\t\t\t\t\t\t<img decoding=\"async\" width=\"800\" height=\"704\" src=\"https:\/\/skinstudio.ee\/wp-content\/uploads\/2024\/01\/1543004925362-e1704638707595.jpg\" class=\"attachment-full size-full wp-image-25065\" alt=\"\" srcset=\"https:\/\/skinstudio.ee\/wp-content\/uploads\/2024\/01\/1543004925362-e1704638707595.jpg 800w, https:\/\/skinstudio.ee\/wp-content\/uploads\/2024\/01\/1543004925362-e1704638707595-300x264.jpg 300w, https:\/\/skinstudio.ee\/wp-content\/uploads\/2024\/01\/1543004925362-e1704638707595-768x676.jpg 768w, https:\/\/skinstudio.ee\/wp-content\/uploads\/2024\/01\/1543004925362-e1704638707595-600x528.jpg 600w, https:\/\/skinstudio.ee\/wp-content\/uploads\/2024\/01\/1543004925362-e1704638707595-64x56.jpg 64w\" sizes=\"(max-width: 800px) 100vw, 800px\" \/>\t\t\t\t\t\t\t\t\t\t\t\t\t\t\t<\/div>\n\t\t\t\t\t<\/div>\n\t\t<\/div>\n\t\t\t\t\t<\/div>\n\t\t<\/section>\n\t\t\t\t<section class=\"elementor-section elementor-top-section elementor-element elementor-element-d73a9a0 elementor-section-boxed elementor-section-height-default elementor-section-height-default\" data-id=\"d73a9a0\" data-element_type=\"section\" data-e-type=\"section\">\n\t\t\t\t\t\t<div class=\"elementor-container elementor-column-gap-default\">\n\t\t\t\t\t<div class=\"elementor-column elementor-col-100 elementor-top-column elementor-element elementor-element-1145a3d\" data-id=\"1145a3d\" data-element_type=\"column\" data-e-type=\"column\">\n\t\t\t<div class=\"elementor-widget-wrap elementor-element-populated\">\n\t\t\t\t\t\t<div class=\"elementor-element elementor-element-de2e943 elementor-mobile-align-center elementor-align-center elementor-widget elementor-widget-button\" data-id=\"de2e943\" data-element_type=\"widget\" data-e-type=\"widget\" data-widget_type=\"button.default\">\n\t\t\t\t\t\t\t\t\t\t<a class=\"elementor-button elementor-button-link elementor-size-sm\" href=\"https:\/\/skinstudio.ee\/lv\/pood\/\">\n\t\t\t\t\t\t<span class=\"elementor-button-content-wrapper\">\n\t\t\t\t\t\t\t\t\t<span class=\"elementor-button-text\">UZ VEIKALU!<\/span>\n\t\t\t\t\t<\/span>\n\t\t\t\t\t<\/a>\n\t\t\t\t\t\t\t\t<\/div>\n\t\t\t\t\t<\/div>\n\t\t<\/div>\n\t\t\t\t\t<\/div>\n\t\t<\/section>\n\t\t\t\t<\/div>\n\t\t","protected":false},"excerpt":{"rendered":"<p>Kosm\u0113tika COLORESCIENCE Colorescience\u00ae produkti aizsarg\u0101 \u0101du no UV stariem un citiem apk\u0101rt\u0113j\u0101s vides stresa faktoriem 365 dienas gad\u0101. T\u016bksto\u0161iem \u0101rstu vis\u0101 pasaul\u0113 iesaka un person\u012bgi izmanto Colorescience\u00ae kosm\u0113tiku. M\u016aSU FILOZOFIJA Colorescience\u00ae filozofija ir vienk\u0101r\u0161a. M\u016bsu misija ir rad\u012bt nevainojamu grimu, kas neliks jums izv\u0113l\u0113ties starp \u0101das vesel\u012bbu un t\u0101s est\u0113tisko skaistumu. Colorescience garant\u0113, ka j\u016bsu \u0101da var izskat\u012bties lieliski \u0161odien, r\u012bt un vienm\u0113r. K\u0101p\u0113c? Jo m\u0113s saprotam m\u016bsdienu sievietes vajadz\u012bbas. M\u0113s ar\u012b saprotam vi\u0146as galven\u0101s pras\u012bbas, tostarp v\u0113lmi viegli r\u016bp\u0113ties par savu vesel\u012bbu un skaistumu. M\u016bsu produkti ir rad\u012bti t\u0101, lai tie atbilstu m\u016bsdienu dz\u012bves ritmam un pal\u012bdz\u0113tu sievietei vienm\u0113r b\u016bt dabiski skaistai. Colorescience\u00ae produktiem uzticas, tos iesaka un person\u012bgi lieto t\u016bksto\u0161iem \u0101rstu \u2013 kosmetologu, dermatologu un plastikas \u0137irurgu. Jo \u0101das vesel\u012bb\u0101 un aizsardz\u012bb\u0101 m\u0113s neatz\u012bstam kompromisus. T\u0101p\u0113c visi m\u016bsu produkti ir 100% dro\u0161i \u0101das vesel\u012bbai un nodro\u0161ina dro\u0161u aizsardz\u012bbu pret UV stariem un citiem stresa faktoriem visus gadus. M\u016aSU AT\u0160\u0136IR\u012aBA M\u016bsu at\u0161\u0137ir\u012bba ir m\u016bsu ap\u0146em\u0161an\u0101s izmantot tikai &#8220;vesel\u012bgas&#8221; sast\u0101vda\u013cas. M\u0113s esam ap\u0146\u0113mu\u0161ies izv\u0113l\u0113ties luksusa klases miner\u0101lu sast\u0101vda\u013cas. Apzin\u0101ti izmantojam augstas koncentr\u0101cijas m\u016bsu izcilaj\u0101s sast\u0101vda\u013c\u0101s, r\u016bp\u012bgi t\u0101s p\u0113tot un p\u0101rbaudot katras formulas kvalit\u0101ti. M\u0113s izgudroj\u0101m un patent\u0113j\u0101m unik\u0101lu sast\u0101vda\u013cu p\u0101rstr\u0101des procesu. Un galarezult\u0101ts bija t\u0101 v\u0113rts! Univers\u0101ls kosm\u0113tikas l\u012bdzeklis ir tik viegls, ka j\u016bsu \u0101da var br\u012bvi elpot. M\u016aSU UZDEVUMS M\u0113s tiecamies uzlabot dz\u012bves kvalit\u0101ti, mainot pieaugu\u0161o un b\u0113rnu ieradumus, pieradinot katru regul\u0101ri lietot saules aizsargl\u012bdzek\u013cus, padarot tos par ikdienas nepiecie\u0161am\u012bbu. Tikai tas nodro\u0161ina \u0101das vesel\u012bbu uz daudz gadiem. FOUNDER OF COLORESCIENCE Diane Ranger \u2013 miner\u0101lo kosm\u0113tikas koncepta rad\u012bt\u0101ja. Ideja par kosm\u0113tiku, kas ieg\u016bta dabiski no Zemes dz\u012bl\u0113m, rad\u0101s 1970. gad\u0101. Diane Ranger miner\u0101lo kosm\u0113tikas koncepts p\u0101rveidoja visu kosm\u0113tikas industriju un populariz\u0113ja &#8220;vesel\u012bga&#8221; grima ideju. UZ VEIKALU!<\/p>\n","protected":false},"author":1,"featured_media":0,"parent":0,"menu_order":0,"comment_status":"closed","ping_status":"closed","template":"elementor_header_footer","meta":{"footnotes":""},"class_list":["post-25060","page","type-page","status-publish","hentry"],"acf":[],"_links":{"self":[{"href":"https:\/\/skinstudio.ee\/lv\/wp-json\/wp\/v2\/pages\/25060","targetHints":{"allow":["GET"]}}],"collection":[{"href":"https:\/\/skinstudio.ee\/lv\/wp-json\/wp\/v2\/pages"}],"about":[{"href":"https:\/\/skinstudio.ee\/lv\/wp-json\/wp\/v2\/types\/page"}],"author":[{"embeddable":true,"href":"https:\/\/skinstudio.ee\/lv\/wp-json\/wp\/v2\/users\/1"}],"replies":[{"embeddable":true,"href":"https:\/\/skinstudio.ee\/lv\/wp-json\/wp\/v2\/comments?post=25060"}],"version-history":[{"count":0,"href":"https:\/\/skinstudio.ee\/lv\/wp-json\/wp\/v2\/pages\/25060\/revisions"}],"wp:attachment":[{"href":"https:\/\/skinstudio.ee\/lv\/wp-json\/wp\/v2\/media?parent=25060"}],"curies":[{"name":"wp","href":"https:\/\/api.w.org\/{rel}","templated":true}]}}