{"id":25247,"date":"2022-11-22T18:59:41","date_gmt":"2022-11-22T18:59:41","guid":{"rendered":"https:\/\/skinstudio.ee\/piling-prx-t33\/"},"modified":"2025-01-27T15:14:13","modified_gmt":"2025-01-27T15:14:13","slug":"piling-prx-t33","status":"publish","type":"page","link":"https:\/\/skinstudio.ee\/lv\/piling-prx-t33\/","title":{"rendered":"Biorevitaliz\u0101cija PRX-T33"},"content":{"rendered":"\t\t<div data-elementor-type=\"wp-page\" data-elementor-id=\"25247\" class=\"elementor elementor-25247 elementor-266\" data-elementor-post-type=\"page\">\n\t\t\t\t\t\t<section class=\"elementor-section elementor-top-section elementor-element elementor-element-a72b3c8 elementor-section-boxed elementor-section-height-default elementor-section-height-default\" data-id=\"a72b3c8\" data-element_type=\"section\" data-e-type=\"section\" data-settings=\"{&quot;background_background&quot;:&quot;classic&quot;}\">\n\t\t\t\t\t\t<div class=\"elementor-container elementor-column-gap-default\">\n\t\t\t\t\t<div class=\"elementor-column elementor-col-50 elementor-top-column elementor-element elementor-element-3d0d118\" data-id=\"3d0d118\" data-element_type=\"column\" data-e-type=\"column\" data-settings=\"{&quot;background_background&quot;:&quot;classic&quot;}\">\n\t\t\t<div class=\"elementor-widget-wrap elementor-element-populated\">\n\t\t\t\t\t\t<div class=\"elementor-element elementor-element-4aad3cc elementor-widget elementor-widget-image\" data-id=\"4aad3cc\" data-element_type=\"widget\" data-e-type=\"widget\" data-widget_type=\"image.default\">\n\t\t\t\t\t\t\t\t\t\t\t\t\t\t\t<img fetchpriority=\"high\" decoding=\"async\" width=\"1600\" height=\"1067\" src=\"https:\/\/skinstudio.ee\/wp-content\/uploads\/2023\/12\/prx-6x4-1.jpg\" class=\"attachment-full size-full wp-image-12946\" alt=\"\" srcset=\"https:\/\/skinstudio.ee\/wp-content\/uploads\/2023\/12\/prx-6x4-1.jpg 1600w, https:\/\/skinstudio.ee\/wp-content\/uploads\/2023\/12\/prx-6x4-1-300x200.jpg 300w, https:\/\/skinstudio.ee\/wp-content\/uploads\/2023\/12\/prx-6x4-1-1024x683.jpg 1024w, https:\/\/skinstudio.ee\/wp-content\/uploads\/2023\/12\/prx-6x4-1-768x512.jpg 768w, https:\/\/skinstudio.ee\/wp-content\/uploads\/2023\/12\/prx-6x4-1-1536x1024.jpg 1536w, https:\/\/skinstudio.ee\/wp-content\/uploads\/2023\/12\/prx-6x4-1-600x400.jpg 600w, https:\/\/skinstudio.ee\/wp-content\/uploads\/2023\/12\/prx-6x4-1-64x43.jpg 64w\" sizes=\"(max-width: 1600px) 100vw, 1600px\" \/>\t\t\t\t\t\t\t\t\t\t\t\t\t\t\t<\/div>\n\t\t\t\t\t<\/div>\n\t\t<\/div>\n\t\t\t\t<div class=\"elementor-column elementor-col-50 elementor-top-column elementor-element elementor-element-e51860c\" data-id=\"e51860c\" data-element_type=\"column\" data-e-type=\"column\">\n\t\t\t<div class=\"elementor-widget-wrap elementor-element-populated\">\n\t\t\t\t\t\t<div class=\"elementor-element elementor-element-0fefc4a elementor-widget__width-initial elementor-widget elementor-widget-heading\" data-id=\"0fefc4a\" data-element_type=\"widget\" data-e-type=\"widget\" data-widget_type=\"heading.default\">\n\t\t\t\t\t<h1 class=\"elementor-heading-title elementor-size-default\">Biorevitaliz\u0101cija PRX-T33\u00ae<\/h1>\t\t\t\t<\/div>\n\t\t\t\t<div class=\"elementor-element elementor-element-0ac857c elementor-widget__width-initial elementor-widget elementor-widget-text-editor\" data-id=\"0ac857c\" data-element_type=\"widget\" data-e-type=\"widget\" data-widget_type=\"text-editor.default\">\n\t\t\t\t\t\t\t\t\t<p>\u0160\u012b ir atraumatiska proced\u016bra, kas v\u0113rsta uz intens\u012bvu \u0101das atjauno\u0161anu.\u00a0<\/p><p>To var veikt jebkur\u0101 gadalaik\u0101.<\/p><p>Pateicoties unik\u0101lajai formulai, prepar\u0101ts gandr\u012bz neprasa atjauno\u0161an\u0101s periodu. Nav nek\u0101das lob\u012b\u0161an\u0101s, aps\u0101rtuma un piet\u016bkuma!<\/p><p>\u0160\u012b biorevitaliz\u0101cijas proced\u016bra stimul\u0113 kolag\u0113na ra\u017eo\u0161anu.<\/p><p>Palielina \u0101das elast\u012bbu un izl\u012bdzina sejas kr\u0101su.<\/p><p>Izl\u012bdzina grumbas, atjaunojot kapil\u0101rus, t\u0101d\u0113j\u0101di uzlabojot dermas uzturu.<\/p><p>R\u0113tas un nel\u012bdzenumi tiek &#8220;nosl\u012bp\u0113ti&#8221;, poras tiek att\u012br\u012btas.<\/p><p>Samazin\u0101s iekaisuma procesu skaits &#8211; samazin\u0101s bakt\u0113riju aktivit\u0101tes l\u012bmenis.<\/p><p>Piem\u0113rots visiem \u0101das tipiem un nav vecuma ierobe\u017eojumu.<\/p>\t\t\t\t\t\t\t\t<\/div>\n\t\t\t\t\t<\/div>\n\t\t<\/div>\n\t\t\t\t\t<\/div>\n\t\t<\/section>\n\t\t\t\t<section class=\"elementor-section elementor-top-section elementor-element elementor-element-688ff26 elementor-reverse-mobile elementor-section-boxed elementor-section-height-default elementor-section-height-default\" data-id=\"688ff26\" data-element_type=\"section\" data-e-type=\"section\" data-settings=\"{&quot;background_background&quot;:&quot;classic&quot;}\">\n\t\t\t\t\t\t<div class=\"elementor-container elementor-column-gap-default\">\n\t\t\t\t\t<div class=\"elementor-column elementor-col-50 elementor-top-column elementor-element elementor-element-f182106\" data-id=\"f182106\" data-element_type=\"column\" data-e-type=\"column\">\n\t\t\t<div class=\"elementor-widget-wrap elementor-element-populated\">\n\t\t\t\t\t\t<div class=\"elementor-element elementor-element-8cb2f71 elementor-widget__width-initial elementor-widget elementor-widget-accordion\" data-id=\"8cb2f71\" data-element_type=\"widget\" data-e-type=\"widget\" data-widget_type=\"accordion.default\">\n\t\t\t\t\t\t\t<div class=\"elementor-accordion\">\n\t\t\t\t\t\t\t<div class=\"elementor-accordion-item\">\n\t\t\t\t\t<div id=\"elementor-tab-title-1471\" class=\"elementor-tab-title\" data-tab=\"1\" role=\"button\" aria-controls=\"elementor-tab-content-1471\" aria-expanded=\"false\">\n\t\t\t\t\t\t\t\t\t\t\t\t\t<span class=\"elementor-accordion-icon elementor-accordion-icon-right\" aria-hidden=\"true\">\n\t\t\t\t\t\t\t\t\t\t\t\t\t\t\t<span class=\"elementor-accordion-icon-closed\"><svg class=\"e-font-icon-svg e-fas-plus-circle\" viewBox=\"0 0 512 512\" xmlns=\"http:\/\/www.w3.org\/2000\/svg\"><path d=\"M256 8C119 8 8 119 8 256s111 248 248 248 248-111 248-248S393 8 256 8zm144 276c0 6.6-5.4 12-12 12h-92v92c0 6.6-5.4 12-12 12h-56c-6.6 0-12-5.4-12-12v-92h-92c-6.6 0-12-5.4-12-12v-56c0-6.6 5.4-12 12-12h92v-92c0-6.6 5.4-12 12-12h56c6.6 0 12 5.4 12 12v92h92c6.6 0 12 5.4 12 12v56z\"><\/path><\/svg><\/span>\n\t\t\t\t\t\t\t\t<span class=\"elementor-accordion-icon-opened\"><svg class=\"e-font-icon-svg e-fas-minus-circle\" viewBox=\"0 0 512 512\" xmlns=\"http:\/\/www.w3.org\/2000\/svg\"><path d=\"M256 8C119 8 8 119 8 256s111 248 248 248 248-111 248-248S393 8 256 8zM124 296c-6.6 0-12-5.4-12-12v-56c0-6.6 5.4-12 12-12h264c6.6 0 12 5.4 12 12v56c0 6.6-5.4 12-12 12H124z\"><\/path><\/svg><\/span>\n\t\t\t\t\t\t\t\t\t\t\t\t\t\t<\/span>\n\t\t\t\t\t\t\t\t\t\t\t\t<a class=\"elementor-accordion-title\" tabindex=\"0\">Indik\u0101cijas<\/a>\n\t\t\t\t\t<\/div>\n\t\t\t\t\t<div id=\"elementor-tab-content-1471\" class=\"elementor-tab-content elementor-clearfix\" data-tab=\"1\" role=\"region\" aria-labelledby=\"elementor-tab-title-1471\"><ul> <li>\u0100das \u013cenganums, tonusa samazin\u0101\u0161an\u0101s<\/li> <li>M\u012bmisk\u0101s grumbas, krokas<\/li> <li>Fotonoveco\u0161an\u0101s paz\u012bmes<\/li> <li>Defekti, ko izrais\u012bjusi UV starojuma iedarb\u012bba<\/li> <li>Akne<\/li> <li>P\u0113ciekaisuma plankumi<\/li> <li>Melazma un \u0101das pigment\u0101cija<\/li> <li>Atrofiskas r\u0113tas<\/li> <li>Da\u017e\u0101das dzi\u013cuma strijas<\/li> <li>Sejas \u0101das hiperkeratoze<\/li> <\/ul><\/div>\n\t\t\t\t<\/div>\n\t\t\t\t\t\t\t<div class=\"elementor-accordion-item\">\n\t\t\t\t\t<div id=\"elementor-tab-title-1472\" class=\"elementor-tab-title\" data-tab=\"2\" role=\"button\" aria-controls=\"elementor-tab-content-1472\" aria-expanded=\"false\">\n\t\t\t\t\t\t\t\t\t\t\t\t\t<span class=\"elementor-accordion-icon elementor-accordion-icon-right\" aria-hidden=\"true\">\n\t\t\t\t\t\t\t\t\t\t\t\t\t\t\t<span class=\"elementor-accordion-icon-closed\"><svg class=\"e-font-icon-svg e-fas-plus-circle\" viewBox=\"0 0 512 512\" xmlns=\"http:\/\/www.w3.org\/2000\/svg\"><path d=\"M256 8C119 8 8 119 8 256s111 248 248 248 248-111 248-248S393 8 256 8zm144 276c0 6.6-5.4 12-12 12h-92v92c0 6.6-5.4 12-12 12h-56c-6.6 0-12-5.4-12-12v-92h-92c-6.6 0-12-5.4-12-12v-56c0-6.6 5.4-12 12-12h92v-92c0-6.6 5.4-12 12-12h56c6.6 0 12 5.4 12 12v92h92c6.6 0 12 5.4 12 12v56z\"><\/path><\/svg><\/span>\n\t\t\t\t\t\t\t\t<span class=\"elementor-accordion-icon-opened\"><svg class=\"e-font-icon-svg e-fas-minus-circle\" viewBox=\"0 0 512 512\" xmlns=\"http:\/\/www.w3.org\/2000\/svg\"><path d=\"M256 8C119 8 8 119 8 256s111 248 248 248 248-111 248-248S393 8 256 8zM124 296c-6.6 0-12-5.4-12-12v-56c0-6.6 5.4-12 12-12h264c6.6 0 12 5.4 12 12v56c0 6.6-5.4 12-12 12H124z\"><\/path><\/svg><\/span>\n\t\t\t\t\t\t\t\t\t\t\t\t\t\t<\/span>\n\t\t\t\t\t\t\t\t\t\t\t\t<a class=\"elementor-accordion-title\" tabindex=\"0\">Atjauno\u0161ana<\/a>\n\t\t\t\t\t<\/div>\n\t\t\t\t\t<div id=\"elementor-tab-content-1472\" class=\"elementor-tab-content elementor-clearfix\" data-tab=\"2\" role=\"region\" aria-labelledby=\"elementor-tab-title-1472\"><p>Pateicoties unik\u0101lajai formulai, prepar\u0101ts neprasa atjauno\u0161an\u0101s periodu. Nav lob\u012b\u0161an\u0101s, aps\u0101rtuma un piet\u016bkuma. To var veikt jebkur\u0101 gadalaik\u0101. \u0100trs un redzams rezult\u0101ts jau p\u0113c pirm\u0101s sesijas.<\/p><\/div>\n\t\t\t\t<\/div>\n\t\t\t\t\t\t\t<div class=\"elementor-accordion-item\">\n\t\t\t\t\t<div id=\"elementor-tab-title-1473\" class=\"elementor-tab-title\" data-tab=\"3\" role=\"button\" aria-controls=\"elementor-tab-content-1473\" aria-expanded=\"false\">\n\t\t\t\t\t\t\t\t\t\t\t\t\t<span class=\"elementor-accordion-icon elementor-accordion-icon-right\" aria-hidden=\"true\">\n\t\t\t\t\t\t\t\t\t\t\t\t\t\t\t<span class=\"elementor-accordion-icon-closed\"><svg class=\"e-font-icon-svg e-fas-plus-circle\" viewBox=\"0 0 512 512\" xmlns=\"http:\/\/www.w3.org\/2000\/svg\"><path d=\"M256 8C119 8 8 119 8 256s111 248 248 248 248-111 248-248S393 8 256 8zm144 276c0 6.6-5.4 12-12 12h-92v92c0 6.6-5.4 12-12 12h-56c-6.6 0-12-5.4-12-12v-92h-92c-6.6 0-12-5.4-12-12v-56c0-6.6 5.4-12 12-12h92v-92c0-6.6 5.4-12 12-12h56c6.6 0 12 5.4 12 12v92h92c6.6 0 12 5.4 12 12v56z\"><\/path><\/svg><\/span>\n\t\t\t\t\t\t\t\t<span class=\"elementor-accordion-icon-opened\"><svg class=\"e-font-icon-svg e-fas-minus-circle\" viewBox=\"0 0 512 512\" xmlns=\"http:\/\/www.w3.org\/2000\/svg\"><path d=\"M256 8C119 8 8 119 8 256s111 248 248 248 248-111 248-248S393 8 256 8zM124 296c-6.6 0-12-5.4-12-12v-56c0-6.6 5.4-12 12-12h264c6.6 0 12 5.4 12 12v56c0 6.6-5.4 12-12 12H124z\"><\/path><\/svg><\/span>\n\t\t\t\t\t\t\t\t\t\t\t\t\t\t<\/span>\n\t\t\t\t\t\t\t\t\t\t\t\t<a class=\"elementor-accordion-title\" tabindex=\"0\">Kontrindik\u0101cijas<\/a>\n\t\t\t\t\t<\/div>\n\t\t\t\t\t<div id=\"elementor-tab-content-1473\" class=\"elementor-tab-content elementor-clearfix\" data-tab=\"3\" role=\"region\" aria-labelledby=\"elementor-tab-title-1473\"><ul> <li>Dermato\u017eu saasin\u0101\u0161an\u0101s;<\/li> <li>Akt\u012bva aknes stadija, ko pavada iekaisums;<\/li> <li>Aler\u0123ija pret jebkuru PRX-T33\u00ae produktu sast\u0101vda\u013cu;<\/li> <li>Herpes akt\u012bvaj\u0101 f\u0101z\u0113;<\/li> <li>Br\u016bces iedarb\u012bbas zon\u0101;<\/li> <li>Ak\u016bti iekaisuma procesi organism\u0101;<\/li> <\/ul><\/div>\n\t\t\t\t<\/div>\n\t\t\t\t\t\t\t<div class=\"elementor-accordion-item\">\n\t\t\t\t\t<div id=\"elementor-tab-title-1474\" class=\"elementor-tab-title\" data-tab=\"4\" role=\"button\" aria-controls=\"elementor-tab-content-1474\" aria-expanded=\"false\">\n\t\t\t\t\t\t\t\t\t\t\t\t\t<span class=\"elementor-accordion-icon elementor-accordion-icon-right\" aria-hidden=\"true\">\n\t\t\t\t\t\t\t\t\t\t\t\t\t\t\t<span class=\"elementor-accordion-icon-closed\"><svg class=\"e-font-icon-svg e-fas-plus-circle\" viewBox=\"0 0 512 512\" xmlns=\"http:\/\/www.w3.org\/2000\/svg\"><path d=\"M256 8C119 8 8 119 8 256s111 248 248 248 248-111 248-248S393 8 256 8zm144 276c0 6.6-5.4 12-12 12h-92v92c0 6.6-5.4 12-12 12h-56c-6.6 0-12-5.4-12-12v-92h-92c-6.6 0-12-5.4-12-12v-56c0-6.6 5.4-12 12-12h92v-92c0-6.6 5.4-12 12-12h56c6.6 0 12 5.4 12 12v92h92c6.6 0 12 5.4 12 12v56z\"><\/path><\/svg><\/span>\n\t\t\t\t\t\t\t\t<span class=\"elementor-accordion-icon-opened\"><svg class=\"e-font-icon-svg e-fas-minus-circle\" viewBox=\"0 0 512 512\" xmlns=\"http:\/\/www.w3.org\/2000\/svg\"><path d=\"M256 8C119 8 8 119 8 256s111 248 248 248 248-111 248-248S393 8 256 8zM124 296c-6.6 0-12-5.4-12-12v-56c0-6.6 5.4-12 12-12h264c6.6 0 12 5.4 12 12v56c0 6.6-5.4 12-12 12H124z\"><\/path><\/svg><\/span>\n\t\t\t\t\t\t\t\t\t\t\t\t\t\t<\/span>\n\t\t\t\t\t\t\t\t\t\t\t\t<a class=\"elementor-accordion-title\" tabindex=\"0\">Sast\u0101vs<\/a>\n\t\t\t\t\t<\/div>\n\t\t\t\t\t<div id=\"elementor-tab-content-1474\" class=\"elementor-tab-content elementor-clearfix\" data-tab=\"4\" role=\"region\" aria-labelledby=\"elementor-tab-title-1474\">\u0160\u012bs sast\u0101vda\u013cas darbojas \u0161\u016bnu l\u012bmen\u012b, nodro\u0161inot sp\u0113c\u012bgu biorevitaliz\u0101cijas efektu, neboj\u0101jot \u0101das virs\u0113jos sl\u0101\u0146us.\n\n<h6>Trihloreti\u0137sk\u0101be 33%<\/h6> Stimul\u0113 fibroblastu aug\u0161anu un re\u0123ener\u0101ciju. Piem\u012bt pretiekaisuma iedarb\u012bba, att\u012bra poras (no \u0101das taukiem, kosm\u0113tikas atlikumiem un net\u012brumu mikroda\u013ci\u0146\u0101m), izn\u012bcina bakt\u0113rijas (kas izraisa akni), palielina dermas elast\u012bbu. <h6>\u016ade\u0146ra\u017ea peroks\u012bds 3%<\/h6> Sp\u0113c\u012bga antiseptiska iedarb\u012bba. Saskaroties ar epidermu, peroks\u012bds veicina lielu daudzumu sk\u0101bek\u013ca izdal\u012b\u0161anos, kas meh\u0101niski att\u012bra \u0101das virsmu no visiem pies\u0101r\u0146ojuma veidiem. Peroks\u012bds piepilda \u0101das \u0161\u016bnas ar t\u012bru sk\u0101bekli, pastiprinot receptoru jut\u012bgumu. <h6>Koijsk\u0101be<\/h6> Balina sejas zonu, uz kuru tiek uzkl\u0101ts sast\u0101vs. \u0160\u012bs sk\u0101bes \u0137\u012bmiskais sast\u0101vs nom\u0101c melan\u012bna ra\u017eo\u0161anu, nov\u0113r\u0161ot pigment\u0101ciju, postaknes p\u0113das, v\u0113jbakas, nelielas r\u0113tas un r\u0113tas, vasaras raibumus.<\/div>\n\t\t\t\t<\/div>\n\t\t\t\t\t\t\t<div class=\"elementor-accordion-item\">\n\t\t\t\t\t<div id=\"elementor-tab-title-1475\" class=\"elementor-tab-title\" data-tab=\"5\" role=\"button\" aria-controls=\"elementor-tab-content-1475\" aria-expanded=\"false\">\n\t\t\t\t\t\t\t\t\t\t\t\t\t<span class=\"elementor-accordion-icon elementor-accordion-icon-right\" aria-hidden=\"true\">\n\t\t\t\t\t\t\t\t\t\t\t\t\t\t\t<span class=\"elementor-accordion-icon-closed\"><svg class=\"e-font-icon-svg e-fas-plus-circle\" viewBox=\"0 0 512 512\" xmlns=\"http:\/\/www.w3.org\/2000\/svg\"><path d=\"M256 8C119 8 8 119 8 256s111 248 248 248 248-111 248-248S393 8 256 8zm144 276c0 6.6-5.4 12-12 12h-92v92c0 6.6-5.4 12-12 12h-56c-6.6 0-12-5.4-12-12v-92h-92c-6.6 0-12-5.4-12-12v-56c0-6.6 5.4-12 12-12h92v-92c0-6.6 5.4-12 12-12h56c6.6 0 12 5.4 12 12v92h92c6.6 0 12 5.4 12 12v56z\"><\/path><\/svg><\/span>\n\t\t\t\t\t\t\t\t<span class=\"elementor-accordion-icon-opened\"><svg class=\"e-font-icon-svg e-fas-minus-circle\" viewBox=\"0 0 512 512\" xmlns=\"http:\/\/www.w3.org\/2000\/svg\"><path d=\"M256 8C119 8 8 119 8 256s111 248 248 248 248-111 248-248S393 8 256 8zM124 296c-6.6 0-12-5.4-12-12v-56c0-6.6 5.4-12 12-12h264c6.6 0 12 5.4 12 12v56c0 6.6-5.4 12-12 12H124z\"><\/path><\/svg><\/span>\n\t\t\t\t\t\t\t\t\t\t\t\t\t\t<\/span>\n\t\t\t\t\t\t\t\t\t\t\t\t<a class=\"elementor-accordion-title\" tabindex=\"0\">Proced\u016bras posmi<\/a>\n\t\t\t\t\t<\/div>\n\t\t\t\t\t<div id=\"elementor-tab-content-1475\" class=\"elementor-tab-content elementor-clearfix\" data-tab=\"5\" role=\"region\" aria-labelledby=\"elementor-tab-title-1475\"><ul> <li>Iepriek\u0161\u0113ja att\u012br\u012b\u0161ana: speci\u0101lists att\u012bra seju no kosm\u0113tikas un net\u012brumiem.<\/li> <li>Sagatavo\u0161ana: kosmetologs uzkl\u0101j \u012bpa\u0161u losjonu, kas maigi iedarbojas uz lip\u012bdu barjeru, sagatavojot \u0101du biorevitalizantam PRX-T33\u00ae.<\/li> <li>Ja nepiecie\u0161ams, pirms \u0137\u012bmisko sast\u0101vu lieto\u0161anas tiek veikta meh\u0101nisk\u0101 sejas t\u012br\u012b\u0161ana.<\/li> <li>PRX-T33\u00ae p\u012blings.<\/li> <li>Viegls mas\u0101\u017ea ar mitrino\u0161iem serumiem un nomierino\u0161u masku.<\/li> <li>Proced\u016bra tiek pabeigta ar nomierino\u0161a l\u012bdzek\u013ca un atjaunojo\u0161a seruma uzkl\u0101\u0161anu, k\u0101 ar\u012b sniedzot ieteikumus turpm\u0101kai \u0101das kop\u0161anai.<\/li> <\/ul><\/div>\n\t\t\t\t<\/div>\n\t\t\t\t\t\t\t\t<\/div>\n\t\t\t\t\t\t<\/div>\n\t\t\t\t<div class=\"elementor-element elementor-element-e6a04ca elementor-widget__width-initial elementor-widget elementor-widget-text-editor\" data-id=\"e6a04ca\" data-element_type=\"widget\" data-e-type=\"widget\" data-widget_type=\"text-editor.default\">\n\t\t\t\t\t\t\t\t\t<h6><strong>Seja \u2014 125 \u20ac<\/strong><\/h6> <h6><strong>Seja + kakls \u2014 160 \u20ac<\/strong><\/h6> <h6><strong>Seja + kakls + dekolt\u0113 \u2014 180 \u20ac<\/strong><\/h6>\t\t\t\t\t\t\t\t<\/div>\n\t\t\t\t<div class=\"elementor-element elementor-element-a89e038 elementor-align-left elementor-mobile-align-center elementor-widget elementor-widget-button\" data-id=\"a89e038\" data-element_type=\"widget\" data-e-type=\"widget\" data-widget_type=\"button.default\">\n\t\t\t\t\t\t\t\t\t\t<a class=\"elementor-button elementor-button-link elementor-size-sm\" href=\"https:\/\/n1333474.alteg.io\/company\/1274186\/personal\/select-services?o=s12432243\" target=\"_blank\" rel=\"noopener\">\n\t\t\t\t\t\t<span class=\"elementor-button-content-wrapper\">\n\t\t\t\t\t\t\t\t\t<span class=\"elementor-button-text\">PIETEIKTIES<\/span>\n\t\t\t\t\t<\/span>\n\t\t\t\t\t<\/a>\n\t\t\t\t\t\t\t\t<\/div>\n\t\t\t\t\t<\/div>\n\t\t<\/div>\n\t\t\t\t<div class=\"elementor-column elementor-col-50 elementor-top-column elementor-element elementor-element-3fa3577\" data-id=\"3fa3577\" data-element_type=\"column\" data-e-type=\"column\" data-settings=\"{&quot;background_background&quot;:&quot;classic&quot;}\">\n\t\t\t<div class=\"elementor-widget-wrap elementor-element-populated\">\n\t\t\t\t\t\t<div class=\"elementor-element elementor-element-590094b elementor-widget elementor-widget-image\" data-id=\"590094b\" data-element_type=\"widget\" data-e-type=\"widget\" data-widget_type=\"image.default\">\n\t\t\t\t\t\t\t\t\t\t\t\t\t\t\t<img decoding=\"async\" width=\"858\" height=\"909\" src=\"https:\/\/skinstudio.ee\/wp-content\/uploads\/2023\/12\/zo-ultra2-e1703590055475.jpg\" class=\"attachment-full size-full wp-image-12943\" alt=\"\" srcset=\"https:\/\/skinstudio.ee\/wp-content\/uploads\/2023\/12\/zo-ultra2-e1703590055475.jpg 858w, https:\/\/skinstudio.ee\/wp-content\/uploads\/2023\/12\/zo-ultra2-e1703590055475-283x300.jpg 283w, https:\/\/skinstudio.ee\/wp-content\/uploads\/2023\/12\/zo-ultra2-e1703590055475-768x814.jpg 768w, https:\/\/skinstudio.ee\/wp-content\/uploads\/2023\/12\/zo-ultra2-e1703590055475-600x636.jpg 600w, https:\/\/skinstudio.ee\/wp-content\/uploads\/2023\/12\/zo-ultra2-e1703590055475-64x68.jpg 64w\" sizes=\"(max-width: 858px) 100vw, 858px\" \/>\t\t\t\t\t\t\t\t\t\t\t\t\t\t\t<\/div>\n\t\t\t\t\t<\/div>\n\t\t<\/div>\n\t\t\t\t\t<\/div>\n\t\t<\/section>\n\t\t\t\t<\/div>\n\t\t","protected":false},"excerpt":{"rendered":"<p>Biorevitaliz\u0101cija PRX-T33\u00ae \u0160\u012b ir atraumatiska proced\u016bra, kas v\u0113rsta uz intens\u012bvu \u0101das atjauno\u0161anu.\u00a0 To var veikt jebkur\u0101 gadalaik\u0101. Pateicoties unik\u0101lajai formulai, prepar\u0101ts gandr\u012bz neprasa atjauno\u0161an\u0101s periodu. Nav nek\u0101das lob\u012b\u0161an\u0101s, aps\u0101rtuma un piet\u016bkuma! \u0160\u012b biorevitaliz\u0101cijas proced\u016bra stimul\u0113 kolag\u0113na ra\u017eo\u0161anu. Palielina \u0101das elast\u012bbu un izl\u012bdzina sejas kr\u0101su. Izl\u012bdzina grumbas, atjaunojot kapil\u0101rus, t\u0101d\u0113j\u0101di uzlabojot dermas uzturu. R\u0113tas un nel\u012bdzenumi tiek &#8220;nosl\u012bp\u0113ti&#8221;, poras tiek att\u012br\u012btas. Samazin\u0101s iekaisuma procesu skaits &#8211; samazin\u0101s bakt\u0113riju aktivit\u0101tes l\u012bmenis. Piem\u0113rots visiem \u0101das tipiem un nav vecuma ierobe\u017eojumu. Indik\u0101cijas \u0100das \u013cenganums, tonusa samazin\u0101\u0161an\u0101s M\u012bmisk\u0101s grumbas, krokas Fotonoveco\u0161an\u0101s paz\u012bmes Defekti, ko izrais\u012bjusi UV starojuma iedarb\u012bba Akne P\u0113ciekaisuma plankumi Melazma un \u0101das pigment\u0101cija Atrofiskas r\u0113tas Da\u017e\u0101das dzi\u013cuma strijas Sejas \u0101das hiperkeratoze Atjauno\u0161ana Pateicoties unik\u0101lajai formulai, prepar\u0101ts neprasa atjauno\u0161an\u0101s periodu. Nav lob\u012b\u0161an\u0101s, aps\u0101rtuma un piet\u016bkuma. To var veikt jebkur\u0101 gadalaik\u0101. \u0100trs un redzams rezult\u0101ts jau p\u0113c pirm\u0101s sesijas. Kontrindik\u0101cijas Dermato\u017eu saasin\u0101\u0161an\u0101s; Akt\u012bva aknes stadija, ko pavada iekaisums; Aler\u0123ija pret jebkuru PRX-T33\u00ae produktu sast\u0101vda\u013cu; Herpes akt\u012bvaj\u0101 f\u0101z\u0113; Br\u016bces iedarb\u012bbas zon\u0101; Ak\u016bti iekaisuma procesi organism\u0101; Sast\u0101vs \u0160\u012bs sast\u0101vda\u013cas darbojas \u0161\u016bnu l\u012bmen\u012b, nodro\u0161inot sp\u0113c\u012bgu biorevitaliz\u0101cijas efektu, neboj\u0101jot \u0101das virs\u0113jos sl\u0101\u0146us. Trihloreti\u0137sk\u0101be 33% Stimul\u0113 fibroblastu aug\u0161anu un re\u0123ener\u0101ciju. Piem\u012bt pretiekaisuma iedarb\u012bba, att\u012bra poras (no \u0101das taukiem, kosm\u0113tikas atlikumiem un net\u012brumu mikroda\u013ci\u0146\u0101m), izn\u012bcina bakt\u0113rijas (kas izraisa akni), palielina dermas elast\u012bbu. \u016ade\u0146ra\u017ea peroks\u012bds 3% Sp\u0113c\u012bga antiseptiska iedarb\u012bba. Saskaroties ar epidermu, peroks\u012bds veicina lielu daudzumu sk\u0101bek\u013ca izdal\u012b\u0161anos, kas meh\u0101niski att\u012bra \u0101das virsmu no visiem pies\u0101r\u0146ojuma veidiem. Peroks\u012bds piepilda \u0101das \u0161\u016bnas ar t\u012bru sk\u0101bekli, pastiprinot receptoru jut\u012bgumu. Koijsk\u0101be Balina sejas zonu, uz kuru tiek uzkl\u0101ts sast\u0101vs. \u0160\u012bs sk\u0101bes \u0137\u012bmiskais sast\u0101vs nom\u0101c melan\u012bna ra\u017eo\u0161anu, nov\u0113r\u0161ot pigment\u0101ciju, postaknes p\u0113das, v\u0113jbakas, nelielas r\u0113tas un r\u0113tas, vasaras raibumus. Proced\u016bras posmi Iepriek\u0161\u0113ja att\u012br\u012b\u0161ana: speci\u0101lists att\u012bra seju no kosm\u0113tikas un net\u012brumiem. Sagatavo\u0161ana: kosmetologs uzkl\u0101j \u012bpa\u0161u losjonu, kas maigi iedarbojas uz lip\u012bdu barjeru, sagatavojot \u0101du biorevitalizantam PRX-T33\u00ae. Ja nepiecie\u0161ams, pirms \u0137\u012bmisko sast\u0101vu lieto\u0161anas tiek veikta meh\u0101nisk\u0101 sejas t\u012br\u012b\u0161ana. PRX-T33\u00ae p\u012blings. Viegls mas\u0101\u017ea ar mitrino\u0161iem serumiem un nomierino\u0161u masku. Proced\u016bra tiek pabeigta ar nomierino\u0161a l\u012bdzek\u013ca un atjaunojo\u0161a seruma uzkl\u0101\u0161anu, k\u0101 ar\u012b sniedzot ieteikumus turpm\u0101kai \u0101das kop\u0161anai. Seja \u2014 125 \u20ac Seja + kakls \u2014 160 \u20ac Seja + kakls + dekolt\u0113 \u2014 180 \u20ac PIETEIKTIES<\/p>\n","protected":false},"author":1,"featured_media":0,"parent":0,"menu_order":0,"comment_status":"closed","ping_status":"closed","template":"elementor_header_footer","meta":{"footnotes":""},"class_list":["post-25247","page","type-page","status-publish","hentry"],"acf":[],"_links":{"self":[{"href":"https:\/\/skinstudio.ee\/lv\/wp-json\/wp\/v2\/pages\/25247","targetHints":{"allow":["GET"]}}],"collection":[{"href":"https:\/\/skinstudio.ee\/lv\/wp-json\/wp\/v2\/pages"}],"about":[{"href":"https:\/\/skinstudio.ee\/lv\/wp-json\/wp\/v2\/types\/page"}],"author":[{"embeddable":true,"href":"https:\/\/skinstudio.ee\/lv\/wp-json\/wp\/v2\/users\/1"}],"replies":[{"embeddable":true,"href":"https:\/\/skinstudio.ee\/lv\/wp-json\/wp\/v2\/comments?post=25247"}],"version-history":[{"count":0,"href":"https:\/\/skinstudio.ee\/lv\/wp-json\/wp\/v2\/pages\/25247\/revisions"}],"wp:attachment":[{"href":"https:\/\/skinstudio.ee\/lv\/wp-json\/wp\/v2\/media?parent=25247"}],"curies":[{"name":"wp","href":"https:\/\/api.w.org\/{rel}","templated":true}]}}