{"id":25256,"date":"2022-11-13T10:25:20","date_gmt":"2022-11-13T10:25:20","guid":{"rendered":"https:\/\/skinstudio.ee\/zhidkij-lazer\/"},"modified":"2025-01-27T15:21:56","modified_gmt":"2025-01-27T15:21:56","slug":"zhidkij-lazer","status":"publish","type":"page","link":"https:\/\/skinstudio.ee\/lv\/zhidkij-lazer\/","title":{"rendered":"\u0160\u0137idrais l\u0101zers"},"content":{"rendered":"\t\t<div data-elementor-type=\"wp-page\" data-elementor-id=\"25256\" class=\"elementor elementor-25256 elementor-124\" data-elementor-post-type=\"page\">\n\t\t\t\t\t\t<section class=\"elementor-section elementor-top-section elementor-element elementor-element-86861be elementor-section-boxed elementor-section-height-default elementor-section-height-default\" data-id=\"86861be\" data-element_type=\"section\" data-e-type=\"section\" data-settings=\"{&quot;background_background&quot;:&quot;classic&quot;}\">\n\t\t\t\t\t\t<div class=\"elementor-container elementor-column-gap-default\">\n\t\t\t\t\t<div class=\"elementor-column elementor-col-50 elementor-top-column elementor-element elementor-element-859e061\" data-id=\"859e061\" data-element_type=\"column\" data-e-type=\"column\" data-settings=\"{&quot;background_background&quot;:&quot;classic&quot;}\">\n\t\t\t<div class=\"elementor-widget-wrap elementor-element-populated\">\n\t\t\t\t\t\t<div class=\"elementor-element elementor-element-d64c4d2 elementor-widget elementor-widget-image\" data-id=\"d64c4d2\" data-element_type=\"widget\" data-e-type=\"widget\" data-widget_type=\"image.default\">\n\t\t\t\t\t\t\t\t\t\t\t\t\t\t\t<img fetchpriority=\"high\" decoding=\"async\" width=\"1600\" height=\"1068\" src=\"https:\/\/skinstudio.ee\/wp-content\/uploads\/2022\/11\/vedel-laser.webp\" class=\"attachment-full size-full wp-image-25257\" alt=\"\" srcset=\"https:\/\/skinstudio.ee\/wp-content\/uploads\/2022\/11\/vedel-laser.webp 1600w, https:\/\/skinstudio.ee\/wp-content\/uploads\/2022\/11\/vedel-laser-600x401.webp 600w, https:\/\/skinstudio.ee\/wp-content\/uploads\/2022\/11\/vedel-laser-300x200.webp 300w, https:\/\/skinstudio.ee\/wp-content\/uploads\/2022\/11\/vedel-laser-1024x684.webp 1024w, https:\/\/skinstudio.ee\/wp-content\/uploads\/2022\/11\/vedel-laser-768x513.webp 768w, https:\/\/skinstudio.ee\/wp-content\/uploads\/2022\/11\/vedel-laser-1536x1025.webp 1536w\" sizes=\"(max-width: 1600px) 100vw, 1600px\" \/>\t\t\t\t\t\t\t\t\t\t\t\t\t\t\t<\/div>\n\t\t\t\t\t<\/div>\n\t\t<\/div>\n\t\t\t\t<div class=\"elementor-column elementor-col-50 elementor-top-column elementor-element elementor-element-df8c7d4\" data-id=\"df8c7d4\" data-element_type=\"column\" data-e-type=\"column\">\n\t\t\t<div class=\"elementor-widget-wrap elementor-element-populated\">\n\t\t\t\t\t\t<div class=\"elementor-element elementor-element-edf39d9 elementor-widget__width-initial elementor-widget elementor-widget-heading\" data-id=\"edf39d9\" data-element_type=\"widget\" data-e-type=\"widget\" data-widget_type=\"heading.default\">\n\t\t\t\t\t<h2 class=\"elementor-heading-title elementor-size-default\">\u0160\u0137idrais l\u0101zers<\/h2>\t\t\t\t<\/div>\n\t\t\t\t<div class=\"elementor-element elementor-element-ce1209f elementor-widget__width-initial elementor-widget elementor-widget-text-editor\" data-id=\"ce1209f\" data-element_type=\"widget\" data-e-type=\"widget\" data-widget_type=\"text-editor.default\">\n\t\t\t\t\t\t\t\t\t<p>\u0160\u012b ir kosm\u0113tisk\u0101 proced\u016bra, kas ietver daudzk\u0101rt\u0113ju epidermas aug\u0161\u0113jo sl\u0101\u0146u caurdur\u0161anu ar smalk\u0101m adat\u0101m.<\/p><p>Mikron\u012bdlinga proced\u016bra veicina dzi\u013c\u0101ku biorevitalizatora PRX-T33 iek\u013c\u016b\u0161anu, t\u0101d\u0113j\u0101di pastiprinot biorevitaliz\u0101cijas efektu.<\/p><p>\u0160\u012b tehnika \u013cauj kori\u0123\u0113t: atrofiskas \u0101das izmai\u0146as un r\u0113tas, izl\u012bdzina sejas kr\u0101su, iev\u0113rojami sa\u0161aurina papla\u0161in\u0101tas poras, nodro\u0161ina intens\u012bvu liftingu visgr\u016bt\u0101kaj\u0101s zon\u0101s, c\u012bn\u0101s ar \u0101das \u013cenganumu.<\/p><p>Rezult\u0101t\u0101 m\u0113s ieg\u016bstam gludu, porcel\u0101na \u0101du ar vienm\u0113r\u012bgu toni un tekst\u016bru.<\/p><p>Lai pastiprin\u0101tu rezult\u0101tu, tiek pievienots mezokokteilis, kas tiek individu\u0101li sast\u0101d\u012bts katram pacientam.<\/p><p>Ieteicamais kurss:<\/p><p>To nosaka speci\u0101lists individu\u0101li atkar\u012bb\u0101 no \u0101das probl\u0113m\u0101m, uz kur\u0101m ir v\u0113rsta iedarb\u012bba.<\/p><p>Proced\u016bras ilgums 60-90 min\u016btes.\u00a0<\/p>\t\t\t\t\t\t\t\t<\/div>\n\t\t\t\t<div class=\"elementor-element elementor-element-fa4829b elementor-widget__width-initial elementor-widget elementor-widget-accordion\" data-id=\"fa4829b\" data-element_type=\"widget\" data-e-type=\"widget\" data-widget_type=\"accordion.default\">\n\t\t\t\t\t\t\t<div class=\"elementor-accordion\">\n\t\t\t\t\t\t\t<div class=\"elementor-accordion-item\">\n\t\t\t\t\t<div id=\"elementor-tab-title-2621\" class=\"elementor-tab-title\" data-tab=\"1\" role=\"button\" aria-controls=\"elementor-tab-content-2621\" aria-expanded=\"false\">\n\t\t\t\t\t\t\t\t\t\t\t\t\t<span class=\"elementor-accordion-icon elementor-accordion-icon-right\" aria-hidden=\"true\">\n\t\t\t\t\t\t\t\t\t\t\t\t\t\t\t<span class=\"elementor-accordion-icon-closed\"><svg class=\"e-font-icon-svg e-fas-plus-circle\" viewBox=\"0 0 512 512\" xmlns=\"http:\/\/www.w3.org\/2000\/svg\"><path d=\"M256 8C119 8 8 119 8 256s111 248 248 248 248-111 248-248S393 8 256 8zm144 276c0 6.6-5.4 12-12 12h-92v92c0 6.6-5.4 12-12 12h-56c-6.6 0-12-5.4-12-12v-92h-92c-6.6 0-12-5.4-12-12v-56c0-6.6 5.4-12 12-12h92v-92c0-6.6 5.4-12 12-12h56c6.6 0 12 5.4 12 12v92h92c6.6 0 12 5.4 12 12v56z\"><\/path><\/svg><\/span>\n\t\t\t\t\t\t\t\t<span class=\"elementor-accordion-icon-opened\"><svg class=\"e-font-icon-svg e-fas-minus-circle\" viewBox=\"0 0 512 512\" xmlns=\"http:\/\/www.w3.org\/2000\/svg\"><path d=\"M256 8C119 8 8 119 8 256s111 248 248 248 248-111 248-248S393 8 256 8zM124 296c-6.6 0-12-5.4-12-12v-56c0-6.6 5.4-12 12-12h264c6.6 0 12 5.4 12 12v56c0 6.6-5.4 12-12 12H124z\"><\/path><\/svg><\/span>\n\t\t\t\t\t\t\t\t\t\t\t\t\t\t<\/span>\n\t\t\t\t\t\t\t\t\t\t\t\t<a class=\"elementor-accordion-title\" tabindex=\"0\">Proced\u016bras indik\u0101cijas<\/a>\n\t\t\t\t\t<\/div>\n\t\t\t\t\t<div id=\"elementor-tab-content-2621\" class=\"elementor-tab-content elementor-clearfix\" data-tab=\"1\" role=\"region\" aria-labelledby=\"elementor-tab-title-2621\"><ul> <li>\u0100das \u013cenganums, tonusa samazin\u0101\u0161an\u0101s<\/li> <li>P\u0113ciekaisuma plankumi<\/li> <li>Papla\u0161in\u0101tas poras<\/li> <li>\u0100das fotonoveco\u0161an\u0101s<\/li> <li>Melazma un \u0101das pigment\u0101cija<\/li> <li>Atrofiskas r\u0113tas<\/li> <li>Da\u017e\u0101das dzi\u013cuma strijas<\/li> <li>Sejas \u0101das hiperkeratoze<\/li> <\/ul><\/div>\n\t\t\t\t<\/div>\n\t\t\t\t\t\t\t<div class=\"elementor-accordion-item\">\n\t\t\t\t\t<div id=\"elementor-tab-title-2622\" class=\"elementor-tab-title\" data-tab=\"2\" role=\"button\" aria-controls=\"elementor-tab-content-2622\" aria-expanded=\"false\">\n\t\t\t\t\t\t\t\t\t\t\t\t\t<span class=\"elementor-accordion-icon elementor-accordion-icon-right\" aria-hidden=\"true\">\n\t\t\t\t\t\t\t\t\t\t\t\t\t\t\t<span class=\"elementor-accordion-icon-closed\"><svg class=\"e-font-icon-svg e-fas-plus-circle\" viewBox=\"0 0 512 512\" xmlns=\"http:\/\/www.w3.org\/2000\/svg\"><path d=\"M256 8C119 8 8 119 8 256s111 248 248 248 248-111 248-248S393 8 256 8zm144 276c0 6.6-5.4 12-12 12h-92v92c0 6.6-5.4 12-12 12h-56c-6.6 0-12-5.4-12-12v-92h-92c-6.6 0-12-5.4-12-12v-56c0-6.6 5.4-12 12-12h92v-92c0-6.6 5.4-12 12-12h56c6.6 0 12 5.4 12 12v92h92c6.6 0 12 5.4 12 12v56z\"><\/path><\/svg><\/span>\n\t\t\t\t\t\t\t\t<span class=\"elementor-accordion-icon-opened\"><svg class=\"e-font-icon-svg e-fas-minus-circle\" viewBox=\"0 0 512 512\" xmlns=\"http:\/\/www.w3.org\/2000\/svg\"><path d=\"M256 8C119 8 8 119 8 256s111 248 248 248 248-111 248-248S393 8 256 8zM124 296c-6.6 0-12-5.4-12-12v-56c0-6.6 5.4-12 12-12h264c6.6 0 12 5.4 12 12v56c0 6.6-5.4 12-12 12H124z\"><\/path><\/svg><\/span>\n\t\t\t\t\t\t\t\t\t\t\t\t\t\t<\/span>\n\t\t\t\t\t\t\t\t\t\t\t\t<a class=\"elementor-accordion-title\" tabindex=\"0\">Atjauno\u0161ana<\/a>\n\t\t\t\t\t<\/div>\n\t\t\t\t\t<div id=\"elementor-tab-content-2622\" class=\"elementor-tab-content elementor-clearfix\" data-tab=\"2\" role=\"region\" aria-labelledby=\"elementor-tab-title-2622\"><p>\u012ass rehabilit\u0101cijas laiks (vid\u0113ji l\u012bdz 48 stund\u0101m)<\/p><p>\u0100rst\u0113\u0161anas zona p\u0113c proced\u016bras var b\u016bt sarkana un silta, ta\u010du liel\u0101kajai da\u013cai pacientu erit\u0113mas samazin\u0101\u0161an\u0101s tiek nov\u0113rota jau p\u0113c da\u017e\u0101m stund\u0101m.<\/p><ul><li>Divu ned\u0113\u013cu laik\u0101 nedr\u012bkst sau\u013coties un apmekl\u0113t sol\u0101riju<\/li><li>Nav ieteicams lietot kosm\u0113tikas l\u012bdzek\u013cus 12 stundu laik\u0101<\/li><li>24 stundu laik\u0101 j\u0101izvair\u0101s no alkohola lieto\u0161anas<\/li><li>Ned\u0113\u013cu nedr\u012bkst apmekl\u0113t saunu<\/li><li>Divu ned\u0113\u013cu laik\u0101 j\u0101izvair\u0101s no sp\u0113c\u012bg\u0101m sejas proced\u016br\u0101m<\/li><\/ul><p><br \/>Rezult\u0101ts p\u0113c terapijas saglab\u0101jas pietiekami ilgu laiku. Dabisk\u0101 dziedin\u0101\u0161anas procesa d\u0113\u013c rezult\u0101ti turpin\u0101s uzlaboties vair\u0101kas ned\u0113\u013cas p\u0113c \u0101rst\u0113\u0161anas, un optim\u0101lie rezult\u0101ti b\u016bs redzami aptuveni 2-3 m\u0113ne\u0161us p\u0113c p\u0113d\u0113j\u0101s \u0101rst\u0113\u0161anas sesijas.<\/p><\/div>\n\t\t\t\t<\/div>\n\t\t\t\t\t\t\t<div class=\"elementor-accordion-item\">\n\t\t\t\t\t<div id=\"elementor-tab-title-2623\" class=\"elementor-tab-title\" data-tab=\"3\" role=\"button\" aria-controls=\"elementor-tab-content-2623\" aria-expanded=\"false\">\n\t\t\t\t\t\t\t\t\t\t\t\t\t<span class=\"elementor-accordion-icon elementor-accordion-icon-right\" aria-hidden=\"true\">\n\t\t\t\t\t\t\t\t\t\t\t\t\t\t\t<span class=\"elementor-accordion-icon-closed\"><svg class=\"e-font-icon-svg e-fas-plus-circle\" viewBox=\"0 0 512 512\" xmlns=\"http:\/\/www.w3.org\/2000\/svg\"><path d=\"M256 8C119 8 8 119 8 256s111 248 248 248 248-111 248-248S393 8 256 8zm144 276c0 6.6-5.4 12-12 12h-92v92c0 6.6-5.4 12-12 12h-56c-6.6 0-12-5.4-12-12v-92h-92c-6.6 0-12-5.4-12-12v-56c0-6.6 5.4-12 12-12h92v-92c0-6.6 5.4-12 12-12h56c6.6 0 12 5.4 12 12v92h92c6.6 0 12 5.4 12 12v56z\"><\/path><\/svg><\/span>\n\t\t\t\t\t\t\t\t<span class=\"elementor-accordion-icon-opened\"><svg class=\"e-font-icon-svg e-fas-minus-circle\" viewBox=\"0 0 512 512\" xmlns=\"http:\/\/www.w3.org\/2000\/svg\"><path d=\"M256 8C119 8 8 119 8 256s111 248 248 248 248-111 248-248S393 8 256 8zM124 296c-6.6 0-12-5.4-12-12v-56c0-6.6 5.4-12 12-12h264c6.6 0 12 5.4 12 12v56c0 6.6-5.4 12-12 12H124z\"><\/path><\/svg><\/span>\n\t\t\t\t\t\t\t\t\t\t\t\t\t\t<\/span>\n\t\t\t\t\t\t\t\t\t\t\t\t<a class=\"elementor-accordion-title\" tabindex=\"0\">Kontrindik\u0101cijas<\/a>\n\t\t\t\t\t<\/div>\n\t\t\t\t\t<div id=\"elementor-tab-content-2623\" class=\"elementor-tab-content elementor-clearfix\" data-tab=\"3\" role=\"region\" aria-labelledby=\"elementor-tab-title-2623\"><ul> <li>Asins rec\u0113\u0161anas trauc\u0113jumi<\/li> <li>Boj\u0101ta, kairin\u0101ta vai infic\u0113ta \u0101da<\/li> <li>Herpes akt\u012bvaj\u0101 f\u0101z\u0113<\/li> <li>Akne<\/li> <li>Gr\u016btniec\u012bba un z\u012bd\u012b\u0161ana<\/li> <li>V\u012brusu un s\u0113n\u012b\u0161u \u0101das slim\u012bbas<\/li> <li>Cukura diab\u0113ts<\/li> <li>Br\u016bces iedarb\u012bbas zon\u0101<\/li> <li>Onkolo\u0123isk\u0101s slim\u012bbas, epilepsija, psihisk\u0101s slim\u012bbas<\/li> <li>Ak\u016bti iekaisuma procesi organism\u0101<\/li> <\/ul>\n\nSpeci\u0101lists r\u016bp\u012bgi nov\u0113rt\u0113s j\u016bsu \u0101du, lai noteiktu, vai esat kandid\u0101ts, un pirms \u0101rst\u0113\u0161anas detaliz\u0113ti izskaidros proced\u016bru, riskus un priek\u0161roc\u012bbas.<\/div>\n\t\t\t\t<\/div>\n\t\t\t\t\t\t\t<div class=\"elementor-accordion-item\">\n\t\t\t\t\t<div id=\"elementor-tab-title-2624\" class=\"elementor-tab-title\" data-tab=\"4\" role=\"button\" aria-controls=\"elementor-tab-content-2624\" aria-expanded=\"false\">\n\t\t\t\t\t\t\t\t\t\t\t\t\t<span class=\"elementor-accordion-icon elementor-accordion-icon-right\" aria-hidden=\"true\">\n\t\t\t\t\t\t\t\t\t\t\t\t\t\t\t<span class=\"elementor-accordion-icon-closed\"><svg class=\"e-font-icon-svg e-fas-plus-circle\" viewBox=\"0 0 512 512\" xmlns=\"http:\/\/www.w3.org\/2000\/svg\"><path d=\"M256 8C119 8 8 119 8 256s111 248 248 248 248-111 248-248S393 8 256 8zm144 276c0 6.6-5.4 12-12 12h-92v92c0 6.6-5.4 12-12 12h-56c-6.6 0-12-5.4-12-12v-92h-92c-6.6 0-12-5.4-12-12v-56c0-6.6 5.4-12 12-12h92v-92c0-6.6 5.4-12 12-12h56c6.6 0 12 5.4 12 12v92h92c6.6 0 12 5.4 12 12v56z\"><\/path><\/svg><\/span>\n\t\t\t\t\t\t\t\t<span class=\"elementor-accordion-icon-opened\"><svg class=\"e-font-icon-svg e-fas-minus-circle\" viewBox=\"0 0 512 512\" xmlns=\"http:\/\/www.w3.org\/2000\/svg\"><path d=\"M256 8C119 8 8 119 8 256s111 248 248 248 248-111 248-248S393 8 256 8zM124 296c-6.6 0-12-5.4-12-12v-56c0-6.6 5.4-12 12-12h264c6.6 0 12 5.4 12 12v56c0 6.6-5.4 12-12 12H124z\"><\/path><\/svg><\/span>\n\t\t\t\t\t\t\t\t\t\t\t\t\t\t<\/span>\n\t\t\t\t\t\t\t\t\t\t\t\t<a class=\"elementor-accordion-title\" tabindex=\"0\">Proced\u016bras posmi<\/a>\n\t\t\t\t\t<\/div>\n\t\t\t\t\t<div id=\"elementor-tab-content-2624\" class=\"elementor-tab-content elementor-clearfix\" data-tab=\"4\" role=\"region\" aria-labelledby=\"elementor-tab-title-2624\"><ul> <li>Iepriek\u0161\u0113ja att\u012br\u012b\u0161ana: speci\u0101lists att\u012bra seju no kosm\u0113tikas un net\u012brumiem.<\/li> <li>Papildu komfortam 20-30 min\u016btes pirms proced\u016bras tiek uzkl\u0101ts viet\u0113jais anest\u0113ti\u0137is.<\/li> <li>kosmetologs uzkl\u0101j \u012bpa\u0161u losjonu, kas iedarbojas uz lip\u012bdu barjeru, sagatavojot \u0101du akt\u012bvo sast\u0101vda\u013cu iek\u013c\u016b\u0161anai.<\/li> <li>SkinPen maigi sl\u012bd pa problem\u0101tisko zonu, radot simtiem mikroskopisku caurdurumu, kas stimul\u0113 dabisko atjauno\u0161an\u0101s procesu un aktiviz\u0113 kolag\u0113na un elast\u012bna ra\u017eo\u0161anu.<\/li> <li>Biorevitalizatora PRX-T33 uzkl\u0101\u0161ana<\/li> <li>Neitraliz\u0101cija: tiek uzkl\u0101ts neitraliz\u0113jo\u0161s losjons, kas atjauno \u0101das dabisko pH l\u012bmeni, nomierina to un padara to m\u012bkstu.<\/li> <li>Rezult\u0101ta pastiprin\u0101\u0161anai iesp\u0113jams pievienot mezokokteili, kas tiek individu\u0101li sast\u0101d\u012bts katram pacientam.<\/li> <li>Proced\u016bra tiek pabeigta ar nomierino\u0161as maskas uzkl\u0101\u0161anu uz 20 min\u016bt\u0113m, p\u0113c tam kop\u0161anas l\u012bdzek\u013ciem, k\u0101 ar\u012b sniedzot ieteikumus turpm\u0101kai \u0101das kop\u0161anai.<\/li> <\/ul><\/div>\n\t\t\t\t<\/div>\n\t\t\t\t\t\t\t\t<\/div>\n\t\t\t\t\t\t<\/div>\n\t\t\t\t<div class=\"elementor-element elementor-element-9e44755 elementor-widget__width-initial elementor-widget elementor-widget-text-editor\" data-id=\"9e44755\" data-element_type=\"widget\" data-e-type=\"widget\" data-widget_type=\"text-editor.default\">\n\t\t\t\t\t\t\t\t\t<h6><strong>270\u20ac<\/strong><\/h6>\t\t\t\t\t\t\t\t<\/div>\n\t\t\t\t<div class=\"elementor-element elementor-element-069af2c elementor-align-left elementor-mobile-align-center elementor-widget elementor-widget-button\" data-id=\"069af2c\" data-element_type=\"widget\" data-e-type=\"widget\" data-widget_type=\"button.default\">\n\t\t\t\t\t\t\t\t\t\t<a class=\"elementor-button elementor-button-link elementor-size-sm\" href=\"https:\/\/n1333474.alteg.io\/company\/1274186\/personal\/select-services?o=s12444805\" target=\"_blank\" rel=\"noopener\">\n\t\t\t\t\t\t<span class=\"elementor-button-content-wrapper\">\n\t\t\t\t\t\t\t\t\t<span class=\"elementor-button-text\">PIETEIKTIES<\/span>\n\t\t\t\t\t<\/span>\n\t\t\t\t\t<\/a>\n\t\t\t\t\t\t\t\t<\/div>\n\t\t\t\t\t<\/div>\n\t\t<\/div>\n\t\t\t\t\t<\/div>\n\t\t<\/section>\n\t\t\t\t<\/div>\n\t\t","protected":false},"excerpt":{"rendered":"<p>\u0160\u0137idrais l\u0101zers \u0160\u012b ir kosm\u0113tisk\u0101 proced\u016bra, kas ietver daudzk\u0101rt\u0113ju epidermas aug\u0161\u0113jo sl\u0101\u0146u caurdur\u0161anu ar smalk\u0101m adat\u0101m. Mikron\u012bdlinga proced\u016bra veicina dzi\u013c\u0101ku biorevitalizatora PRX-T33 iek\u013c\u016b\u0161anu, t\u0101d\u0113j\u0101di pastiprinot biorevitaliz\u0101cijas efektu. \u0160\u012b tehnika \u013cauj kori\u0123\u0113t: atrofiskas \u0101das izmai\u0146as un r\u0113tas, izl\u012bdzina sejas kr\u0101su, iev\u0113rojami sa\u0161aurina papla\u0161in\u0101tas poras, nodro\u0161ina intens\u012bvu liftingu visgr\u016bt\u0101kaj\u0101s zon\u0101s, c\u012bn\u0101s ar \u0101das \u013cenganumu. Rezult\u0101t\u0101 m\u0113s ieg\u016bstam gludu, porcel\u0101na \u0101du ar vienm\u0113r\u012bgu toni un tekst\u016bru. Lai pastiprin\u0101tu rezult\u0101tu, tiek pievienots mezokokteilis, kas tiek individu\u0101li sast\u0101d\u012bts katram pacientam. Ieteicamais kurss: To nosaka speci\u0101lists individu\u0101li atkar\u012bb\u0101 no \u0101das probl\u0113m\u0101m, uz kur\u0101m ir v\u0113rsta iedarb\u012bba. Proced\u016bras ilgums 60-90 min\u016btes.\u00a0 Proced\u016bras indik\u0101cijas \u0100das \u013cenganums, tonusa samazin\u0101\u0161an\u0101s P\u0113ciekaisuma plankumi Papla\u0161in\u0101tas poras \u0100das fotonoveco\u0161an\u0101s Melazma un \u0101das pigment\u0101cija Atrofiskas r\u0113tas Da\u017e\u0101das dzi\u013cuma strijas Sejas \u0101das hiperkeratoze Atjauno\u0161ana \u012ass rehabilit\u0101cijas laiks (vid\u0113ji l\u012bdz 48 stund\u0101m) \u0100rst\u0113\u0161anas zona p\u0113c proced\u016bras var b\u016bt sarkana un silta, ta\u010du liel\u0101kajai da\u013cai pacientu erit\u0113mas samazin\u0101\u0161an\u0101s tiek nov\u0113rota jau p\u0113c da\u017e\u0101m stund\u0101m. Divu ned\u0113\u013cu laik\u0101 nedr\u012bkst sau\u013coties un apmekl\u0113t sol\u0101riju Nav ieteicams lietot kosm\u0113tikas l\u012bdzek\u013cus 12 stundu laik\u0101 24 stundu laik\u0101 j\u0101izvair\u0101s no alkohola lieto\u0161anas Ned\u0113\u013cu nedr\u012bkst apmekl\u0113t saunu Divu ned\u0113\u013cu laik\u0101 j\u0101izvair\u0101s no sp\u0113c\u012bg\u0101m sejas proced\u016br\u0101m Rezult\u0101ts p\u0113c terapijas saglab\u0101jas pietiekami ilgu laiku. Dabisk\u0101 dziedin\u0101\u0161anas procesa d\u0113\u013c rezult\u0101ti turpin\u0101s uzlaboties vair\u0101kas ned\u0113\u013cas p\u0113c \u0101rst\u0113\u0161anas, un optim\u0101lie rezult\u0101ti b\u016bs redzami aptuveni 2-3 m\u0113ne\u0161us p\u0113c p\u0113d\u0113j\u0101s \u0101rst\u0113\u0161anas sesijas. Kontrindik\u0101cijas Asins rec\u0113\u0161anas trauc\u0113jumi Boj\u0101ta, kairin\u0101ta vai infic\u0113ta \u0101da Herpes akt\u012bvaj\u0101 f\u0101z\u0113 Akne Gr\u016btniec\u012bba un z\u012bd\u012b\u0161ana V\u012brusu un s\u0113n\u012b\u0161u \u0101das slim\u012bbas Cukura diab\u0113ts Br\u016bces iedarb\u012bbas zon\u0101 Onkolo\u0123isk\u0101s slim\u012bbas, epilepsija, psihisk\u0101s slim\u012bbas Ak\u016bti iekaisuma procesi organism\u0101 Speci\u0101lists r\u016bp\u012bgi nov\u0113rt\u0113s j\u016bsu \u0101du, lai noteiktu, vai esat kandid\u0101ts, un pirms \u0101rst\u0113\u0161anas detaliz\u0113ti izskaidros proced\u016bru, riskus un priek\u0161roc\u012bbas. Proced\u016bras posmi Iepriek\u0161\u0113ja att\u012br\u012b\u0161ana: speci\u0101lists att\u012bra seju no kosm\u0113tikas un net\u012brumiem. Papildu komfortam 20-30 min\u016btes pirms proced\u016bras tiek uzkl\u0101ts viet\u0113jais anest\u0113ti\u0137is. kosmetologs uzkl\u0101j \u012bpa\u0161u losjonu, kas iedarbojas uz lip\u012bdu barjeru, sagatavojot \u0101du akt\u012bvo sast\u0101vda\u013cu iek\u013c\u016b\u0161anai. SkinPen maigi sl\u012bd pa problem\u0101tisko zonu, radot simtiem mikroskopisku caurdurumu, kas stimul\u0113 dabisko atjauno\u0161an\u0101s procesu un aktiviz\u0113 kolag\u0113na un elast\u012bna ra\u017eo\u0161anu. Biorevitalizatora PRX-T33 uzkl\u0101\u0161ana Neitraliz\u0101cija: tiek uzkl\u0101ts neitraliz\u0113jo\u0161s losjons, kas atjauno \u0101das dabisko pH l\u012bmeni, nomierina to un padara to m\u012bkstu. Rezult\u0101ta pastiprin\u0101\u0161anai iesp\u0113jams pievienot mezokokteili, kas tiek individu\u0101li sast\u0101d\u012bts katram pacientam. Proced\u016bra tiek pabeigta ar nomierino\u0161as maskas uzkl\u0101\u0161anu uz 20 min\u016bt\u0113m, p\u0113c tam kop\u0161anas l\u012bdzek\u013ciem, k\u0101 ar\u012b sniedzot ieteikumus turpm\u0101kai \u0101das kop\u0161anai. 270\u20ac PIETEIKTIES<\/p>\n","protected":false},"author":1,"featured_media":0,"parent":0,"menu_order":0,"comment_status":"closed","ping_status":"closed","template":"elementor_header_footer","meta":{"footnotes":""},"class_list":["post-25256","page","type-page","status-publish","hentry"],"acf":[],"_links":{"self":[{"href":"https:\/\/skinstudio.ee\/lv\/wp-json\/wp\/v2\/pages\/25256","targetHints":{"allow":["GET"]}}],"collection":[{"href":"https:\/\/skinstudio.ee\/lv\/wp-json\/wp\/v2\/pages"}],"about":[{"href":"https:\/\/skinstudio.ee\/lv\/wp-json\/wp\/v2\/types\/page"}],"author":[{"embeddable":true,"href":"https:\/\/skinstudio.ee\/lv\/wp-json\/wp\/v2\/users\/1"}],"replies":[{"embeddable":true,"href":"https:\/\/skinstudio.ee\/lv\/wp-json\/wp\/v2\/comments?post=25256"}],"version-history":[{"count":0,"href":"https:\/\/skinstudio.ee\/lv\/wp-json\/wp\/v2\/pages\/25256\/revisions"}],"wp:attachment":[{"href":"https:\/\/skinstudio.ee\/lv\/wp-json\/wp\/v2\/media?parent=25256"}],"curies":[{"name":"wp","href":"https:\/\/api.w.org\/{rel}","templated":true}]}}