{"id":25274,"date":"2023-11-26T11:16:33","date_gmt":"2023-11-26T11:16:33","guid":{"rendered":"https:\/\/skinstudio.ee\/modelirueciy-massaj-lica\/"},"modified":"2025-01-27T15:17:31","modified_gmt":"2025-01-27T15:17:31","slug":"modelirueciy-massaj-lica","status":"publish","type":"page","link":"https:\/\/skinstudio.ee\/lv\/modelirueciy-massaj-lica\/","title":{"rendered":"Sejas model\u0113jo\u0161\u0101 mas\u0101\u017ea"},"content":{"rendered":"\t\t<div data-elementor-type=\"wp-page\" data-elementor-id=\"25274\" class=\"elementor elementor-25274 elementor-10720\" data-elementor-post-type=\"page\">\n\t\t\t\t\t\t<section class=\"elementor-section elementor-top-section elementor-element elementor-element-8a1645f elementor-section-boxed elementor-section-height-default elementor-section-height-default\" data-id=\"8a1645f\" data-element_type=\"section\" data-e-type=\"section\" data-settings=\"{&quot;background_background&quot;:&quot;classic&quot;}\">\n\t\t\t\t\t\t<div class=\"elementor-container elementor-column-gap-default\">\n\t\t\t\t\t<div class=\"elementor-column elementor-col-50 elementor-top-column elementor-element elementor-element-ab114ad\" data-id=\"ab114ad\" data-element_type=\"column\" data-e-type=\"column\" data-settings=\"{&quot;background_background&quot;:&quot;classic&quot;}\">\n\t\t\t<div class=\"elementor-widget-wrap elementor-element-populated\">\n\t\t\t\t\t\t<div class=\"elementor-element elementor-element-f3f3cfe elementor-widget elementor-widget-image\" data-id=\"f3f3cfe\" data-element_type=\"widget\" data-e-type=\"widget\" data-widget_type=\"image.default\">\n\t\t\t\t\t\t\t\t\t\t\t\t\t\t\t<img fetchpriority=\"high\" decoding=\"async\" width=\"2048\" height=\"1366\" src=\"https:\/\/skinstudio.ee\/wp-content\/uploads\/2023\/11\/1-scaled.jpg\" class=\"attachment-full size-full wp-image-10662\" alt=\"\" srcset=\"https:\/\/skinstudio.ee\/wp-content\/uploads\/2023\/11\/1-scaled.jpg 2048w, https:\/\/skinstudio.ee\/wp-content\/uploads\/2023\/11\/1-300x200.jpg 300w, https:\/\/skinstudio.ee\/wp-content\/uploads\/2023\/11\/1-1024x683.jpg 1024w, https:\/\/skinstudio.ee\/wp-content\/uploads\/2023\/11\/1-768x512.jpg 768w, https:\/\/skinstudio.ee\/wp-content\/uploads\/2023\/11\/1-1536x1024.jpg 1536w, https:\/\/skinstudio.ee\/wp-content\/uploads\/2023\/11\/1-600x400.jpg 600w, https:\/\/skinstudio.ee\/wp-content\/uploads\/2023\/11\/1-64x43.jpg 64w\" sizes=\"(max-width: 2048px) 100vw, 2048px\" \/>\t\t\t\t\t\t\t\t\t\t\t\t\t\t\t<\/div>\n\t\t\t\t\t<\/div>\n\t\t<\/div>\n\t\t\t\t<div class=\"elementor-column elementor-col-50 elementor-top-column elementor-element elementor-element-324d232\" data-id=\"324d232\" data-element_type=\"column\" data-e-type=\"column\">\n\t\t\t<div class=\"elementor-widget-wrap elementor-element-populated\">\n\t\t\t\t\t\t<div class=\"elementor-element elementor-element-3e8f5c0 elementor-widget__width-initial elementor-widget elementor-widget-heading\" data-id=\"3e8f5c0\" data-element_type=\"widget\" data-e-type=\"widget\" data-widget_type=\"heading.default\">\n\t\t\t\t\t<h1 class=\"elementor-heading-title elementor-size-default\">Sejas model\u0113jo\u0161\u0101 mas\u0101\u017ea<\/h1>\t\t\t\t<\/div>\n\t\t\t\t<div class=\"elementor-element elementor-element-e0e819d elementor-widget__width-initial elementor-widget elementor-widget-text-editor\" data-id=\"e0e819d\" data-element_type=\"widget\" data-e-type=\"widget\" data-widget_type=\"text-editor.default\">\n\t\t\t\t\t\t\t\t\t<p>Ietver vair\u0101kas metodes:<\/p><ul><li>P\u0113cizometrisk\u0101 musku\u013cu relaks\u0101cija<\/li><li>Miofasci\u0101lais atbr\u012bvojums<\/li><li>Rokas manu\u0101li model\u0113jo\u0161\u0101 mas\u0101\u017ea<\/li><li>Instrument\u0101l\u0101 mas\u0101\u017ea<\/li><\/ul><p><br \/>Proced\u016bras ilgums 60 min\u016btes\u00a0<\/p>\t\t\t\t\t\t\t\t<\/div>\n\t\t\t\t<div class=\"elementor-element elementor-element-065461b elementor-widget__width-initial elementor-widget elementor-widget-accordion\" data-id=\"065461b\" data-element_type=\"widget\" data-e-type=\"widget\" data-widget_type=\"accordion.default\">\n\t\t\t\t\t\t\t<div class=\"elementor-accordion\">\n\t\t\t\t\t\t\t<div class=\"elementor-accordion-item\">\n\t\t\t\t\t<div id=\"elementor-tab-title-6631\" class=\"elementor-tab-title\" data-tab=\"1\" role=\"button\" aria-controls=\"elementor-tab-content-6631\" aria-expanded=\"false\">\n\t\t\t\t\t\t\t\t\t\t\t\t\t<span class=\"elementor-accordion-icon elementor-accordion-icon-right\" aria-hidden=\"true\">\n\t\t\t\t\t\t\t\t\t\t\t\t\t\t\t<span class=\"elementor-accordion-icon-closed\"><svg class=\"e-font-icon-svg e-fas-plus-circle\" viewBox=\"0 0 512 512\" xmlns=\"http:\/\/www.w3.org\/2000\/svg\"><path d=\"M256 8C119 8 8 119 8 256s111 248 248 248 248-111 248-248S393 8 256 8zm144 276c0 6.6-5.4 12-12 12h-92v92c0 6.6-5.4 12-12 12h-56c-6.6 0-12-5.4-12-12v-92h-92c-6.6 0-12-5.4-12-12v-56c0-6.6 5.4-12 12-12h92v-92c0-6.6 5.4-12 12-12h56c6.6 0 12 5.4 12 12v92h92c6.6 0 12 5.4 12 12v56z\"><\/path><\/svg><\/span>\n\t\t\t\t\t\t\t\t<span class=\"elementor-accordion-icon-opened\"><svg class=\"e-font-icon-svg e-fas-minus-circle\" viewBox=\"0 0 512 512\" xmlns=\"http:\/\/www.w3.org\/2000\/svg\"><path d=\"M256 8C119 8 8 119 8 256s111 248 248 248 248-111 248-248S393 8 256 8zM124 296c-6.6 0-12-5.4-12-12v-56c0-6.6 5.4-12 12-12h264c6.6 0 12 5.4 12 12v56c0 6.6-5.4 12-12 12H124z\"><\/path><\/svg><\/span>\n\t\t\t\t\t\t\t\t\t\t\t\t\t\t<\/span>\n\t\t\t\t\t\t\t\t\t\t\t\t<a class=\"elementor-accordion-title\" tabindex=\"0\">Indik\u0101cijas<\/a>\n\t\t\t\t\t<\/div>\n\t\t\t\t\t<div id=\"elementor-tab-content-6631\" class=\"elementor-tab-content elementor-clearfix\" data-tab=\"1\" role=\"region\" aria-labelledby=\"elementor-tab-title-6631\"><p>Da\u017e\u0101du tehniku kombin\u0101cija pal\u012bdz risin\u0101t pla\u0161u uzdevumu spektru:<\/p><ul><li>Grumbu un kroku izl\u012bdzin\u0101\u0161ana<\/li><li>Otr\u0101 zoda samazin\u0101\u0161ana un sejas ov\u0101la korekcija<\/li><li>Uzacu pacel\u0161ana un acu atv\u0113r\u0161ana<\/li><li>Asins apg\u0101des, sejas kr\u0101sas, \u0101das st\u0101vok\u013ca un tauku dziedzeru darb\u012bbas uzlabo\u0161ana<\/li><li>Toks\u012bnu un s\u0101r\u0146u izvad\u012b\u0161ana<\/li><li>Klienta relaks\u0101cija, noguruma mazin\u0101\u0161ana<\/li><\/ul><p><br \/>Ar katru klientu tiek izv\u0113l\u0113ta individu\u0101la darba taktika, un iedarb\u012bbas algoritmi vienm\u0113r ir at\u0161\u0137ir\u012bgi atkar\u012bb\u0101 no sejas noveco\u0161an\u0101s veida.<\/p><p>Ieteicamais kurss: 6-10 proced\u016bras reizi ned\u0113\u013c\u0101.<\/p><p>P\u0113c tam rezult\u0101tu uztur\u0113t reizi 3-4 ned\u0113\u013c\u0101s.<\/p><\/div>\n\t\t\t\t<\/div>\n\t\t\t\t\t\t\t<div class=\"elementor-accordion-item\">\n\t\t\t\t\t<div id=\"elementor-tab-title-6632\" class=\"elementor-tab-title\" data-tab=\"2\" role=\"button\" aria-controls=\"elementor-tab-content-6632\" aria-expanded=\"false\">\n\t\t\t\t\t\t\t\t\t\t\t\t\t<span class=\"elementor-accordion-icon elementor-accordion-icon-right\" aria-hidden=\"true\">\n\t\t\t\t\t\t\t\t\t\t\t\t\t\t\t<span class=\"elementor-accordion-icon-closed\"><svg class=\"e-font-icon-svg e-fas-plus-circle\" viewBox=\"0 0 512 512\" xmlns=\"http:\/\/www.w3.org\/2000\/svg\"><path d=\"M256 8C119 8 8 119 8 256s111 248 248 248 248-111 248-248S393 8 256 8zm144 276c0 6.6-5.4 12-12 12h-92v92c0 6.6-5.4 12-12 12h-56c-6.6 0-12-5.4-12-12v-92h-92c-6.6 0-12-5.4-12-12v-56c0-6.6 5.4-12 12-12h92v-92c0-6.6 5.4-12 12-12h56c6.6 0 12 5.4 12 12v92h92c6.6 0 12 5.4 12 12v56z\"><\/path><\/svg><\/span>\n\t\t\t\t\t\t\t\t<span class=\"elementor-accordion-icon-opened\"><svg class=\"e-font-icon-svg e-fas-minus-circle\" viewBox=\"0 0 512 512\" xmlns=\"http:\/\/www.w3.org\/2000\/svg\"><path d=\"M256 8C119 8 8 119 8 256s111 248 248 248 248-111 248-248S393 8 256 8zM124 296c-6.6 0-12-5.4-12-12v-56c0-6.6 5.4-12 12-12h264c6.6 0 12 5.4 12 12v56c0 6.6-5.4 12-12 12H124z\"><\/path><\/svg><\/span>\n\t\t\t\t\t\t\t\t\t\t\t\t\t\t<\/span>\n\t\t\t\t\t\t\t\t\t\t\t\t<a class=\"elementor-accordion-title\" tabindex=\"0\">Kontrindik\u0101cijas<\/a>\n\t\t\t\t\t<\/div>\n\t\t\t\t\t<div id=\"elementor-tab-content-6632\" class=\"elementor-tab-content elementor-clearfix\" data-tab=\"2\" role=\"region\" aria-labelledby=\"elementor-tab-title-6632\"><ul> <li>Dermato\u017eu saasin\u0101\u0161an\u0101s;<\/li> <li>Ak\u016bti iekaisuma procesi organism\u0101<\/li> <li>Herpes akt\u012bvaj\u0101 f\u0101z\u0113<\/li> <li>Boj\u0101ta, kairin\u0101ta vai infic\u0113ta \u0101da<\/li> <li>V\u012brusu un s\u0113n\u012b\u0161u \u0101das slim\u012bbas<\/li> <li>Onkolo\u0123isk\u0101s slim\u012bbas, epilepsija, psihisk\u0101s slim\u012bbas<\/li> <\/ul><\/div>\n\t\t\t\t<\/div>\n\t\t\t\t\t\t\t\t<\/div>\n\t\t\t\t\t\t<\/div>\n\t\t\t\t<div class=\"elementor-element elementor-element-44d47e5 elementor-widget__width-initial elementor-widget elementor-widget-text-editor\" data-id=\"44d47e5\" data-element_type=\"widget\" data-e-type=\"widget\" data-widget_type=\"text-editor.default\">\n\t\t\t\t\t\t\t\t\t<h6><strong>60\u20ac<\/strong><\/h6>\t\t\t\t\t\t\t\t<\/div>\n\t\t\t\t<div class=\"elementor-element elementor-element-105b1a7 elementor-align-left elementor-mobile-align-justify elementor-widget elementor-widget-button\" data-id=\"105b1a7\" data-element_type=\"widget\" data-e-type=\"widget\" data-widget_type=\"button.default\">\n\t\t\t\t\t\t\t\t\t\t<a class=\"elementor-button elementor-button-link elementor-size-sm\" href=\"https:\/\/n1333474.alteg.io\/company\/1274186\/personal\/select-services?o=s12444780\" target=\"_blank\" rel=\"noopener\">\n\t\t\t\t\t\t<span class=\"elementor-button-content-wrapper\">\n\t\t\t\t\t\t\t\t\t<span class=\"elementor-button-text\">PIETEIKTIES<\/span>\n\t\t\t\t\t<\/span>\n\t\t\t\t\t<\/a>\n\t\t\t\t\t\t\t\t<\/div>\n\t\t\t\t\t<\/div>\n\t\t<\/div>\n\t\t\t\t\t<\/div>\n\t\t<\/section>\n\t\t\t\t<\/div>\n\t\t","protected":false},"excerpt":{"rendered":"<p>Sejas model\u0113jo\u0161\u0101 mas\u0101\u017ea Ietver vair\u0101kas metodes: P\u0113cizometrisk\u0101 musku\u013cu relaks\u0101cija Miofasci\u0101lais atbr\u012bvojums Rokas manu\u0101li model\u0113jo\u0161\u0101 mas\u0101\u017ea Instrument\u0101l\u0101 mas\u0101\u017ea Proced\u016bras ilgums 60 min\u016btes\u00a0 Indik\u0101cijas Da\u017e\u0101du tehniku kombin\u0101cija pal\u012bdz risin\u0101t pla\u0161u uzdevumu spektru: Grumbu un kroku izl\u012bdzin\u0101\u0161ana Otr\u0101 zoda samazin\u0101\u0161ana un sejas ov\u0101la korekcija Uzacu pacel\u0161ana un acu atv\u0113r\u0161ana Asins apg\u0101des, sejas kr\u0101sas, \u0101das st\u0101vok\u013ca un tauku dziedzeru darb\u012bbas uzlabo\u0161ana Toks\u012bnu un s\u0101r\u0146u izvad\u012b\u0161ana Klienta relaks\u0101cija, noguruma mazin\u0101\u0161ana Ar katru klientu tiek izv\u0113l\u0113ta individu\u0101la darba taktika, un iedarb\u012bbas algoritmi vienm\u0113r ir at\u0161\u0137ir\u012bgi atkar\u012bb\u0101 no sejas noveco\u0161an\u0101s veida. Ieteicamais kurss: 6-10 proced\u016bras reizi ned\u0113\u013c\u0101. P\u0113c tam rezult\u0101tu uztur\u0113t reizi 3-4 ned\u0113\u013c\u0101s. Kontrindik\u0101cijas Dermato\u017eu saasin\u0101\u0161an\u0101s; Ak\u016bti iekaisuma procesi organism\u0101 Herpes akt\u012bvaj\u0101 f\u0101z\u0113 Boj\u0101ta, kairin\u0101ta vai infic\u0113ta \u0101da V\u012brusu un s\u0113n\u012b\u0161u \u0101das slim\u012bbas Onkolo\u0123isk\u0101s slim\u012bbas, epilepsija, psihisk\u0101s slim\u012bbas 60\u20ac PIETEIKTIES<\/p>\n","protected":false},"author":1,"featured_media":0,"parent":0,"menu_order":0,"comment_status":"closed","ping_status":"closed","template":"elementor_header_footer","meta":{"footnotes":""},"class_list":["post-25274","page","type-page","status-publish","hentry"],"acf":[],"_links":{"self":[{"href":"https:\/\/skinstudio.ee\/lv\/wp-json\/wp\/v2\/pages\/25274","targetHints":{"allow":["GET"]}}],"collection":[{"href":"https:\/\/skinstudio.ee\/lv\/wp-json\/wp\/v2\/pages"}],"about":[{"href":"https:\/\/skinstudio.ee\/lv\/wp-json\/wp\/v2\/types\/page"}],"author":[{"embeddable":true,"href":"https:\/\/skinstudio.ee\/lv\/wp-json\/wp\/v2\/users\/1"}],"replies":[{"embeddable":true,"href":"https:\/\/skinstudio.ee\/lv\/wp-json\/wp\/v2\/comments?post=25274"}],"version-history":[{"count":0,"href":"https:\/\/skinstudio.ee\/lv\/wp-json\/wp\/v2\/pages\/25274\/revisions"}],"wp:attachment":[{"href":"https:\/\/skinstudio.ee\/lv\/wp-json\/wp\/v2\/media?parent=25274"}],"curies":[{"name":"wp","href":"https:\/\/api.w.org\/{rel}","templated":true}]}}