{"id":25280,"date":"2022-11-13T10:32:00","date_gmt":"2022-11-13T10:32:00","guid":{"rendered":"https:\/\/skinstudio.ee\/konsultacziya-kosmetologa\/"},"modified":"2025-01-27T15:13:38","modified_gmt":"2025-01-27T15:13:38","slug":"konsultacziya-kosmetologa","status":"publish","type":"page","link":"https:\/\/skinstudio.ee\/lv\/konsultacziya-kosmetologa\/","title":{"rendered":"Kosmetologa konsult\u0101cija"},"content":{"rendered":"\t\t<div data-elementor-type=\"wp-page\" data-elementor-id=\"25280\" class=\"elementor elementor-25280 elementor-132\" data-elementor-post-type=\"page\">\n\t\t\t\t\t\t<section class=\"elementor-section elementor-top-section elementor-element elementor-element-8c48c44 elementor-section-boxed elementor-section-height-default elementor-section-height-default\" data-id=\"8c48c44\" data-element_type=\"section\" data-e-type=\"section\" data-settings=\"{&quot;background_background&quot;:&quot;classic&quot;}\">\n\t\t\t\t\t\t<div class=\"elementor-container elementor-column-gap-default\">\n\t\t\t\t\t<div class=\"elementor-column elementor-col-50 elementor-top-column elementor-element elementor-element-8f0c6b1\" data-id=\"8f0c6b1\" data-element_type=\"column\" data-e-type=\"column\" data-settings=\"{&quot;background_background&quot;:&quot;classic&quot;}\">\n\t\t\t<div class=\"elementor-widget-wrap elementor-element-populated\">\n\t\t\t\t\t\t<div class=\"elementor-element elementor-element-23bd044 elementor-widget elementor-widget-image\" data-id=\"23bd044\" data-element_type=\"widget\" data-e-type=\"widget\" data-widget_type=\"image.default\">\n\t\t\t\t\t\t\t\t\t\t\t\t\t\t\t<img fetchpriority=\"high\" decoding=\"async\" width=\"1366\" height=\"2048\" src=\"https:\/\/skinstudio.ee\/wp-content\/uploads\/2023\/11\/green-eyed-woman-with-perfect-skin-posing-white-wall-with-towel-her-head-scaled.jpg\" class=\"attachment-full size-full wp-image-10641\" alt=\"\" srcset=\"https:\/\/skinstudio.ee\/wp-content\/uploads\/2023\/11\/green-eyed-woman-with-perfect-skin-posing-white-wall-with-towel-her-head-scaled.jpg 1366w, https:\/\/skinstudio.ee\/wp-content\/uploads\/2023\/11\/green-eyed-woman-with-perfect-skin-posing-white-wall-with-towel-her-head-200x300.jpg 200w, https:\/\/skinstudio.ee\/wp-content\/uploads\/2023\/11\/green-eyed-woman-with-perfect-skin-posing-white-wall-with-towel-her-head-683x1024.jpg 683w, https:\/\/skinstudio.ee\/wp-content\/uploads\/2023\/11\/green-eyed-woman-with-perfect-skin-posing-white-wall-with-towel-her-head-768x1152.jpg 768w, https:\/\/skinstudio.ee\/wp-content\/uploads\/2023\/11\/green-eyed-woman-with-perfect-skin-posing-white-wall-with-towel-her-head-1024x1536.jpg 1024w, https:\/\/skinstudio.ee\/wp-content\/uploads\/2023\/11\/green-eyed-woman-with-perfect-skin-posing-white-wall-with-towel-her-head-600x900.jpg 600w, https:\/\/skinstudio.ee\/wp-content\/uploads\/2023\/11\/green-eyed-woman-with-perfect-skin-posing-white-wall-with-towel-her-head-64x96.jpg 64w\" sizes=\"(max-width: 1366px) 100vw, 1366px\" \/>\t\t\t\t\t\t\t\t\t\t\t\t\t\t\t<\/div>\n\t\t\t\t\t<\/div>\n\t\t<\/div>\n\t\t\t\t<div class=\"elementor-column elementor-col-50 elementor-top-column elementor-element elementor-element-32016d3\" data-id=\"32016d3\" data-element_type=\"column\" data-e-type=\"column\">\n\t\t\t<div class=\"elementor-widget-wrap elementor-element-populated\">\n\t\t\t\t\t\t<div class=\"elementor-element elementor-element-8234192 elementor-widget__width-initial elementor-widget elementor-widget-heading\" data-id=\"8234192\" data-element_type=\"widget\" data-e-type=\"widget\" data-widget_type=\"heading.default\">\n\t\t\t\t\t<h2 class=\"elementor-heading-title elementor-size-default\">KONSULT\u0100CIJAS LAIK\u0100:<\/h2>\t\t\t\t<\/div>\n\t\t\t\t<div class=\"elementor-element elementor-element-64204ba elementor-widget elementor-widget-text-editor\" data-id=\"64204ba\" data-element_type=\"widget\" data-e-type=\"widget\" data-widget_type=\"text-editor.default\">\n\t\t\t\t\t\t\t\t\t<ul><li>Veicam j\u016bsu \u0101das tipa un pa\u0161reiz\u0113j\u0101 st\u0101vok\u013ca diagnostiku.<\/li><li>Izce\u013cam galvenos darba virzienus.<\/li><li>Analiz\u0113jam pa\u0161reiz\u0113jo kop\u0161anu, nepiecie\u0161am\u012bbas gad\u012bjum\u0101 to kori\u0123\u0113jam.<\/li><li>M\u0113s vienm\u0113r esam gatavi pal\u012bdz\u0113t jums izv\u0113l\u0113ties optim\u0101los kop\u0161anas l\u012bdzek\u013cus, \u0146emot v\u0113r\u0101 j\u016bsu \u0101das vajadz\u012bbas un st\u0101vokli.<\/li><li>Uz vietas ir pieejami m\u016bsu iecien\u012bt\u0101kie kosm\u0113tikas z\u012bmoli, kas \u013cauj uzreiz izv\u0113l\u0113ties un ieg\u0101d\u0101ties m\u0101jas kop\u0161anas l\u012bdzek\u013cus.<\/li><li>M\u0113s \u013coti m\u012blam izstr\u0101d\u0101t kop\u0161anas sh\u0113mu, sajaucot da\u017e\u0101dus z\u012bmolus, lai ieg\u016btu maksim\u0101lu efektivit\u0101ti no m\u0101jas kop\u0161anas un uztur\u0113tu \u0101das kvalit\u0101ti starp viz\u012bt\u0113m pie kosmetologa.<\/li><li>Noskaidrojam, k\u0101das proced\u016bras varam pievienot pilnv\u0113rt\u012bgam darbam.<\/li><\/ul>\t\t\t\t\t\t\t\t<\/div>\n\t\t\t\t\t<\/div>\n\t\t<\/div>\n\t\t\t\t\t<\/div>\n\t\t<\/section>\n\t\t\t\t<section class=\"elementor-section elementor-top-section elementor-element elementor-element-21c9b5a elementor-reverse-mobile elementor-section-boxed elementor-section-height-default elementor-section-height-default\" data-id=\"21c9b5a\" data-element_type=\"section\" data-e-type=\"section\" data-settings=\"{&quot;background_background&quot;:&quot;classic&quot;}\">\n\t\t\t\t\t\t<div class=\"elementor-container elementor-column-gap-default\">\n\t\t\t\t\t<div class=\"elementor-column elementor-col-50 elementor-top-column elementor-element elementor-element-ade7483\" data-id=\"ade7483\" data-element_type=\"column\" data-e-type=\"column\">\n\t\t\t<div class=\"elementor-widget-wrap elementor-element-populated\">\n\t\t\t\t\t\t<div class=\"elementor-element elementor-element-8f21d80 elementor-widget__width-initial elementor-widget elementor-widget-text-editor\" data-id=\"8f21d80\" data-element_type=\"widget\" data-e-type=\"widget\" data-widget_type=\"text-editor.default\">\n\t\t\t\t\t\t\t\t\t<ul><li>Izskat\u012bsim dz\u012bvesveida faktorus, tostarp visp\u0101r\u0113jo vesel\u012bbu, uzturu, piedevas un nepiecie\u0161am\u012bbu p\u0113c papildu anal\u012bz\u0113m. Ja nepiecie\u0161ams, ieteiksim, k\u0101das anal\u012bzes veikt un pie k\u0101da speci\u0101lista v\u0113rsties. Jo skaistums no \u0101rpuses s\u0101kas ar vesel\u012bbu no iek\u0161puses!<\/li><li>Izskat\u012bsim j\u016bsu jaut\u0101jumus<\/li><li>Vienosimies par turpm\u0101ko sadarb\u012bbu.<\/li><\/ul><p><br \/>M\u0113s uzskat\u0101m, ka svar\u012bgs ir sistem\u0101tisks darbs, t\u0101p\u0113c apsv\u0113rsim visus iesp\u0113jamos aspektus.<\/p><p>Ja j\u016bs neesat no Tallinas vai k\u0101du citu iemeslu d\u0113\u013c nevarat m\u016bs apmekl\u0113t, m\u0113s pied\u0101v\u0101jam tie\u0161saistes konsult\u0101cijas.<\/p>\t\t\t\t\t\t\t\t<\/div>\n\t\t\t\t\t<\/div>\n\t\t<\/div>\n\t\t\t\t<div class=\"elementor-column elementor-col-50 elementor-top-column elementor-element elementor-element-d9e1b3f\" data-id=\"d9e1b3f\" data-element_type=\"column\" data-e-type=\"column\" data-settings=\"{&quot;background_background&quot;:&quot;classic&quot;}\">\n\t\t\t<div class=\"elementor-widget-wrap elementor-element-populated\">\n\t\t\t\t\t\t<div class=\"elementor-element elementor-element-6d490e7 elementor-widget elementor-widget-image\" data-id=\"6d490e7\" data-element_type=\"widget\" data-e-type=\"widget\" data-widget_type=\"image.default\">\n\t\t\t\t\t\t\t\t\t\t\t\t\t\t\t<img decoding=\"async\" width=\"1080\" height=\"720\" src=\"https:\/\/skinstudio.ee\/wp-content\/uploads\/2023\/12\/IMG_0358.jpg\" class=\"attachment-full size-full wp-image-25283\" alt=\"\" srcset=\"https:\/\/skinstudio.ee\/wp-content\/uploads\/2023\/12\/IMG_0358.jpg 1080w, https:\/\/skinstudio.ee\/wp-content\/uploads\/2023\/12\/IMG_0358-300x200.jpg 300w, https:\/\/skinstudio.ee\/wp-content\/uploads\/2023\/12\/IMG_0358-1024x683.jpg 1024w, https:\/\/skinstudio.ee\/wp-content\/uploads\/2023\/12\/IMG_0358-768x512.jpg 768w, https:\/\/skinstudio.ee\/wp-content\/uploads\/2023\/12\/IMG_0358-600x400.jpg 600w, https:\/\/skinstudio.ee\/wp-content\/uploads\/2023\/12\/IMG_0358-64x43.jpg 64w\" sizes=\"(max-width: 1080px) 100vw, 1080px\" \/>\t\t\t\t\t\t\t\t\t\t\t\t\t\t\t<\/div>\n\t\t\t\t\t<\/div>\n\t\t<\/div>\n\t\t\t\t\t<\/div>\n\t\t<\/section>\n\t\t\t\t<section class=\"elementor-section elementor-top-section elementor-element elementor-element-86b8ff7 elementor-section-boxed elementor-section-height-default elementor-section-height-default\" data-id=\"86b8ff7\" data-element_type=\"section\" data-e-type=\"section\" data-settings=\"{&quot;background_background&quot;:&quot;classic&quot;}\">\n\t\t\t\t\t\t<div class=\"elementor-container elementor-column-gap-default\">\n\t\t\t\t\t<div class=\"elementor-column elementor-col-50 elementor-top-column elementor-element elementor-element-893946b\" data-id=\"893946b\" data-element_type=\"column\" data-e-type=\"column\" data-settings=\"{&quot;background_background&quot;:&quot;classic&quot;}\">\n\t\t\t<div class=\"elementor-widget-wrap elementor-element-populated\">\n\t\t\t\t\t\t<div class=\"elementor-element elementor-element-bc31a16 elementor-widget elementor-widget-image\" data-id=\"bc31a16\" data-element_type=\"widget\" data-e-type=\"widget\" data-widget_type=\"image.default\">\n\t\t\t\t\t\t\t\t\t\t\t\t\t\t\t<img decoding=\"async\" width=\"1366\" height=\"2048\" src=\"https:\/\/skinstudio.ee\/wp-content\/uploads\/2023\/11\/positive-lady-enjoys-morning-spa-treatment-girl-after-shower-posing-isolated-wall-scaled.jpg\" class=\"attachment-full size-full wp-image-10648\" alt=\"\" srcset=\"https:\/\/skinstudio.ee\/wp-content\/uploads\/2023\/11\/positive-lady-enjoys-morning-spa-treatment-girl-after-shower-posing-isolated-wall-scaled.jpg 1366w, https:\/\/skinstudio.ee\/wp-content\/uploads\/2023\/11\/positive-lady-enjoys-morning-spa-treatment-girl-after-shower-posing-isolated-wall-200x300.jpg 200w, https:\/\/skinstudio.ee\/wp-content\/uploads\/2023\/11\/positive-lady-enjoys-morning-spa-treatment-girl-after-shower-posing-isolated-wall-683x1024.jpg 683w, https:\/\/skinstudio.ee\/wp-content\/uploads\/2023\/11\/positive-lady-enjoys-morning-spa-treatment-girl-after-shower-posing-isolated-wall-768x1152.jpg 768w, https:\/\/skinstudio.ee\/wp-content\/uploads\/2023\/11\/positive-lady-enjoys-morning-spa-treatment-girl-after-shower-posing-isolated-wall-1024x1536.jpg 1024w, https:\/\/skinstudio.ee\/wp-content\/uploads\/2023\/11\/positive-lady-enjoys-morning-spa-treatment-girl-after-shower-posing-isolated-wall-600x900.jpg 600w, https:\/\/skinstudio.ee\/wp-content\/uploads\/2023\/11\/positive-lady-enjoys-morning-spa-treatment-girl-after-shower-posing-isolated-wall-64x96.jpg 64w\" sizes=\"(max-width: 1366px) 100vw, 1366px\" \/>\t\t\t\t\t\t\t\t\t\t\t\t\t\t\t<\/div>\n\t\t\t\t\t<\/div>\n\t\t<\/div>\n\t\t\t\t<div class=\"elementor-column elementor-col-50 elementor-top-column elementor-element elementor-element-e07d51a\" data-id=\"e07d51a\" data-element_type=\"column\" data-e-type=\"column\">\n\t\t\t<div class=\"elementor-widget-wrap elementor-element-populated\">\n\t\t\t\t\t\t<div class=\"elementor-element elementor-element-9be0f38 elementor-widget__width-initial elementor-widget elementor-widget-heading\" data-id=\"9be0f38\" data-element_type=\"widget\" data-e-type=\"widget\" data-widget_type=\"heading.default\">\n\t\t\t\t\t<h2 class=\"elementor-heading-title elementor-size-default\">Tie\u0161saistes konsult\u0101cija<\/h2>\t\t\t\t<\/div>\n\t\t\t\t<div class=\"elementor-element elementor-element-d67c335 elementor-widget__width-initial elementor-widget elementor-widget-text-editor\" data-id=\"d67c335\" data-element_type=\"widget\" data-e-type=\"widget\" data-widget_type=\"text-editor.default\">\n\t\t\t\t\t\t\t\t\t<p>Kas mums tam nepiecie\u0161ams?<\/p><ol><li>Sa\u0146emt no jums foto vai video lab\u0101 kvalit\u0101t\u0113 dienas gaism\u0101, lai redz\u0113tu poras un \u0101das tekst\u016bru. Iesak\u0101m fotograf\u0113t ar telefona aizmugur\u0113jo kameru un nos\u016bt\u012bt m\u016bsu telegramm\u0101 @skinstudio_ee vai uz e-pastu <a href=\"mailto:info@skinstudio.ee\">info@skinstudio.ee<\/a><\/li><li>P\u0113c tam speci\u0101lists vienojas ar jums par \u0113rtu zvana laiku, kur\u0101 uzdos visus svar\u012bgos jaut\u0101jumus, lai redz\u0113tu pilnu ainu un pareizi kori\u0123\u0113tu j\u016bsu pa\u0161reiz\u0113jo rut\u012bnu. Zvana ilgums aptuveni 30-40 min\u016btes, atkar\u012bb\u0101 no gad\u012bjuma.<\/li><li>Lai noskaidrotu, vai pa\u0161reiz\u0113j\u0101 kop\u0161ana ir piem\u0113rota, l\u016bdzam nos\u016bt\u012bt foto ar eso\u0161o kop\u0161anas kosm\u0113tiku.<\/li><\/ol><h5><strong><br \/>Vesel\u012bga un skaista \u0101da ir m\u016bsu misija!<\/strong><\/h5><p>Konsult\u0101cija ir bezmaksas. Proced\u016bras ilgums 40-60 min\u016btes.<\/p>\t\t\t\t\t\t\t\t<\/div>\n\t\t\t\t<div class=\"elementor-element elementor-element-640a2a5 elementor-align-left elementor-mobile-align-justify elementor-widget elementor-widget-button\" data-id=\"640a2a5\" data-element_type=\"widget\" data-e-type=\"widget\" data-widget_type=\"button.default\">\n\t\t\t\t\t\t\t\t\t\t<a class=\"elementor-button elementor-button-link elementor-size-sm\" href=\"https:\/\/n1333474.alteg.io\/company\/1274186\/personal\/select-services?o=s12441897\" target=\"_blank\" rel=\"noopener\">\n\t\t\t\t\t\t<span class=\"elementor-button-content-wrapper\">\n\t\t\t\t\t\t\t\t\t<span class=\"elementor-button-text\">Bezmaksas konsult\u0101cija<\/span>\n\t\t\t\t\t<\/span>\n\t\t\t\t\t<\/a>\n\t\t\t\t\t\t\t\t<\/div>\n\t\t\t\t\t<\/div>\n\t\t<\/div>\n\t\t\t\t\t<\/div>\n\t\t<\/section>\n\t\t\t\t<\/div>\n\t\t","protected":false},"excerpt":{"rendered":"<p>KONSULT\u0100CIJAS LAIK\u0100: Veicam j\u016bsu \u0101das tipa un pa\u0161reiz\u0113j\u0101 st\u0101vok\u013ca diagnostiku. Izce\u013cam galvenos darba virzienus. Analiz\u0113jam pa\u0161reiz\u0113jo kop\u0161anu, nepiecie\u0161am\u012bbas gad\u012bjum\u0101 to kori\u0123\u0113jam. M\u0113s vienm\u0113r esam gatavi pal\u012bdz\u0113t jums izv\u0113l\u0113ties optim\u0101los kop\u0161anas l\u012bdzek\u013cus, \u0146emot v\u0113r\u0101 j\u016bsu \u0101das vajadz\u012bbas un st\u0101vokli. Uz vietas ir pieejami m\u016bsu iecien\u012bt\u0101kie kosm\u0113tikas z\u012bmoli, kas \u013cauj uzreiz izv\u0113l\u0113ties un ieg\u0101d\u0101ties m\u0101jas kop\u0161anas l\u012bdzek\u013cus. M\u0113s \u013coti m\u012blam izstr\u0101d\u0101t kop\u0161anas sh\u0113mu, sajaucot da\u017e\u0101dus z\u012bmolus, lai ieg\u016btu maksim\u0101lu efektivit\u0101ti no m\u0101jas kop\u0161anas un uztur\u0113tu \u0101das kvalit\u0101ti starp viz\u012bt\u0113m pie kosmetologa. Noskaidrojam, k\u0101das proced\u016bras varam pievienot pilnv\u0113rt\u012bgam darbam. Izskat\u012bsim dz\u012bvesveida faktorus, tostarp visp\u0101r\u0113jo vesel\u012bbu, uzturu, piedevas un nepiecie\u0161am\u012bbu p\u0113c papildu anal\u012bz\u0113m. Ja nepiecie\u0161ams, ieteiksim, k\u0101das anal\u012bzes veikt un pie k\u0101da speci\u0101lista v\u0113rsties. Jo skaistums no \u0101rpuses s\u0101kas ar vesel\u012bbu no iek\u0161puses! Izskat\u012bsim j\u016bsu jaut\u0101jumus Vienosimies par turpm\u0101ko sadarb\u012bbu. M\u0113s uzskat\u0101m, ka svar\u012bgs ir sistem\u0101tisks darbs, t\u0101p\u0113c apsv\u0113rsim visus iesp\u0113jamos aspektus. Ja j\u016bs neesat no Tallinas vai k\u0101du citu iemeslu d\u0113\u013c nevarat m\u016bs apmekl\u0113t, m\u0113s pied\u0101v\u0101jam tie\u0161saistes konsult\u0101cijas. Tie\u0161saistes konsult\u0101cija Kas mums tam nepiecie\u0161ams? Sa\u0146emt no jums foto vai video lab\u0101 kvalit\u0101t\u0113 dienas gaism\u0101, lai redz\u0113tu poras un \u0101das tekst\u016bru. Iesak\u0101m fotograf\u0113t ar telefona aizmugur\u0113jo kameru un nos\u016bt\u012bt m\u016bsu telegramm\u0101 @skinstudio_ee vai uz e-pastu info@skinstudio.ee P\u0113c tam speci\u0101lists vienojas ar jums par \u0113rtu zvana laiku, kur\u0101 uzdos visus svar\u012bgos jaut\u0101jumus, lai redz\u0113tu pilnu ainu un pareizi kori\u0123\u0113tu j\u016bsu pa\u0161reiz\u0113jo rut\u012bnu. Zvana ilgums aptuveni 30-40 min\u016btes, atkar\u012bb\u0101 no gad\u012bjuma. Lai noskaidrotu, vai pa\u0161reiz\u0113j\u0101 kop\u0161ana ir piem\u0113rota, l\u016bdzam nos\u016bt\u012bt foto ar eso\u0161o kop\u0161anas kosm\u0113tiku. Vesel\u012bga un skaista \u0101da ir m\u016bsu misija! Konsult\u0101cija ir bezmaksas. Proced\u016bras ilgums 40-60 min\u016btes. Bezmaksas konsult\u0101cija<\/p>\n","protected":false},"author":1,"featured_media":0,"parent":0,"menu_order":0,"comment_status":"closed","ping_status":"closed","template":"elementor_header_footer","meta":{"footnotes":""},"class_list":["post-25280","page","type-page","status-publish","hentry"],"acf":[],"_links":{"self":[{"href":"https:\/\/skinstudio.ee\/lv\/wp-json\/wp\/v2\/pages\/25280","targetHints":{"allow":["GET"]}}],"collection":[{"href":"https:\/\/skinstudio.ee\/lv\/wp-json\/wp\/v2\/pages"}],"about":[{"href":"https:\/\/skinstudio.ee\/lv\/wp-json\/wp\/v2\/types\/page"}],"author":[{"embeddable":true,"href":"https:\/\/skinstudio.ee\/lv\/wp-json\/wp\/v2\/users\/1"}],"replies":[{"embeddable":true,"href":"https:\/\/skinstudio.ee\/lv\/wp-json\/wp\/v2\/comments?post=25280"}],"version-history":[{"count":0,"href":"https:\/\/skinstudio.ee\/lv\/wp-json\/wp\/v2\/pages\/25280\/revisions"}],"wp:attachment":[{"href":"https:\/\/skinstudio.ee\/lv\/wp-json\/wp\/v2\/media?parent=25280"}],"curies":[{"name":"wp","href":"https:\/\/api.w.org\/{rel}","templated":true}]}}