{"id":40461,"date":"2025-08-01T07:57:26","date_gmt":"2025-08-01T07:57:26","guid":{"rendered":"https:\/\/skinstudio.ee\/?post_type=product&#038;p=40461"},"modified":"2026-01-21T13:57:17","modified_gmt":"2026-01-21T13:57:17","slug":"couperose-therapy-serum-2","status":"publish","type":"product","link":"https:\/\/skinstudio.ee\/lv\/catalog\/reviderm\/couperose-therapy-serum-2\/","title":{"rendered":"Couperose Therapy Serum 2"},"content":{"rendered":"<p data-start=\"193\" data-end=\"626\">\u0160is bezsmar\u017eas serums intens\u012bvi nomierina \u0101du un stiprina kapil\u0101rus. Neirokosm\u0113tisk\u0101s sast\u0101vda\u013cas \u0101tri atjauno komforta saj\u016btu, \u012bpa\u0161i piem\u0113rots cilv\u0113kiem, kuriem rodas aps\u0101rtums stresa vai nervozit\u0101tes d\u0113\u013c. Kuperozes skartai \u0101dai rakstur\u012bgs past\u0101v\u012bgs aps\u0101rtums noteiktos \u0101das apgabalos, redzami kapil\u0101ri un asinsvadu t\u012bklojums.<br data-start=\"520\" data-end=\"523\" \/>Akt\u012bv\u0101 sast\u0101vda\u013ca VEGF-stop kav\u0113 kapil\u0101ru izplat\u012bbu, pal\u012bdz stabiliz\u0113t sejas toni un mazin\u0101t aps\u0101rtumu.<\/p>\n<p data-start=\"628\" data-end=\"792\"><strong data-start=\"628\" data-end=\"646\">Tilpums: 30 ml<\/strong><\/p>\n","protected":false},"excerpt":{"rendered":"<p data-start=\"794\" data-end=\"829\">Balans\u0113jo\u0161s serums \u0101dai ar kuperozi<\/p>\n<h2 data-start=\"156\" data-end=\"211\"><strong data-start=\"1211\" data-end=\"1256\">\u012bpa\u0161\u012bbas <\/strong><strong data-start=\"831\" data-end=\"878\">Reviderm &#8211; Couperose Therapy Serum 2<\/strong><\/h2>\n<p data-start=\"831\" data-end=\"1170\">\u2714\ufe0f Stiprina asinsvadu sieni\u0146as un samazina redzamos kapil\u0101rus<br data-start=\"942\" data-end=\"945\" \/>\u2714\ufe0f Samazina hronisku aps\u0101rtumu un kairin\u0101jumu<br data-start=\"990\" data-end=\"993\" \/>\u2714\ufe0f Palielina \u0101das iztur\u012bbu pret temperat\u016bras un \u0101r\u0113j\u0101m ietekm\u0113m<br data-start=\"1056\" data-end=\"1059\" \/>\u2714\ufe0f Nomierina j\u016bt\u012bgu \u0101du un mazina dedzino\u0161u saj\u016btu<br data-start=\"1109\" data-end=\"1112\" \/>\u2714\ufe0f Izl\u012bdzina \u0101das toni un uzlabo visp\u0101r\u0113jo \u0101das st\u0101vokli<\/p>\n","protected":false},"featured_media":40453,"template":"","meta":[],"pwb-brand":[703],"product_brand":[],"product_cat":[741,737,749,751,723],"product_tag":[],"giftcard-category":[],"class_list":{"0":"post-40461","1":"product","2":"type-product","3":"status-publish","4":"has-post-thumbnail","6":"pwb-brand-reviderm","7":"product_cat-izsitumi","8":"product_cat-mitrinasana","9":"product_cat-novecojosa-ada","10":"product_cat-pigmentacija-lv","11":"product_cat-serumi","13":"first","14":"instock","15":"taxable","16":"shipping-taxable","17":"purchasable","18":"product-type-simple"},"acf":[],"brands":[{"id":703,"name":"Reviderm","slug":"reviderm"}],"_links":{"self":[{"href":"https:\/\/skinstudio.ee\/lv\/wp-json\/wp\/v2\/product\/40461","targetHints":{"allow":["GET"]}}],"collection":[{"href":"https:\/\/skinstudio.ee\/lv\/wp-json\/wp\/v2\/product"}],"about":[{"href":"https:\/\/skinstudio.ee\/lv\/wp-json\/wp\/v2\/types\/product"}],"version-history":[{"count":1,"href":"https:\/\/skinstudio.ee\/lv\/wp-json\/wp\/v2\/product\/40461\/revisions"}],"predecessor-version":[{"id":73186,"href":"https:\/\/skinstudio.ee\/lv\/wp-json\/wp\/v2\/product\/40461\/revisions\/73186"}],"wp:featuredmedia":[{"embeddable":true,"href":"https:\/\/skinstudio.ee\/lv\/wp-json\/wp\/v2\/media\/40453"}],"wp:attachment":[{"href":"https:\/\/skinstudio.ee\/lv\/wp-json\/wp\/v2\/media?parent=40461"}],"wp:term":[{"taxonomy":"pwb-brand","embeddable":true,"href":"https:\/\/skinstudio.ee\/lv\/wp-json\/wp\/v2\/pwb-brand?post=40461"},{"taxonomy":"product_brand","embeddable":true,"href":"https:\/\/skinstudio.ee\/lv\/wp-json\/wp\/v2\/product_brand?post=40461"},{"taxonomy":"product_cat","embeddable":true,"href":"https:\/\/skinstudio.ee\/lv\/wp-json\/wp\/v2\/product_cat?post=40461"},{"taxonomy":"product_tag","embeddable":true,"href":"https:\/\/skinstudio.ee\/lv\/wp-json\/wp\/v2\/product_tag?post=40461"},{"taxonomy":"giftcard-category","embeddable":true,"href":"https:\/\/skinstudio.ee\/lv\/wp-json\/wp\/v2\/giftcard-category?post=40461"}],"curies":[{"name":"wp","href":"https:\/\/api.w.org\/{rel}","templated":true}]}}