{"id":40478,"date":"2025-08-01T08:20:19","date_gmt":"2025-08-01T08:20:19","guid":{"rendered":"https:\/\/skinstudio.ee\/?post_type=product&#038;p=40478"},"modified":"2026-01-21T13:57:17","modified_gmt":"2026-01-21T13:57:17","slug":"couperose-therapy-fluid","status":"publish","type":"product","link":"https:\/\/skinstudio.ee\/lv\/catalog\/reviderm\/couperose-therapy-fluid\/","title":{"rendered":"Couperose Therapy Fluid"},"content":{"rendered":"<p data-start=\"182\" data-end=\"1086\">\u0100da, ko sk\u0101rusi roz\u0101cija, uzr\u0101da paaugstin\u0101tu asinsvadu aug\u0161anas faktoru koncentr\u0101ciju, kas var izrais\u012bt jaunu patolo\u0123isku asinsvadu veido\u0161anos. Akt\u012bv\u0101 sast\u0101vda\u013ca VEGFstop kav\u0113 \u0161o faktoru hiperaktivit\u0101ti, pal\u012bdzot stabiliz\u0113t \u0101das toni un samazin\u0101t redzamo aps\u0101rtumu. Formul\u0101 ietilpst ar\u012b \u0101dai identiski lip\u012bdi (derma membrane system DMS), kas atjauno boj\u0101to \u0101das barjeru, pal\u012bdz saglab\u0101t mitrumu un uzlabo \u0101das iztur\u012bbu pret \u0101r\u0113jiem kairin\u0101t\u0101jiem. Produkts nodro\u0161ina intens\u012bvu kop\u0161anu bez okluz\u012bvas tekst\u016bras. Neirokosm\u0113tisk\u0101 pretstresa sast\u0101vda\u013ca (tropu auga &#8220;savva\u013cas indigo&#8221; s\u0113klu ekstrakts) mazina diskomfortu un niezi, kas nov\u0113rojama visos roz\u0101cijas posmos. OPC (oligoproantocianid\u012bni) ir sp\u0113c\u012bgs br\u012bvo radik\u0101\u013cu neitraliz\u0113t\u0101js ar antioksidantu un asinsvadu stiprino\u0161u iedarb\u012bbu, kas stiprina jut\u012bgu \u0101du un nodro\u0161ina ilgsto\u0161u efektu. Bez smar\u017eviel\u0101m \u2013 intens\u012bvs rezult\u0101ts ar lielisku sader\u012bbu ar \u0101du.<\/p>\n<p data-start=\"1088\" data-end=\"1205\">Ieteicams norm\u0101lai un taukainai \u0101dai ar teleangiekt\u0101ziju, k\u0101 ar\u012b k\u0101 papildin\u0101jums 1.\u20133. pak\u0101pes roz\u0101cijas \u0101rst\u0113\u0161anai.<\/p>\n<p data-start=\"1207\" data-end=\"1225\"><strong data-start=\"1207\" data-end=\"1225\">Tilpums: 50 ml<\/strong><\/p>\n","protected":false},"excerpt":{"rendered":"<p data-start=\"1353\" data-end=\"1425\">Viegls flu\u012bds asinsvadu aug\u0161anas faktoru hiperaktivit\u0101tes nomierin\u0101\u0161anai<\/p>\n<h2 data-start=\"156\" data-end=\"211\"><strong data-start=\"1211\" data-end=\"1256\">\u012bpa\u0161\u012bbas <\/strong><strong data-start=\"1427\" data-end=\"1472\">Reviderm &#8211; Couperose Therapy Fluid<\/strong><\/h2>\n<p data-start=\"1427\" data-end=\"1720\">\u2714\ufe0f Mazina VEGF asinsvadu aug\u0161anas faktora hiperaktivit\u0101ti<br data-start=\"1532\" data-end=\"1535\" \/>\u2714\ufe0f Samazina aps\u0101rtumu un kuperozi<br data-start=\"1568\" data-end=\"1571\" \/>\u2714\ufe0f Stiprina kapil\u0101rus un samazina asinsvadu caurlaid\u012bbu<br data-start=\"1626\" data-end=\"1629\" \/>\u2714\ufe0f Nomierina un mazina iekaisumu<br data-start=\"1661\" data-end=\"1664\" \/>\u2714\ufe0f Atbalsta \u0101das dabisko aizsargbarjeru un uzlabo toni<\/p>\n","protected":false},"featured_media":63880,"template":"","meta":[],"pwb-brand":[703],"product_brand":[],"product_cat":[745,749,723,747],"product_tag":[],"giftcard-category":[],"class_list":{"0":"post-40478","1":"product","2":"type-product","3":"status-publish","4":"has-post-thumbnail","6":"pwb-brand-reviderm","7":"product_cat-jutigai-adai","8":"product_cat-novecojosa-ada","9":"product_cat-serumi","10":"product_cat-taukainai-adai","12":"first","13":"instock","14":"taxable","15":"shipping-taxable","16":"purchasable","17":"product-type-simple"},"acf":[],"brands":[{"id":703,"name":"Reviderm","slug":"reviderm"}],"_links":{"self":[{"href":"https:\/\/skinstudio.ee\/lv\/wp-json\/wp\/v2\/product\/40478","targetHints":{"allow":["GET"]}}],"collection":[{"href":"https:\/\/skinstudio.ee\/lv\/wp-json\/wp\/v2\/product"}],"about":[{"href":"https:\/\/skinstudio.ee\/lv\/wp-json\/wp\/v2\/types\/product"}],"version-history":[{"count":1,"href":"https:\/\/skinstudio.ee\/lv\/wp-json\/wp\/v2\/product\/40478\/revisions"}],"predecessor-version":[{"id":73185,"href":"https:\/\/skinstudio.ee\/lv\/wp-json\/wp\/v2\/product\/40478\/revisions\/73185"}],"wp:featuredmedia":[{"embeddable":true,"href":"https:\/\/skinstudio.ee\/lv\/wp-json\/wp\/v2\/media\/63880"}],"wp:attachment":[{"href":"https:\/\/skinstudio.ee\/lv\/wp-json\/wp\/v2\/media?parent=40478"}],"wp:term":[{"taxonomy":"pwb-brand","embeddable":true,"href":"https:\/\/skinstudio.ee\/lv\/wp-json\/wp\/v2\/pwb-brand?post=40478"},{"taxonomy":"product_brand","embeddable":true,"href":"https:\/\/skinstudio.ee\/lv\/wp-json\/wp\/v2\/product_brand?post=40478"},{"taxonomy":"product_cat","embeddable":true,"href":"https:\/\/skinstudio.ee\/lv\/wp-json\/wp\/v2\/product_cat?post=40478"},{"taxonomy":"product_tag","embeddable":true,"href":"https:\/\/skinstudio.ee\/lv\/wp-json\/wp\/v2\/product_tag?post=40478"},{"taxonomy":"giftcard-category","embeddable":true,"href":"https:\/\/skinstudio.ee\/lv\/wp-json\/wp\/v2\/giftcard-category?post=40478"}],"curies":[{"name":"wp","href":"https:\/\/api.w.org\/{rel}","templated":true}]}}