{"id":40495,"date":"2025-08-01T08:36:58","date_gmt":"2025-08-01T08:36:58","guid":{"rendered":"https:\/\/skinstudio.ee\/?post_type=product&#038;p=40495"},"modified":"2026-01-21T13:57:17","modified_gmt":"2026-01-21T13:57:17","slug":"couperose-therapy-cream","status":"publish","type":"product","link":"https:\/\/skinstudio.ee\/lv\/catalog\/reviderm\/couperose-therapy-cream\/","title":{"rendered":"Couperose Therapy Cream"},"content":{"rendered":"<p data-start=\"204\" data-end=\"1020\">\u0100da ar kuperozi izce\u013cas ar pastiprin\u0101tu aps\u0101rtumu noteikt\u0101s zon\u0101s, k\u0101 ar\u012b redzamu asinsvadu t\u012bklojumu un kapil\u0101ru zvaigzn\u012bt\u0113m uz \u0101das virsmas. Akt\u012bv\u0101 sast\u0101vda\u013ca VEGF-stop kav\u0113 kapil\u0101ru t\u012bkla izplat\u012b\u0161anos, pal\u012bdz stabiliz\u0113t sejas toni un samazina aps\u0101rtumu.<br data-start=\"510\" data-end=\"513\" \/>Kr\u0113ma formula efekt\u012bvi atjauno boj\u0101to \u0101das aizsargbarjeru. \u0100da saglab\u0101 mitrumu un k\u013c\u016bst iztur\u012bg\u0101ka pret \u0101r\u0113jiem kairin\u0101t\u0101jiem. Pateicoties vieglajai tekst\u016brai, kr\u0113ms lieliski uzs\u016bcas.<br data-start=\"696\" data-end=\"699\" \/>Neirokosm\u0113tisk\u0101 antistresa sast\u0101vda\u013ca \u2014 savva\u013cas indigo s\u0113klu ekstrakts \u2014 mazina niezi un diskomfortu.<br data-start=\"801\" data-end=\"804\" \/>OPC (oligoproantocianid\u012bni) ir sp\u0113c\u012bgi br\u012bvo radik\u0101\u013cu neitraliz\u0113t\u0101ji ar ilgsto\u0161u antioksid\u0113jo\u0161u un asinsvadu stabiliz\u0113jo\u0161u iedarb\u012bbu, kas stiprina jut\u012bgu \u0101du.<br data-start=\"962\" data-end=\"965\" \/>Formula nesatur smar\u017evielas un ir labi sader\u012bga ar \u0101du.<\/p>\n<p data-start=\"1022\" data-end=\"1040\"><strong data-start=\"1022\" data-end=\"1040\">Tilpums: 50 ml<\/strong><\/p>\n","protected":false},"excerpt":{"rendered":"<p data-start=\"156\" data-end=\"211\">Stiprino\u0161s kr\u0113ms ar pretiekaisuma iedarb\u012bbu<\/p>\n<h2 data-start=\"156\" data-end=\"211\"><strong data-start=\"1211\" data-end=\"1256\">\u012bpa\u0161\u012bbas <\/strong><strong data-start=\"1211\" data-end=\"1256\">Reviderm &#8211; Couperose Therapy Cream<\/strong><\/h2>\n<p data-start=\"156\" data-end=\"211\">\u2714\ufe0f Stiprina kapil\u0101rus un samazina asinsvadu caurlaid\u012bbu<br data-start=\"1314\" data-end=\"1317\" \/>\u2714\ufe0f Samazina aps\u0101rtumu un kairin\u0101jumu<br data-start=\"1353\" data-end=\"1356\" \/>\u2714\ufe0f Samazina asinsvadu aug\u0161anas faktoru aktivit\u0101ti<br data-start=\"1405\" data-end=\"1408\" \/>\u2714\ufe0f Nostiprina \u0101das barjeru un aizsarg\u0101 pret \u0101r\u0113jiem faktoriem<br data-start=\"1469\" data-end=\"1472\" \/>\u2714\ufe0f Satur neirokosm\u0113tiskas sast\u0101vda\u013cas niezes un diskomforta mazin\u0101\u0161anai<br data-start=\"1543\" data-end=\"1546\" \/>\u2714\ufe0f Nodro\u0161ina antioksidantu aizsardz\u012bbu jut\u012bgai \u0101dai<\/p>\n","protected":false},"featured_media":63875,"template":"","meta":[],"pwb-brand":[703],"product_brand":[],"product_cat":[745,737,749,739],"product_tag":[],"giftcard-category":[],"class_list":{"0":"post-40495","1":"product","2":"type-product","3":"status-publish","4":"has-post-thumbnail","6":"pwb-brand-reviderm","7":"product_cat-jutigai-adai","8":"product_cat-mitrinasana","9":"product_cat-novecojosa-ada","10":"product_cat-sausai-adai","12":"first","13":"instock","14":"taxable","15":"shipping-taxable","16":"purchasable","17":"product-type-simple"},"acf":[],"brands":[{"id":703,"name":"Reviderm","slug":"reviderm"}],"_links":{"self":[{"href":"https:\/\/skinstudio.ee\/lv\/wp-json\/wp\/v2\/product\/40495","targetHints":{"allow":["GET"]}}],"collection":[{"href":"https:\/\/skinstudio.ee\/lv\/wp-json\/wp\/v2\/product"}],"about":[{"href":"https:\/\/skinstudio.ee\/lv\/wp-json\/wp\/v2\/types\/product"}],"version-history":[{"count":1,"href":"https:\/\/skinstudio.ee\/lv\/wp-json\/wp\/v2\/product\/40495\/revisions"}],"predecessor-version":[{"id":73184,"href":"https:\/\/skinstudio.ee\/lv\/wp-json\/wp\/v2\/product\/40495\/revisions\/73184"}],"wp:featuredmedia":[{"embeddable":true,"href":"https:\/\/skinstudio.ee\/lv\/wp-json\/wp\/v2\/media\/63875"}],"wp:attachment":[{"href":"https:\/\/skinstudio.ee\/lv\/wp-json\/wp\/v2\/media?parent=40495"}],"wp:term":[{"taxonomy":"pwb-brand","embeddable":true,"href":"https:\/\/skinstudio.ee\/lv\/wp-json\/wp\/v2\/pwb-brand?post=40495"},{"taxonomy":"product_brand","embeddable":true,"href":"https:\/\/skinstudio.ee\/lv\/wp-json\/wp\/v2\/product_brand?post=40495"},{"taxonomy":"product_cat","embeddable":true,"href":"https:\/\/skinstudio.ee\/lv\/wp-json\/wp\/v2\/product_cat?post=40495"},{"taxonomy":"product_tag","embeddable":true,"href":"https:\/\/skinstudio.ee\/lv\/wp-json\/wp\/v2\/product_tag?post=40495"},{"taxonomy":"giftcard-category","embeddable":true,"href":"https:\/\/skinstudio.ee\/lv\/wp-json\/wp\/v2\/giftcard-category?post=40495"}],"curies":[{"name":"wp","href":"https:\/\/api.w.org\/{rel}","templated":true}]}}