{"id":40512,"date":"2025-08-01T08:49:56","date_gmt":"2025-08-01T08:49:56","guid":{"rendered":"https:\/\/skinstudio.ee\/?post_type=product&#038;p=40512"},"modified":"2026-01-21T13:57:17","modified_gmt":"2026-01-21T13:57:17","slug":"couperose-therapy-mask","status":"publish","type":"product","link":"https:\/\/skinstudio.ee\/lv\/catalog\/reviderm\/couperose-therapy-mask\/","title":{"rendered":"Couperose Therapy Mask"},"content":{"rendered":"<p data-start=\"160\" data-end=\"854\">\u0100da ar kuperozi izce\u013cas ar pastiprin\u0101tu aps\u0101rtumu noteikt\u0101s zon\u0101s, k\u0101 ar\u012b redzamu asinsvadu t\u012bklu un kapil\u0101ru zvaigzn\u012bt\u0113m uz \u0101das virsmas. Akt\u012bv\u0101 sast\u0101vda\u013ca VEGF-stop kav\u0113 kapil\u0101ru t\u012bkla izplat\u012b\u0161anos, pal\u012bdz stabiliz\u0113t \u0101das toni un samazina aps\u0101rtumu. Maskas unik\u0101l\u0101 \u012bpa\u0161\u012bba kuperozi \u0101rst\u0113\u0161an\u0101 ir t\u0101s sast\u0101v\u0101 eso\u0161ais neirokosm\u0113tiskais pept\u012bds Acetyl Tetrapeptide-15. Tas &#8220;saista&#8221; nervu galu receptorus un samazina iekaisuma m\u0113r\u0137a molekulu izdal\u012b\u0161anos. T\u0101d\u0113j\u0101di iev\u0113rojami samazin\u0101s \u0101das jut\u012bba pret \u0101r\u0113j\u0101m ietekm\u0113m un paaugstin\u0101s t\u0101s notur\u012bba. Lakricas saknes ekstrakts sniedz papildus pretiekaisuma efektu. Maig\u0101 kr\u0113mveida g\u0113la tekst\u016bra nesatur smar\u017evielas un nodro\u0161ina \u0101dai intens\u012bvu kop\u0161anu.<\/p>\n<p data-start=\"856\" data-end=\"874\"><strong data-start=\"856\" data-end=\"868\">Tilpums:<\/strong> 50 ml<\/p>\n","protected":false},"excerpt":{"rendered":"<p data-start=\"1051\" data-end=\"1115\">Nomierino\u0161a intens\u012bv\u0101 maska jut\u012bgai \u0101dai ar kuperozi un roz\u0101ciju<\/p>\n<h2 data-start=\"1117\" data-end=\"1429\"><strong data-start=\"1117\" data-end=\"1161\">\u012apa\u0161\u012bbas Reviderm &#8211; Couperose Therapy Mask<\/strong><\/h2>\n<p data-start=\"1117\" data-end=\"1429\">\u2714\ufe0f Samazina aps\u0101rtumu un dedzino\u0161u saj\u016btu<br data-start=\"1205\" data-end=\"1208\" \/>\u2714\ufe0f Mazina kairin\u0101jumu un niezi<br data-start=\"1238\" data-end=\"1241\" \/>\u2714\ufe0f Stiprina kapil\u0101rus un samazina to caurlaid\u012bbu<br data-start=\"1289\" data-end=\"1292\" \/>\u2714\ufe0f Satur antioksidantus asinsvadu aizsardz\u012bbai<br data-start=\"1338\" data-end=\"1341\" \/>\u2714\ufe0f Mitrina un atjauno \u0101das aizsargbarjeru<br data-start=\"1382\" data-end=\"1385\" \/>\u2714\ufe0f Bez smar\u017eviel\u0101m, piem\u0113rota jut\u012bgai \u0101dai<\/p>\n","protected":false},"featured_media":40503,"template":"","meta":[],"pwb-brand":[703],"product_brand":[],"product_cat":[745,725],"product_tag":[],"giftcard-category":[],"class_list":{"0":"post-40512","1":"product","2":"type-product","3":"status-publish","4":"has-post-thumbnail","6":"pwb-brand-reviderm","7":"product_cat-jutigai-adai","8":"product_cat-maskas","10":"first","11":"instock","12":"taxable","13":"shipping-taxable","14":"purchasable","15":"product-type-simple"},"acf":[],"brands":[{"id":703,"name":"Reviderm","slug":"reviderm"}],"_links":{"self":[{"href":"https:\/\/skinstudio.ee\/lv\/wp-json\/wp\/v2\/product\/40512","targetHints":{"allow":["GET"]}}],"collection":[{"href":"https:\/\/skinstudio.ee\/lv\/wp-json\/wp\/v2\/product"}],"about":[{"href":"https:\/\/skinstudio.ee\/lv\/wp-json\/wp\/v2\/types\/product"}],"version-history":[{"count":1,"href":"https:\/\/skinstudio.ee\/lv\/wp-json\/wp\/v2\/product\/40512\/revisions"}],"predecessor-version":[{"id":73183,"href":"https:\/\/skinstudio.ee\/lv\/wp-json\/wp\/v2\/product\/40512\/revisions\/73183"}],"wp:featuredmedia":[{"embeddable":true,"href":"https:\/\/skinstudio.ee\/lv\/wp-json\/wp\/v2\/media\/40503"}],"wp:attachment":[{"href":"https:\/\/skinstudio.ee\/lv\/wp-json\/wp\/v2\/media?parent=40512"}],"wp:term":[{"taxonomy":"pwb-brand","embeddable":true,"href":"https:\/\/skinstudio.ee\/lv\/wp-json\/wp\/v2\/pwb-brand?post=40512"},{"taxonomy":"product_brand","embeddable":true,"href":"https:\/\/skinstudio.ee\/lv\/wp-json\/wp\/v2\/product_brand?post=40512"},{"taxonomy":"product_cat","embeddable":true,"href":"https:\/\/skinstudio.ee\/lv\/wp-json\/wp\/v2\/product_cat?post=40512"},{"taxonomy":"product_tag","embeddable":true,"href":"https:\/\/skinstudio.ee\/lv\/wp-json\/wp\/v2\/product_tag?post=40512"},{"taxonomy":"giftcard-category","embeddable":true,"href":"https:\/\/skinstudio.ee\/lv\/wp-json\/wp\/v2\/giftcard-category?post=40512"}],"curies":[{"name":"wp","href":"https:\/\/api.w.org\/{rel}","templated":true}]}}