{"id":40527,"date":"2025-08-01T09:01:19","date_gmt":"2025-08-01T09:01:19","guid":{"rendered":"https:\/\/skinstudio.ee\/?post_type=product&#038;p=40527"},"modified":"2026-01-21T13:57:18","modified_gmt":"2026-01-21T13:57:18","slug":"hydro2-infusion-mask","status":"publish","type":"product","link":"https:\/\/skinstudio.ee\/lv\/catalog\/reviderm\/hydro2-infusion-mask\/","title":{"rendered":"Hydro2 Infusion Mask"},"content":{"rendered":"<p data-start=\"169\" data-end=\"839\">Kr\u0113ma-g\u0113la maska, kas regul\u0113 un atbalsta \u0101das dabiskos mitrin\u0101\u0161anas meh\u0101nismus, vienlaikus nodro\u0161inot \u0101r\u0113ju mitrumu.<br data-start=\"285\" data-end=\"288\" \/>Akt\u012bvo vielu komplekss stimul\u0113 filagr\u012bna prote\u012bna veido\u0161anos epiderm\u0101. \u0160is prote\u012bns galvenok\u0101rt piedal\u0101s aminosk\u0101bju sint\u0113z\u0113, kas ir atbild\u012bgas par \u0101das dabisk\u0101 mitrin\u0101\u0161anas faktora (NMF) izstr\u0101di. Palielinoties aminosk\u0101bju daudzumam, \u0101da lab\u0101k notur mitrumu un k\u013c\u016bst vesel\u012bg\u0101ka.<br data-start=\"567\" data-end=\"570\" \/>Biomim\u0113tisks aminosk\u0101bju komplekss kop\u0101 ar hialuronsk\u0101bi nodro\u0161ina t\u016bl\u012bt\u0113ju un intens\u012bvu mitrin\u0101\u0161anu, padarot \u0101du tvirt\u0101ku un svaig\u0101ku.<br data-start=\"705\" data-end=\"708\" \/>Pa\u0161regul\u0101cijas uzlabo\u0161ana ir \u012bpa\u0161i svar\u012bga atopiskai \u0101dai ar \u0123en\u0113tisku filagr\u012bna defic\u012btu un tendenci veidot miliumas vai kserozes.<\/p>\n<p data-start=\"841\" data-end=\"859\"><strong data-start=\"841\" data-end=\"853\">Tilpums:<\/strong> 50 ml<\/p>\n","protected":false},"excerpt":{"rendered":"<p data-start=\"1035\" data-end=\"1094\">Intens\u012bva kr\u0113ma-g\u0113la maska<\/p>\n<h2 data-start=\"1096\" data-end=\"1440\"><strong data-start=\"1096\" data-end=\"1138\">\u012apa\u0161\u012bbas Reviderm &#8211; Hydro2 Infusion Mask<\/strong><\/h2>\n<p data-start=\"1096\" data-end=\"1440\">\u2714\ufe0f Nekav\u0113joties pies\u0101tina \u0101du ar mitrumu un nov\u0113r\u0161 dehidrat\u0101cijas paz\u012bmes<br data-start=\"1214\" data-end=\"1217\" \/>\u2714\ufe0f Mazina savilkuma saj\u016btu un atjauno komfortu<br data-start=\"1263\" data-end=\"1266\" \/>\u2714\ufe0f Nostiprina hidrolip\u012bdu barjeru un \u0101das aizsargsp\u0113jas<br data-start=\"1321\" data-end=\"1324\" \/>\u2714\ufe0f Padara \u0101du man\u0101mi maig\u0101ku, glud\u0101ku un elast\u012bg\u0101ku<br data-start=\"1375\" data-end=\"1378\" \/>\u2714\ufe0f Nodro\u0161ina ilgsto\u0161u mitrin\u0101\u0161anu bez lip\u012bgas k\u0101rtas saj\u016btas<\/p>\n","protected":false},"featured_media":63870,"template":"","meta":[],"pwb-brand":[703],"product_brand":[],"product_cat":[745,725,737,749,739],"product_tag":[],"giftcard-category":[],"class_list":{"0":"post-40527","1":"product","2":"type-product","3":"status-publish","4":"has-post-thumbnail","6":"pwb-brand-reviderm","7":"product_cat-jutigai-adai","8":"product_cat-maskas","9":"product_cat-mitrinasana","10":"product_cat-novecojosa-ada","11":"product_cat-sausai-adai","13":"first","14":"instock","15":"taxable","16":"shipping-taxable","17":"purchasable","18":"product-type-simple"},"acf":[],"brands":[{"id":703,"name":"Reviderm","slug":"reviderm"}],"_links":{"self":[{"href":"https:\/\/skinstudio.ee\/lv\/wp-json\/wp\/v2\/product\/40527","targetHints":{"allow":["GET"]}}],"collection":[{"href":"https:\/\/skinstudio.ee\/lv\/wp-json\/wp\/v2\/product"}],"about":[{"href":"https:\/\/skinstudio.ee\/lv\/wp-json\/wp\/v2\/types\/product"}],"version-history":[{"count":1,"href":"https:\/\/skinstudio.ee\/lv\/wp-json\/wp\/v2\/product\/40527\/revisions"}],"predecessor-version":[{"id":73182,"href":"https:\/\/skinstudio.ee\/lv\/wp-json\/wp\/v2\/product\/40527\/revisions\/73182"}],"wp:featuredmedia":[{"embeddable":true,"href":"https:\/\/skinstudio.ee\/lv\/wp-json\/wp\/v2\/media\/63870"}],"wp:attachment":[{"href":"https:\/\/skinstudio.ee\/lv\/wp-json\/wp\/v2\/media?parent=40527"}],"wp:term":[{"taxonomy":"pwb-brand","embeddable":true,"href":"https:\/\/skinstudio.ee\/lv\/wp-json\/wp\/v2\/pwb-brand?post=40527"},{"taxonomy":"product_brand","embeddable":true,"href":"https:\/\/skinstudio.ee\/lv\/wp-json\/wp\/v2\/product_brand?post=40527"},{"taxonomy":"product_cat","embeddable":true,"href":"https:\/\/skinstudio.ee\/lv\/wp-json\/wp\/v2\/product_cat?post=40527"},{"taxonomy":"product_tag","embeddable":true,"href":"https:\/\/skinstudio.ee\/lv\/wp-json\/wp\/v2\/product_tag?post=40527"},{"taxonomy":"giftcard-category","embeddable":true,"href":"https:\/\/skinstudio.ee\/lv\/wp-json\/wp\/v2\/giftcard-category?post=40527"}],"curies":[{"name":"wp","href":"https:\/\/api.w.org\/{rel}","templated":true}]}}