{"id":40542,"date":"2025-08-01T09:16:22","date_gmt":"2025-08-01T09:16:22","guid":{"rendered":"https:\/\/skinstudio.ee\/?post_type=product&#038;p=40542"},"modified":"2026-01-21T13:57:18","modified_gmt":"2026-01-21T13:57:18","slug":"hydro2-infusion-serum","status":"publish","type":"product","link":"https:\/\/skinstudio.ee\/lv\/catalog\/reviderm\/hydro2-infusion-serum\/","title":{"rendered":"Hydro2 Infusion Serum"},"content":{"rendered":"<p data-start=\"258\" data-end=\"757\">Sejas \u0101das mitrin\u0101\u0161ana ir viens no b\u016btisk\u0101kajiem so\u013ciem ikdienas kop\u0161an\u0101, kuru nedr\u012bkst izlaist. Dehidrat\u0113ta \u0101da var izdal\u012bt pietiekami daudz lip\u012bdu, ta\u010du nesp\u0113j notur\u0113t mitrumu. \u0160is 24 stundu regul\u0113jo\u0161ais mitrino\u0161ais serums izstr\u0101d\u0101ts, lai atbalst\u012btu \u0101das dabisko sp\u0113ju notur\u0113t mitrumu, uzturot \u0101r\u0113j\u0101s vides mitrin\u0101\u0161anu. Unik\u0101l\u0101 formula veicina aminosk\u0101bju l\u012bme\u0146a pieaugumu epiderm\u0101, kas nodro\u0161ina optim\u0101lu mitruma l\u012bmeni. Liel\u0101 akt\u012bvo vielu koncentr\u0101cija nodro\u0161ina intens\u012bvu un ilgsto\u0161u iedarb\u012bbu.<\/p>\n<p data-start=\"759\" data-end=\"777\"><strong data-start=\"759\" data-end=\"771\">Tilpums:<\/strong> 30 ml<\/p>\n","protected":false},"excerpt":{"rendered":"<p data-start=\"884\" data-end=\"950\">Koncentr\u0113ts mitrino\u0161s serums ilgsto\u0161ai mitrin\u0101\u0161anai un komfortam<\/p>\n<h2 data-start=\"952\" data-end=\"1283\"><strong data-start=\"952\" data-end=\"995\">\u012apa\u0161\u012bbas Reviderm &#8211; Hydro2 Infusion Serum<\/strong><\/h2>\n<p data-start=\"952\" data-end=\"1283\">\u2714\ufe0f \u0100tri un dzi\u013ci pies\u0101tina \u0101du ar mitrumu<br data-start=\"1039\" data-end=\"1042\" \/>\u2714\ufe0f Nov\u0113r\u0161 sausumu un savilkuma saj\u016btu jau p\u0113c pirm\u0101s lieto\u0161anas<br data-start=\"1105\" data-end=\"1108\" \/>\u2714\ufe0f Palielina elast\u012bbu un pie\u0161\u0137ir \u0101dai svaigu, koptu izskatu<br data-start=\"1167\" data-end=\"1170\" \/>\u2714\ufe0f Atjauno mitruma l\u012bdzsvaru un uzlabo mitruma notur\u012bbu<br data-start=\"1225\" data-end=\"1228\" \/>\u2714\ufe0f Pastiprina turpm\u0101ko kop\u0161anas l\u012bdzek\u013cu efektivit\u0101ti<\/p>\n","protected":false},"featured_media":40535,"template":"","meta":[],"pwb-brand":[703],"product_brand":[],"product_cat":[737,749,739,723],"product_tag":[],"giftcard-category":[],"class_list":{"0":"post-40542","1":"product","2":"type-product","3":"status-publish","4":"has-post-thumbnail","6":"pwb-brand-reviderm","7":"product_cat-mitrinasana","8":"product_cat-novecojosa-ada","9":"product_cat-sausai-adai","10":"product_cat-serumi","12":"first","13":"instock","14":"taxable","15":"shipping-taxable","16":"purchasable","17":"product-type-simple"},"acf":[],"brands":[{"id":703,"name":"Reviderm","slug":"reviderm"}],"_links":{"self":[{"href":"https:\/\/skinstudio.ee\/lv\/wp-json\/wp\/v2\/product\/40542","targetHints":{"allow":["GET"]}}],"collection":[{"href":"https:\/\/skinstudio.ee\/lv\/wp-json\/wp\/v2\/product"}],"about":[{"href":"https:\/\/skinstudio.ee\/lv\/wp-json\/wp\/v2\/types\/product"}],"version-history":[{"count":1,"href":"https:\/\/skinstudio.ee\/lv\/wp-json\/wp\/v2\/product\/40542\/revisions"}],"predecessor-version":[{"id":73181,"href":"https:\/\/skinstudio.ee\/lv\/wp-json\/wp\/v2\/product\/40542\/revisions\/73181"}],"wp:featuredmedia":[{"embeddable":true,"href":"https:\/\/skinstudio.ee\/lv\/wp-json\/wp\/v2\/media\/40535"}],"wp:attachment":[{"href":"https:\/\/skinstudio.ee\/lv\/wp-json\/wp\/v2\/media?parent=40542"}],"wp:term":[{"taxonomy":"pwb-brand","embeddable":true,"href":"https:\/\/skinstudio.ee\/lv\/wp-json\/wp\/v2\/pwb-brand?post=40542"},{"taxonomy":"product_brand","embeddable":true,"href":"https:\/\/skinstudio.ee\/lv\/wp-json\/wp\/v2\/product_brand?post=40542"},{"taxonomy":"product_cat","embeddable":true,"href":"https:\/\/skinstudio.ee\/lv\/wp-json\/wp\/v2\/product_cat?post=40542"},{"taxonomy":"product_tag","embeddable":true,"href":"https:\/\/skinstudio.ee\/lv\/wp-json\/wp\/v2\/product_tag?post=40542"},{"taxonomy":"giftcard-category","embeddable":true,"href":"https:\/\/skinstudio.ee\/lv\/wp-json\/wp\/v2\/giftcard-category?post=40542"}],"curies":[{"name":"wp","href":"https:\/\/api.w.org\/{rel}","templated":true}]}}