{"id":40560,"date":"2025-08-01T09:33:16","date_gmt":"2025-08-01T09:33:16","guid":{"rendered":"https:\/\/skinstudio.ee\/?post_type=product&#038;p=40560"},"modified":"2026-01-21T13:57:18","modified_gmt":"2026-01-21T13:57:18","slug":"hydro2-infusion-cream","status":"publish","type":"product","link":"https:\/\/skinstudio.ee\/lv\/catalog\/reviderm\/hydro2-infusion-cream\/","title":{"rendered":"Hydro2 Infusion Cream"},"content":{"rendered":"<p data-start=\"152\" data-end=\"1029\">24 stundu kr\u0113ms, kas regul\u0113 un atbalsta \u0101das dabiskos mitrin\u0101\u0161anas procesus, vienlaikus uzlabojot \u0101r\u0113j\u0101s mitruma notur\u0113\u0161anas sp\u0113ju.<br data-start=\"283\" data-end=\"286\" \/>Sojas polipept\u012bdi stimul\u0113 filagr\u012bna veido\u0161anos epiderm\u0101 \u2014 \u0161is prote\u012bns piedal\u0101s aminosk\u0101bju sint\u0113z\u0113, kas nepiecie\u0161amas \u0101das dabisk\u0101 mitrino\u0161\u0101 faktora (NMF) veido\u0161anai.<br data-start=\"453\" data-end=\"456\" \/>Perillas s\u0113klu e\u013c\u013ca ir bag\u0101ts omega-3 tauksk\u0101bju, vitam\u012bnu un miner\u0101lvielu avots, kas normaliz\u0113 lip\u012bdu barjeras funkcijas, nov\u0113r\u0161 iekaisumus un aizsarg\u0101 \u0101du no priek\u0161laic\u012bgas noveco\u0161anas.<br data-start=\"643\" data-end=\"646\" \/>\u0100da k\u013c\u016bst tvirt\u0101ka, glud\u0101ka un vizu\u0101li svaig\u0101ka.<br data-start=\"694\" data-end=\"697\" \/>Kr\u0113mam ir dubulta iedarb\u012bba:<\/p>\n<ul>\n<li data-start=\"152\" data-end=\"1029\">Tas nodro\u0161ina intens\u012bvu mitrin\u0101\u0161anu un stimul\u0113 pa\u0161as \u0101das mitrin\u0101\u0161anas meh\u0101nismus<\/li>\n<li data-start=\"152\" data-end=\"1029\">Omega-3 tauksk\u0101bes, vitam\u012bni un miner\u0101lvielas samazina savilkuma saj\u016btu un uzlabo \u0101das elast\u012bbu un maigumu<\/li>\n<li data-start=\"152\" data-end=\"1029\">Kr\u0113ms izl\u012bdzina sausuma izrais\u012btas smalkas un dzi\u013c\u0101kas grumbi\u0146as, palielina \u0101das bl\u012bvumu un uzlabo t\u0101s toni.<\/li>\n<\/ul>\n<p data-start=\"1031\" data-end=\"1049\"><strong data-start=\"1031\" data-end=\"1043\">Tilpums:<\/strong> 50 ml<\/p>\n","protected":false},"excerpt":{"rendered":"<p data-start=\"1138\" data-end=\"1206\">Intens\u012bvs mitrino\u0161s kr\u0113ms<\/p>\n<h2 data-start=\"1208\" data-end=\"1514\"><strong data-start=\"1208\" data-end=\"1251\">\u012apa\u0161\u012bbas Reviderm &#8211; Hydro2 Infusion Cream<\/strong><\/h2>\n<p data-start=\"1208\" data-end=\"1514\">\u2714\ufe0f Nodro\u0161ina dzi\u013cu un ilgsto\u0161u mitrin\u0101\u0161anu<br data-start=\"1296\" data-end=\"1299\" \/>\u2714\ufe0f Atjauno dabisko mitruma l\u012bmeni \u0101d\u0101<br data-start=\"1336\" data-end=\"1339\" \/>\u2714\ufe0f Nov\u0113r\u0161 sausumu un savilkuma saj\u016btu, atjauno komfortu<br data-start=\"1394\" data-end=\"1397\" \/>\u2714\ufe0f Palielina \u0101das elast\u012bbu, maigumu un izl\u012bdzina mikroreljefu<br data-start=\"1458\" data-end=\"1461\" \/>\u2714\ufe0f Nostiprina \u0101das barjeru un nov\u0113r\u0161 mitruma zudumu<\/p>\n","protected":false},"featured_media":40550,"template":"","meta":[],"pwb-brand":[703],"product_brand":[],"product_cat":[745,737,749,739],"product_tag":[],"giftcard-category":[],"class_list":{"0":"post-40560","1":"product","2":"type-product","3":"status-publish","4":"has-post-thumbnail","6":"pwb-brand-reviderm","7":"product_cat-jutigai-adai","8":"product_cat-mitrinasana","9":"product_cat-novecojosa-ada","10":"product_cat-sausai-adai","12":"first","13":"instock","14":"taxable","15":"shipping-taxable","16":"purchasable","17":"product-type-simple"},"acf":[],"brands":[{"id":703,"name":"Reviderm","slug":"reviderm"}],"_links":{"self":[{"href":"https:\/\/skinstudio.ee\/lv\/wp-json\/wp\/v2\/product\/40560","targetHints":{"allow":["GET"]}}],"collection":[{"href":"https:\/\/skinstudio.ee\/lv\/wp-json\/wp\/v2\/product"}],"about":[{"href":"https:\/\/skinstudio.ee\/lv\/wp-json\/wp\/v2\/types\/product"}],"version-history":[{"count":1,"href":"https:\/\/skinstudio.ee\/lv\/wp-json\/wp\/v2\/product\/40560\/revisions"}],"predecessor-version":[{"id":73180,"href":"https:\/\/skinstudio.ee\/lv\/wp-json\/wp\/v2\/product\/40560\/revisions\/73180"}],"wp:featuredmedia":[{"embeddable":true,"href":"https:\/\/skinstudio.ee\/lv\/wp-json\/wp\/v2\/media\/40550"}],"wp:attachment":[{"href":"https:\/\/skinstudio.ee\/lv\/wp-json\/wp\/v2\/media?parent=40560"}],"wp:term":[{"taxonomy":"pwb-brand","embeddable":true,"href":"https:\/\/skinstudio.ee\/lv\/wp-json\/wp\/v2\/pwb-brand?post=40560"},{"taxonomy":"product_brand","embeddable":true,"href":"https:\/\/skinstudio.ee\/lv\/wp-json\/wp\/v2\/product_brand?post=40560"},{"taxonomy":"product_cat","embeddable":true,"href":"https:\/\/skinstudio.ee\/lv\/wp-json\/wp\/v2\/product_cat?post=40560"},{"taxonomy":"product_tag","embeddable":true,"href":"https:\/\/skinstudio.ee\/lv\/wp-json\/wp\/v2\/product_tag?post=40560"},{"taxonomy":"giftcard-category","embeddable":true,"href":"https:\/\/skinstudio.ee\/lv\/wp-json\/wp\/v2\/giftcard-category?post=40560"}],"curies":[{"name":"wp","href":"https:\/\/api.w.org\/{rel}","templated":true}]}}