{"id":40579,"date":"2025-08-01T09:44:04","date_gmt":"2025-08-01T09:44:04","guid":{"rendered":"https:\/\/skinstudio.ee\/?post_type=product&#038;p=40579"},"modified":"2026-01-21T13:57:21","modified_gmt":"2026-01-21T13:57:21","slug":"sicca-control-day","status":"publish","type":"product","link":"https:\/\/skinstudio.ee\/lv\/catalog\/reviderm\/sicca-control-day\/","title":{"rendered":"Sicca Control Day"},"content":{"rendered":"<p data-start=\"147\" data-end=\"493\">Kr\u0113mam ir aizsarg\u0101jo\u0161a iedarb\u012bba \u2013 tas regul\u0113 tauku izdal\u012b\u0161anos un mazina \u0101das kairin\u0101jumu. \u0100dai identiski lip\u012bdi stiprina aizsargbarjeru un uzlabo \u0101das notur\u012bbu pret \u0101r\u0113jiem faktoriem. Ekto\u012bns aktiviz\u0113 \u0101das atjauno\u0161an\u0101s meh\u0101nismus un uzlabo sp\u0113ju saglab\u0101t mitrumu. Atjauno dabisko l\u012bdzsvaru. Kr\u0113ms nomierina \u0101du, padara to glud\u0101ku un elast\u012bg\u0101ku.<\/p>\n<p data-start=\"495\" data-end=\"513\"><strong data-start=\"495\" data-end=\"507\">Tilpums:<\/strong> 50 ml<\/p>\n","protected":false},"excerpt":{"rendered":"<p data-start=\"659\" data-end=\"687\">Dienas l\u012bdzsvarojo\u0161s kr\u0113ms<\/p>\n<h2 data-start=\"689\" data-end=\"1016\"><strong data-start=\"689\" data-end=\"734\">\u012apa\u0161\u012bbas Reviderm &#8211; Sicca Control Day\u00a0<\/strong><\/h2>\n<p data-start=\"689\" data-end=\"1016\">\u2714\ufe0f Nomierina jut\u012bgu un iekaisuma procesiem pak\u013cautu \u0101du<br data-start=\"792\" data-end=\"795\" \/>\u2714\ufe0f Regul\u0113 tauku dziedzeru darb\u012bbu un samazina sp\u012bdumu<br data-start=\"848\" data-end=\"851\" \/>\u2714\ufe0f Nodro\u0161ina optim\u0101lu mitrin\u0101\u0161anu visas dienas garum\u0101<br data-start=\"904\" data-end=\"907\" \/>\u2714\ufe0f Nostiprina \u0101das aizsargbarjeru un nov\u0113r\u0161 kairin\u0101jumus<br data-start=\"963\" data-end=\"966\" \/>\u2714\ufe0f Uzlabo \u0101das tekst\u016bru un pie\u0161\u0137ir mat\u0113tu efektu<\/p>\n","protected":false},"featured_media":63865,"template":"","meta":[],"pwb-brand":[703],"product_brand":[],"product_cat":[741,745,737,747],"product_tag":[],"giftcard-category":[],"class_list":{"0":"post-40579","1":"product","2":"type-product","3":"status-publish","4":"has-post-thumbnail","6":"pwb-brand-reviderm","7":"product_cat-izsitumi","8":"product_cat-jutigai-adai","9":"product_cat-mitrinasana","10":"product_cat-taukainai-adai","12":"first","13":"instock","14":"taxable","15":"shipping-taxable","16":"purchasable","17":"product-type-simple"},"acf":[],"brands":[{"id":703,"name":"Reviderm","slug":"reviderm"}],"_links":{"self":[{"href":"https:\/\/skinstudio.ee\/lv\/wp-json\/wp\/v2\/product\/40579","targetHints":{"allow":["GET"]}}],"collection":[{"href":"https:\/\/skinstudio.ee\/lv\/wp-json\/wp\/v2\/product"}],"about":[{"href":"https:\/\/skinstudio.ee\/lv\/wp-json\/wp\/v2\/types\/product"}],"version-history":[{"count":1,"href":"https:\/\/skinstudio.ee\/lv\/wp-json\/wp\/v2\/product\/40579\/revisions"}],"predecessor-version":[{"id":73146,"href":"https:\/\/skinstudio.ee\/lv\/wp-json\/wp\/v2\/product\/40579\/revisions\/73146"}],"wp:featuredmedia":[{"embeddable":true,"href":"https:\/\/skinstudio.ee\/lv\/wp-json\/wp\/v2\/media\/63865"}],"wp:attachment":[{"href":"https:\/\/skinstudio.ee\/lv\/wp-json\/wp\/v2\/media?parent=40579"}],"wp:term":[{"taxonomy":"pwb-brand","embeddable":true,"href":"https:\/\/skinstudio.ee\/lv\/wp-json\/wp\/v2\/pwb-brand?post=40579"},{"taxonomy":"product_brand","embeddable":true,"href":"https:\/\/skinstudio.ee\/lv\/wp-json\/wp\/v2\/product_brand?post=40579"},{"taxonomy":"product_cat","embeddable":true,"href":"https:\/\/skinstudio.ee\/lv\/wp-json\/wp\/v2\/product_cat?post=40579"},{"taxonomy":"product_tag","embeddable":true,"href":"https:\/\/skinstudio.ee\/lv\/wp-json\/wp\/v2\/product_tag?post=40579"},{"taxonomy":"giftcard-category","embeddable":true,"href":"https:\/\/skinstudio.ee\/lv\/wp-json\/wp\/v2\/giftcard-category?post=40579"}],"curies":[{"name":"wp","href":"https:\/\/api.w.org\/{rel}","templated":true}]}}