{"id":40594,"date":"2025-08-01T09:59:08","date_gmt":"2025-08-01T09:59:08","guid":{"rendered":"https:\/\/skinstudio.ee\/?post_type=product&#038;p=40594"},"modified":"2026-01-21T13:57:21","modified_gmt":"2026-01-21T13:57:21","slug":"sicca-control-night","status":"publish","type":"product","link":"https:\/\/skinstudio.ee\/lv\/catalog\/reviderm\/sicca-control-night\/","title":{"rendered":"Sicca Control Night"},"content":{"rendered":"<p data-start=\"166\" data-end=\"786\">Nomierino\u0161s mitrino\u0161s kr\u0113ms, kas atjauno \u0101das aizsargbarjeru, mazina iekaisumu un jut\u012bgumu. Piem\u0113rots \u0101dai ar akni vai roz\u0101ciju. Kr\u0113ms regul\u0113 tauku dziedzeru darb\u012bbu, nov\u0113r\u0161 kairin\u0101jumu un savilkuma saj\u016btu, k\u0101 ar\u012b c\u012bn\u0101s ar dehidrat\u0101ciju. Viegl\u0101 tekst\u016bra ide\u0101li piem\u0113rota problem\u0101tiskai \u0101dai. Produkts uzlabo taukainas, dehidrat\u0113tas \u0101das st\u0101vokli un atjauno mitrumu un elast\u012bbu nobriedu\u0161ai \u0101dai.<br data-start=\"560\" data-end=\"563\" \/>Kr\u0113ma pamat\u0101 ir DMS \u2013 Derma Membrane Structure (V\u0101cijas uz\u0146\u0113muma KOKO patents) \u2013 jaun\u0101k\u0101s paaudzes lamel\u0101r\u0101 emulsija (MLE). \u0160\u012b sast\u0101vda\u013ca efekt\u012bvi atjauno \u0101das barjeru un pal\u012bdz akt\u012bvaj\u0101m viel\u0101m iek\u013c\u016bt dzi\u013c\u0101kos \u0101das sl\u0101\u0146os.<\/p>\n<p data-start=\"788\" data-end=\"806\"><strong data-start=\"788\" data-end=\"800\">Tilpums:<\/strong> 50 ml<\/p>\n","protected":false},"excerpt":{"rendered":"<p data-start=\"984\" data-end=\"1011\">Nakts l\u012bdzsvarojo\u0161s kr\u0113ms<\/p>\n<h2 data-start=\"1013\" data-end=\"1316\"><strong data-start=\"1013\" data-end=\"1060\">\u012apa\u0161\u012bbas Reviderm &#8211; Sicca Control Night<\/strong><\/h2>\n<p data-start=\"1013\" data-end=\"1316\">\u2714\ufe0f Nomierina jut\u012bgu \u0101du un samazina iekaisumu<br data-start=\"1108\" data-end=\"1111\" \/>\u2714\ufe0f Intens\u012bvi atjauno \u0101du nakts laik\u0101<br data-start=\"1147\" data-end=\"1150\" \/>\u2714\ufe0f Regul\u0113 sebuma izdal\u012b\u0161anos un stiprina \u0101das aizsargbarjeru<br data-start=\"1210\" data-end=\"1213\" \/>\u2714\ufe0f Nov\u0113r\u0161 sausumu un diskomfortu, uzlabo \u0101das maigumu<br data-start=\"1266\" data-end=\"1269\" \/>\u2714\ufe0f Uzlabo elast\u012bbu un izl\u012bdzina \u0101das tekst\u016bru<\/p>\n","protected":false},"featured_media":40587,"template":"","meta":[],"pwb-brand":[703],"product_brand":[],"product_cat":[741,745,737,749,739],"product_tag":[],"giftcard-category":[],"class_list":{"0":"post-40594","1":"product","2":"type-product","3":"status-publish","4":"has-post-thumbnail","6":"pwb-brand-reviderm","7":"product_cat-izsitumi","8":"product_cat-jutigai-adai","9":"product_cat-mitrinasana","10":"product_cat-novecojosa-ada","11":"product_cat-sausai-adai","13":"first","14":"instock","15":"taxable","16":"shipping-taxable","17":"purchasable","18":"product-type-simple"},"acf":[],"brands":[{"id":703,"name":"Reviderm","slug":"reviderm"}],"_links":{"self":[{"href":"https:\/\/skinstudio.ee\/lv\/wp-json\/wp\/v2\/product\/40594","targetHints":{"allow":["GET"]}}],"collection":[{"href":"https:\/\/skinstudio.ee\/lv\/wp-json\/wp\/v2\/product"}],"about":[{"href":"https:\/\/skinstudio.ee\/lv\/wp-json\/wp\/v2\/types\/product"}],"version-history":[{"count":1,"href":"https:\/\/skinstudio.ee\/lv\/wp-json\/wp\/v2\/product\/40594\/revisions"}],"predecessor-version":[{"id":73145,"href":"https:\/\/skinstudio.ee\/lv\/wp-json\/wp\/v2\/product\/40594\/revisions\/73145"}],"wp:featuredmedia":[{"embeddable":true,"href":"https:\/\/skinstudio.ee\/lv\/wp-json\/wp\/v2\/media\/40587"}],"wp:attachment":[{"href":"https:\/\/skinstudio.ee\/lv\/wp-json\/wp\/v2\/media?parent=40594"}],"wp:term":[{"taxonomy":"pwb-brand","embeddable":true,"href":"https:\/\/skinstudio.ee\/lv\/wp-json\/wp\/v2\/pwb-brand?post=40594"},{"taxonomy":"product_brand","embeddable":true,"href":"https:\/\/skinstudio.ee\/lv\/wp-json\/wp\/v2\/product_brand?post=40594"},{"taxonomy":"product_cat","embeddable":true,"href":"https:\/\/skinstudio.ee\/lv\/wp-json\/wp\/v2\/product_cat?post=40594"},{"taxonomy":"product_tag","embeddable":true,"href":"https:\/\/skinstudio.ee\/lv\/wp-json\/wp\/v2\/product_tag?post=40594"},{"taxonomy":"giftcard-category","embeddable":true,"href":"https:\/\/skinstudio.ee\/lv\/wp-json\/wp\/v2\/giftcard-category?post=40594"}],"curies":[{"name":"wp","href":"https:\/\/api.w.org\/{rel}","templated":true}]}}