{"id":40610,"date":"2025-08-01T10:07:27","date_gmt":"2025-08-01T10:07:27","guid":{"rendered":"https:\/\/skinstudio.ee\/?post_type=product&#038;p=40610"},"modified":"2026-01-21T13:57:21","modified_gmt":"2026-01-21T13:57:21","slug":"sicca-calcium-serum","status":"publish","type":"product","link":"https:\/\/skinstudio.ee\/lv\/catalog\/reviderm\/sicca-calcium-serum\/","title":{"rendered":"Sicca Calcium Serum"},"content":{"rendered":"<p data-start=\"160\" data-end=\"358\">\u0160is \u012bpa\u0161ais serums ar kalciju un hialuronsk\u0101bi regul\u0113 \u0101das dabisko \u0161\u016bnu atjauno\u0161an\u0101s procesu un uzlabo t\u0101s notur\u012bbu pret \u0101r\u0113j\u0101s vides ietekmi. \u0100da k\u013c\u016bst glud\u0101ka, vienm\u0113r\u012bg\u0101ka, maig\u0101ka un elast\u012bg\u0101ka.<\/p>\n<p data-start=\"360\" data-end=\"378\"><strong data-start=\"360\" data-end=\"372\">Tilpums:<\/strong> 30 ml<\/p>\n","protected":false},"excerpt":{"rendered":"<p data-start=\"516\" data-end=\"546\">Stiprino\u0161s serums ar kalciju<\/p>\n<h2 data-start=\"548\" data-end=\"817\"><strong data-start=\"548\" data-end=\"589\">\u012apa\u0161\u012bbas Reviderm &#8211; Sicca Calcium Serum<\/strong><\/h2>\n<p data-start=\"548\" data-end=\"817\">\u2714\ufe0f Stiprina nov\u0101jin\u0101tu un dehidrat\u0113tu \u0101du<br data-start=\"633\" data-end=\"636\" \/>\u2714\ufe0f Nomierina kairin\u0101jumu un samazina jut\u012bgumu<br data-start=\"681\" data-end=\"684\" \/>\u2714\ufe0f Atjauno \u0101das aizsargbarjeras funkciju<br data-start=\"724\" data-end=\"727\" \/>\u2714\ufe0f Palielina notur\u012bbu pret \u0101r\u0113jiem stresa faktoriem<br data-start=\"778\" data-end=\"781\" \/>\u2714\ufe0f Sagatavo \u0101du turpm\u0101kai kop\u0161anai<\/p>\n","protected":false},"featured_media":63860,"template":"","meta":[],"pwb-brand":[703],"product_brand":[],"product_cat":[745,737,749,739,723],"product_tag":[],"giftcard-category":[],"class_list":{"0":"post-40610","1":"product","2":"type-product","3":"status-publish","4":"has-post-thumbnail","6":"pwb-brand-reviderm","7":"product_cat-jutigai-adai","8":"product_cat-mitrinasana","9":"product_cat-novecojosa-ada","10":"product_cat-sausai-adai","11":"product_cat-serumi","13":"first","14":"instock","15":"taxable","16":"shipping-taxable","17":"purchasable","18":"product-type-simple"},"acf":[],"brands":[{"id":703,"name":"Reviderm","slug":"reviderm"}],"_links":{"self":[{"href":"https:\/\/skinstudio.ee\/lv\/wp-json\/wp\/v2\/product\/40610","targetHints":{"allow":["GET"]}}],"collection":[{"href":"https:\/\/skinstudio.ee\/lv\/wp-json\/wp\/v2\/product"}],"about":[{"href":"https:\/\/skinstudio.ee\/lv\/wp-json\/wp\/v2\/types\/product"}],"version-history":[{"count":1,"href":"https:\/\/skinstudio.ee\/lv\/wp-json\/wp\/v2\/product\/40610\/revisions"}],"predecessor-version":[{"id":73144,"href":"https:\/\/skinstudio.ee\/lv\/wp-json\/wp\/v2\/product\/40610\/revisions\/73144"}],"wp:featuredmedia":[{"embeddable":true,"href":"https:\/\/skinstudio.ee\/lv\/wp-json\/wp\/v2\/media\/63860"}],"wp:attachment":[{"href":"https:\/\/skinstudio.ee\/lv\/wp-json\/wp\/v2\/media?parent=40610"}],"wp:term":[{"taxonomy":"pwb-brand","embeddable":true,"href":"https:\/\/skinstudio.ee\/lv\/wp-json\/wp\/v2\/pwb-brand?post=40610"},{"taxonomy":"product_brand","embeddable":true,"href":"https:\/\/skinstudio.ee\/lv\/wp-json\/wp\/v2\/product_brand?post=40610"},{"taxonomy":"product_cat","embeddable":true,"href":"https:\/\/skinstudio.ee\/lv\/wp-json\/wp\/v2\/product_cat?post=40610"},{"taxonomy":"product_tag","embeddable":true,"href":"https:\/\/skinstudio.ee\/lv\/wp-json\/wp\/v2\/product_tag?post=40610"},{"taxonomy":"giftcard-category","embeddable":true,"href":"https:\/\/skinstudio.ee\/lv\/wp-json\/wp\/v2\/giftcard-category?post=40610"}],"curies":[{"name":"wp","href":"https:\/\/api.w.org\/{rel}","templated":true}]}}