{"id":40625,"date":"2025-08-01T10:19:21","date_gmt":"2025-08-01T10:19:21","guid":{"rendered":"https:\/\/skinstudio.ee\/?post_type=product&#038;p=40625"},"modified":"2026-01-21T13:57:19","modified_gmt":"2026-01-21T13:57:19","slug":"neuro-sensitive-de-stress-cleanser","status":"publish","type":"product","link":"https:\/\/skinstudio.ee\/lv\/catalog\/reviderm\/neuro-sensitive-de-stress-cleanser\/","title":{"rendered":"Neuro Sensitive De-Stress Cleanser"},"content":{"rendered":"<p data-start=\"179\" data-end=\"1114\">Neuro Sensitive De-Stress Cleanser ir antistresa att\u012bro\u0161s gels, kas nodro\u0161ina efekt\u012bvu un vienlaikus \u013coti saudz\u012bgu \u0101das att\u012br\u012b\u0161anu. Tas saglab\u0101 mitrumu epiderm\u0101 un lieliski sagatavo \u0101du turpm\u0101kai kop\u0161anai. Produkta sast\u0101v\u0101 ir maigas virsmakt\u012bv\u0101s vielas un zems pH l\u012bmenis, kas ir \u012bpa\u0161i svar\u012bgs \u0101das dabisk\u0101s aizsargfunkcijas saglab\u0101\u0161anai.<br data-start=\"517\" data-end=\"520\" \/>Neirojut\u012bgai vai atopiskai \u0101dai pH l\u012bmenis bie\u017ei ir paaugstin\u0101ts, kas pasliktina \u0101das aizsargsp\u0113jas un padara to jut\u012bg\u0101ku. Zems pH l\u012bmenis pal\u012bdz saglab\u0101t \u0101das dabisko sk\u0101bo apvalku un stabiliz\u0113 mikrofloru.<br data-start=\"726\" data-end=\"729\" \/>Biomim\u0113tiskais antistresa pept\u012bds (palmitoiltripept\u012bds-8) b\u016btiski samazina vielas P izdal\u012b\u0161anos, t\u0101d\u0113j\u0101di nov\u0113r\u0161ot neirog\u0113nos simptomus un to redzam\u0101s izpausmes.<br data-start=\"890\" data-end=\"893\" \/>Provitam\u012bns B5 nomierina, mitrina un veicina \u0101das atjauno\u0161anos. Samazin\u0101s t\u0101di simptomi k\u0101 nieze, diskomforts un aps\u0101rtums. Regul\u0101ri lietojot, mazin\u0101s \u0101das tendence uz hiperreakcij\u0101m un uzlabojas t\u0101s tolerances slieksnis.<\/p>\n<p data-start=\"1116\" data-end=\"1135\"><strong data-start=\"1116\" data-end=\"1128\">Tilpums:<\/strong> 200 ml<\/p>\n","protected":false},"excerpt":{"rendered":"<p data-start=\"1304\" data-end=\"1351\">Att\u012bro\u0161s kr\u0113ma-g\u0113ls<\/p>\n<h2 data-start=\"1353\" data-end=\"1692\"><strong data-start=\"1353\" data-end=\"1409\">\u012apa\u0161\u012bbas Reviderm &#8211; Neuro Sensitive De-Stress Cleanser<\/strong><\/h2>\n<p data-start=\"1353\" data-end=\"1692\">\u2714\ufe0f Maigi att\u012bra \u0101du un no\u0146em dekorat\u012bvo kosm\u0113tiku, neboj\u0101jot \u0101das aizsargbarjeru<br data-start=\"1492\" data-end=\"1495\" \/>\u2714\ufe0f Nomierina kairin\u0101tu un jut\u012bgu \u0101du jau att\u012br\u012b\u0161anas laik\u0101<br data-start=\"1553\" data-end=\"1556\" \/>\u2714\ufe0f Samazina jut\u012bgumu un mazina dedzino\u0161u saj\u016btu<br data-start=\"1603\" data-end=\"1606\" \/>\u2714\ufe0f Saglab\u0101 vesel\u012bgu pH l\u012bmeni un nov\u0113r\u0161 sausumu<br data-start=\"1653\" data-end=\"1656\" \/>\u2714\ufe0f Sagatavo \u0101du turpm\u0101kai kop\u0161anai<\/p>\n","protected":false},"featured_media":63854,"template":"","meta":[],"pwb-brand":[703],"product_brand":[],"product_cat":[715,741,745,737,749,739],"product_tag":[],"giftcard-category":[],"class_list":{"0":"post-40625","1":"product","2":"type-product","3":"status-publish","4":"has-post-thumbnail","6":"pwb-brand-reviderm","7":"product_cat-attirisana","8":"product_cat-izsitumi","9":"product_cat-jutigai-adai","10":"product_cat-mitrinasana","11":"product_cat-novecojosa-ada","12":"product_cat-sausai-adai","14":"first","15":"instock","16":"taxable","17":"shipping-taxable","18":"purchasable","19":"product-type-simple"},"acf":[],"brands":[{"id":703,"name":"Reviderm","slug":"reviderm"}],"_links":{"self":[{"href":"https:\/\/skinstudio.ee\/lv\/wp-json\/wp\/v2\/product\/40625","targetHints":{"allow":["GET"]}}],"collection":[{"href":"https:\/\/skinstudio.ee\/lv\/wp-json\/wp\/v2\/product"}],"about":[{"href":"https:\/\/skinstudio.ee\/lv\/wp-json\/wp\/v2\/types\/product"}],"version-history":[{"count":1,"href":"https:\/\/skinstudio.ee\/lv\/wp-json\/wp\/v2\/product\/40625\/revisions"}],"predecessor-version":[{"id":73143,"href":"https:\/\/skinstudio.ee\/lv\/wp-json\/wp\/v2\/product\/40625\/revisions\/73143"}],"wp:featuredmedia":[{"embeddable":true,"href":"https:\/\/skinstudio.ee\/lv\/wp-json\/wp\/v2\/media\/63854"}],"wp:attachment":[{"href":"https:\/\/skinstudio.ee\/lv\/wp-json\/wp\/v2\/media?parent=40625"}],"wp:term":[{"taxonomy":"pwb-brand","embeddable":true,"href":"https:\/\/skinstudio.ee\/lv\/wp-json\/wp\/v2\/pwb-brand?post=40625"},{"taxonomy":"product_brand","embeddable":true,"href":"https:\/\/skinstudio.ee\/lv\/wp-json\/wp\/v2\/product_brand?post=40625"},{"taxonomy":"product_cat","embeddable":true,"href":"https:\/\/skinstudio.ee\/lv\/wp-json\/wp\/v2\/product_cat?post=40625"},{"taxonomy":"product_tag","embeddable":true,"href":"https:\/\/skinstudio.ee\/lv\/wp-json\/wp\/v2\/product_tag?post=40625"},{"taxonomy":"giftcard-category","embeddable":true,"href":"https:\/\/skinstudio.ee\/lv\/wp-json\/wp\/v2\/giftcard-category?post=40625"}],"curies":[{"name":"wp","href":"https:\/\/api.w.org\/{rel}","templated":true}]}}