{"id":40640,"date":"2025-08-31T19:54:10","date_gmt":"2025-08-31T19:54:10","guid":{"rendered":"https:\/\/skinstudio.ee\/?post_type=product&#038;p=40640"},"modified":"2026-01-21T13:57:19","modified_gmt":"2026-01-21T13:57:19","slug":"neuro-sensitive-de-stress-toner","status":"publish","type":"product","link":"https:\/\/skinstudio.ee\/lv\/catalog\/reviderm\/neuro-sensitive-de-stress-toner\/","title":{"rendered":"Neuro Sensitive De-Stress Toner"},"content":{"rendered":"<p data-start=\"172\" data-end=\"658\">Tonikam ir \u012bpa\u0161i zems pH l\u012bmenis, kas saglab\u0101 \u0101das dabisko sk\u0101bo aizsargk\u0101rtu un stabiliz\u0113 mikrofloru. Biomim\u0113tiskais antistresa pept\u012bds pal\u012bdz mazin\u0101t kairin\u0101jumu, dedzin\u0101\u0161anu un niezi. Sp\u0113c\u012bgais Aqua Boost komplekss stimul\u0113 \u016bdens kan\u0101lu veido\u0161anos \u0161\u016bnu membr\u0101n\u0101s, iev\u0113rojami paaugstinot \u0101das mitruma l\u012bmeni. Toniks veicina intens\u012bvu mitrin\u0101\u0161anu, uzlabo \u0101das iztur\u012bbu un sniedz maiguma un svaiguma saj\u016btu. Regul\u0101ri lietojot, tas samazina \u0101das reaktivit\u0101ti un stiprina aizsargfunkcijas.<\/p>\n<p data-start=\"660\" data-end=\"679\"><strong data-start=\"660\" data-end=\"672\">Tilpums:<\/strong> 200 ml<\/p>\n","protected":false},"excerpt":{"rendered":"<p data-start=\"762\" data-end=\"795\">Nomierino\u0161s toniks jut\u012bgai \u0101dai<\/p>\n<h2 data-start=\"797\" data-end=\"1105\"><strong data-start=\"797\" data-end=\"850\">\u012apa\u0161\u012bbas Reviderm &#8211; Neuro Sensitive De-Stress Toner<\/strong><\/h2>\n<p data-start=\"797\" data-end=\"1105\">\u2714\ufe0f Atjauno \u0101das fiziolo\u0123isko pH p\u0113c att\u012br\u012b\u0161anas<br data-start=\"900\" data-end=\"903\" \/>\u2714\ufe0f Nomierina kairin\u0101tu un stres\u0101 eso\u0161u \u0101du<br data-start=\"945\" data-end=\"948\" \/>\u2714\ufe0f Palielina \u0101das notur\u012bbu pret \u0101r\u0113jiem kairin\u0101t\u0101jiem<br data-start=\"1001\" data-end=\"1004\" \/>\u2714\ufe0f Atbalsta mikrobioma l\u012bdzsvaru un samazina jut\u012bgumu<br data-start=\"1057\" data-end=\"1060\" \/>\u2714\ufe0f Sagatavo \u0101du seruma vai kr\u0113ma uzkl\u0101\u0161anai<\/p>\n","protected":false},"featured_media":40633,"template":"","meta":[],"pwb-brand":[703],"product_brand":[],"product_cat":[745,721],"product_tag":[],"giftcard-category":[],"class_list":{"0":"post-40640","1":"product","2":"type-product","3":"status-publish","4":"has-post-thumbnail","6":"pwb-brand-reviderm","7":"product_cat-jutigai-adai","8":"product_cat-toniki-lv","10":"first","11":"instock","12":"taxable","13":"shipping-taxable","14":"purchasable","15":"product-type-simple"},"acf":[],"brands":[{"id":703,"name":"Reviderm","slug":"reviderm"}],"_links":{"self":[{"href":"https:\/\/skinstudio.ee\/lv\/wp-json\/wp\/v2\/product\/40640","targetHints":{"allow":["GET"]}}],"collection":[{"href":"https:\/\/skinstudio.ee\/lv\/wp-json\/wp\/v2\/product"}],"about":[{"href":"https:\/\/skinstudio.ee\/lv\/wp-json\/wp\/v2\/types\/product"}],"version-history":[{"count":1,"href":"https:\/\/skinstudio.ee\/lv\/wp-json\/wp\/v2\/product\/40640\/revisions"}],"predecessor-version":[{"id":73083,"href":"https:\/\/skinstudio.ee\/lv\/wp-json\/wp\/v2\/product\/40640\/revisions\/73083"}],"wp:featuredmedia":[{"embeddable":true,"href":"https:\/\/skinstudio.ee\/lv\/wp-json\/wp\/v2\/media\/40633"}],"wp:attachment":[{"href":"https:\/\/skinstudio.ee\/lv\/wp-json\/wp\/v2\/media?parent=40640"}],"wp:term":[{"taxonomy":"pwb-brand","embeddable":true,"href":"https:\/\/skinstudio.ee\/lv\/wp-json\/wp\/v2\/pwb-brand?post=40640"},{"taxonomy":"product_brand","embeddable":true,"href":"https:\/\/skinstudio.ee\/lv\/wp-json\/wp\/v2\/product_brand?post=40640"},{"taxonomy":"product_cat","embeddable":true,"href":"https:\/\/skinstudio.ee\/lv\/wp-json\/wp\/v2\/product_cat?post=40640"},{"taxonomy":"product_tag","embeddable":true,"href":"https:\/\/skinstudio.ee\/lv\/wp-json\/wp\/v2\/product_tag?post=40640"},{"taxonomy":"giftcard-category","embeddable":true,"href":"https:\/\/skinstudio.ee\/lv\/wp-json\/wp\/v2\/giftcard-category?post=40640"}],"curies":[{"name":"wp","href":"https:\/\/api.w.org\/{rel}","templated":true}]}}