{"id":40655,"date":"2025-08-01T11:41:51","date_gmt":"2025-08-01T11:41:51","guid":{"rendered":"https:\/\/skinstudio.ee\/?post_type=product&#038;p=40655"},"modified":"2026-01-21T13:57:19","modified_gmt":"2026-01-21T13:57:19","slug":"neuro-sensitive-serum-day-night","status":"publish","type":"product","link":"https:\/\/skinstudio.ee\/lv\/catalog\/reviderm\/neuro-sensitive-serum-day-night\/","title":{"rendered":"Neuro Sensitive Serum Day &#038; Night"},"content":{"rendered":"<p data-start=\"160\" data-end=\"638\">Koncentr\u0113tais serums nodro\u0161ina dubultu iedarb\u012bbu dienas un nakts laik\u0101. Kalcijs stabiliz\u0113 \u0161\u016bnu atjauno\u0161anos un uzlabo \u0101das iztur\u012bbu dienas laik\u0101. Mikro sudrabs nodro\u0161ina sp\u0113c\u012bgu antibakteri\u0101lu efektu, mazina aps\u0101rtumu, niezi un iekaisuma simptomus. Nakt\u012b biomim\u0113tiskais antistresa pept\u012bds nomierina kairin\u0101jumu un samazina jut\u012bgas \u0101das reaktivit\u0101ti. Hialuronsk\u0101be intens\u012bvi mitrina un uzlabo \u0101das mitruma l\u012bmeni. Abu serumu kombin\u0101cija padara \u0101du glud\u0101ku, maig\u0101ku un vesel\u012bg\u0101ku.<\/p>\n<ul>\n<li data-start=\"640\" data-end=\"705\">Flakons satur divus seruma nodal\u012bjumus: dienas un nakts serumu.<\/li>\n<\/ul>\n<p data-start=\"707\" data-end=\"725\"><strong data-start=\"707\" data-end=\"719\">Tilpums:<\/strong> 40 ml<\/p>\n","protected":false},"excerpt":{"rendered":"<p data-start=\"857\" data-end=\"891\">Stiprino\u0161s serums reakt\u012bvai \u0101dai<\/p>\n<h2 data-start=\"893\" data-end=\"1212\"><strong data-start=\"893\" data-end=\"948\">\u012apa\u0161\u012bbas Reviderm &#8211; Neuro Sensitive Serum Day &amp; Night<\/strong><\/h2>\n<p data-start=\"893\" data-end=\"1212\">\u2714\ufe0f Samazina \u0101das paaugstin\u0101tu jut\u012bbu un reaktivit\u0101ti<br data-start=\"1003\" data-end=\"1006\" \/>\u2714\ufe0f Nomierina kairin\u0101jumu, dedzin\u0101\u0161anu un niezi<br data-start=\"1052\" data-end=\"1055\" \/>\u2714\ufe0f Stiprina \u0101das aizsargbarjeru un uzlabo iztur\u012bbu<br data-start=\"1105\" data-end=\"1108\" \/>\u2714\ufe0f Aizsarg\u0101 \u0101du no apk\u0101rt\u0113j\u0101s vides ietekmes<br data-start=\"1152\" data-end=\"1155\" \/>\u2714\ufe0f Nodro\u0161ina m\u0113r\u0137tiec\u012bgu iedarb\u012bbu gan dien\u0101, gan nakt\u012b<\/p>\n","protected":false},"featured_media":40662,"template":"","meta":[],"pwb-brand":[703],"product_brand":[],"product_cat":[745,737,749,723],"product_tag":[],"giftcard-category":[],"class_list":{"0":"post-40655","1":"product","2":"type-product","3":"status-publish","4":"has-post-thumbnail","6":"pwb-brand-reviderm","7":"product_cat-jutigai-adai","8":"product_cat-mitrinasana","9":"product_cat-novecojosa-ada","10":"product_cat-serumi","12":"first","13":"instock","14":"taxable","15":"shipping-taxable","16":"purchasable","17":"product-type-simple"},"acf":[],"brands":[{"id":703,"name":"Reviderm","slug":"reviderm"}],"_links":{"self":[{"href":"https:\/\/skinstudio.ee\/lv\/wp-json\/wp\/v2\/product\/40655","targetHints":{"allow":["GET"]}}],"collection":[{"href":"https:\/\/skinstudio.ee\/lv\/wp-json\/wp\/v2\/product"}],"about":[{"href":"https:\/\/skinstudio.ee\/lv\/wp-json\/wp\/v2\/types\/product"}],"version-history":[{"count":1,"href":"https:\/\/skinstudio.ee\/lv\/wp-json\/wp\/v2\/product\/40655\/revisions"}],"predecessor-version":[{"id":73142,"href":"https:\/\/skinstudio.ee\/lv\/wp-json\/wp\/v2\/product\/40655\/revisions\/73142"}],"wp:featuredmedia":[{"embeddable":true,"href":"https:\/\/skinstudio.ee\/lv\/wp-json\/wp\/v2\/media\/40662"}],"wp:attachment":[{"href":"https:\/\/skinstudio.ee\/lv\/wp-json\/wp\/v2\/media?parent=40655"}],"wp:term":[{"taxonomy":"pwb-brand","embeddable":true,"href":"https:\/\/skinstudio.ee\/lv\/wp-json\/wp\/v2\/pwb-brand?post=40655"},{"taxonomy":"product_brand","embeddable":true,"href":"https:\/\/skinstudio.ee\/lv\/wp-json\/wp\/v2\/product_brand?post=40655"},{"taxonomy":"product_cat","embeddable":true,"href":"https:\/\/skinstudio.ee\/lv\/wp-json\/wp\/v2\/product_cat?post=40655"},{"taxonomy":"product_tag","embeddable":true,"href":"https:\/\/skinstudio.ee\/lv\/wp-json\/wp\/v2\/product_tag?post=40655"},{"taxonomy":"giftcard-category","embeddable":true,"href":"https:\/\/skinstudio.ee\/lv\/wp-json\/wp\/v2\/giftcard-category?post=40655"}],"curies":[{"name":"wp","href":"https:\/\/api.w.org\/{rel}","templated":true}]}}