{"id":40675,"date":"2025-08-01T11:52:11","date_gmt":"2025-08-01T11:52:11","guid":{"rendered":"https:\/\/skinstudio.ee\/?post_type=product&#038;p=40675"},"modified":"2026-01-21T13:57:19","modified_gmt":"2026-01-21T13:57:19","slug":"neuro-sensitive-eye-cream","status":"publish","type":"product","link":"https:\/\/skinstudio.ee\/lv\/catalog\/reviderm\/neuro-sensitive-eye-cream\/","title":{"rendered":"Neuro Sensitive Eye Cream"},"content":{"rendered":"<p data-start=\"148\" data-end=\"591\">Zema pH l\u012bme\u0146a acu kr\u0113ms ar DMS Cera+ derma membr\u0101nas sist\u0113mu satur \u0101dai identiskus lip\u012bdus un keram\u012bdus, kas stiprina jut\u012bgas \u0101das aizsargbarjeru ap ac\u012bm un izl\u012bdzina sausuma izrais\u012btas s\u012bk\u0101s krunci\u0146as. Biomim\u0113tiskais antistresa pept\u012bds mazina diskomfortu. \u012apa\u0161i augu ekstrakti pal\u012bdz samazin\u0101t tum\u0161os lokus zem ac\u012bm un mazin\u0101t sasprindzin\u0101juma saj\u016btu. Kr\u0113ms uzlabo \u0101das visp\u0101r\u0113jo st\u0101vokli, stiprina to un padara acu zonu svaig\u0101ku un glud\u0101ku.<\/p>\n<p data-start=\"596\" data-end=\"614\"><strong data-start=\"596\" data-end=\"608\">Tilpums:<\/strong> 15 ml<\/p>\n","protected":false},"excerpt":{"rendered":"<p data-start=\"690\" data-end=\"726\">Nomierino\u0161s acu kr\u0113ms jut\u012bgai \u0101dai<\/p>\n<h2 data-start=\"728\" data-end=\"1050\"><strong data-start=\"728\" data-end=\"775\">\u012apa\u0161\u012bbas Reviderm &#8211; Neuro Sensitive Eye Cream<\/strong><\/h2>\n<p data-start=\"728\" data-end=\"1050\">\u2714\ufe0f Nomierina jut\u012bgo plaksti\u0146u \u0101du un mazina kairin\u0101jumu<br data-start=\"833\" data-end=\"836\" \/>\u2714\ufe0f Stiprina \u0101das aizsargbarjeru un uzlabo iztur\u012bbu pret \u0101r\u0113jiem faktoriem<br data-start=\"909\" data-end=\"912\" \/>\u2714\ufe0f Intens\u012bvi mitrina un nov\u0113r\u0161 sausumu<br data-start=\"950\" data-end=\"953\" \/>\u2714\ufe0f Mazina niezi, dedzin\u0101\u0161anu un aps\u0101rtumu<br data-start=\"994\" data-end=\"997\" \/>\u2714\ufe0f Uzlabo elast\u012bbu un pie\u0161\u0137ir \u0101dai svaig\u0101ku izskatu<\/p>\n","protected":false},"featured_media":40668,"template":"","meta":[],"pwb-brand":[703],"product_brand":[],"product_cat":[733,737,749],"product_tag":[],"giftcard-category":[],"class_list":{"0":"post-40675","1":"product","2":"type-product","3":"status-publish","4":"has-post-thumbnail","6":"pwb-brand-reviderm","7":"product_cat-ada-ap-acim","8":"product_cat-mitrinasana","9":"product_cat-novecojosa-ada","11":"first","12":"instock","13":"taxable","14":"shipping-taxable","15":"purchasable","16":"product-type-simple"},"acf":[],"brands":[{"id":703,"name":"Reviderm","slug":"reviderm"}],"_links":{"self":[{"href":"https:\/\/skinstudio.ee\/lv\/wp-json\/wp\/v2\/product\/40675","targetHints":{"allow":["GET"]}}],"collection":[{"href":"https:\/\/skinstudio.ee\/lv\/wp-json\/wp\/v2\/product"}],"about":[{"href":"https:\/\/skinstudio.ee\/lv\/wp-json\/wp\/v2\/types\/product"}],"version-history":[{"count":1,"href":"https:\/\/skinstudio.ee\/lv\/wp-json\/wp\/v2\/product\/40675\/revisions"}],"predecessor-version":[{"id":73141,"href":"https:\/\/skinstudio.ee\/lv\/wp-json\/wp\/v2\/product\/40675\/revisions\/73141"}],"wp:featuredmedia":[{"embeddable":true,"href":"https:\/\/skinstudio.ee\/lv\/wp-json\/wp\/v2\/media\/40668"}],"wp:attachment":[{"href":"https:\/\/skinstudio.ee\/lv\/wp-json\/wp\/v2\/media?parent=40675"}],"wp:term":[{"taxonomy":"pwb-brand","embeddable":true,"href":"https:\/\/skinstudio.ee\/lv\/wp-json\/wp\/v2\/pwb-brand?post=40675"},{"taxonomy":"product_brand","embeddable":true,"href":"https:\/\/skinstudio.ee\/lv\/wp-json\/wp\/v2\/product_brand?post=40675"},{"taxonomy":"product_cat","embeddable":true,"href":"https:\/\/skinstudio.ee\/lv\/wp-json\/wp\/v2\/product_cat?post=40675"},{"taxonomy":"product_tag","embeddable":true,"href":"https:\/\/skinstudio.ee\/lv\/wp-json\/wp\/v2\/product_tag?post=40675"},{"taxonomy":"giftcard-category","embeddable":true,"href":"https:\/\/skinstudio.ee\/lv\/wp-json\/wp\/v2\/giftcard-category?post=40675"}],"curies":[{"name":"wp","href":"https:\/\/api.w.org\/{rel}","templated":true}]}}