{"id":40692,"date":"2025-08-01T12:04:53","date_gmt":"2025-08-01T12:04:53","guid":{"rendered":"https:\/\/skinstudio.ee\/?post_type=product&#038;p=40692"},"modified":"2026-01-21T13:57:19","modified_gmt":"2026-01-21T13:57:19","slug":"neuro-sensitive-cream","status":"publish","type":"product","link":"https:\/\/skinstudio.ee\/lv\/catalog\/reviderm\/neuro-sensitive-cream\/","title":{"rendered":"Neuro Sensitive Cream"},"content":{"rendered":"<p data-start=\"150\" data-end=\"584\">Kr\u0113ms ar DMS Cera+ derma membr\u0101nas sist\u0113mu, kas satur lip\u012bdus un keram\u012bdus, stiprina \u0101das barjeru un aizsargfunkcijas, k\u0101 ar\u012b pal\u012bdz notur\u0113t mitrumu \u0101d\u0101. Biomim\u0113tisks antistresa pept\u012bds nom\u0101c neirotransmiterus, kas izraisa diskomfortu jut\u012bgai \u0101dai. Sudraba joni nodro\u0161ina antibakteri\u0101lu iedarb\u012bbu, samazina aps\u0101rtumu un niezi, mazina iekaisuma simptomus. Kr\u0113ms uzlabo \u0101das visp\u0101r\u0113jo st\u0101vokli, stiprina to un padara \u0101du gludu un maigu.<\/p>\n<p data-start=\"589\" data-end=\"607\"><strong data-start=\"589\" data-end=\"601\">Tilpums:<\/strong> 50 ml<\/p>\n","protected":false},"excerpt":{"rendered":"<p data-start=\"703\" data-end=\"744\">Nomierino\u0161s aizsargkr\u0113ms reakt\u012bvai \u0101dai<\/p>\n<h2 data-start=\"746\" data-end=\"1010\"><strong data-start=\"746\" data-end=\"789\">\u012apa\u0161\u012bbas Reviderm &#8211; Neuro Sensitive Cream<\/strong><\/h2>\n<p data-start=\"746\" data-end=\"1010\">\u2714\ufe0f Nomierina kairin\u0101tu un paaugstin\u0101ti jut\u012bgu \u0101du<br data-start=\"841\" data-end=\"844\" \/>\u2714\ufe0f Atjauno \u0101das aizsargbarjeru<br data-start=\"874\" data-end=\"877\" \/>\u2714\ufe0f Nov\u0113r\u0161 sasprindzin\u0101juma un diskomforta saj\u016btu<br data-start=\"925\" data-end=\"928\" \/>\u2714\ufe0f Palielina iztur\u012bbu pret \u0101r\u0113jiem faktoriem<br data-start=\"972\" data-end=\"975\" \/>\u2714\ufe0f Nodro\u0161ina ilgsto\u0161u mitrin\u0101\u0161anu<\/p>\n","protected":false},"featured_media":40684,"template":"","meta":[],"pwb-brand":[703],"product_brand":[],"product_cat":[745,737,749,739],"product_tag":[],"giftcard-category":[],"class_list":{"0":"post-40692","1":"product","2":"type-product","3":"status-publish","4":"has-post-thumbnail","6":"pwb-brand-reviderm","7":"product_cat-jutigai-adai","8":"product_cat-mitrinasana","9":"product_cat-novecojosa-ada","10":"product_cat-sausai-adai","12":"first","13":"instock","14":"taxable","15":"shipping-taxable","16":"purchasable","17":"product-type-simple"},"acf":[],"brands":[{"id":703,"name":"Reviderm","slug":"reviderm"}],"_links":{"self":[{"href":"https:\/\/skinstudio.ee\/lv\/wp-json\/wp\/v2\/product\/40692","targetHints":{"allow":["GET"]}}],"collection":[{"href":"https:\/\/skinstudio.ee\/lv\/wp-json\/wp\/v2\/product"}],"about":[{"href":"https:\/\/skinstudio.ee\/lv\/wp-json\/wp\/v2\/types\/product"}],"version-history":[{"count":1,"href":"https:\/\/skinstudio.ee\/lv\/wp-json\/wp\/v2\/product\/40692\/revisions"}],"predecessor-version":[{"id":73140,"href":"https:\/\/skinstudio.ee\/lv\/wp-json\/wp\/v2\/product\/40692\/revisions\/73140"}],"wp:featuredmedia":[{"embeddable":true,"href":"https:\/\/skinstudio.ee\/lv\/wp-json\/wp\/v2\/media\/40684"}],"wp:attachment":[{"href":"https:\/\/skinstudio.ee\/lv\/wp-json\/wp\/v2\/media?parent=40692"}],"wp:term":[{"taxonomy":"pwb-brand","embeddable":true,"href":"https:\/\/skinstudio.ee\/lv\/wp-json\/wp\/v2\/pwb-brand?post=40692"},{"taxonomy":"product_brand","embeddable":true,"href":"https:\/\/skinstudio.ee\/lv\/wp-json\/wp\/v2\/product_brand?post=40692"},{"taxonomy":"product_cat","embeddable":true,"href":"https:\/\/skinstudio.ee\/lv\/wp-json\/wp\/v2\/product_cat?post=40692"},{"taxonomy":"product_tag","embeddable":true,"href":"https:\/\/skinstudio.ee\/lv\/wp-json\/wp\/v2\/product_tag?post=40692"},{"taxonomy":"giftcard-category","embeddable":true,"href":"https:\/\/skinstudio.ee\/lv\/wp-json\/wp\/v2\/giftcard-category?post=40692"}],"curies":[{"name":"wp","href":"https:\/\/api.w.org\/{rel}","templated":true}]}}