{"id":40713,"date":"2025-08-01T12:18:49","date_gmt":"2025-08-01T12:18:49","guid":{"rendered":"https:\/\/skinstudio.ee\/?post_type=product&#038;p=40713"},"modified":"2026-01-21T13:57:19","modified_gmt":"2026-01-21T13:57:19","slug":"neuro-sensitive-emergency-care","status":"publish","type":"product","link":"https:\/\/skinstudio.ee\/lv\/catalog\/reviderm\/neuro-sensitive-emergency-care\/","title":{"rendered":"Neuro Sensitive Emergency Care"},"content":{"rendered":"<p data-start=\"146\" data-end=\"335\">\u0100tras iedarb\u012bbas kr\u0113ma-pasta paredz\u0113ta ak\u016bti kairin\u0101tas \u0101das kop\u0161anai, kad citi l\u012bdzek\u013ci vairs nepal\u012bdz. \u0160is SOS produkts mazina iekaisumu un nomierina \u0101du jau p\u0113c pirm\u0101s lieto\u0161anas reizes.<\/p>\n<p data-start=\"337\" data-end=\"609\">Formula, kuras pamat\u0101 ir DMS Cera+ komplekss, stiprina \u0101das aizsargbarjeru un atjauno t\u0101s strukt\u016bru, izmantojot \u0101dai identiskus lip\u012bdus un ceram\u012bdus. T\u0101 pal\u012bdz saglab\u0101t mitrumu, mazina sausumu un savilkuma saj\u016btu, k\u0101 ar\u012b aizsarg\u0101 \u0101du no \u0101r\u0113jiem kairin\u0101t\u0101jiem un iekaisuma.<\/p>\n<p data-start=\"611\" data-end=\"858\">Pretiekaisuma efektu pastiprina bosvelijas sk\u0101bes, kur\u0101m ir l\u012bdz\u012bga iedarb\u012bba k\u0101 kortizonam, bet bez blakuspar\u0101d\u012bb\u0101m. Cinks un mikrosudrabs papildina formulu, kav\u0113jot iekaisumu un patog\u0113no bakt\u0113riju izplat\u012bbu, vienlaikus saglab\u0101jot \u0101das l\u012bdzsvaru.<\/p>\n<p data-start=\"860\" data-end=\"1005\">Ieteicams sausai, dehidr\u0113tai un jut\u012bgai \u0101dai, \u012bpa\u0161i ar boj\u0101tu \u0101das barjeru. Lieliski piem\u0113rots k\u0101 papildin\u0101jums neiroderm\u012bta un ekz\u0113mas terapij\u0101.<\/p>\n<p data-start=\"1010\" data-end=\"1032\"><strong data-start=\"1010\" data-end=\"1022\">Tilpums:<\/strong> <strong data-start=\"1023\" data-end=\"1032\">50 ml<\/strong><\/p>\n","protected":false},"excerpt":{"rendered":"<p data-start=\"1120\" data-end=\"1166\">\u0100tras iedarb\u012bbas kr\u0113ma-pasta kairin\u0101tai \u0101dai<\/p>\n<h2 data-start=\"294\" data-end=\"590\"><strong data-start=\"294\" data-end=\"333\">\u012bpa\u0161\u012bbas <\/strong><strong data-start=\"1168\" data-end=\"1220\">Reviderm &#8211; Neuro Sensitive Emergency Care<\/strong><\/h2>\n<p data-start=\"1168\" data-end=\"1455\">\u2714\ufe0f \u0100tri nov\u0113r\u0161 lok\u0101lu aps\u0101rtumu un iekaisumu<br data-start=\"1267\" data-end=\"1270\" \/>\u2714\ufe0f Nodro\u0161ina pretiekaisuma un antibakteri\u0101lu iedarb\u012bbu<br data-start=\"1324\" data-end=\"1327\" \/>\u2714\ufe0f Mazina niezi, dedzin\u0101\u0161anu un diskomfortu<br data-start=\"1370\" data-end=\"1373\" \/>\u2714\ufe0f Nomierina reakt\u012bvas \u0101das zonas<br data-start=\"1406\" data-end=\"1409\" \/>\u2714\ufe0f Veicina \u0101das aizsargbarjeras atjauno\u0161anos<\/p>\n","protected":false},"featured_media":40705,"template":"","meta":[],"pwb-brand":[703],"product_brand":[],"product_cat":[741,745,737,749,739],"product_tag":[],"giftcard-category":[],"class_list":{"0":"post-40713","1":"product","2":"type-product","3":"status-publish","4":"has-post-thumbnail","6":"pwb-brand-reviderm","7":"product_cat-izsitumi","8":"product_cat-jutigai-adai","9":"product_cat-mitrinasana","10":"product_cat-novecojosa-ada","11":"product_cat-sausai-adai","13":"first","14":"instock","15":"taxable","16":"shipping-taxable","17":"purchasable","18":"product-type-simple"},"acf":[],"brands":[{"id":703,"name":"Reviderm","slug":"reviderm"}],"_links":{"self":[{"href":"https:\/\/skinstudio.ee\/lv\/wp-json\/wp\/v2\/product\/40713","targetHints":{"allow":["GET"]}}],"collection":[{"href":"https:\/\/skinstudio.ee\/lv\/wp-json\/wp\/v2\/product"}],"about":[{"href":"https:\/\/skinstudio.ee\/lv\/wp-json\/wp\/v2\/types\/product"}],"version-history":[{"count":1,"href":"https:\/\/skinstudio.ee\/lv\/wp-json\/wp\/v2\/product\/40713\/revisions"}],"predecessor-version":[{"id":73139,"href":"https:\/\/skinstudio.ee\/lv\/wp-json\/wp\/v2\/product\/40713\/revisions\/73139"}],"wp:featuredmedia":[{"embeddable":true,"href":"https:\/\/skinstudio.ee\/lv\/wp-json\/wp\/v2\/media\/40705"}],"wp:attachment":[{"href":"https:\/\/skinstudio.ee\/lv\/wp-json\/wp\/v2\/media?parent=40713"}],"wp:term":[{"taxonomy":"pwb-brand","embeddable":true,"href":"https:\/\/skinstudio.ee\/lv\/wp-json\/wp\/v2\/pwb-brand?post=40713"},{"taxonomy":"product_brand","embeddable":true,"href":"https:\/\/skinstudio.ee\/lv\/wp-json\/wp\/v2\/product_brand?post=40713"},{"taxonomy":"product_cat","embeddable":true,"href":"https:\/\/skinstudio.ee\/lv\/wp-json\/wp\/v2\/product_cat?post=40713"},{"taxonomy":"product_tag","embeddable":true,"href":"https:\/\/skinstudio.ee\/lv\/wp-json\/wp\/v2\/product_tag?post=40713"},{"taxonomy":"giftcard-category","embeddable":true,"href":"https:\/\/skinstudio.ee\/lv\/wp-json\/wp\/v2\/giftcard-category?post=40713"}],"curies":[{"name":"wp","href":"https:\/\/api.w.org\/{rel}","templated":true}]}}