{"id":40729,"date":"2025-08-01T12:31:11","date_gmt":"2025-08-01T12:31:11","guid":{"rendered":"https:\/\/skinstudio.ee\/?post_type=product&#038;p=40729"},"modified":"2026-02-28T13:26:11","modified_gmt":"2026-02-28T13:26:11","slug":"neuro-sensitive-body-hand-cream","status":"publish","type":"product","link":"https:\/\/skinstudio.ee\/lv\/catalog\/reviderm\/neuro-sensitive-body-hand-cream\/","title":{"rendered":"Neuro Sensitive Body &#038; Hand Cream"},"content":{"rendered":"<p data-start=\"587\" data-end=\"1069\">Kr\u0113ms ir veidots uz DMS Cera+ sist\u0113mas b\u0101zes ar \u0101dai identiskajiem lip\u012bdiem un ceram\u012bdiem, kas pastiprina aizsargbarjeru un pal\u012bdz saglab\u0101t mitrumu, vienlaikus uzturot zemu pH l\u012bmeni. Biomim\u0113tiskais antistresa pept\u012bds nomierina kairin\u0101jumu un niezi, m\u012bkstina raupjas \u0101das zonas un nov\u0113r\u0161 ekz\u0113mas att\u012bst\u012bbu uz rok\u0101m un \u0137erme\u0146a. Filagr\u012bns veicina dabisk\u0101 mitrin\u0101\u0161anas faktora (NMF) veido\u0161anos, nov\u0113r\u0161 sausumu un sasprindzin\u0101juma saj\u016btu. Kr\u0113ms padara \u0101du gludu, maigu un komfortablu.<\/p>\n<p data-start=\"1071\" data-end=\"1094\"><strong data-start=\"1071\" data-end=\"1083\">Tilpums:<\/strong> 50 ml \/ 200 ml<\/p>\n","protected":false},"excerpt":{"rendered":"<p data-start=\"176\" data-end=\"215\">Nomierino\u0161s \u0137erme\u0146a un roku kr\u0113ms<\/p>\n<h2 data-start=\"294\" data-end=\"590\"><strong data-start=\"294\" data-end=\"333\">\u012bpa\u0161\u012bbas <\/strong><strong data-start=\"217\" data-end=\"272\">Reviderm &#8211; Neuro Sensitive Body &amp; Hand Cream<\/strong><\/h2>\n<p data-start=\"217\" data-end=\"585\">\u2714\ufe0f Padara \u0101du m\u012bkstu un nomierina sausu, kairin\u0101tu \u0101du<br data-start=\"329\" data-end=\"332\" \/>\u2714\ufe0f Stiprina \u0101das aizsargbarjeru un uzlabo \u0101das iztur\u012bbu<br data-start=\"387\" data-end=\"390\" \/>\u2714\ufe0f Mazina niezi, aps\u0101rtumu un sasprindzin\u0101t\u012bbas saj\u016btu<br data-start=\"444\" data-end=\"447\" \/>\u2714\ufe0f Nodro\u0161ina dzi\u013cu mitrin\u0101\u0161anu un saglab\u0101 optim\u0101lu \u016bdens l\u012bdzsvaru<br data-start=\"513\" data-end=\"516\" \/>\u2714\ufe0f Aizsarg\u0101 pret \u0101r\u0113jiem kairin\u0101t\u0101jiem un veicina \u0101das atjauno\u0161anos<\/p>\n","protected":false},"featured_media":40721,"template":"","meta":[],"pwb-brand":[703],"product_brand":[],"product_cat":[745,757,737,739],"product_tag":[],"giftcard-category":[],"class_list":{"0":"post-40729","1":"product","2":"type-product","3":"status-publish","4":"has-post-thumbnail","6":"pwb-brand-reviderm","7":"product_cat-jutigai-adai","8":"product_cat-kermena-kopsana","9":"product_cat-mitrinasana","10":"product_cat-sausai-adai","11":"pa_suurus-200ml-lv","12":"pa_suurus-50ml-lv","14":"first","15":"instock","16":"taxable","17":"shipping-taxable","18":"purchasable","19":"product-type-variable"},"acf":[],"brands":[{"id":703,"name":"Reviderm","slug":"reviderm"}],"_links":{"self":[{"href":"https:\/\/skinstudio.ee\/lv\/wp-json\/wp\/v2\/product\/40729","targetHints":{"allow":["GET"]}}],"collection":[{"href":"https:\/\/skinstudio.ee\/lv\/wp-json\/wp\/v2\/product"}],"about":[{"href":"https:\/\/skinstudio.ee\/lv\/wp-json\/wp\/v2\/types\/product"}],"version-history":[{"count":2,"href":"https:\/\/skinstudio.ee\/lv\/wp-json\/wp\/v2\/product\/40729\/revisions"}],"predecessor-version":[{"id":84051,"href":"https:\/\/skinstudio.ee\/lv\/wp-json\/wp\/v2\/product\/40729\/revisions\/84051"}],"wp:featuredmedia":[{"embeddable":true,"href":"https:\/\/skinstudio.ee\/lv\/wp-json\/wp\/v2\/media\/40721"}],"wp:attachment":[{"href":"https:\/\/skinstudio.ee\/lv\/wp-json\/wp\/v2\/media?parent=40729"}],"wp:term":[{"taxonomy":"pwb-brand","embeddable":true,"href":"https:\/\/skinstudio.ee\/lv\/wp-json\/wp\/v2\/pwb-brand?post=40729"},{"taxonomy":"product_brand","embeddable":true,"href":"https:\/\/skinstudio.ee\/lv\/wp-json\/wp\/v2\/product_brand?post=40729"},{"taxonomy":"product_cat","embeddable":true,"href":"https:\/\/skinstudio.ee\/lv\/wp-json\/wp\/v2\/product_cat?post=40729"},{"taxonomy":"product_tag","embeddable":true,"href":"https:\/\/skinstudio.ee\/lv\/wp-json\/wp\/v2\/product_tag?post=40729"},{"taxonomy":"giftcard-category","embeddable":true,"href":"https:\/\/skinstudio.ee\/lv\/wp-json\/wp\/v2\/giftcard-category?post=40729"}],"curies":[{"name":"wp","href":"https:\/\/api.w.org\/{rel}","templated":true}]}}