{"id":40745,"date":"2025-08-01T12:56:04","date_gmt":"2025-08-01T12:56:04","guid":{"rendered":"https:\/\/skinstudio.ee\/?post_type=product&#038;p=40745"},"modified":"2026-01-21T13:57:21","modified_gmt":"2026-01-21T13:57:21","slug":"sun-protect-spf-50","status":"publish","type":"product","link":"https:\/\/skinstudio.ee\/lv\/catalog\/reviderm\/sun-protect-spf-50\/","title":{"rendered":"Sun Protect SPF 50+"},"content":{"rendered":"<p data-start=\"455\" data-end=\"965\">Multifunkcion\u0101ls saules aizsargkr\u0113ms ar SPF 50 un DNS aizsarg\u0101jo\u0161iem enz\u012bmiem, kas pal\u012bdz c\u012bn\u012bties ar kait\u012bgu UV starojumu. Inovat\u012bv\u0101 formula nov\u0113r\u0161 priek\u0161laic\u012bgu noveco\u0161anos un pigment\u0101cijas plankumu veido\u0161anos, pie\u0161\u0137irot \u0101dai starojo\u0161u izskatu.<br data-start=\"701\" data-end=\"704\" \/>Kr\u0113ms nesatur emulgatorus, smar\u017evielas un kr\u0101svielas. Ide\u0101li piem\u0113rots boj\u0101tai, jut\u012bgai \u0101dai, \u0101dai ar papul\u0101m, viegl\u0101m aler\u0123ij\u0101m (Mallorca akne) un p\u0113c medic\u012bnisk\u0101m proced\u016br\u0101m (l\u0101zeri, \u0137\u012bmiskie p\u012blingi utt.).<br data-start=\"912\" data-end=\"915\" \/>Neradot okl\u016bzijas efektu un neatst\u0101j baltas p\u0113das.<\/p>\n<p data-start=\"970\" data-end=\"992\"><strong data-start=\"970\" data-end=\"982\">Tilpums:<\/strong> <strong data-start=\"983\" data-end=\"992\">50 ml<\/strong><\/p>\n","protected":false},"excerpt":{"rendered":"<p data-start=\"108\" data-end=\"145\">Augstas aizsardz\u012bbas saules kr\u0113ms<\/p>\n<h2 data-start=\"294\" data-end=\"590\"><strong data-start=\"294\" data-end=\"333\">\u012bpa\u0161\u012bbas <\/strong><strong data-start=\"147\" data-end=\"188\">Reviderm &#8211; Sun Protect SPF 50+<\/strong><\/h2>\n<p data-start=\"147\" data-end=\"453\">\u2714\ufe0f Nodro\u0161ina uzticamu aizsardz\u012bbu pret UVA un UVB stariem<br data-start=\"248\" data-end=\"251\" \/>\u2714\ufe0f Nov\u0113r\u0161 fotonoveco\u0161anos un \u0101das \u0161\u016bnu boj\u0101jumus<br data-start=\"299\" data-end=\"302\" \/>\u2714\ufe0f Mitrina \u0101du un atbalsta t\u0101s aizsargbarjeru<br data-start=\"347\" data-end=\"350\" \/>\u2714\ufe0f Piem\u0113rots jut\u012bgai un kairin\u0101tai \u0101dai<br data-start=\"389\" data-end=\"392\" \/>\u2714\ufe0f Viegls tekst\u016bra, \u0101tri uzs\u016bcas un neatst\u0101j baltus traipus<\/p>\n","protected":false},"featured_media":40737,"template":"","meta":[],"pwb-brand":[703],"product_brand":[],"product_cat":[737,749,731],"product_tag":[],"giftcard-category":[],"class_list":{"0":"post-40745","1":"product","2":"type-product","3":"status-publish","4":"has-post-thumbnail","6":"pwb-brand-reviderm","7":"product_cat-mitrinasana","8":"product_cat-novecojosa-ada","9":"product_cat-spf-aizsardziba","11":"first","12":"instock","13":"taxable","14":"shipping-taxable","15":"purchasable","16":"product-type-simple"},"acf":[],"brands":[{"id":703,"name":"Reviderm","slug":"reviderm"}],"_links":{"self":[{"href":"https:\/\/skinstudio.ee\/lv\/wp-json\/wp\/v2\/product\/40745","targetHints":{"allow":["GET"]}}],"collection":[{"href":"https:\/\/skinstudio.ee\/lv\/wp-json\/wp\/v2\/product"}],"about":[{"href":"https:\/\/skinstudio.ee\/lv\/wp-json\/wp\/v2\/types\/product"}],"version-history":[{"count":1,"href":"https:\/\/skinstudio.ee\/lv\/wp-json\/wp\/v2\/product\/40745\/revisions"}],"predecessor-version":[{"id":73137,"href":"https:\/\/skinstudio.ee\/lv\/wp-json\/wp\/v2\/product\/40745\/revisions\/73137"}],"wp:featuredmedia":[{"embeddable":true,"href":"https:\/\/skinstudio.ee\/lv\/wp-json\/wp\/v2\/media\/40737"}],"wp:attachment":[{"href":"https:\/\/skinstudio.ee\/lv\/wp-json\/wp\/v2\/media?parent=40745"}],"wp:term":[{"taxonomy":"pwb-brand","embeddable":true,"href":"https:\/\/skinstudio.ee\/lv\/wp-json\/wp\/v2\/pwb-brand?post=40745"},{"taxonomy":"product_brand","embeddable":true,"href":"https:\/\/skinstudio.ee\/lv\/wp-json\/wp\/v2\/product_brand?post=40745"},{"taxonomy":"product_cat","embeddable":true,"href":"https:\/\/skinstudio.ee\/lv\/wp-json\/wp\/v2\/product_cat?post=40745"},{"taxonomy":"product_tag","embeddable":true,"href":"https:\/\/skinstudio.ee\/lv\/wp-json\/wp\/v2\/product_tag?post=40745"},{"taxonomy":"giftcard-category","embeddable":true,"href":"https:\/\/skinstudio.ee\/lv\/wp-json\/wp\/v2\/giftcard-category?post=40745"}],"curies":[{"name":"wp","href":"https:\/\/api.w.org\/{rel}","templated":true}]}}