{"id":40764,"date":"2025-08-01T13:13:50","date_gmt":"2025-08-01T13:13:50","guid":{"rendered":"https:\/\/skinstudio.ee\/?post_type=product&#038;p=40764"},"modified":"2026-01-21T13:57:21","modified_gmt":"2026-01-21T13:57:21","slug":"solar-skin-shield-30","status":"publish","type":"product","link":"https:\/\/skinstudio.ee\/lv\/catalog\/reviderm\/solar-skin-shield-30\/","title":{"rendered":"Solar Skin Shield 30"},"content":{"rendered":"<p data-start=\"592\" data-end=\"1048\"><strong>Reviderm bestseller!<\/strong><\/p>\n<p data-start=\"592\" data-end=\"1048\">\u0160is antinovat\u012bvais SPF\u202f30 saules aizsargkr\u0113ms nodro\u0161ina pla\u0161a spektra aizsardz\u012bbu un pal\u012bdz nov\u0113rst priek\u0161laic\u012bgu \u0101das noveco\u0161anos. Kr\u0113ms nesatur emulgatorus, smar\u017evielas un kr\u0101svielas \u2014 ide\u0101li piem\u0113rots jut\u012bgai, boj\u0101tai vai proced\u016bru p\u0101rstr\u0101d\u0101tai \u0101dai, k\u0101 ar\u012b \u0101dai ar papul\u0101m vai viegl\u0101m aler\u0123isk\u0101m reakcij\u0101m (piem\u0113ram, Maljorkas akne).<br data-start=\"950\" data-end=\"953\" \/>Augsta koncentr\u0101cija hialuronsk\u0101bes intens\u012bvi mitrina \u0101du.<br data-start=\"1011\" data-end=\"1014\" \/>Unik\u0101la tr\u012bsdimensiju aizsardz\u012bba:<\/p>\n<ul data-start=\"1049\" data-end=\"1341\">\n<li data-start=\"1049\" data-end=\"1144\">\n<p data-start=\"1051\" data-end=\"1144\">Pla\u0161a spektra UVA un infrasarkanais aizsardz\u012bbas efekts, kas darbojas t\u016bl\u012bt p\u0113c uzkl\u0101\u0161anas;<\/p>\n<\/li>\n<li data-start=\"1145\" data-end=\"1252\">\n<p data-start=\"1147\" data-end=\"1252\">&#8220;Kolag\u0113na vairogs&#8221;, kas nov\u0113r\u0161 kolag\u0113na un elast\u012bna degrad\u0101ciju saules ietekm\u0113, aizsarg\u0101jot saistaudus;<\/p>\n<\/li>\n<li data-start=\"1253\" data-end=\"1341\">\n<p data-start=\"1255\" data-end=\"1341\">Fotodermato\u017eu nov\u0113r\u0161ana (piem\u0113ram, Maljorkas akne) pateicoties bezemulgatoru formulai.<\/p>\n<\/li>\n<\/ul>\n<p data-start=\"1343\" data-end=\"1366\"><strong data-start=\"1343\" data-end=\"1355\">Tilpums:<\/strong> <strong data-start=\"1356\" data-end=\"1366\">125 ml<\/strong><\/p>\n","protected":false},"excerpt":{"rendered":"<p data-start=\"262\" data-end=\"292\">Anti\u2011age saules aizsargkr\u0113ms<\/p>\n<h2 data-start=\"294\" data-end=\"590\"><strong data-start=\"294\" data-end=\"333\">\u012bpa\u0161\u012bbas <\/strong><strong data-start=\"294\" data-end=\"333\">Reviderm &#8211; Solar Skin Shield 30<\/strong><\/h2>\n<p data-start=\"294\" data-end=\"590\">\u2714\ufe0f Nodro\u0161ina efekt\u012bvu aizsardz\u012bbu pret UVA un UVB stariem<br data-start=\"393\" data-end=\"396\" \/>\u2714\ufe0f Nov\u0113r\u0161 fotonoveco\u0161anos un DNS boj\u0101jumus<br data-start=\"438\" data-end=\"441\" \/>\u2714\ufe0f Stiprina \u0101das aizsargbarjeru un uzlabo iztur\u012bbu<br data-start=\"491\" data-end=\"494\" \/>\u2714\ufe0f Piem\u012bt antioksidanta un pretiekaisuma efekts<br data-start=\"541\" data-end=\"544\" \/>\u2714\ufe0f Padara \u0101du maig\u0101ku un uzlabo t\u0101s elast\u012bbu<\/p>\n","protected":false},"featured_media":63849,"template":"","meta":[],"pwb-brand":[703],"product_brand":[],"product_cat":[737,749,731],"product_tag":[],"giftcard-category":[],"class_list":{"0":"post-40764","1":"product","2":"type-product","3":"status-publish","4":"has-post-thumbnail","6":"pwb-brand-reviderm","7":"product_cat-mitrinasana","8":"product_cat-novecojosa-ada","9":"product_cat-spf-aizsardziba","11":"first","12":"instock","13":"taxable","14":"shipping-taxable","15":"purchasable","16":"product-type-simple"},"acf":[],"brands":[{"id":703,"name":"Reviderm","slug":"reviderm"}],"_links":{"self":[{"href":"https:\/\/skinstudio.ee\/lv\/wp-json\/wp\/v2\/product\/40764","targetHints":{"allow":["GET"]}}],"collection":[{"href":"https:\/\/skinstudio.ee\/lv\/wp-json\/wp\/v2\/product"}],"about":[{"href":"https:\/\/skinstudio.ee\/lv\/wp-json\/wp\/v2\/types\/product"}],"version-history":[{"count":1,"href":"https:\/\/skinstudio.ee\/lv\/wp-json\/wp\/v2\/product\/40764\/revisions"}],"predecessor-version":[{"id":73136,"href":"https:\/\/skinstudio.ee\/lv\/wp-json\/wp\/v2\/product\/40764\/revisions\/73136"}],"wp:featuredmedia":[{"embeddable":true,"href":"https:\/\/skinstudio.ee\/lv\/wp-json\/wp\/v2\/media\/63849"}],"wp:attachment":[{"href":"https:\/\/skinstudio.ee\/lv\/wp-json\/wp\/v2\/media?parent=40764"}],"wp:term":[{"taxonomy":"pwb-brand","embeddable":true,"href":"https:\/\/skinstudio.ee\/lv\/wp-json\/wp\/v2\/pwb-brand?post=40764"},{"taxonomy":"product_brand","embeddable":true,"href":"https:\/\/skinstudio.ee\/lv\/wp-json\/wp\/v2\/product_brand?post=40764"},{"taxonomy":"product_cat","embeddable":true,"href":"https:\/\/skinstudio.ee\/lv\/wp-json\/wp\/v2\/product_cat?post=40764"},{"taxonomy":"product_tag","embeddable":true,"href":"https:\/\/skinstudio.ee\/lv\/wp-json\/wp\/v2\/product_tag?post=40764"},{"taxonomy":"giftcard-category","embeddable":true,"href":"https:\/\/skinstudio.ee\/lv\/wp-json\/wp\/v2\/giftcard-category?post=40764"}],"curies":[{"name":"wp","href":"https:\/\/api.w.org\/{rel}","templated":true}]}}