{"id":40782,"date":"2025-08-01T13:25:22","date_gmt":"2025-08-01T13:25:22","guid":{"rendered":"https:\/\/skinstudio.ee\/?post_type=product&#038;p=40782"},"modified":"2026-01-21T13:57:17","modified_gmt":"2026-01-21T13:57:17","slug":"daily-sun-screen-spf-20","status":"publish","type":"product","link":"https:\/\/skinstudio.ee\/lv\/catalog\/reviderm\/daily-sun-screen-spf-20\/","title":{"rendered":"Daily Sun Screen SPF 20+"},"content":{"rendered":"<p data-start=\"108\" data-end=\"769\">Univers\u0101ls produkts ar tr\u012bsk\u0101r\u0161u iedarb\u012bbu s\u0101k darboties t\u016bl\u012bt p\u0113c uzkl\u0101\u0161anas: tas aizsarg\u0101, nomierina un mitrina \u0101du. Satur gan UVB\/UVA filtrus, gan aizsardz\u012bbu pret infrasarkano starojumu, padarot to par ide\u0101lu visaptvero\u0161u aizsardz\u012bbu pret kait\u012bgo saules iedarb\u012bbu. Hialuronsk\u0101be k\u0101 mitruma piesaist\u012bt\u0101js uztur labu \u0101das tvirtumu un nov\u0113r\u0161 t\u0101s dehidrat\u0101ciju. Unik\u0101l\u0101 tehnolo\u0123ija ne tikai aizsarg\u0101 \u0101du no saules, bet ar\u012b pal\u012bdz nov\u0113rst \u0101das noveco\u0161an\u0101s paz\u012bmes. Emulgatoru un smar\u017evielu neesam\u012bba padara \u0161o skaistumkop\u0161anas produktu ide\u0101li piem\u0113rotu \u0101dai ar noslieci uz aler\u0123ij\u0101m un akni. Ieteicams ar\u012b fotodermato\u017eu profilaksei. Piem\u0113rots visiem \u0101das tipiem.<\/p>\n<p data-start=\"774\" data-end=\"792\"><strong data-start=\"774\" data-end=\"785\">Tilpums<\/strong>: 50 ml<\/p>\n","protected":false},"excerpt":{"rendered":"<p data-start=\"939\" data-end=\"969\">Ultraviegls saules aizsargg\u0113ls<\/p>\n<h2 data-start=\"974\" data-end=\"1011\"><strong data-start=\"974\" data-end=\"1011\">\u012apa\u0161\u012bbas Reviderm &#8211; Daily Sun Screen SPF 20+<\/strong><\/h2>\n<p data-start=\"1013\" data-end=\"1268\">\u2714\ufe0f Nodro\u0161ina m\u0113renu aizsardz\u012bbu pret UVA un UVB stariem<br data-start=\"1068\" data-end=\"1071\" \/>\u2714\ufe0f Nov\u0113r\u0161 fotonoveco\u0161anu un \u0161\u016bnu boj\u0101jumus<br data-start=\"1113\" data-end=\"1116\" \/>\u2714\ufe0f Mitrina \u0101du un stiprina t\u0101s aizsargbarjeru<br data-start=\"1161\" data-end=\"1164\" \/>\u2714\ufe0f Piem\u0113rots jut\u012bgai \u0101dai un ikdienas lieto\u0161anai<br data-start=\"1212\" data-end=\"1215\" \/>\u2714\ufe0f Viegla tekst\u016bra, neatst\u0101j lip\u012bgumu un baltas p\u0113das<\/p>\n","protected":false},"featured_media":63844,"template":"","meta":[],"pwb-brand":[703],"product_brand":[],"product_cat":[737,749,731],"product_tag":[],"giftcard-category":[],"class_list":{"0":"post-40782","1":"product","2":"type-product","3":"status-publish","4":"has-post-thumbnail","6":"pwb-brand-reviderm","7":"product_cat-mitrinasana","8":"product_cat-novecojosa-ada","9":"product_cat-spf-aizsardziba","11":"first","12":"instock","13":"taxable","14":"shipping-taxable","15":"purchasable","16":"product-type-simple"},"acf":[],"brands":[{"id":703,"name":"Reviderm","slug":"reviderm"}],"_links":{"self":[{"href":"https:\/\/skinstudio.ee\/lv\/wp-json\/wp\/v2\/product\/40782","targetHints":{"allow":["GET"]}}],"collection":[{"href":"https:\/\/skinstudio.ee\/lv\/wp-json\/wp\/v2\/product"}],"about":[{"href":"https:\/\/skinstudio.ee\/lv\/wp-json\/wp\/v2\/types\/product"}],"version-history":[{"count":1,"href":"https:\/\/skinstudio.ee\/lv\/wp-json\/wp\/v2\/product\/40782\/revisions"}],"predecessor-version":[{"id":73135,"href":"https:\/\/skinstudio.ee\/lv\/wp-json\/wp\/v2\/product\/40782\/revisions\/73135"}],"wp:featuredmedia":[{"embeddable":true,"href":"https:\/\/skinstudio.ee\/lv\/wp-json\/wp\/v2\/media\/63844"}],"wp:attachment":[{"href":"https:\/\/skinstudio.ee\/lv\/wp-json\/wp\/v2\/media?parent=40782"}],"wp:term":[{"taxonomy":"pwb-brand","embeddable":true,"href":"https:\/\/skinstudio.ee\/lv\/wp-json\/wp\/v2\/pwb-brand?post=40782"},{"taxonomy":"product_brand","embeddable":true,"href":"https:\/\/skinstudio.ee\/lv\/wp-json\/wp\/v2\/product_brand?post=40782"},{"taxonomy":"product_cat","embeddable":true,"href":"https:\/\/skinstudio.ee\/lv\/wp-json\/wp\/v2\/product_cat?post=40782"},{"taxonomy":"product_tag","embeddable":true,"href":"https:\/\/skinstudio.ee\/lv\/wp-json\/wp\/v2\/product_tag?post=40782"},{"taxonomy":"giftcard-category","embeddable":true,"href":"https:\/\/skinstudio.ee\/lv\/wp-json\/wp\/v2\/giftcard-category?post=40782"}],"curies":[{"name":"wp","href":"https:\/\/api.w.org\/{rel}","templated":true}]}}