{"id":40798,"date":"2025-08-01T13:37:51","date_gmt":"2025-08-01T13:37:51","guid":{"rendered":"https:\/\/skinstudio.ee\/?post_type=product&#038;p=40798"},"modified":"2026-04-10T07:53:55","modified_gmt":"2026-04-10T07:53:55","slug":"after-solar-repair","status":"publish","type":"product","link":"https:\/\/skinstudio.ee\/lv\/catalog\/reviderm\/after-solar-repair\/","title":{"rendered":"After Solar Repair"},"content":{"rendered":"<p data-start=\"0\" data-end=\"389\">Ekt\u012bns ar daudzfunkcion\u0101lu aizsardz\u012bbu aktiviz\u0113 dabiskos \u0161\u016bnu atjauno\u0161an\u0101s procesus, re\u0123ener\u0113 saules rad\u012btos boj\u0101jumus un pal\u012bdz nov\u0113rst ar sauli saist\u012btu \u0101das noveco\u0161anos. Hialuronsk\u0101be nodro\u0161ina dzi\u013cu mitrin\u0101\u0161anu, savuk\u0101rt dzes\u0113jo\u0161s komplekss atsvaidzina un nomierina \u0101du p\u0113c saules iedarb\u012bbas.<br data-start=\"296\" data-end=\"299\" \/>Efekts: saules ietekm\u0113 nogurdin\u0101ta \u0101da j\u016btas l\u012bdzsvarota, atsl\u0101bin\u0101ta un atjaunojas \u0101tr\u0101k.<\/p>\n<p data-start=\"391\" data-end=\"410\"><strong data-start=\"391\" data-end=\"403\">Tilpums:<\/strong> 125 ml<\/p>\n","protected":false},"excerpt":{"rendered":"<div class=\"flex flex-col text-sm pb-25\">\n<section class=\"text-token-text-primary w-full focus:outline-none [--shadow-height:45px] has-data-writing-block:pointer-events-none has-data-writing-block:-mt-(--shadow-height) has-data-writing-block:pt-(--shadow-height) [&amp;:has([data-writing-block])&gt;*]:pointer-events-auto scroll-mt-[calc(var(--header-height)+min(200px,max(70px,20svh)))]\" dir=\"auto\" data-turn-id=\"request-WEB:294bbc24-e8ab-4653-8263-e9fb1cfb3aeb-171\" data-testid=\"conversation-turn-10\" data-scroll-anchor=\"true\" data-turn=\"assistant\">\n<div class=\"text-base my-auto mx-auto pb-10 [--thread-content-margin:var(--thread-content-margin-xs,calc(var(--spacing)*4))] @w-sm\/main:[--thread-content-margin:var(--thread-content-margin-sm,calc(var(--spacing)*6))] @w-lg\/main:[--thread-content-margin:var(--thread-content-margin-lg,calc(var(--spacing)*16))] px-(--thread-content-margin)\">\n<div class=\"[--thread-content-max-width:40rem] @w-lg\/main:[--thread-content-max-width:48rem] mx-auto max-w-(--thread-content-max-width) flex-1 group\/turn-messages focus-visible:outline-hidden relative flex w-full min-w-0 flex-col agent-turn\">\n<div class=\"flex max-w-full flex-col gap-4 grow\">\n<div class=\"min-h-8 text-message relative flex w-full flex-col items-end gap-2 text-start break-words whitespace-normal outline-none keyboard-focused:focus-ring [.text-message+&amp;]:mt-1\" dir=\"auto\" tabindex=\"0\" data-message-author-role=\"assistant\" data-message-id=\"23b58092-3ce1-4991-b96f-9551c43c56c4\" data-message-model-slug=\"gpt-5-3\" data-turn-start-message=\"true\">\n<div class=\"flex w-full flex-col gap-1 empty:hidden\">\n<div class=\"markdown prose dark:prose-invert w-full wrap-break-word light markdown-new-styling\">\n<p data-start=\"497\" data-end=\"527\">Atjaunojo\u0161a after-sun emulsija<\/p>\n<h2 data-start=\"529\" data-end=\"571\"><strong data-start=\"529\" data-end=\"571\">\u012apa\u0161\u012bbas Reviderm &#8211; After Solar Repair<\/strong><\/h2>\n<p data-start=\"573\" data-end=\"803\" data-is-last-node=\"\" data-is-only-node=\"\">\u2714\ufe0f Nomierina \u0101du p\u0113c saules iedarb\u012bbas<br data-start=\"611\" data-end=\"614\" \/>\u2714\ufe0f Samazina aps\u0101rtumu un kairin\u0101jumu<br data-start=\"650\" data-end=\"653\" \/>\u2714\ufe0f Intens\u012bvi mitrina un atv\u0113sina \u0101du<br data-start=\"689\" data-end=\"692\" \/>\u2714\ufe0f Stimul\u0113 \u0161\u016bnu re\u0123ener\u0101ciju un aizsarg\u0101 pret fotoboj\u0101jumiem<br data-start=\"752\" data-end=\"755\" data-is-only-node=\"\" \/>\u2714\ufe0f Stiprina \u0101das barjeru un nov\u0113r\u0161 dehidrat\u0101ciju<\/p>\n<\/div>\n<\/div>\n<\/div>\n<\/div>\n<\/div>\n<\/div>\n<\/section>\n<\/div>\n","protected":false},"featured_media":63839,"template":"","meta":[],"pwb-brand":[703],"product_brand":[],"product_cat":[737,749],"product_tag":[],"giftcard-category":[],"class_list":{"0":"post-40798","1":"product","2":"type-product","3":"status-publish","4":"has-post-thumbnail","6":"pwb-brand-reviderm","7":"product_cat-mitrinasana","8":"product_cat-novecojosa-ada","10":"first","11":"instock","12":"taxable","13":"shipping-taxable","14":"purchasable","15":"product-type-simple"},"acf":[],"brands":[{"id":703,"name":"Reviderm","slug":"reviderm"}],"_links":{"self":[{"href":"https:\/\/skinstudio.ee\/lv\/wp-json\/wp\/v2\/product\/40798","targetHints":{"allow":["GET"]}}],"collection":[{"href":"https:\/\/skinstudio.ee\/lv\/wp-json\/wp\/v2\/product"}],"about":[{"href":"https:\/\/skinstudio.ee\/lv\/wp-json\/wp\/v2\/types\/product"}],"version-history":[{"count":3,"href":"https:\/\/skinstudio.ee\/lv\/wp-json\/wp\/v2\/product\/40798\/revisions"}],"predecessor-version":[{"id":90623,"href":"https:\/\/skinstudio.ee\/lv\/wp-json\/wp\/v2\/product\/40798\/revisions\/90623"}],"wp:featuredmedia":[{"embeddable":true,"href":"https:\/\/skinstudio.ee\/lv\/wp-json\/wp\/v2\/media\/63839"}],"wp:attachment":[{"href":"https:\/\/skinstudio.ee\/lv\/wp-json\/wp\/v2\/media?parent=40798"}],"wp:term":[{"taxonomy":"pwb-brand","embeddable":true,"href":"https:\/\/skinstudio.ee\/lv\/wp-json\/wp\/v2\/pwb-brand?post=40798"},{"taxonomy":"product_brand","embeddable":true,"href":"https:\/\/skinstudio.ee\/lv\/wp-json\/wp\/v2\/product_brand?post=40798"},{"taxonomy":"product_cat","embeddable":true,"href":"https:\/\/skinstudio.ee\/lv\/wp-json\/wp\/v2\/product_cat?post=40798"},{"taxonomy":"product_tag","embeddable":true,"href":"https:\/\/skinstudio.ee\/lv\/wp-json\/wp\/v2\/product_tag?post=40798"},{"taxonomy":"giftcard-category","embeddable":true,"href":"https:\/\/skinstudio.ee\/lv\/wp-json\/wp\/v2\/giftcard-category?post=40798"}],"curies":[{"name":"wp","href":"https:\/\/api.w.org\/{rel}","templated":true}]}}