{"id":40816,"date":"2025-08-01T13:46:33","date_gmt":"2025-08-01T13:46:33","guid":{"rendered":"https:\/\/skinstudio.ee\/?post_type=product&#038;p=40816"},"modified":"2026-01-21T13:57:21","modified_gmt":"2026-01-21T13:57:21","slug":"sun-body-fluid-spf-30","status":"publish","type":"product","link":"https:\/\/skinstudio.ee\/lv\/catalog\/reviderm\/sun-body-fluid-spf-30\/","title":{"rendered":"Sun Body Fluid SPF 30"},"content":{"rendered":"<p data-start=\"137\" data-end=\"740\">\u016adensnotur\u012bgs saules aizsargkr\u0113ms <strong data-start=\"171\" data-end=\"205\">REVIDERM Sun Body Fluid SPF 30<\/strong> ar pla\u0161a spektra UVA\/UVB filtriem aizsarg\u0101 \u0101du no kait\u012bgajiem UV stariem un fotobo\u0101jumiem. Tam ir viegla tekst\u016bra, kas \u0101tri uzs\u016bcas un neatst\u0101j taukainu sp\u012bdumu. Formula ar smilts\u0113rk\u0161\u0137u aug\u013cu ekstraktu un E vitam\u012bnu aizsarg\u0101 \u0101du saules iedarb\u012bbas laik\u0101, k\u0101 ar\u012b nodro\u0161ina nomierino\u0161u un antioksidat\u012bvu iedarb\u012bbu. Smilts\u0113rk\u0161\u0137u ekstrakts veicina epidermas atjauno\u0161anos, uzlabo \u0101das toni, nomierina un izl\u012bdzina \u0101du. E vitam\u012bns pal\u012bdz nov\u0113rst \u0101das \u0161\u016bnu boj\u0101jumus, stiprina to membr\u0101nas, samazina iekaisumu un aizsarg\u0101 \u0101du no UV starojuma.<\/p>\n<p data-start=\"745\" data-end=\"768\"><strong data-start=\"745\" data-end=\"757\">Tilpums:<\/strong> <strong data-start=\"758\" data-end=\"768\">250 ml<\/strong><\/p>\n","protected":false},"excerpt":{"rendered":"<p data-start=\"933\" data-end=\"965\">Saules aizsargl\u012bdzeklis \u0137ermenim<\/p>\n<h2 data-start=\"970\" data-end=\"1215\"><strong data-start=\"970\" data-end=\"1013\">\u012bpa\u0161\u012bbas <\/strong><strong data-start=\"970\" data-end=\"1013\">Reviderm &#8211; Sun Body Fluid SPF 30<\/strong><\/h2>\n<p data-start=\"970\" data-end=\"1215\">\u2714\ufe0f Nodro\u0161ina dro\u0161u UVA un UVB aizsardz\u012bbu<br data-start=\"1057\" data-end=\"1060\" \/>\u2714\ufe0f Nov\u0113r\u0161 fotonoveco\u0161anos un pigment\u0101cijas veido\u0161anos<br data-start=\"1113\" data-end=\"1116\" \/>\u2714\ufe0f Viegli kl\u0101jas, \u0101tri ies\u016bcas un neatst\u0101j lip\u012bgumu<br data-start=\"1167\" data-end=\"1170\" \/>\u2714\ufe0f Mitrina \u0101du un stiprina t\u0101s aizsargbarjeru<\/p>\n","protected":false},"featured_media":63834,"template":"","meta":[],"pwb-brand":[703],"product_brand":[],"product_cat":[737,749,731],"product_tag":[],"giftcard-category":[],"class_list":{"0":"post-40816","1":"product","2":"type-product","3":"status-publish","4":"has-post-thumbnail","6":"pwb-brand-reviderm","7":"product_cat-mitrinasana","8":"product_cat-novecojosa-ada","9":"product_cat-spf-aizsardziba","11":"first","12":"instock","13":"taxable","14":"shipping-taxable","15":"purchasable","16":"product-type-simple"},"acf":[],"brands":[{"id":703,"name":"Reviderm","slug":"reviderm"}],"_links":{"self":[{"href":"https:\/\/skinstudio.ee\/lv\/wp-json\/wp\/v2\/product\/40816","targetHints":{"allow":["GET"]}}],"collection":[{"href":"https:\/\/skinstudio.ee\/lv\/wp-json\/wp\/v2\/product"}],"about":[{"href":"https:\/\/skinstudio.ee\/lv\/wp-json\/wp\/v2\/types\/product"}],"version-history":[{"count":1,"href":"https:\/\/skinstudio.ee\/lv\/wp-json\/wp\/v2\/product\/40816\/revisions"}],"predecessor-version":[{"id":73089,"href":"https:\/\/skinstudio.ee\/lv\/wp-json\/wp\/v2\/product\/40816\/revisions\/73089"}],"wp:featuredmedia":[{"embeddable":true,"href":"https:\/\/skinstudio.ee\/lv\/wp-json\/wp\/v2\/media\/63834"}],"wp:attachment":[{"href":"https:\/\/skinstudio.ee\/lv\/wp-json\/wp\/v2\/media?parent=40816"}],"wp:term":[{"taxonomy":"pwb-brand","embeddable":true,"href":"https:\/\/skinstudio.ee\/lv\/wp-json\/wp\/v2\/pwb-brand?post=40816"},{"taxonomy":"product_brand","embeddable":true,"href":"https:\/\/skinstudio.ee\/lv\/wp-json\/wp\/v2\/product_brand?post=40816"},{"taxonomy":"product_cat","embeddable":true,"href":"https:\/\/skinstudio.ee\/lv\/wp-json\/wp\/v2\/product_cat?post=40816"},{"taxonomy":"product_tag","embeddable":true,"href":"https:\/\/skinstudio.ee\/lv\/wp-json\/wp\/v2\/product_tag?post=40816"},{"taxonomy":"giftcard-category","embeddable":true,"href":"https:\/\/skinstudio.ee\/lv\/wp-json\/wp\/v2\/giftcard-category?post=40816"}],"curies":[{"name":"wp","href":"https:\/\/api.w.org\/{rel}","templated":true}]}}