{"id":40832,"date":"2025-08-01T15:13:46","date_gmt":"2025-08-01T15:13:46","guid":{"rendered":"https:\/\/skinstudio.ee\/?post_type=product&#038;p=40832"},"modified":"2026-01-21T13:57:21","modified_gmt":"2026-01-21T13:57:21","slug":"sun-care-stick-spf-30","status":"publish","type":"product","link":"https:\/\/skinstudio.ee\/lv\/catalog\/reviderm\/sun-care-stick-spf-30\/","title":{"rendered":"Sun &#038; Care Stick SPF 30"},"content":{"rendered":"<p data-start=\"138\" data-end=\"704\">Daudzfunkcion\u0101ls stiks atkl\u0101tu \u0101das zonu kop\u0161anai, piem\u0113ram, deguna, ausu, l\u016bpu un vaigu aizsardz\u012bbai. Bezwasser sast\u0101vs ar fotostabilu filtru sist\u0113mu un inovat\u012bvo IRA aizsardz\u012bbas komponentu nodro\u0161ina augsta l\u012bme\u0146a UV aizsardz\u012bbu. Kupuasa sviests, kas ir bag\u0101ts ar fitoster\u012bniem, nomierina UV jut\u012bgu \u0101du un padara to elast\u012bg\u0101ku. E vitam\u012bns aizsarg\u0101 pret br\u012bvajiem radik\u0101\u013ciem. Bag\u0101t\u012bg\u0101, caursp\u012bd\u012bg\u0101 un \u016bdensnotur\u012bg\u0101 formula ir piem\u0113rota ar\u012b l\u016bpu kop\u0161anai un nodro\u0161ina lielisku aizsardz\u012bbu pret aukstumu ziem\u0101. Ide\u0101ls pavadonis visu gadu, kas ietilpst jebkur\u0101 kabat\u0101.<\/p>\n<p data-start=\"709\" data-end=\"731\"><strong data-start=\"709\" data-end=\"721\">Tilpums:<\/strong> <strong data-start=\"722\" data-end=\"731\">10 ml<\/strong><\/p>\n","protected":false},"excerpt":{"rendered":"<p data-start=\"972\" data-end=\"1003\">Mitrino\u0161s saules aizsargstiks<\/p>\n<h2 data-start=\"1008\" data-end=\"1044\"><strong data-start=\"1008\" data-end=\"1044\">\u012apa\u0161\u012bbas Reviderm &#8211; Sun &amp; Care Stick SPF 30<\/strong><\/h2>\n<p data-start=\"1046\" data-end=\"1310\">\u2714\ufe0f M\u0113r\u0137tiec\u012bga aizsardz\u012bba jut\u012bgaj\u0101m zon\u0101m (l\u016bpas, deguns, vaigi)<br data-start=\"1111\" data-end=\"1114\" \/>\u2714\ufe0f \u0112rti lietojams un ide\u0101li piem\u0113rots atk\u0101rtotai uzkl\u0101\u0161anai<br data-start=\"1173\" data-end=\"1176\" \/>\u2714\ufe0f Nodro\u0161ina uzticamu UVA\/UVB aizsardz\u012bbu<br data-start=\"1217\" data-end=\"1220\" \/>\u2714\ufe0f M\u012bkstina un pasarg\u0101 \u0101du no iz\u017e\u016b\u0161anas<br data-start=\"1259\" data-end=\"1262\" \/>\u2714\ufe0f Piem\u0113rots aler\u0123iskai un fotosensit\u012bvai \u0101dai<\/p>\n","protected":false},"featured_media":63829,"template":"","meta":[],"pwb-brand":[703],"product_brand":[],"product_cat":[737,731],"product_tag":[],"giftcard-category":[],"class_list":{"0":"post-40832","1":"product","2":"type-product","3":"status-publish","4":"has-post-thumbnail","6":"pwb-brand-reviderm","7":"product_cat-mitrinasana","8":"product_cat-spf-aizsardziba","10":"first","11":"instock","12":"taxable","13":"shipping-taxable","14":"purchasable","15":"product-type-simple"},"acf":[],"brands":[{"id":703,"name":"Reviderm","slug":"reviderm"}],"_links":{"self":[{"href":"https:\/\/skinstudio.ee\/lv\/wp-json\/wp\/v2\/product\/40832","targetHints":{"allow":["GET"]}}],"collection":[{"href":"https:\/\/skinstudio.ee\/lv\/wp-json\/wp\/v2\/product"}],"about":[{"href":"https:\/\/skinstudio.ee\/lv\/wp-json\/wp\/v2\/types\/product"}],"version-history":[{"count":1,"href":"https:\/\/skinstudio.ee\/lv\/wp-json\/wp\/v2\/product\/40832\/revisions"}],"predecessor-version":[{"id":73088,"href":"https:\/\/skinstudio.ee\/lv\/wp-json\/wp\/v2\/product\/40832\/revisions\/73088"}],"wp:featuredmedia":[{"embeddable":true,"href":"https:\/\/skinstudio.ee\/lv\/wp-json\/wp\/v2\/media\/63829"}],"wp:attachment":[{"href":"https:\/\/skinstudio.ee\/lv\/wp-json\/wp\/v2\/media?parent=40832"}],"wp:term":[{"taxonomy":"pwb-brand","embeddable":true,"href":"https:\/\/skinstudio.ee\/lv\/wp-json\/wp\/v2\/pwb-brand?post=40832"},{"taxonomy":"product_brand","embeddable":true,"href":"https:\/\/skinstudio.ee\/lv\/wp-json\/wp\/v2\/product_brand?post=40832"},{"taxonomy":"product_cat","embeddable":true,"href":"https:\/\/skinstudio.ee\/lv\/wp-json\/wp\/v2\/product_cat?post=40832"},{"taxonomy":"product_tag","embeddable":true,"href":"https:\/\/skinstudio.ee\/lv\/wp-json\/wp\/v2\/product_tag?post=40832"},{"taxonomy":"giftcard-category","embeddable":true,"href":"https:\/\/skinstudio.ee\/lv\/wp-json\/wp\/v2\/giftcard-category?post=40832"}],"curies":[{"name":"wp","href":"https:\/\/api.w.org\/{rel}","templated":true}]}}