{"id":40853,"date":"2025-08-01T15:27:14","date_gmt":"2025-08-01T15:27:14","guid":{"rendered":"https:\/\/skinstudio.ee\/?post_type=product&#038;p=40853"},"modified":"2026-01-21T13:57:19","modified_gmt":"2026-01-21T13:57:19","slug":"opc-hand-impressions","status":"publish","type":"product","link":"https:\/\/skinstudio.ee\/lv\/catalog\/reviderm\/opc-hand-impressions\/","title":{"rendered":"OPC Hand Impressions"},"content":{"rendered":"<p data-start=\"367\" data-end=\"969\">Maigs roku kr\u0113ms ar efekt\u012bvu atjaunojo\u0161u iedarb\u012bbu pie\u0161\u0137ir \u0101dai neticamu maiguma saj\u016btu. OPC (oligom\u0113rie proantocianid\u012bni) neitraliz\u0113 br\u012bvos radik\u0101\u013cus, kas pa\u0101trina \u0101das noveco\u0161an\u0101s procesu, aizsarg\u0101 \u0101das \u0161\u016bnas un pal\u012bdz nov\u0113rst vecuma plankumu veido\u0161anos.<br data-start=\"623\" data-end=\"626\" \/>Z\u012bda prote\u012bniem piem\u012bt lieliskas mitrino\u0161as \u012bpa\u0161\u012bbas, tie veido pl\u0101nu aizsargpl\u0113vi uz \u0101das virsmas. Neskatoties uz kr\u0113ma vieglo tekst\u016bru, aizsarg\u0101jo\u0161\u0101 iedarb\u012bba ir j\u016btama uzreiz \u2014 \u0101da k\u013c\u016bst m\u012bksta un gluda. Iz\u017e\u016b\u0161anas izrais\u012btas grumbi\u0146as izz\u016bd, s\u012bki plais\u0101jumi sadz\u012bst, un regul\u0101ri lietojot roku \u0101da vairs neiz\u017e\u016bst un k\u013c\u016bst iev\u0113rojami glud\u0101ka.<\/p>\n<p data-start=\"974\" data-end=\"997\"><strong data-start=\"974\" data-end=\"986\">Tilpums:<\/strong> <strong data-start=\"987\" data-end=\"997\">100 ml<\/strong><\/p>\n","protected":false},"excerpt":{"rendered":"<p data-start=\"1085\" data-end=\"1124\">Stiprino\u0161s pretnoveco\u0161an\u0101s roku kr\u0113ms<\/p>\n<h2 data-start=\"1129\" data-end=\"1171\"><strong data-start=\"1129\" data-end=\"1171\">\u012apa\u0161\u012bbas Reviderm &#8211; OPC Hand Impressions<\/strong><\/h2>\n<p data-start=\"1173\" data-end=\"1432\">\u2714\ufe0f Intens\u012bvi mitrina un baro roku \u0101du<br data-start=\"1210\" data-end=\"1213\" \/>\u2714\ufe0f Stiprina \u0101das barjeru un uzlabo elast\u012bbu<br data-start=\"1256\" data-end=\"1259\" \/>\u2714\ufe0f Satur sp\u0113c\u012bgus antioksidantus (OPC), kas aizsarg\u0101 pret priek\u0161laic\u012bgu noveco\u0161anos<br data-start=\"1342\" data-end=\"1345\" \/>\u2714\ufe0f Samazina pigment\u0101ciju un izl\u012bdzina \u0101das toni<br data-start=\"1392\" data-end=\"1395\" \/>\u2714\ufe0f Padara \u0101du gludu, maigu un koptu<\/p>\n","protected":false},"featured_media":40846,"template":"","meta":[],"pwb-brand":[703],"product_brand":[],"product_cat":[757,737,749],"product_tag":[],"giftcard-category":[],"class_list":{"0":"post-40853","1":"product","2":"type-product","3":"status-publish","4":"has-post-thumbnail","6":"pwb-brand-reviderm","7":"product_cat-kermena-kopsana","8":"product_cat-mitrinasana","9":"product_cat-novecojosa-ada","11":"first","12":"outofstock","13":"taxable","14":"shipping-taxable","15":"purchasable","16":"product-type-simple"},"acf":[],"brands":[{"id":703,"name":"Reviderm","slug":"reviderm"}],"_links":{"self":[{"href":"https:\/\/skinstudio.ee\/lv\/wp-json\/wp\/v2\/product\/40853","targetHints":{"allow":["GET"]}}],"collection":[{"href":"https:\/\/skinstudio.ee\/lv\/wp-json\/wp\/v2\/product"}],"about":[{"href":"https:\/\/skinstudio.ee\/lv\/wp-json\/wp\/v2\/types\/product"}],"version-history":[{"count":1,"href":"https:\/\/skinstudio.ee\/lv\/wp-json\/wp\/v2\/product\/40853\/revisions"}],"predecessor-version":[{"id":73087,"href":"https:\/\/skinstudio.ee\/lv\/wp-json\/wp\/v2\/product\/40853\/revisions\/73087"}],"wp:featuredmedia":[{"embeddable":true,"href":"https:\/\/skinstudio.ee\/lv\/wp-json\/wp\/v2\/media\/40846"}],"wp:attachment":[{"href":"https:\/\/skinstudio.ee\/lv\/wp-json\/wp\/v2\/media?parent=40853"}],"wp:term":[{"taxonomy":"pwb-brand","embeddable":true,"href":"https:\/\/skinstudio.ee\/lv\/wp-json\/wp\/v2\/pwb-brand?post=40853"},{"taxonomy":"product_brand","embeddable":true,"href":"https:\/\/skinstudio.ee\/lv\/wp-json\/wp\/v2\/product_brand?post=40853"},{"taxonomy":"product_cat","embeddable":true,"href":"https:\/\/skinstudio.ee\/lv\/wp-json\/wp\/v2\/product_cat?post=40853"},{"taxonomy":"product_tag","embeddable":true,"href":"https:\/\/skinstudio.ee\/lv\/wp-json\/wp\/v2\/product_tag?post=40853"},{"taxonomy":"giftcard-category","embeddable":true,"href":"https:\/\/skinstudio.ee\/lv\/wp-json\/wp\/v2\/giftcard-category?post=40853"}],"curies":[{"name":"wp","href":"https:\/\/api.w.org\/{rel}","templated":true}]}}