{"id":40869,"date":"2025-08-01T16:55:47","date_gmt":"2025-08-01T16:55:47","guid":{"rendered":"https:\/\/skinstudio.ee\/?post_type=product&#038;p=40869"},"modified":"2026-01-21T13:57:16","modified_gmt":"2026-01-21T13:57:16","slug":"body-hydrocalm","status":"publish","type":"product","link":"https:\/\/skinstudio.ee\/lv\/catalog\/reviderm\/body-hydrocalm\/","title":{"rendered":"Body Hydrocalm"},"content":{"rendered":"<p data-start=\"153\" data-end=\"713\">Viegls \u0137erme\u0146a losjons ar trim galvenaj\u0101m \u012bpa\u0161\u012bb\u0101m: aizsarg\u0101jo\u0161u, nomierino\u0161u un mitrino\u0161u.<br data-start=\"244\" data-end=\"247\" \/>Biomim\u0113tiskais aminosk\u0101bju komplekss nodro\u0161ina intens\u012bvu un dzi\u013cu mitrin\u0101\u0161anu.<br data-start=\"325\" data-end=\"328\" \/>Fit\u012bnsk\u0101be un E vitam\u012bns aizsarg\u0101 \u0101du pret br\u012bvajiem radik\u0101\u013ciem un priek\u0161laic\u012bgu noveco\u0161anos. Beta-glik\u0101ns pastiprina antioksidantu darb\u012bbu un pal\u012bdz nov\u0113rst iekaisuma procesus.<br data-start=\"505\" data-end=\"508\" \/>Aizsarg\u0101jo\u0161o un nomierino\u0161o iedarb\u012bbu papildina baro\u0161ana, mitrin\u0101\u0161ana un kairin\u0101juma mazin\u0101\u0161ana.<br data-start=\"604\" data-end=\"607\" \/>Losjons pal\u012bdz uztur\u0113t \u016bdens l\u012bdzsvaru \u0101das \u0161\u016bn\u0101s un uzlabo \u0101das turgoru. \u0100da k\u013c\u016bst glud\u0101ka un elast\u012bg\u0101ka.<\/p>\n<p data-start=\"718\" data-end=\"741\"><strong data-start=\"718\" data-end=\"730\">Tilpums:<\/strong> <strong data-start=\"731\" data-end=\"741\">200 ml<\/strong><\/p>\n","protected":false},"excerpt":{"rendered":"<p data-start=\"883\" data-end=\"920\">Intens\u012bvi mitrino\u0161s \u0137erme\u0146a losjons<\/p>\n<h2 data-start=\"925\" data-end=\"952\"><strong data-start=\"925\" data-end=\"952\">\u012bpa\u0161\u012bbas <\/strong><strong data-start=\"925\" data-end=\"952\">Reviderm &#8211; Body Hydrocalm<\/strong><\/h2>\n<p data-start=\"954\" data-end=\"1184\">\u2714\ufe0f Nodro\u0161ina ilgsto\u0161u mitrin\u0101\u0161anu un nov\u0113r\u0161 sausumu<br data-start=\"1005\" data-end=\"1008\" \/>\u2714\ufe0f Nomierina sakairin\u0101tu un jut\u012bgu \u0101du<br data-start=\"1046\" data-end=\"1049\" \/>\u2714\ufe0f Atjauno dabisko hidrolip\u012bdu l\u012bdzsvaru<br data-start=\"1089\" data-end=\"1092\" \/>\u2714\ufe0f \u0100tri uzs\u016bcas un neatst\u0101j lip\u012bgu saj\u016btu<br data-start=\"1133\" data-end=\"1136\" \/>\u2714\ufe0f Padara \u0101du maigu, gludu un pat\u012bkamu taustei<\/p>\n","protected":false},"featured_media":40861,"template":"","meta":[],"pwb-brand":[703],"product_brand":[],"product_cat":[757,737],"product_tag":[],"giftcard-category":[],"class_list":{"0":"post-40869","1":"product","2":"type-product","3":"status-publish","4":"has-post-thumbnail","6":"pwb-brand-reviderm","7":"product_cat-kermena-kopsana","8":"product_cat-mitrinasana","10":"first","11":"instock","12":"taxable","13":"shipping-taxable","14":"purchasable","15":"product-type-simple"},"acf":[],"brands":[{"id":703,"name":"Reviderm","slug":"reviderm"}],"_links":{"self":[{"href":"https:\/\/skinstudio.ee\/lv\/wp-json\/wp\/v2\/product\/40869","targetHints":{"allow":["GET"]}}],"collection":[{"href":"https:\/\/skinstudio.ee\/lv\/wp-json\/wp\/v2\/product"}],"about":[{"href":"https:\/\/skinstudio.ee\/lv\/wp-json\/wp\/v2\/types\/product"}],"version-history":[{"count":1,"href":"https:\/\/skinstudio.ee\/lv\/wp-json\/wp\/v2\/product\/40869\/revisions"}],"predecessor-version":[{"id":73086,"href":"https:\/\/skinstudio.ee\/lv\/wp-json\/wp\/v2\/product\/40869\/revisions\/73086"}],"wp:featuredmedia":[{"embeddable":true,"href":"https:\/\/skinstudio.ee\/lv\/wp-json\/wp\/v2\/media\/40861"}],"wp:attachment":[{"href":"https:\/\/skinstudio.ee\/lv\/wp-json\/wp\/v2\/media?parent=40869"}],"wp:term":[{"taxonomy":"pwb-brand","embeddable":true,"href":"https:\/\/skinstudio.ee\/lv\/wp-json\/wp\/v2\/pwb-brand?post=40869"},{"taxonomy":"product_brand","embeddable":true,"href":"https:\/\/skinstudio.ee\/lv\/wp-json\/wp\/v2\/product_brand?post=40869"},{"taxonomy":"product_cat","embeddable":true,"href":"https:\/\/skinstudio.ee\/lv\/wp-json\/wp\/v2\/product_cat?post=40869"},{"taxonomy":"product_tag","embeddable":true,"href":"https:\/\/skinstudio.ee\/lv\/wp-json\/wp\/v2\/product_tag?post=40869"},{"taxonomy":"giftcard-category","embeddable":true,"href":"https:\/\/skinstudio.ee\/lv\/wp-json\/wp\/v2\/giftcard-category?post=40869"}],"curies":[{"name":"wp","href":"https:\/\/api.w.org\/{rel}","templated":true}]}}