{"id":40885,"date":"2025-08-01T17:12:27","date_gmt":"2025-08-01T17:12:27","guid":{"rendered":"https:\/\/skinstudio.ee\/?post_type=product&#038;p=40885"},"modified":"2026-01-21T13:57:16","modified_gmt":"2026-01-21T13:57:16","slug":"body-double-peel","status":"publish","type":"product","link":"https:\/\/skinstudio.ee\/lv\/catalog\/reviderm\/body-double-peel\/","title":{"rendered":"Body Double Peel"},"content":{"rendered":"<p data-start=\"234\" data-end=\"524\">Maigas p\u012blinga granulas un enz\u012bmu komplekss saudz\u012bgi no\u0146em atmiru\u0161\u0101s \u0101das \u0161\u016bnas un stimul\u0113 t\u0101s atjauno\u0161an\u0101s procesu. P\u0113c proced\u016bras uzkl\u0101t\u0101s akt\u012bv\u0101s vielas \u012bpa\u0161i labi ies\u016bcas \u0101d\u0101. Dab\u012bgais mitrino\u0161ais komplekss baro un m\u012bkstina \u0101du.<br data-start=\"466\" data-end=\"469\" \/>Rezult\u0101ts: \u0101da k\u013c\u016bst gluda un samtaini maiga uz tausti.<\/p>\n<p data-start=\"529\" data-end=\"552\"><strong data-start=\"529\" data-end=\"541\">Tilpums:<\/strong> <strong data-start=\"542\" data-end=\"552\">200 ml<\/strong><\/p>\n","protected":false},"excerpt":{"rendered":"<p data-start=\"679\" data-end=\"717\">Kr\u0113mveida p\u012blings ar divk\u0101r\u0161u efektu<\/p>\n<h2 data-start=\"722\" data-end=\"760\"><strong data-start=\"722\" data-end=\"760\">\u012bpa\u0161\u012bbas <\/strong><strong data-start=\"722\" data-end=\"760\">Reviderm &#8211; Body Double Peel<\/strong><\/h2>\n<p data-start=\"762\" data-end=\"1003\">\u2714\ufe0f Nodro\u0161ina saudz\u012bgu, bet efekt\u012bvu eksfoli\u0101ciju<br data-start=\"810\" data-end=\"813\" \/>\u2714\ufe0f Aktiviz\u0113 \u0101das atjauno\u0161anos un uzlabo kopjo\u0161o l\u012bdzek\u013cu uzs\u016bk\u0161anos<br data-start=\"880\" data-end=\"883\" \/>\u2714\ufe0f Intens\u012bvi mitrina un baro \u0101du<br data-start=\"915\" data-end=\"918\" \/>\u2714\ufe0f Padara \u0101du gludu, maigu un z\u012bdainu<br data-start=\"955\" data-end=\"958\" \/>\u2714\ufe0f Uzlabo \u0101das tekst\u016bru un izl\u012bdzina virsmu<\/p>\n","protected":false},"featured_media":63824,"template":"","meta":[],"pwb-brand":[703],"product_brand":[],"product_cat":[757,719],"product_tag":[],"giftcard-category":[],"class_list":{"0":"post-40885","1":"product","2":"type-product","3":"status-publish","4":"has-post-thumbnail","6":"pwb-brand-reviderm","7":"product_cat-kermena-kopsana","8":"product_cat-skrubji-un-pilingi","10":"first","11":"instock","12":"taxable","13":"shipping-taxable","14":"purchasable","15":"product-type-simple"},"acf":[],"brands":[{"id":703,"name":"Reviderm","slug":"reviderm"}],"_links":{"self":[{"href":"https:\/\/skinstudio.ee\/lv\/wp-json\/wp\/v2\/product\/40885","targetHints":{"allow":["GET"]}}],"collection":[{"href":"https:\/\/skinstudio.ee\/lv\/wp-json\/wp\/v2\/product"}],"about":[{"href":"https:\/\/skinstudio.ee\/lv\/wp-json\/wp\/v2\/types\/product"}],"version-history":[{"count":1,"href":"https:\/\/skinstudio.ee\/lv\/wp-json\/wp\/v2\/product\/40885\/revisions"}],"predecessor-version":[{"id":73085,"href":"https:\/\/skinstudio.ee\/lv\/wp-json\/wp\/v2\/product\/40885\/revisions\/73085"}],"wp:featuredmedia":[{"embeddable":true,"href":"https:\/\/skinstudio.ee\/lv\/wp-json\/wp\/v2\/media\/63824"}],"wp:attachment":[{"href":"https:\/\/skinstudio.ee\/lv\/wp-json\/wp\/v2\/media?parent=40885"}],"wp:term":[{"taxonomy":"pwb-brand","embeddable":true,"href":"https:\/\/skinstudio.ee\/lv\/wp-json\/wp\/v2\/pwb-brand?post=40885"},{"taxonomy":"product_brand","embeddable":true,"href":"https:\/\/skinstudio.ee\/lv\/wp-json\/wp\/v2\/product_brand?post=40885"},{"taxonomy":"product_cat","embeddable":true,"href":"https:\/\/skinstudio.ee\/lv\/wp-json\/wp\/v2\/product_cat?post=40885"},{"taxonomy":"product_tag","embeddable":true,"href":"https:\/\/skinstudio.ee\/lv\/wp-json\/wp\/v2\/product_tag?post=40885"},{"taxonomy":"giftcard-category","embeddable":true,"href":"https:\/\/skinstudio.ee\/lv\/wp-json\/wp\/v2\/giftcard-category?post=40885"}],"curies":[{"name":"wp","href":"https:\/\/api.w.org\/{rel}","templated":true}]}}