{"id":40900,"date":"2025-08-01T17:35:33","date_gmt":"2025-08-01T17:35:33","guid":{"rendered":"https:\/\/skinstudio.ee\/?post_type=product&#038;p=40900"},"modified":"2026-01-21T13:57:16","modified_gmt":"2026-01-21T13:57:16","slug":"body-styler-lifting-spray","status":"publish","type":"product","link":"https:\/\/skinstudio.ee\/lv\/catalog\/reviderm\/body-styler-lifting-spray\/","title":{"rendered":"Body Styler Lifting Spray"},"content":{"rendered":"<p data-start=\"253\" data-end=\"619\">Tr\u012bsk\u0101r\u0161ais liftinga komplekss stiprina saistaudu kolag\u0113na \u0161\u0137iedras. Koncentr\u0101tam ir tr\u012bsk\u0101r\u0161a iedarb\u012bba: tas nostiprina saikni starp da\u017e\u0101diem \u0101das sl\u0101\u0146iem, uzlabo \u0101das elast\u012bbu un uzlabo t\u0101s strukt\u016bru. Unik\u0101l\u0101 spreja formula pal\u0113nina audu glik\u0101cijas procesus un pal\u012bdz saglab\u0101t \u0101das tvirtumu un jaun\u012bbu. Regul\u0101ri lietojot, \u0101da k\u013c\u016bst iev\u0113rojami stingr\u0101ka un glud\u0101ka.<\/p>\n<p data-start=\"624\" data-end=\"647\"><strong data-start=\"624\" data-end=\"636\">Tilpums:<\/strong> <strong data-start=\"637\" data-end=\"647\">200 ml<\/strong><\/p>\n","protected":false},"excerpt":{"rendered":"<p data-start=\"773\" data-end=\"812\">Model\u0113jo\u0161s un liftinga \u0137erme\u0146a sprejs<\/p>\n<h2 data-start=\"817\" data-end=\"864\"><strong data-start=\"817\" data-end=\"864\">Reviderm &#8211; Body Styler Lifting Spray \u012bpa\u0161\u012bbas<\/strong><\/h2>\n<p data-start=\"866\" data-end=\"1121\">\u2714\ufe0f Uzlabo \u0101das tvirtumu un elast\u012bbu<br data-start=\"901\" data-end=\"904\" \/>\u2714\ufe0f Stimul\u0113 kolag\u0113na sint\u0113zi un stiprina saistaudus<br data-start=\"954\" data-end=\"957\" \/>\u2714\ufe0f Samazina \u0101das \u013cenganumu un izl\u012bdzina virsmu<br data-start=\"1003\" data-end=\"1006\" \/>\u2714\ufe0f Veicina mikrocirkul\u0101ciju un uzlabo \u0161\u016bnu apg\u0101di ar sk\u0101bekli<br data-start=\"1067\" data-end=\"1070\" \/>\u2714\ufe0f Padara \u0101du bl\u012bv\u0101ku, vienm\u0113r\u012bg\u0101ku un toniz\u0113t\u0101ku<\/p>\n","protected":false},"featured_media":63819,"template":"","meta":[],"pwb-brand":[703],"product_brand":[],"product_cat":[757,749],"product_tag":[],"giftcard-category":[],"class_list":{"0":"post-40900","1":"product","2":"type-product","3":"status-publish","4":"has-post-thumbnail","6":"pwb-brand-reviderm","7":"product_cat-kermena-kopsana","8":"product_cat-novecojosa-ada","10":"first","11":"instock","12":"taxable","13":"shipping-taxable","14":"purchasable","15":"product-type-simple"},"acf":[],"brands":[{"id":703,"name":"Reviderm","slug":"reviderm"}],"_links":{"self":[{"href":"https:\/\/skinstudio.ee\/lv\/wp-json\/wp\/v2\/product\/40900","targetHints":{"allow":["GET"]}}],"collection":[{"href":"https:\/\/skinstudio.ee\/lv\/wp-json\/wp\/v2\/product"}],"about":[{"href":"https:\/\/skinstudio.ee\/lv\/wp-json\/wp\/v2\/types\/product"}],"version-history":[{"count":1,"href":"https:\/\/skinstudio.ee\/lv\/wp-json\/wp\/v2\/product\/40900\/revisions"}],"predecessor-version":[{"id":73084,"href":"https:\/\/skinstudio.ee\/lv\/wp-json\/wp\/v2\/product\/40900\/revisions\/73084"}],"wp:featuredmedia":[{"embeddable":true,"href":"https:\/\/skinstudio.ee\/lv\/wp-json\/wp\/v2\/media\/63819"}],"wp:attachment":[{"href":"https:\/\/skinstudio.ee\/lv\/wp-json\/wp\/v2\/media?parent=40900"}],"wp:term":[{"taxonomy":"pwb-brand","embeddable":true,"href":"https:\/\/skinstudio.ee\/lv\/wp-json\/wp\/v2\/pwb-brand?post=40900"},{"taxonomy":"product_brand","embeddable":true,"href":"https:\/\/skinstudio.ee\/lv\/wp-json\/wp\/v2\/product_brand?post=40900"},{"taxonomy":"product_cat","embeddable":true,"href":"https:\/\/skinstudio.ee\/lv\/wp-json\/wp\/v2\/product_cat?post=40900"},{"taxonomy":"product_tag","embeddable":true,"href":"https:\/\/skinstudio.ee\/lv\/wp-json\/wp\/v2\/product_tag?post=40900"},{"taxonomy":"giftcard-category","embeddable":true,"href":"https:\/\/skinstudio.ee\/lv\/wp-json\/wp\/v2\/giftcard-category?post=40900"}],"curies":[{"name":"wp","href":"https:\/\/api.w.org\/{rel}","templated":true}]}}