{"id":40920,"date":"2025-08-03T09:15:07","date_gmt":"2025-08-03T09:15:07","guid":{"rendered":"https:\/\/skinstudio.ee\/?post_type=product&#038;p=40920"},"modified":"2026-01-21T13:57:21","modified_gmt":"2026-01-21T13:57:21","slug":"skinneedler-kit","status":"publish","type":"product","link":"https:\/\/skinstudio.ee\/lv\/catalog\/reviderm\/skinneedler-kit\/","title":{"rendered":"SkinNeedler Kit"},"content":{"rendered":"<p>Mikroadatu terapija ir viena no efekt\u012bv\u0101kaj\u0101m pretnoveco\u0161an\u0101s proced\u016br\u0101m, kas nodro\u0161ina tvirt\u0101ku un ac\u012bmredzami glud\u0101ku \u0101du. REVIDERM SkinNeedler Kit ir ide\u0101li piem\u0113rots p\u0113capr\u016bpei.<br data-start=\"300\" data-end=\"303\" \/>Dzes\u0113jo\u0161as un pretiekaisuma akt\u012bv\u0101s vielas veicina \u0101das atjauno\u0161anos, samazina aps\u0101rtumu, karstuma saj\u016btu un velko\u0146u.<br data-start=\"420\" data-end=\"423\" \/>Inovat\u012bvs saules aizsargl\u012bdzeklis ar pretnoveco\u0161an\u0101s \u012bpa\u0161\u012bb\u0101m aizsarg\u0101 pret gaismu jut\u012bgu \u0101du visas dienas garum\u0101.<\/p>\n","protected":false},"excerpt":{"rendered":"<p><strong data-start=\"872\" data-end=\"895\">Komplekt\u0101 ietilpst:<\/strong><br data-start=\"895\" data-end=\"898\" \/>\u2714\ufe0f Instant Emergency, 15 ml<br data-start=\"925\" data-end=\"928\" \/>\u2714\ufe0f Repair &amp; Care, 15 ml<br data-start=\"951\" data-end=\"954\" \/>\u2714\ufe0f Sun Shield SPF 30, 15 ml<\/p>\n","protected":false},"featured_media":63814,"template":"","meta":[],"pwb-brand":[703],"product_brand":[],"product_cat":[755],"product_tag":[],"giftcard-category":[],"class_list":{"0":"post-40920","1":"product","2":"type-product","3":"status-publish","4":"has-post-thumbnail","6":"pwb-brand-reviderm","7":"product_cat-komplekts","9":"first","10":"instock","11":"taxable","12":"shipping-taxable","13":"purchasable","14":"product-type-simple"},"acf":[],"brands":[{"id":703,"name":"Reviderm","slug":"reviderm"}],"_links":{"self":[{"href":"https:\/\/skinstudio.ee\/lv\/wp-json\/wp\/v2\/product\/40920","targetHints":{"allow":["GET"]}}],"collection":[{"href":"https:\/\/skinstudio.ee\/lv\/wp-json\/wp\/v2\/product"}],"about":[{"href":"https:\/\/skinstudio.ee\/lv\/wp-json\/wp\/v2\/types\/product"}],"version-history":[{"count":0,"href":"https:\/\/skinstudio.ee\/lv\/wp-json\/wp\/v2\/product\/40920\/revisions"}],"wp:featuredmedia":[{"embeddable":true,"href":"https:\/\/skinstudio.ee\/lv\/wp-json\/wp\/v2\/media\/63814"}],"wp:attachment":[{"href":"https:\/\/skinstudio.ee\/lv\/wp-json\/wp\/v2\/media?parent=40920"}],"wp:term":[{"taxonomy":"pwb-brand","embeddable":true,"href":"https:\/\/skinstudio.ee\/lv\/wp-json\/wp\/v2\/pwb-brand?post=40920"},{"taxonomy":"product_brand","embeddable":true,"href":"https:\/\/skinstudio.ee\/lv\/wp-json\/wp\/v2\/product_brand?post=40920"},{"taxonomy":"product_cat","embeddable":true,"href":"https:\/\/skinstudio.ee\/lv\/wp-json\/wp\/v2\/product_cat?post=40920"},{"taxonomy":"product_tag","embeddable":true,"href":"https:\/\/skinstudio.ee\/lv\/wp-json\/wp\/v2\/product_tag?post=40920"},{"taxonomy":"giftcard-category","embeddable":true,"href":"https:\/\/skinstudio.ee\/lv\/wp-json\/wp\/v2\/giftcard-category?post=40920"}],"curies":[{"name":"wp","href":"https:\/\/api.w.org\/{rel}","templated":true}]}}