{"id":40945,"date":"2025-08-03T09:27:47","date_gmt":"2025-08-03T09:27:47","guid":{"rendered":"https:\/\/skinstudio.ee\/?post_type=product&#038;p=40945"},"modified":"2026-01-21T13:57:19","modified_gmt":"2026-01-21T13:57:19","slug":"peeling-kit","status":"publish","type":"product","link":"https:\/\/skinstudio.ee\/lv\/catalog\/reviderm\/peeling-kit\/","title":{"rendered":"Peeling Kit"},"content":{"rendered":"<p data-start=\"139\" data-end=\"341\"><strong data-start=\"139\" data-end=\"160\">Instant Emergency<\/strong> | Nomierino\u0161s SOS koncentr\u0101ts komfortablai saj\u016btai uz \u0101das. Mikrosudrabs un neirokosm\u0113tiska pretnoguruma sast\u0101vda\u013ca mazina niezi, diskomfortu un ilgsto\u0161i nomierina sakairin\u0101tu \u0101du.<\/p>\n<p data-start=\"343\" data-end=\"531\"><strong data-start=\"343\" data-end=\"366\">ArgiSyn\u00ae Decontract<\/strong> | Izl\u012bdzino\u0161s augsto tehnolo\u0123iju 24 stundu kr\u0113ms sejas kont\u016bru atsl\u0101bin\u0101\u0161anai un nostiprin\u0101\u0161anai. \u012apa\u0161i pept\u012bdi stiprina kolag\u0113na t\u012bklu un samazina m\u012bmikas grumbas.<\/p>\n<p data-start=\"533\" data-end=\"846\"><strong data-start=\"533\" data-end=\"550\">Sun Shield 30<\/strong> | Augstas tehnolo\u0123ijas \u0101das kop\u0161ana jut\u012bgai \u0101dai ar aizsardz\u012bbu pret gaismu, infrasarkano starojumu un kolag\u0113na zudumu (SPF 30). Inovat\u012bva formula ar UVA\/UVB pla\u0161a spektra filtriem, infrasarkano aizsardz\u012bbu un br\u012bvo radik\u0101\u013cu neitraliz\u0101ciju efekt\u012bvi pasarg\u0101 \u0101du no gaismas izrais\u012btiem boj\u0101jumiem.<\/p>\n","protected":false},"excerpt":{"rendered":"<p><strong data-start=\"891\" data-end=\"914\">Komplekt\u0101 ietilpst:<\/strong><br data-start=\"914\" data-end=\"917\" \/>\u2714\ufe0f Instant Emergency, 15 ml<br data-start=\"944\" data-end=\"947\" \/>\u2714\ufe0f ArgiSyn Decontract, 15 ml<br data-start=\"975\" data-end=\"978\" \/>\u2714\ufe0f Sun Shield SPF 30, 15 ml<\/p>\n","protected":false},"featured_media":63809,"template":"","meta":[],"pwb-brand":[703],"product_brand":[],"product_cat":[755],"product_tag":[],"giftcard-category":[],"class_list":{"0":"post-40945","1":"product","2":"type-product","3":"status-publish","4":"has-post-thumbnail","6":"pwb-brand-reviderm","7":"product_cat-komplekts","9":"first","10":"instock","11":"taxable","12":"shipping-taxable","13":"purchasable","14":"product-type-simple"},"acf":[],"brands":[{"id":703,"name":"Reviderm","slug":"reviderm"}],"_links":{"self":[{"href":"https:\/\/skinstudio.ee\/lv\/wp-json\/wp\/v2\/product\/40945","targetHints":{"allow":["GET"]}}],"collection":[{"href":"https:\/\/skinstudio.ee\/lv\/wp-json\/wp\/v2\/product"}],"about":[{"href":"https:\/\/skinstudio.ee\/lv\/wp-json\/wp\/v2\/types\/product"}],"version-history":[{"count":0,"href":"https:\/\/skinstudio.ee\/lv\/wp-json\/wp\/v2\/product\/40945\/revisions"}],"wp:featuredmedia":[{"embeddable":true,"href":"https:\/\/skinstudio.ee\/lv\/wp-json\/wp\/v2\/media\/63809"}],"wp:attachment":[{"href":"https:\/\/skinstudio.ee\/lv\/wp-json\/wp\/v2\/media?parent=40945"}],"wp:term":[{"taxonomy":"pwb-brand","embeddable":true,"href":"https:\/\/skinstudio.ee\/lv\/wp-json\/wp\/v2\/pwb-brand?post=40945"},{"taxonomy":"product_brand","embeddable":true,"href":"https:\/\/skinstudio.ee\/lv\/wp-json\/wp\/v2\/product_brand?post=40945"},{"taxonomy":"product_cat","embeddable":true,"href":"https:\/\/skinstudio.ee\/lv\/wp-json\/wp\/v2\/product_cat?post=40945"},{"taxonomy":"product_tag","embeddable":true,"href":"https:\/\/skinstudio.ee\/lv\/wp-json\/wp\/v2\/product_tag?post=40945"},{"taxonomy":"giftcard-category","embeddable":true,"href":"https:\/\/skinstudio.ee\/lv\/wp-json\/wp\/v2\/giftcard-category?post=40945"}],"curies":[{"name":"wp","href":"https:\/\/api.w.org\/{rel}","templated":true}]}}